{"id":1425,"date":"2017-07-20T08:41:28","date_gmt":"2017-07-20T08:41:28","guid":{"rendered":"https:\/\/www.spectrumtranslation.com\/?page_id=1425\/"},"modified":"2017-10-09T17:44:06","modified_gmt":"2017-10-09T17:44:06","slug":"ueber-uns","status":"publish","type":"page","link":"https:\/\/www.spectrumtranslation.com\/de\/ueber-uns\/","title":{"rendered":"\u00dcber Uns"},"content":{"rendered":"<h1 style=\"text-align: center;\"><\/h1>\n<h1 style=\"text-align: center;\"><span style=\"color: #000000;\"><strong>Universal g\u00fcltige Qualit\u00e4tsstandards.<\/strong><\/span><\/h1>\n<p>&nbsp;<\/p>\n<h2><strong><span style=\"color: #000000;\">Und das sind wir<\/span><\/strong><\/h2>\n<p>Seit unserer Gr\u00fcndung im Jahr 2004 erbringen wir in mehr als 35 Sprachen Sprachdienstleistungen f\u00fcr Unternehmen, Nichtregierungsorganisationen, Regierungen und Beh\u00f6rden, Agenturen und Einzelpersonen.<\/p>\n<p>Unser engagiertes Team von \u00fcber 200 Linguisten, \u00dcbersetzern, Lektoren und Textern arbeitet grunds\u00e4tzlich nur mit der Muttersprache der jeweiligen Fachkraft als Zielsprache.<\/p>\n<p>Das urspr\u00fcngliche Angebot der westeurop\u00e4ischen Sprachen plus Russisch und Chinesisch wurde schnell erweitert. Als Beispiel: In der ersten H\u00e4lfte des Jahres 2017 bezogen sich die Auftr\u00e4ge dar\u00fcber hinaus auf die Sprachen Afrikaans, D\u00e4nisch, Finnisch, Hindi, Japanisch, Koreanisch, Kroatisch, Norwegisch, Russisch, Schwedisch, Singhalesisch, Slowenisch, Tamil, Urdu und Xhosa, sowie Dutzende anderer Sprachen.<\/p>\n<p>Wir handhaben, immer unseren Kunden entsprechend, einen individuellen Ansatz von Sprachdienstleistungen, doch in Bezug auf Standards f\u00fcr konzeptuelle und kulturelle Genauigkeit richten wir uns nach universal g\u00fcltigen Standards.<\/p>\n<h2><span style=\"color: #000000;\"><strong>Unsere Kunden<\/strong><\/span><\/h2>\n<p>Unsere Kunden bei Spectrum Translation reichen von einzelnen Anw\u00e4lten, Doktoranden oder Unternehmern bis hin zu den gr\u00f6\u00dften internationalen Konzernen und Agenturen sowie Beh\u00f6rden. Wir haben Erfahrung in \u00dcbersetzungen f\u00fcr Anwaltskanzleien, internationale Reedereien und Schifffahrtsgesellschaften, europ\u00e4ische NGOs, Verlage und Unternehmen aus der Kunst- und Musikbranche.<\/p>\n<p>&nbsp;<\/p>\n<h2 style=\"text-align: center;\"><em>\u201eDas Ergebnis der Textredaktion gefiel unserem Kunden ausgesprochen gut.<\/em><em>\u201d<\/em><em>\u00a0<\/em><\/h2>\n<p style=\"text-align: center;\">Thierry (Belgien), 2017 (Italienisch \u21d2\u00a0Englisch)<\/p>\n<p>&nbsp;<\/p>\n<h2><span style=\"color: #000000;\"><strong>Unsere Projektmanager<\/strong><\/span><\/h2>\n<p>Unsere Projektmanager k\u00f6nnen Anfragen f\u00fcr die meisten europ\u00e4ischen Sprachen (einschlie\u00dflich Russisch), Chinesisch und Japanisch bearbeiten, sie sch\u00e4tzen jedes Projekt individuell ab und sind in der Lage, die beteiligten Sprachen zu verstehen.<\/p>\n","protected":false},"excerpt":{"rendered":"<p>Universal g\u00fcltige Qualit\u00e4tsstandards. &nbsp; Und das sind wir Seit unserer Gr\u00fcndung im Jahr 2004 erbringen wir in mehr als 35 Sprachen Sprachdienstleistungen f\u00fcr Unternehmen, Nichtregierungsorganisationen, Regierungen und Beh\u00f6rden, Agenturen und Einzelpersonen. Unser engagiertes Team von \u00fcber 200 Linguisten, \u00dcbersetzern, Lektoren und Textern arbeitet grunds\u00e4tzlich nur mit der Muttersprache der jeweiligen Fachkraft als Zielsprache. Das urspr\u00fcngliche &hellip; <a href=\"https:\/\/www.spectrumtranslation.com\/de\/ueber-uns\/\" class=\"more-link\"><span class=\"screen-reader-text\">&#8222;\u00dcber Uns&#8220; <\/span>weiterlesen<\/a><\/p>\n","protected":false},"author":1,"featured_media":1088,"parent":0,"menu_order":0,"comment_status":"closed","ping_status":"closed","template":"","meta":{"_acf_changed":false,"nf_dc_page":"","footnotes":""},"class_list":["post-1425","page","type-page","status-publish","has-post-thumbnail","hentry"],"acf":[],"yoast_head":"<!-- This site is optimized with the Yoast SEO plugin v27.4 - https:\/\/yoast.com\/product\/yoast-seo-wordpress\/ -->\n<title>\u00dcber Uns - SPECTRUM TRANSLATION | Translation &amp; Linguistic Validation<\/title>\n<meta name=\"robots\" content=\"index, follow, max-snippet:-1, max-image-preview:large, max-video-preview:-1\" \/>\n<link rel=\"canonical\" href=\"https:\/\/www.spectrumtranslation.com\/de\/ueber-uns\/\" \/>\n<meta property=\"og:locale\" content=\"de_DE\" \/>\n<meta property=\"og:type\" content=\"article\" \/>\n<meta property=\"og:title\" content=\"\u00dcber Uns - SPECTRUM TRANSLATION | Translation &amp; Linguistic Validation\" \/>\n<meta property=\"og:description\" content=\"Universal g\u00fcltige Qualit\u00e4tsstandards. &nbsp; Und das sind wir Seit unserer Gr\u00fcndung im Jahr 2004 erbringen wir in mehr als 35 Sprachen Sprachdienstleistungen f\u00fcr Unternehmen, Nichtregierungsorganisationen, Regierungen und Beh\u00f6rden, Agenturen und Einzelpersonen. Unser engagiertes Team von \u00fcber 200 Linguisten, \u00dcbersetzern, Lektoren und Textern arbeitet grunds\u00e4tzlich nur mit der Muttersprache der jeweiligen Fachkraft als Zielsprache. Das urspr\u00fcngliche &hellip; &#8222;\u00dcber Uns&#8220; weiterlesen\" \/>\n<meta property=\"og:url\" content=\"https:\/\/www.spectrumtranslation.com\/de\/ueber-uns\/\" \/>\n<meta property=\"og:site_name\" content=\"SPECTRUM TRANSLATION | Translation &amp; Linguistic Validation\" \/>\n<meta property=\"article:modified_time\" content=\"2017-10-09T17:44:06+00:00\" \/>\n<meta property=\"og:image\" content=\"https:\/\/www.spectrumtranslation.com\/wp-content\/uploads\/2017\/04\/eastern-arch-e1494189373729.jpg\" \/>\n\t<meta property=\"og:image:width\" content=\"1366\" \/>\n\t<meta property=\"og:image:height\" content=\"911\" \/>\n\t<meta property=\"og:image:type\" content=\"image\/jpeg\" \/>\n<meta name=\"twitter:card\" content=\"summary_large_image\" \/>\n<meta name=\"twitter:label1\" content=\"Gesch\u00e4tzte Lesezeit\" \/>\n\t<meta name=\"twitter:data1\" content=\"1\u00a0Minute\" \/>\n<script type=\"application\/ld+json\" class=\"yoast-schema-graph\">{\"@context\":\"https:\\\/\\\/schema.org\",\"@graph\":[{\"@type\":\"WebPage\",\"@id\":\"https:\\\/\\\/www.spectrumtranslation.com\\\/de\\\/ueber-uns\\\/\",\"url\":\"https:\\\/\\\/www.spectrumtranslation.com\\\/de\\\/ueber-uns\\\/\",\"name\":\"\u00dcber Uns - SPECTRUM TRANSLATION | Translation &amp; Linguistic Validation\",\"isPartOf\":{\"@id\":\"https:\\\/\\\/www.spectrumtranslation.com\\\/de\\\/#website\"},\"primaryImageOfPage\":{\"@id\":\"https:\\\/\\\/www.spectrumtranslation.com\\\/de\\\/ueber-uns\\\/#primaryimage\"},\"image\":{\"@id\":\"https:\\\/\\\/www.spectrumtranslation.com\\\/de\\\/ueber-uns\\\/#primaryimage\"},\"thumbnailUrl\":\"https:\\\/\\\/www.spectrumtranslation.com\\\/wp-content\\\/uploads\\\/2017\\\/04\\\/eastern-arch-e1494189373729.jpg\",\"datePublished\":\"2017-07-20T08:41:28+00:00\",\"dateModified\":\"2017-10-09T17:44:06+00:00\",\"breadcrumb\":{\"@id\":\"https:\\\/\\\/www.spectrumtranslation.com\\\/de\\\/ueber-uns\\\/#breadcrumb\"},\"inLanguage\":\"de\",\"potentialAction\":[{\"@type\":\"ReadAction\",\"target\":[\"https:\\\/\\\/www.spectrumtranslation.com\\\/de\\\/ueber-uns\\\/\"]}]},{\"@type\":\"ImageObject\",\"inLanguage\":\"de\",\"@id\":\"https:\\\/\\\/www.spectrumtranslation.com\\\/de\\\/ueber-uns\\\/#primaryimage\",\"url\":\"https:\\\/\\\/www.spectrumtranslation.com\\\/wp-content\\\/uploads\\\/2017\\\/04\\\/eastern-arch-e1494189373729.jpg\",\"contentUrl\":\"https:\\\/\\\/www.spectrumtranslation.com\\\/wp-content\\\/uploads\\\/2017\\\/04\\\/eastern-arch-e1494189373729.jpg\",\"width\":1366,\"height\":911},{\"@type\":\"BreadcrumbList\",\"@id\":\"https:\\\/\\\/www.spectrumtranslation.com\\\/de\\\/ueber-uns\\\/#breadcrumb\",\"itemListElement\":[{\"@type\":\"ListItem\",\"position\":1,\"name\":\"Home\",\"item\":\"https:\\\/\\\/www.spectrumtranslation.com\\\/de\\\/\"},{\"@type\":\"ListItem\",\"position\":2,\"name\":\"\u00dcber Uns\"}]},{\"@type\":\"WebSite\",\"@id\":\"https:\\\/\\\/www.spectrumtranslation.com\\\/de\\\/#website\",\"url\":\"https:\\\/\\\/www.spectrumtranslation.com\\\/de\\\/\",\"name\":\"SPECTRUM TRANSLATION | Translation &amp; Linguistic Validation\",\"description\":\"\",\"publisher\":{\"@id\":\"https:\\\/\\\/www.spectrumtranslation.com\\\/de\\\/#organization\"},\"potentialAction\":[{\"@type\":\"SearchAction\",\"target\":{\"@type\":\"EntryPoint\",\"urlTemplate\":\"https:\\\/\\\/www.spectrumtranslation.com\\\/de\\\/?s={search_term_string}\"},\"query-input\":{\"@type\":\"PropertyValueSpecification\",\"valueRequired\":true,\"valueName\":\"search_term_string\"}}],\"inLanguage\":\"de\"},{\"@type\":\"Organization\",\"@id\":\"https:\\\/\\\/www.spectrumtranslation.com\\\/de\\\/#organization\",\"name\":\"SPECTRUM TRANSLATION | Translation &amp; Linguistic Validation\",\"url\":\"https:\\\/\\\/www.spectrumtranslation.com\\\/de\\\/\",\"logo\":{\"@type\":\"ImageObject\",\"inLanguage\":\"de\",\"@id\":\"https:\\\/\\\/www.spectrumtranslation.com\\\/de\\\/#\\\/schema\\\/logo\\\/image\\\/\",\"url\":\"https:\\\/\\\/www.spectrumtranslation.com\\\/wp-content\\\/uploads\\\/2017\\\/02\\\/cropped-logo_animated_new-1.gif\",\"contentUrl\":\"https:\\\/\\\/www.spectrumtranslation.com\\\/wp-content\\\/uploads\\\/2017\\\/02\\\/cropped-logo_animated_new-1.gif\",\"width\":250,\"height\":54,\"caption\":\"SPECTRUM TRANSLATION | Translation &amp; Linguistic Validation\"},\"image\":{\"@id\":\"https:\\\/\\\/www.spectrumtranslation.com\\\/de\\\/#\\\/schema\\\/logo\\\/image\\\/\"}}]}<\/script>\n<!-- \/ Yoast SEO plugin. -->","yoast_head_json":{"title":"\u00dcber Uns - SPECTRUM TRANSLATION | Translation &amp; Linguistic Validation","robots":{"index":"index","follow":"follow","max-snippet":"max-snippet:-1","max-image-preview":"max-image-preview:large","max-video-preview":"max-video-preview:-1"},"canonical":"https:\/\/www.spectrumtranslation.com\/de\/ueber-uns\/","og_locale":"de_DE","og_type":"article","og_title":"\u00dcber Uns - SPECTRUM TRANSLATION | Translation &amp; Linguistic Validation","og_description":"Universal g\u00fcltige Qualit\u00e4tsstandards. &nbsp; Und das sind wir Seit unserer Gr\u00fcndung im Jahr 2004 erbringen wir in mehr als 35 Sprachen Sprachdienstleistungen f\u00fcr Unternehmen, Nichtregierungsorganisationen, Regierungen und Beh\u00f6rden, Agenturen und Einzelpersonen. Unser engagiertes Team von \u00fcber 200 Linguisten, \u00dcbersetzern, Lektoren und Textern arbeitet grunds\u00e4tzlich nur mit der Muttersprache der jeweiligen Fachkraft als Zielsprache. Das urspr\u00fcngliche &hellip; &#8222;\u00dcber Uns&#8220; weiterlesen","og_url":"https:\/\/www.spectrumtranslation.com\/de\/ueber-uns\/","og_site_name":"SPECTRUM TRANSLATION | Translation &amp; Linguistic Validation","article_modified_time":"2017-10-09T17:44:06+00:00","og_image":[{"width":1366,"height":911,"url":"https:\/\/www.spectrumtranslation.com\/wp-content\/uploads\/2017\/04\/eastern-arch-e1494189373729.jpg","type":"image\/jpeg"}],"twitter_card":"summary_large_image","twitter_misc":{"Gesch\u00e4tzte Lesezeit":"1\u00a0Minute"},"schema":{"@context":"https:\/\/schema.org","@graph":[{"@type":"WebPage","@id":"https:\/\/www.spectrumtranslation.com\/de\/ueber-uns\/","url":"https:\/\/www.spectrumtranslation.com\/de\/ueber-uns\/","name":"\u00dcber Uns - SPECTRUM TRANSLATION | Translation &amp; Linguistic Validation","isPartOf":{"@id":"https:\/\/www.spectrumtranslation.com\/de\/#website"},"primaryImageOfPage":{"@id":"https:\/\/www.spectrumtranslation.com\/de\/ueber-uns\/#primaryimage"},"image":{"@id":"https:\/\/www.spectrumtranslation.com\/de\/ueber-uns\/#primaryimage"},"thumbnailUrl":"https:\/\/www.spectrumtranslation.com\/wp-content\/uploads\/2017\/04\/eastern-arch-e1494189373729.jpg","datePublished":"2017-07-20T08:41:28+00:00","dateModified":"2017-10-09T17:44:06+00:00","breadcrumb":{"@id":"https:\/\/www.spectrumtranslation.com\/de\/ueber-uns\/#breadcrumb"},"inLanguage":"de","potentialAction":[{"@type":"ReadAction","target":["https:\/\/www.spectrumtranslation.com\/de\/ueber-uns\/"]}]},{"@type":"ImageObject","inLanguage":"de","@id":"https:\/\/www.spectrumtranslation.com\/de\/ueber-uns\/#primaryimage","url":"https:\/\/www.spectrumtranslation.com\/wp-content\/uploads\/2017\/04\/eastern-arch-e1494189373729.jpg","contentUrl":"https:\/\/www.spectrumtranslation.com\/wp-content\/uploads\/2017\/04\/eastern-arch-e1494189373729.jpg","width":1366,"height":911},{"@type":"BreadcrumbList","@id":"https:\/\/www.spectrumtranslation.com\/de\/ueber-uns\/#breadcrumb","itemListElement":[{"@type":"ListItem","position":1,"name":"Home","item":"https:\/\/www.spectrumtranslation.com\/de\/"},{"@type":"ListItem","position":2,"name":"\u00dcber Uns"}]},{"@type":"WebSite","@id":"https:\/\/www.spectrumtranslation.com\/de\/#website","url":"https:\/\/www.spectrumtranslation.com\/de\/","name":"SPECTRUM TRANSLATION | Translation &amp; Linguistic Validation","description":"","publisher":{"@id":"https:\/\/www.spectrumtranslation.com\/de\/#organization"},"potentialAction":[{"@type":"SearchAction","target":{"@type":"EntryPoint","urlTemplate":"https:\/\/www.spectrumtranslation.com\/de\/?s={search_term_string}"},"query-input":{"@type":"PropertyValueSpecification","valueRequired":true,"valueName":"search_term_string"}}],"inLanguage":"de"},{"@type":"Organization","@id":"https:\/\/www.spectrumtranslation.com\/de\/#organization","name":"SPECTRUM TRANSLATION | Translation &amp; Linguistic Validation","url":"https:\/\/www.spectrumtranslation.com\/de\/","logo":{"@type":"ImageObject","inLanguage":"de","@id":"https:\/\/www.spectrumtranslation.com\/de\/#\/schema\/logo\/image\/","url":"https:\/\/www.spectrumtranslation.com\/wp-content\/uploads\/2017\/02\/cropped-logo_animated_new-1.gif","contentUrl":"https:\/\/www.spectrumtranslation.com\/wp-content\/uploads\/2017\/02\/cropped-logo_animated_new-1.gif","width":250,"height":54,"caption":"SPECTRUM TRANSLATION | Translation &amp; Linguistic Validation"},"image":{"@id":"https:\/\/www.spectrumtranslation.com\/de\/#\/schema\/logo\/image\/"}}]}},"_links":{"self":[{"href":"https:\/\/www.spectrumtranslation.com\/de\/wp-json\/wp\/v2\/pages\/1425","targetHints":{"allow":["GET"]}}],"collection":[{"href":"https:\/\/www.spectrumtranslation.com\/de\/wp-json\/wp\/v2\/pages"}],"about":[{"href":"https:\/\/www.spectrumtranslation.com\/de\/wp-json\/wp\/v2\/types\/page"}],"author":[{"embeddable":true,"href":"https:\/\/www.spectrumtranslation.com\/de\/wp-json\/wp\/v2\/users\/1"}],"replies":[{"embeddable":true,"href":"https:\/\/www.spectrumtranslation.com\/de\/wp-json\/wp\/v2\/comments?post=1425"}],"version-history":[{"count":6,"href":"https:\/\/www.spectrumtranslation.com\/de\/wp-json\/wp\/v2\/pages\/1425\/revisions"}],"predecessor-version":[{"id":2238,"href":"https:\/\/www.spectrumtranslation.com\/de\/wp-json\/wp\/v2\/pages\/1425\/revisions\/2238"}],"wp:featuredmedia":[{"embeddable":true,"href":"https:\/\/www.spectrumtranslation.com\/de\/wp-json\/wp\/v2\/media\/1088"}],"wp:attachment":[{"href":"https:\/\/www.spectrumtranslation.com\/de\/wp-json\/wp\/v2\/media?parent=1425"}],"curies":[{"name":"wp","href":"https:\/\/api.w.org\/{rel}","templated":true}]}}