{"id":1439,"date":"2017-07-20T09:15:00","date_gmt":"2017-07-20T09:15:00","guid":{"rendered":"https:\/\/www.spectrumtranslation.com\/?page_id=1439\/"},"modified":"2017-07-20T10:24:39","modified_gmt":"2017-07-20T10:24:39","slug":"unsere-uebersetzer","status":"publish","type":"page","link":"https:\/\/www.spectrumtranslation.com\/de\/unsere-uebersetzer\/","title":{"rendered":"Unsere \u00dcbersetzer"},"content":{"rendered":"<h1 style=\"text-align: center;\"><\/h1>\n<h1 style=\"text-align: center;\"><span style=\"color: #000000;\"><strong>Erstklassige \u00dcbersetzer<\/strong><\/span><\/h1>\n<p>&nbsp;<br \/>\nDie \u00dcbersetzer f\u00fcr Ihre Projekte wurden auf der Grundlage folgender Aspekte ausgew\u00e4hlt:<\/p>\n<p>&#8211; Schul-\/Hochschulbildung in Sprachen, \u00dcbersetzung, Textredaktion und Texterstellung<br \/>\n&#8211; Erfahrung im betreffenden Bereich<br \/>\n&#8211; Qualit\u00e4t ihrer Arbeit<\/p>\n<p>Es er\u00fcbrigt sich, hervorzuheben, dass der letztere Punkt f\u00fcr uns definitiv ausschlaggebend ist.<\/p>\n<p>Mehr als 90\u00a0% der \u00dcbersetzer, die im vergangenen Jahr f\u00fcr uns t\u00e4tig waren, verf\u00fcgen \u00fcber ein abgeschlossenes Hochschulstudium in modernen Sprachen (d.\u00a0h. ihrer\/ihren Ausgangssprache\/n), beinahe ebenso viele (70\u00a0%), haben ein Aufbaustudium im Fach \u00dcbersetzungswissenschaft abgeschlossen. Letzteres wurde in den letzten Jahren zu einer der beliebtesten Optionen f\u00fcr Universit\u00e4tsabsolventen aus sprachlichen Fachbereichen.<\/p>\n<p>Einige sind Absolventen des US-amerikanischen Flagship-Programms, eines staatlich gef\u00f6rderten Studienablaufs, dessen Schwerpunkt auf den im 21. Jahrhundert hochwichtigen Sprachen wie beispielsweise Chinesisch, Persisch, Hindi und Koreanisch liegt. Die Absolventen dieses Programms erwerben eine Kombination aus intensivem Wissen sowie Nachforschungserfahrung zu den von ihnen gew\u00e4hlten Sprachen und Praxisorientierung sowie Erfahrung in praktischer Anwendung. Hierdurch sind sie f\u00fcr eine Laufbahn im Bereich Sprachdienstleistungen in der heutigen, sich schnell ver\u00e4ndernden und zunehmend globalisierten Welt bestens vorbereitet.<\/p>\n<p>Ein \u00e4hnlicher Prozentsatz der f\u00fcr uns t\u00e4tigen \u00dcbersetzer verf\u00fcgt \u00fcber mindestens f\u00fcnf Jahre Erfahrung in der Sprachbranche, etwa die H\u00e4lfte unter ihnen kann gar auf zehn oder mehr Jahre Erfahrung zur\u00fcckblicken.<\/p>\n","protected":false},"excerpt":{"rendered":"<p>Erstklassige \u00dcbersetzer &nbsp; Die \u00dcbersetzer f\u00fcr Ihre Projekte wurden auf der Grundlage folgender Aspekte ausgew\u00e4hlt: &#8211; Schul-\/Hochschulbildung in Sprachen, \u00dcbersetzung, Textredaktion und Texterstellung &#8211; Erfahrung im betreffenden Bereich &#8211; Qualit\u00e4t ihrer Arbeit Es er\u00fcbrigt sich, hervorzuheben, dass der letztere Punkt f\u00fcr uns definitiv ausschlaggebend ist. Mehr als 90\u00a0% der \u00dcbersetzer, die im vergangenen Jahr f\u00fcr &hellip; <a href=\"https:\/\/www.spectrumtranslation.com\/de\/unsere-uebersetzer\/\" class=\"more-link\"><span class=\"screen-reader-text\">&#8222;Unsere \u00dcbersetzer&#8220; <\/span>weiterlesen<\/a><\/p>\n","protected":false},"author":1,"featured_media":1082,"parent":0,"menu_order":0,"comment_status":"closed","ping_status":"closed","template":"","meta":{"_acf_changed":false,"nf_dc_page":"","footnotes":""},"class_list":["post-1439","page","type-page","status-publish","has-post-thumbnail","hentry"],"acf":[],"yoast_head":"<!-- This site is optimized with the Yoast SEO plugin v27.4 - https:\/\/yoast.com\/product\/yoast-seo-wordpress\/ -->\n<title>Unsere \u00dcbersetzer - SPECTRUM TRANSLATION | Translation &amp; Linguistic Validation<\/title>\n<meta name=\"robots\" content=\"index, follow, max-snippet:-1, max-image-preview:large, max-video-preview:-1\" \/>\n<link rel=\"canonical\" href=\"https:\/\/www.spectrumtranslation.com\/de\/unsere-uebersetzer\/\" \/>\n<meta property=\"og:locale\" content=\"de_DE\" \/>\n<meta property=\"og:type\" content=\"article\" \/>\n<meta property=\"og:title\" content=\"Unsere \u00dcbersetzer - SPECTRUM TRANSLATION | Translation &amp; Linguistic Validation\" \/>\n<meta property=\"og:description\" content=\"Erstklassige \u00dcbersetzer &nbsp; Die \u00dcbersetzer f\u00fcr Ihre Projekte wurden auf der Grundlage folgender Aspekte ausgew\u00e4hlt: &#8211; Schul-\/Hochschulbildung in Sprachen, \u00dcbersetzung, Textredaktion und Texterstellung &#8211; Erfahrung im betreffenden Bereich &#8211; Qualit\u00e4t ihrer Arbeit Es er\u00fcbrigt sich, hervorzuheben, dass der letztere Punkt f\u00fcr uns definitiv ausschlaggebend ist. Mehr als 90\u00a0% der \u00dcbersetzer, die im vergangenen Jahr f\u00fcr &hellip; &#8222;Unsere \u00dcbersetzer&#8220; weiterlesen\" \/>\n<meta property=\"og:url\" content=\"https:\/\/www.spectrumtranslation.com\/de\/unsere-uebersetzer\/\" \/>\n<meta property=\"og:site_name\" content=\"SPECTRUM TRANSLATION | Translation &amp; Linguistic Validation\" \/>\n<meta property=\"article:modified_time\" content=\"2017-07-20T10:24:39+00:00\" \/>\n<meta property=\"og:image\" content=\"https:\/\/www.spectrumtranslation.com\/wp-content\/uploads\/2017\/04\/arch-and-door-e1494192010877.jpg\" \/>\n\t<meta property=\"og:image:width\" content=\"1366\" \/>\n\t<meta property=\"og:image:height\" content=\"884\" \/>\n\t<meta property=\"og:image:type\" content=\"image\/jpeg\" \/>\n<meta name=\"twitter:card\" content=\"summary_large_image\" \/>\n<meta name=\"twitter:label1\" content=\"Gesch\u00e4tzte Lesezeit\" \/>\n\t<meta name=\"twitter:data1\" content=\"1\u00a0Minute\" \/>\n<script type=\"application\/ld+json\" class=\"yoast-schema-graph\">{\"@context\":\"https:\\\/\\\/schema.org\",\"@graph\":[{\"@type\":\"WebPage\",\"@id\":\"https:\\\/\\\/www.spectrumtranslation.com\\\/de\\\/unsere-uebersetzer\\\/\",\"url\":\"https:\\\/\\\/www.spectrumtranslation.com\\\/de\\\/unsere-uebersetzer\\\/\",\"name\":\"Unsere \u00dcbersetzer - SPECTRUM TRANSLATION | Translation &amp; Linguistic Validation\",\"isPartOf\":{\"@id\":\"https:\\\/\\\/www.spectrumtranslation.com\\\/de\\\/#website\"},\"primaryImageOfPage\":{\"@id\":\"https:\\\/\\\/www.spectrumtranslation.com\\\/de\\\/unsere-uebersetzer\\\/#primaryimage\"},\"image\":{\"@id\":\"https:\\\/\\\/www.spectrumtranslation.com\\\/de\\\/unsere-uebersetzer\\\/#primaryimage\"},\"thumbnailUrl\":\"https:\\\/\\\/www.spectrumtranslation.com\\\/wp-content\\\/uploads\\\/2017\\\/04\\\/arch-and-door-e1494192010877.jpg\",\"datePublished\":\"2017-07-20T09:15:00+00:00\",\"dateModified\":\"2017-07-20T10:24:39+00:00\",\"breadcrumb\":{\"@id\":\"https:\\\/\\\/www.spectrumtranslation.com\\\/de\\\/unsere-uebersetzer\\\/#breadcrumb\"},\"inLanguage\":\"de\",\"potentialAction\":[{\"@type\":\"ReadAction\",\"target\":[\"https:\\\/\\\/www.spectrumtranslation.com\\\/de\\\/unsere-uebersetzer\\\/\"]}]},{\"@type\":\"ImageObject\",\"inLanguage\":\"de\",\"@id\":\"https:\\\/\\\/www.spectrumtranslation.com\\\/de\\\/unsere-uebersetzer\\\/#primaryimage\",\"url\":\"https:\\\/\\\/www.spectrumtranslation.com\\\/wp-content\\\/uploads\\\/2017\\\/04\\\/arch-and-door-e1494192010877.jpg\",\"contentUrl\":\"https:\\\/\\\/www.spectrumtranslation.com\\\/wp-content\\\/uploads\\\/2017\\\/04\\\/arch-and-door-e1494192010877.jpg\",\"width\":1366,\"height\":884},{\"@type\":\"BreadcrumbList\",\"@id\":\"https:\\\/\\\/www.spectrumtranslation.com\\\/de\\\/unsere-uebersetzer\\\/#breadcrumb\",\"itemListElement\":[{\"@type\":\"ListItem\",\"position\":1,\"name\":\"Home\",\"item\":\"https:\\\/\\\/www.spectrumtranslation.com\\\/de\\\/\"},{\"@type\":\"ListItem\",\"position\":2,\"name\":\"Unsere \u00dcbersetzer\"}]},{\"@type\":\"WebSite\",\"@id\":\"https:\\\/\\\/www.spectrumtranslation.com\\\/de\\\/#website\",\"url\":\"https:\\\/\\\/www.spectrumtranslation.com\\\/de\\\/\",\"name\":\"SPECTRUM TRANSLATION | Translation &amp; Linguistic Validation\",\"description\":\"\",\"publisher\":{\"@id\":\"https:\\\/\\\/www.spectrumtranslation.com\\\/de\\\/#organization\"},\"potentialAction\":[{\"@type\":\"SearchAction\",\"target\":{\"@type\":\"EntryPoint\",\"urlTemplate\":\"https:\\\/\\\/www.spectrumtranslation.com\\\/de\\\/?s={search_term_string}\"},\"query-input\":{\"@type\":\"PropertyValueSpecification\",\"valueRequired\":true,\"valueName\":\"search_term_string\"}}],\"inLanguage\":\"de\"},{\"@type\":\"Organization\",\"@id\":\"https:\\\/\\\/www.spectrumtranslation.com\\\/de\\\/#organization\",\"name\":\"SPECTRUM TRANSLATION | Translation &amp; Linguistic Validation\",\"url\":\"https:\\\/\\\/www.spectrumtranslation.com\\\/de\\\/\",\"logo\":{\"@type\":\"ImageObject\",\"inLanguage\":\"de\",\"@id\":\"https:\\\/\\\/www.spectrumtranslation.com\\\/de\\\/#\\\/schema\\\/logo\\\/image\\\/\",\"url\":\"https:\\\/\\\/www.spectrumtranslation.com\\\/wp-content\\\/uploads\\\/2017\\\/02\\\/cropped-logo_animated_new-1.gif\",\"contentUrl\":\"https:\\\/\\\/www.spectrumtranslation.com\\\/wp-content\\\/uploads\\\/2017\\\/02\\\/cropped-logo_animated_new-1.gif\",\"width\":250,\"height\":54,\"caption\":\"SPECTRUM TRANSLATION | Translation &amp; Linguistic Validation\"},\"image\":{\"@id\":\"https:\\\/\\\/www.spectrumtranslation.com\\\/de\\\/#\\\/schema\\\/logo\\\/image\\\/\"}}]}<\/script>\n<!-- \/ Yoast SEO plugin. -->","yoast_head_json":{"title":"Unsere \u00dcbersetzer - SPECTRUM TRANSLATION | Translation &amp; Linguistic Validation","robots":{"index":"index","follow":"follow","max-snippet":"max-snippet:-1","max-image-preview":"max-image-preview:large","max-video-preview":"max-video-preview:-1"},"canonical":"https:\/\/www.spectrumtranslation.com\/de\/unsere-uebersetzer\/","og_locale":"de_DE","og_type":"article","og_title":"Unsere \u00dcbersetzer - SPECTRUM TRANSLATION | Translation &amp; Linguistic Validation","og_description":"Erstklassige \u00dcbersetzer &nbsp; Die \u00dcbersetzer f\u00fcr Ihre Projekte wurden auf der Grundlage folgender Aspekte ausgew\u00e4hlt: &#8211; Schul-\/Hochschulbildung in Sprachen, \u00dcbersetzung, Textredaktion und Texterstellung &#8211; Erfahrung im betreffenden Bereich &#8211; Qualit\u00e4t ihrer Arbeit Es er\u00fcbrigt sich, hervorzuheben, dass der letztere Punkt f\u00fcr uns definitiv ausschlaggebend ist. Mehr als 90\u00a0% der \u00dcbersetzer, die im vergangenen Jahr f\u00fcr &hellip; &#8222;Unsere \u00dcbersetzer&#8220; weiterlesen","og_url":"https:\/\/www.spectrumtranslation.com\/de\/unsere-uebersetzer\/","og_site_name":"SPECTRUM TRANSLATION | Translation &amp; Linguistic Validation","article_modified_time":"2017-07-20T10:24:39+00:00","og_image":[{"width":1366,"height":884,"url":"https:\/\/www.spectrumtranslation.com\/wp-content\/uploads\/2017\/04\/arch-and-door-e1494192010877.jpg","type":"image\/jpeg"}],"twitter_card":"summary_large_image","twitter_misc":{"Gesch\u00e4tzte Lesezeit":"1\u00a0Minute"},"schema":{"@context":"https:\/\/schema.org","@graph":[{"@type":"WebPage","@id":"https:\/\/www.spectrumtranslation.com\/de\/unsere-uebersetzer\/","url":"https:\/\/www.spectrumtranslation.com\/de\/unsere-uebersetzer\/","name":"Unsere \u00dcbersetzer - SPECTRUM TRANSLATION | Translation &amp; Linguistic Validation","isPartOf":{"@id":"https:\/\/www.spectrumtranslation.com\/de\/#website"},"primaryImageOfPage":{"@id":"https:\/\/www.spectrumtranslation.com\/de\/unsere-uebersetzer\/#primaryimage"},"image":{"@id":"https:\/\/www.spectrumtranslation.com\/de\/unsere-uebersetzer\/#primaryimage"},"thumbnailUrl":"https:\/\/www.spectrumtranslation.com\/wp-content\/uploads\/2017\/04\/arch-and-door-e1494192010877.jpg","datePublished":"2017-07-20T09:15:00+00:00","dateModified":"2017-07-20T10:24:39+00:00","breadcrumb":{"@id":"https:\/\/www.spectrumtranslation.com\/de\/unsere-uebersetzer\/#breadcrumb"},"inLanguage":"de","potentialAction":[{"@type":"ReadAction","target":["https:\/\/www.spectrumtranslation.com\/de\/unsere-uebersetzer\/"]}]},{"@type":"ImageObject","inLanguage":"de","@id":"https:\/\/www.spectrumtranslation.com\/de\/unsere-uebersetzer\/#primaryimage","url":"https:\/\/www.spectrumtranslation.com\/wp-content\/uploads\/2017\/04\/arch-and-door-e1494192010877.jpg","contentUrl":"https:\/\/www.spectrumtranslation.com\/wp-content\/uploads\/2017\/04\/arch-and-door-e1494192010877.jpg","width":1366,"height":884},{"@type":"BreadcrumbList","@id":"https:\/\/www.spectrumtranslation.com\/de\/unsere-uebersetzer\/#breadcrumb","itemListElement":[{"@type":"ListItem","position":1,"name":"Home","item":"https:\/\/www.spectrumtranslation.com\/de\/"},{"@type":"ListItem","position":2,"name":"Unsere \u00dcbersetzer"}]},{"@type":"WebSite","@id":"https:\/\/www.spectrumtranslation.com\/de\/#website","url":"https:\/\/www.spectrumtranslation.com\/de\/","name":"SPECTRUM TRANSLATION | Translation &amp; Linguistic Validation","description":"","publisher":{"@id":"https:\/\/www.spectrumtranslation.com\/de\/#organization"},"potentialAction":[{"@type":"SearchAction","target":{"@type":"EntryPoint","urlTemplate":"https:\/\/www.spectrumtranslation.com\/de\/?s={search_term_string}"},"query-input":{"@type":"PropertyValueSpecification","valueRequired":true,"valueName":"search_term_string"}}],"inLanguage":"de"},{"@type":"Organization","@id":"https:\/\/www.spectrumtranslation.com\/de\/#organization","name":"SPECTRUM TRANSLATION | Translation &amp; Linguistic Validation","url":"https:\/\/www.spectrumtranslation.com\/de\/","logo":{"@type":"ImageObject","inLanguage":"de","@id":"https:\/\/www.spectrumtranslation.com\/de\/#\/schema\/logo\/image\/","url":"https:\/\/www.spectrumtranslation.com\/wp-content\/uploads\/2017\/02\/cropped-logo_animated_new-1.gif","contentUrl":"https:\/\/www.spectrumtranslation.com\/wp-content\/uploads\/2017\/02\/cropped-logo_animated_new-1.gif","width":250,"height":54,"caption":"SPECTRUM TRANSLATION | Translation &amp; Linguistic Validation"},"image":{"@id":"https:\/\/www.spectrumtranslation.com\/de\/#\/schema\/logo\/image\/"}}]}},"_links":{"self":[{"href":"https:\/\/www.spectrumtranslation.com\/de\/wp-json\/wp\/v2\/pages\/1439","targetHints":{"allow":["GET"]}}],"collection":[{"href":"https:\/\/www.spectrumtranslation.com\/de\/wp-json\/wp\/v2\/pages"}],"about":[{"href":"https:\/\/www.spectrumtranslation.com\/de\/wp-json\/wp\/v2\/types\/page"}],"author":[{"embeddable":true,"href":"https:\/\/www.spectrumtranslation.com\/de\/wp-json\/wp\/v2\/users\/1"}],"replies":[{"embeddable":true,"href":"https:\/\/www.spectrumtranslation.com\/de\/wp-json\/wp\/v2\/comments?post=1439"}],"version-history":[{"count":11,"href":"https:\/\/www.spectrumtranslation.com\/de\/wp-json\/wp\/v2\/pages\/1439\/revisions"}],"predecessor-version":[{"id":1452,"href":"https:\/\/www.spectrumtranslation.com\/de\/wp-json\/wp\/v2\/pages\/1439\/revisions\/1452"}],"wp:featuredmedia":[{"embeddable":true,"href":"https:\/\/www.spectrumtranslation.com\/de\/wp-json\/wp\/v2\/media\/1082"}],"wp:attachment":[{"href":"https:\/\/www.spectrumtranslation.com\/de\/wp-json\/wp\/v2\/media?parent=1439"}],"curies":[{"name":"wp","href":"https:\/\/api.w.org\/{rel}","templated":true}]}}