{"id":1473,"date":"2017-08-09T11:56:10","date_gmt":"2017-08-09T11:56:10","guid":{"rendered":"https:\/\/www.spectrumtranslation.com\/?page_id=1473\/"},"modified":"2017-08-09T12:00:25","modified_gmt":"2017-08-09T12:00:25","slug":"sprachen","status":"publish","type":"page","link":"https:\/\/www.spectrumtranslation.com\/de\/sprachen\/","title":{"rendered":"Sprachen"},"content":{"rendered":"<h1 style=\"text-align: center;\"><strong>Die Sprachenvielfalt unserer Erde<\/strong><\/h1>\n<p>&nbsp;<\/p>\n<p>Seit \u00fcber einem Jahrzehnt sind wir bei Spectrum Translation als Sprachdienstleister (LSP) in der \u00dcbersetzungsbranche aktiv, und wir sind stolz darauf, dass wir unsere Arbeit in mehr als 70 der Sprachen der Erde ausf\u00fchren k\u00f6nnen.<\/p>\n<p>Diese Vielfalt gibt es inzwischen bei LSPs recht h\u00e4ufig, doch unser Unternehmen pflegt dar\u00fcber hinaus enge Beziehungen zu seinen \u00dcbersetzern, Lektoren und Textern und baut durch aktives Interesse an den Sprachen ihrer Herkunftsl\u00e4nder seine Kompetenzen kontinuierlich aus. Unsere Projektmanager sind somit in der Lage, Texte in \u00fcber 20\u00a0Sprachen abzusch\u00e4tzen.<\/p>\n<p>Wir hoffen, dass Sie Freude an diesem \u00dcberblick \u00fcber die Sprachenvielfalt unserer Erde haben werden.<\/p>\n<p>(Die Seite wird weiter ausgebaut, sobald weitere Sprachen hinzukommen.)<span style=\"color: #000000;\"><em>\u00a0<\/em><\/span><\/p>\n","protected":false},"excerpt":{"rendered":"<p>Die Sprachenvielfalt unserer Erde &nbsp; Seit \u00fcber einem Jahrzehnt sind wir bei Spectrum Translation als Sprachdienstleister (LSP) in der \u00dcbersetzungsbranche aktiv, und wir sind stolz darauf, dass wir unsere Arbeit in mehr als 70 der Sprachen der Erde ausf\u00fchren k\u00f6nnen. Diese Vielfalt gibt es inzwischen bei LSPs recht h\u00e4ufig, doch unser Unternehmen pflegt dar\u00fcber hinaus &hellip; <a href=\"https:\/\/www.spectrumtranslation.com\/de\/sprachen\/\" class=\"more-link\"><span class=\"screen-reader-text\">&#8222;Sprachen&#8220; <\/span>weiterlesen<\/a><\/p>\n","protected":false},"author":1,"featured_media":1045,"parent":0,"menu_order":0,"comment_status":"closed","ping_status":"closed","template":"languages.php","meta":{"_acf_changed":false,"nf_dc_page":"","footnotes":""},"class_list":["post-1473","page","type-page","status-publish","has-post-thumbnail","hentry"],"acf":[],"yoast_head":"<!-- This site is optimized with the Yoast SEO plugin v27.4 - https:\/\/yoast.com\/product\/yoast-seo-wordpress\/ -->\n<title>Sprachen - SPECTRUM TRANSLATION | Translation &amp; Linguistic Validation<\/title>\n<meta name=\"robots\" content=\"index, follow, max-snippet:-1, max-image-preview:large, max-video-preview:-1\" \/>\n<link rel=\"canonical\" href=\"https:\/\/www.spectrumtranslation.com\/de\/sprachen\/\" \/>\n<meta property=\"og:locale\" content=\"de_DE\" \/>\n<meta property=\"og:type\" content=\"article\" \/>\n<meta property=\"og:title\" content=\"Sprachen - SPECTRUM TRANSLATION | Translation &amp; Linguistic Validation\" \/>\n<meta property=\"og:description\" content=\"Die Sprachenvielfalt unserer Erde &nbsp; Seit \u00fcber einem Jahrzehnt sind wir bei Spectrum Translation als Sprachdienstleister (LSP) in der \u00dcbersetzungsbranche aktiv, und wir sind stolz darauf, dass wir unsere Arbeit in mehr als 70 der Sprachen der Erde ausf\u00fchren k\u00f6nnen. Diese Vielfalt gibt es inzwischen bei LSPs recht h\u00e4ufig, doch unser Unternehmen pflegt dar\u00fcber hinaus &hellip; &#8222;Sprachen&#8220; weiterlesen\" \/>\n<meta property=\"og:url\" content=\"https:\/\/www.spectrumtranslation.com\/de\/sprachen\/\" \/>\n<meta property=\"og:site_name\" content=\"SPECTRUM TRANSLATION | Translation &amp; Linguistic Validation\" \/>\n<meta property=\"article:modified_time\" content=\"2017-08-09T12:00:25+00:00\" \/>\n<meta property=\"og:image\" content=\"https:\/\/www.spectrumtranslation.com\/wp-content\/uploads\/2017\/04\/19Apr17_violet-field.jpg\" \/>\n\t<meta property=\"og:image:width\" content=\"1366\" \/>\n\t<meta property=\"og:image:height\" content=\"919\" \/>\n\t<meta property=\"og:image:type\" content=\"image\/jpeg\" \/>\n<meta name=\"twitter:card\" content=\"summary_large_image\" \/>\n<meta name=\"twitter:label1\" content=\"Gesch\u00e4tzte Lesezeit\" \/>\n\t<meta name=\"twitter:data1\" content=\"1\u00a0Minute\" \/>\n<script type=\"application\/ld+json\" class=\"yoast-schema-graph\">{\"@context\":\"https:\\\/\\\/schema.org\",\"@graph\":[{\"@type\":\"WebPage\",\"@id\":\"https:\\\/\\\/www.spectrumtranslation.com\\\/de\\\/sprachen\\\/\",\"url\":\"https:\\\/\\\/www.spectrumtranslation.com\\\/de\\\/sprachen\\\/\",\"name\":\"Sprachen - SPECTRUM TRANSLATION | Translation &amp; Linguistic Validation\",\"isPartOf\":{\"@id\":\"https:\\\/\\\/www.spectrumtranslation.com\\\/de\\\/#website\"},\"primaryImageOfPage\":{\"@id\":\"https:\\\/\\\/www.spectrumtranslation.com\\\/de\\\/sprachen\\\/#primaryimage\"},\"image\":{\"@id\":\"https:\\\/\\\/www.spectrumtranslation.com\\\/de\\\/sprachen\\\/#primaryimage\"},\"thumbnailUrl\":\"https:\\\/\\\/www.spectrumtranslation.com\\\/wp-content\\\/uploads\\\/2017\\\/04\\\/19Apr17_violet-field.jpg\",\"datePublished\":\"2017-08-09T11:56:10+00:00\",\"dateModified\":\"2017-08-09T12:00:25+00:00\",\"breadcrumb\":{\"@id\":\"https:\\\/\\\/www.spectrumtranslation.com\\\/de\\\/sprachen\\\/#breadcrumb\"},\"inLanguage\":\"de\",\"potentialAction\":[{\"@type\":\"ReadAction\",\"target\":[\"https:\\\/\\\/www.spectrumtranslation.com\\\/de\\\/sprachen\\\/\"]}]},{\"@type\":\"ImageObject\",\"inLanguage\":\"de\",\"@id\":\"https:\\\/\\\/www.spectrumtranslation.com\\\/de\\\/sprachen\\\/#primaryimage\",\"url\":\"https:\\\/\\\/www.spectrumtranslation.com\\\/wp-content\\\/uploads\\\/2017\\\/04\\\/19Apr17_violet-field.jpg\",\"contentUrl\":\"https:\\\/\\\/www.spectrumtranslation.com\\\/wp-content\\\/uploads\\\/2017\\\/04\\\/19Apr17_violet-field.jpg\",\"width\":1366,\"height\":919},{\"@type\":\"BreadcrumbList\",\"@id\":\"https:\\\/\\\/www.spectrumtranslation.com\\\/de\\\/sprachen\\\/#breadcrumb\",\"itemListElement\":[{\"@type\":\"ListItem\",\"position\":1,\"name\":\"Home\",\"item\":\"https:\\\/\\\/www.spectrumtranslation.com\\\/de\\\/\"},{\"@type\":\"ListItem\",\"position\":2,\"name\":\"Sprachen\"}]},{\"@type\":\"WebSite\",\"@id\":\"https:\\\/\\\/www.spectrumtranslation.com\\\/de\\\/#website\",\"url\":\"https:\\\/\\\/www.spectrumtranslation.com\\\/de\\\/\",\"name\":\"SPECTRUM TRANSLATION | Translation &amp; Linguistic Validation\",\"description\":\"\",\"publisher\":{\"@id\":\"https:\\\/\\\/www.spectrumtranslation.com\\\/de\\\/#organization\"},\"potentialAction\":[{\"@type\":\"SearchAction\",\"target\":{\"@type\":\"EntryPoint\",\"urlTemplate\":\"https:\\\/\\\/www.spectrumtranslation.com\\\/de\\\/?s={search_term_string}\"},\"query-input\":{\"@type\":\"PropertyValueSpecification\",\"valueRequired\":true,\"valueName\":\"search_term_string\"}}],\"inLanguage\":\"de\"},{\"@type\":\"Organization\",\"@id\":\"https:\\\/\\\/www.spectrumtranslation.com\\\/de\\\/#organization\",\"name\":\"SPECTRUM TRANSLATION | Translation &amp; Linguistic Validation\",\"url\":\"https:\\\/\\\/www.spectrumtranslation.com\\\/de\\\/\",\"logo\":{\"@type\":\"ImageObject\",\"inLanguage\":\"de\",\"@id\":\"https:\\\/\\\/www.spectrumtranslation.com\\\/de\\\/#\\\/schema\\\/logo\\\/image\\\/\",\"url\":\"https:\\\/\\\/www.spectrumtranslation.com\\\/wp-content\\\/uploads\\\/2017\\\/02\\\/cropped-logo_animated_new-1.gif\",\"contentUrl\":\"https:\\\/\\\/www.spectrumtranslation.com\\\/wp-content\\\/uploads\\\/2017\\\/02\\\/cropped-logo_animated_new-1.gif\",\"width\":250,\"height\":54,\"caption\":\"SPECTRUM TRANSLATION | Translation &amp; Linguistic Validation\"},\"image\":{\"@id\":\"https:\\\/\\\/www.spectrumtranslation.com\\\/de\\\/#\\\/schema\\\/logo\\\/image\\\/\"}}]}<\/script>\n<!-- \/ Yoast SEO plugin. -->","yoast_head_json":{"title":"Sprachen - SPECTRUM TRANSLATION | Translation &amp; Linguistic Validation","robots":{"index":"index","follow":"follow","max-snippet":"max-snippet:-1","max-image-preview":"max-image-preview:large","max-video-preview":"max-video-preview:-1"},"canonical":"https:\/\/www.spectrumtranslation.com\/de\/sprachen\/","og_locale":"de_DE","og_type":"article","og_title":"Sprachen - SPECTRUM TRANSLATION | Translation &amp; Linguistic Validation","og_description":"Die Sprachenvielfalt unserer Erde &nbsp; Seit \u00fcber einem Jahrzehnt sind wir bei Spectrum Translation als Sprachdienstleister (LSP) in der \u00dcbersetzungsbranche aktiv, und wir sind stolz darauf, dass wir unsere Arbeit in mehr als 70 der Sprachen der Erde ausf\u00fchren k\u00f6nnen. Diese Vielfalt gibt es inzwischen bei LSPs recht h\u00e4ufig, doch unser Unternehmen pflegt dar\u00fcber hinaus &hellip; &#8222;Sprachen&#8220; weiterlesen","og_url":"https:\/\/www.spectrumtranslation.com\/de\/sprachen\/","og_site_name":"SPECTRUM TRANSLATION | Translation &amp; Linguistic Validation","article_modified_time":"2017-08-09T12:00:25+00:00","og_image":[{"width":1366,"height":919,"url":"https:\/\/www.spectrumtranslation.com\/wp-content\/uploads\/2017\/04\/19Apr17_violet-field.jpg","type":"image\/jpeg"}],"twitter_card":"summary_large_image","twitter_misc":{"Gesch\u00e4tzte Lesezeit":"1\u00a0Minute"},"schema":{"@context":"https:\/\/schema.org","@graph":[{"@type":"WebPage","@id":"https:\/\/www.spectrumtranslation.com\/de\/sprachen\/","url":"https:\/\/www.spectrumtranslation.com\/de\/sprachen\/","name":"Sprachen - SPECTRUM TRANSLATION | Translation &amp; Linguistic Validation","isPartOf":{"@id":"https:\/\/www.spectrumtranslation.com\/de\/#website"},"primaryImageOfPage":{"@id":"https:\/\/www.spectrumtranslation.com\/de\/sprachen\/#primaryimage"},"image":{"@id":"https:\/\/www.spectrumtranslation.com\/de\/sprachen\/#primaryimage"},"thumbnailUrl":"https:\/\/www.spectrumtranslation.com\/wp-content\/uploads\/2017\/04\/19Apr17_violet-field.jpg","datePublished":"2017-08-09T11:56:10+00:00","dateModified":"2017-08-09T12:00:25+00:00","breadcrumb":{"@id":"https:\/\/www.spectrumtranslation.com\/de\/sprachen\/#breadcrumb"},"inLanguage":"de","potentialAction":[{"@type":"ReadAction","target":["https:\/\/www.spectrumtranslation.com\/de\/sprachen\/"]}]},{"@type":"ImageObject","inLanguage":"de","@id":"https:\/\/www.spectrumtranslation.com\/de\/sprachen\/#primaryimage","url":"https:\/\/www.spectrumtranslation.com\/wp-content\/uploads\/2017\/04\/19Apr17_violet-field.jpg","contentUrl":"https:\/\/www.spectrumtranslation.com\/wp-content\/uploads\/2017\/04\/19Apr17_violet-field.jpg","width":1366,"height":919},{"@type":"BreadcrumbList","@id":"https:\/\/www.spectrumtranslation.com\/de\/sprachen\/#breadcrumb","itemListElement":[{"@type":"ListItem","position":1,"name":"Home","item":"https:\/\/www.spectrumtranslation.com\/de\/"},{"@type":"ListItem","position":2,"name":"Sprachen"}]},{"@type":"WebSite","@id":"https:\/\/www.spectrumtranslation.com\/de\/#website","url":"https:\/\/www.spectrumtranslation.com\/de\/","name":"SPECTRUM TRANSLATION | Translation &amp; Linguistic Validation","description":"","publisher":{"@id":"https:\/\/www.spectrumtranslation.com\/de\/#organization"},"potentialAction":[{"@type":"SearchAction","target":{"@type":"EntryPoint","urlTemplate":"https:\/\/www.spectrumtranslation.com\/de\/?s={search_term_string}"},"query-input":{"@type":"PropertyValueSpecification","valueRequired":true,"valueName":"search_term_string"}}],"inLanguage":"de"},{"@type":"Organization","@id":"https:\/\/www.spectrumtranslation.com\/de\/#organization","name":"SPECTRUM TRANSLATION | Translation &amp; Linguistic Validation","url":"https:\/\/www.spectrumtranslation.com\/de\/","logo":{"@type":"ImageObject","inLanguage":"de","@id":"https:\/\/www.spectrumtranslation.com\/de\/#\/schema\/logo\/image\/","url":"https:\/\/www.spectrumtranslation.com\/wp-content\/uploads\/2017\/02\/cropped-logo_animated_new-1.gif","contentUrl":"https:\/\/www.spectrumtranslation.com\/wp-content\/uploads\/2017\/02\/cropped-logo_animated_new-1.gif","width":250,"height":54,"caption":"SPECTRUM TRANSLATION | Translation &amp; Linguistic Validation"},"image":{"@id":"https:\/\/www.spectrumtranslation.com\/de\/#\/schema\/logo\/image\/"}}]}},"_links":{"self":[{"href":"https:\/\/www.spectrumtranslation.com\/de\/wp-json\/wp\/v2\/pages\/1473","targetHints":{"allow":["GET"]}}],"collection":[{"href":"https:\/\/www.spectrumtranslation.com\/de\/wp-json\/wp\/v2\/pages"}],"about":[{"href":"https:\/\/www.spectrumtranslation.com\/de\/wp-json\/wp\/v2\/types\/page"}],"author":[{"embeddable":true,"href":"https:\/\/www.spectrumtranslation.com\/de\/wp-json\/wp\/v2\/users\/1"}],"replies":[{"embeddable":true,"href":"https:\/\/www.spectrumtranslation.com\/de\/wp-json\/wp\/v2\/comments?post=1473"}],"version-history":[{"count":2,"href":"https:\/\/www.spectrumtranslation.com\/de\/wp-json\/wp\/v2\/pages\/1473\/revisions"}],"predecessor-version":[{"id":1476,"href":"https:\/\/www.spectrumtranslation.com\/de\/wp-json\/wp\/v2\/pages\/1473\/revisions\/1476"}],"wp:featuredmedia":[{"embeddable":true,"href":"https:\/\/www.spectrumtranslation.com\/de\/wp-json\/wp\/v2\/media\/1045"}],"wp:attachment":[{"href":"https:\/\/www.spectrumtranslation.com\/de\/wp-json\/wp\/v2\/media?parent=1473"}],"curies":[{"name":"wp","href":"https:\/\/api.w.org\/{rel}","templated":true}]}}