{"id":1477,"date":"2017-08-09T12:04:25","date_gmt":"2017-08-09T12:04:25","guid":{"rendered":"https:\/\/www.spectrumtranslation.com\/?page_id=1477\/"},"modified":"2017-09-11T16:52:46","modified_gmt":"2017-09-11T16:52:46","slug":"die-ausgangssprache","status":"publish","type":"page","link":"https:\/\/www.spectrumtranslation.com\/de\/die-ausgangssprache\/","title":{"rendered":"Die Ausgangssprache"},"content":{"rendered":"<h1 style=\"text-align: center;\"><\/h1>\n<h1 style=\"text-align: center;\"><strong>Man k\u00f6nnte meinen, dass die Ausgangssprache mit einer geografischen Lage zusammenh\u00e4ngt.<\/strong><\/h1>\n<p>&nbsp;<\/p>\n<p><strong><span style=\"color: #000000;\">AUSGANGSSPRACHE: Dies ist die Sprache, die in dem Text bzw. der Datei genutzt wird, welche(n) unsere Kunden uns zur \u00dcbersetzung, Korrektur oder Bearbeitung anvertrauen. Wir nehmen Texte bzw. Dateien in Papierformat, digital (Excel, PDF, Word), als Audiodatei (mp3) oder in Videoformaten an.<\/span> <\/strong><\/p>\n<p>Man k\u00f6nnte meinen, dass die Ausgangssprache mit einer geografischen Lage zusammenh\u00e4ngt. Dies stimmt schon, aber nur bis zu einem gewissen Grad. Spectrum Translation ist in den Niederlanden ans\u00e4ssig, daher erhalten wir sehr viele Anfragen f\u00fcr Niederl\u00e4ndisch, Englisch, Franz\u00f6sisch und Deutsch \u2013 aber im Verlauf der Jahre haben wir die Erfahrung gemacht, dass der geografische Standort gegen\u00fcber fr\u00fcher an Bedeutung verloren hat.<\/p>\n<p>In den vergangenen Monaten (2017) umfasste die Bandbreite der uns vorgelegten <a href=\"https:\/\/www.spectrumtranslation.com\/de\/sprachen-einen-schritt-weiter\/\">Ausgangssprachen<\/a> rund 50 Sprachen aus aller Welt, von Afrikaans und Albanisch \u00fcber Japanisch und Kasachisch bis hin zu Xhosa.<\/p>\n<p>Spectrum Translation kann f\u00fcr die \u00fcberwiegende Mehrheit der <a href=\"https:\/\/www.spectrumtranslation.com\/de\/sprachen\/\">Sprachen<\/a> auf der Grundlage des urspr\u00fcnglichen Materials arbeiten, das uns \u00fcbermittelt wird. Wir freuen uns darauf, Ihr Projekt in Augenschein zu nehmen. Wir \u00fcberpr\u00fcfen und bearbeiten es individuell und bieten dabei universal g\u00fcltige Standards f\u00fcr \u00dcbersetzung, Korrekturlesen und Textredaktion, wobei wir Ihre spezifischen Anforderungen immer im Blick haben.<\/p>\n","protected":false},"excerpt":{"rendered":"<p>Man k\u00f6nnte meinen, dass die Ausgangssprache mit einer geografischen Lage zusammenh\u00e4ngt. &nbsp; AUSGANGSSPRACHE: Dies ist die Sprache, die in dem Text bzw. der Datei genutzt wird, welche(n) unsere Kunden uns zur \u00dcbersetzung, Korrektur oder Bearbeitung anvertrauen. Wir nehmen Texte bzw. Dateien in Papierformat, digital (Excel, PDF, Word), als Audiodatei (mp3) oder in Videoformaten an. Man &hellip; <a href=\"https:\/\/www.spectrumtranslation.com\/de\/die-ausgangssprache\/\" class=\"more-link\"><span class=\"screen-reader-text\">&#8222;Die Ausgangssprache&#8220; <\/span>weiterlesen<\/a><\/p>\n","protected":false},"author":1,"featured_media":1128,"parent":0,"menu_order":0,"comment_status":"closed","ping_status":"closed","template":"","meta":{"_acf_changed":false,"nf_dc_page":"","footnotes":""},"class_list":["post-1477","page","type-page","status-publish","has-post-thumbnail","hentry"],"acf":[],"yoast_head":"<!-- This site is optimized with the Yoast SEO plugin v27.4 - https:\/\/yoast.com\/product\/yoast-seo-wordpress\/ -->\n<title>Die Ausgangssprache - SPECTRUM TRANSLATION | Translation &amp; Linguistic Validation<\/title>\n<meta name=\"robots\" content=\"index, follow, max-snippet:-1, max-image-preview:large, max-video-preview:-1\" \/>\n<link rel=\"canonical\" href=\"https:\/\/www.spectrumtranslation.com\/de\/die-ausgangssprache\/\" \/>\n<meta property=\"og:locale\" content=\"de_DE\" \/>\n<meta property=\"og:type\" content=\"article\" \/>\n<meta property=\"og:title\" content=\"Die Ausgangssprache - SPECTRUM TRANSLATION | Translation &amp; Linguistic Validation\" \/>\n<meta property=\"og:description\" content=\"Man k\u00f6nnte meinen, dass die Ausgangssprache mit einer geografischen Lage zusammenh\u00e4ngt. &nbsp; AUSGANGSSPRACHE: Dies ist die Sprache, die in dem Text bzw. der Datei genutzt wird, welche(n) unsere Kunden uns zur \u00dcbersetzung, Korrektur oder Bearbeitung anvertrauen. Wir nehmen Texte bzw. Dateien in Papierformat, digital (Excel, PDF, Word), als Audiodatei (mp3) oder in Videoformaten an. Man &hellip; &#8222;Die Ausgangssprache&#8220; weiterlesen\" \/>\n<meta property=\"og:url\" content=\"https:\/\/www.spectrumtranslation.com\/de\/die-ausgangssprache\/\" \/>\n<meta property=\"og:site_name\" content=\"SPECTRUM TRANSLATION | Translation &amp; Linguistic Validation\" \/>\n<meta property=\"article:modified_time\" content=\"2017-09-11T16:52:46+00:00\" \/>\n<meta property=\"og:image\" content=\"https:\/\/www.spectrumtranslation.com\/wp-content\/uploads\/2017\/05\/bali-terraces-e1494187710630.jpg\" \/>\n\t<meta property=\"og:image:width\" content=\"1366\" \/>\n\t<meta property=\"og:image:height\" content=\"905\" \/>\n\t<meta property=\"og:image:type\" content=\"image\/jpeg\" \/>\n<meta name=\"twitter:card\" content=\"summary_large_image\" \/>\n<meta name=\"twitter:label1\" content=\"Gesch\u00e4tzte Lesezeit\" \/>\n\t<meta name=\"twitter:data1\" content=\"1\u00a0Minute\" \/>\n<script type=\"application\/ld+json\" class=\"yoast-schema-graph\">{\"@context\":\"https:\\\/\\\/schema.org\",\"@graph\":[{\"@type\":\"WebPage\",\"@id\":\"https:\\\/\\\/www.spectrumtranslation.com\\\/de\\\/die-ausgangssprache\\\/\",\"url\":\"https:\\\/\\\/www.spectrumtranslation.com\\\/de\\\/die-ausgangssprache\\\/\",\"name\":\"Die Ausgangssprache - SPECTRUM TRANSLATION | Translation &amp; Linguistic Validation\",\"isPartOf\":{\"@id\":\"https:\\\/\\\/www.spectrumtranslation.com\\\/de\\\/#website\"},\"primaryImageOfPage\":{\"@id\":\"https:\\\/\\\/www.spectrumtranslation.com\\\/de\\\/die-ausgangssprache\\\/#primaryimage\"},\"image\":{\"@id\":\"https:\\\/\\\/www.spectrumtranslation.com\\\/de\\\/die-ausgangssprache\\\/#primaryimage\"},\"thumbnailUrl\":\"https:\\\/\\\/www.spectrumtranslation.com\\\/wp-content\\\/uploads\\\/2017\\\/05\\\/bali-terraces-e1494187710630.jpg\",\"datePublished\":\"2017-08-09T12:04:25+00:00\",\"dateModified\":\"2017-09-11T16:52:46+00:00\",\"breadcrumb\":{\"@id\":\"https:\\\/\\\/www.spectrumtranslation.com\\\/de\\\/die-ausgangssprache\\\/#breadcrumb\"},\"inLanguage\":\"de\",\"potentialAction\":[{\"@type\":\"ReadAction\",\"target\":[\"https:\\\/\\\/www.spectrumtranslation.com\\\/de\\\/die-ausgangssprache\\\/\"]}]},{\"@type\":\"ImageObject\",\"inLanguage\":\"de\",\"@id\":\"https:\\\/\\\/www.spectrumtranslation.com\\\/de\\\/die-ausgangssprache\\\/#primaryimage\",\"url\":\"https:\\\/\\\/www.spectrumtranslation.com\\\/wp-content\\\/uploads\\\/2017\\\/05\\\/bali-terraces-e1494187710630.jpg\",\"contentUrl\":\"https:\\\/\\\/www.spectrumtranslation.com\\\/wp-content\\\/uploads\\\/2017\\\/05\\\/bali-terraces-e1494187710630.jpg\",\"width\":1366,\"height\":905},{\"@type\":\"BreadcrumbList\",\"@id\":\"https:\\\/\\\/www.spectrumtranslation.com\\\/de\\\/die-ausgangssprache\\\/#breadcrumb\",\"itemListElement\":[{\"@type\":\"ListItem\",\"position\":1,\"name\":\"Home\",\"item\":\"https:\\\/\\\/www.spectrumtranslation.com\\\/de\\\/\"},{\"@type\":\"ListItem\",\"position\":2,\"name\":\"Die Ausgangssprache\"}]},{\"@type\":\"WebSite\",\"@id\":\"https:\\\/\\\/www.spectrumtranslation.com\\\/de\\\/#website\",\"url\":\"https:\\\/\\\/www.spectrumtranslation.com\\\/de\\\/\",\"name\":\"SPECTRUM TRANSLATION | Translation &amp; Linguistic Validation\",\"description\":\"\",\"publisher\":{\"@id\":\"https:\\\/\\\/www.spectrumtranslation.com\\\/de\\\/#organization\"},\"potentialAction\":[{\"@type\":\"SearchAction\",\"target\":{\"@type\":\"EntryPoint\",\"urlTemplate\":\"https:\\\/\\\/www.spectrumtranslation.com\\\/de\\\/?s={search_term_string}\"},\"query-input\":{\"@type\":\"PropertyValueSpecification\",\"valueRequired\":true,\"valueName\":\"search_term_string\"}}],\"inLanguage\":\"de\"},{\"@type\":\"Organization\",\"@id\":\"https:\\\/\\\/www.spectrumtranslation.com\\\/de\\\/#organization\",\"name\":\"SPECTRUM TRANSLATION | Translation &amp; Linguistic Validation\",\"url\":\"https:\\\/\\\/www.spectrumtranslation.com\\\/de\\\/\",\"logo\":{\"@type\":\"ImageObject\",\"inLanguage\":\"de\",\"@id\":\"https:\\\/\\\/www.spectrumtranslation.com\\\/de\\\/#\\\/schema\\\/logo\\\/image\\\/\",\"url\":\"https:\\\/\\\/www.spectrumtranslation.com\\\/wp-content\\\/uploads\\\/2017\\\/02\\\/cropped-logo_animated_new-1.gif\",\"contentUrl\":\"https:\\\/\\\/www.spectrumtranslation.com\\\/wp-content\\\/uploads\\\/2017\\\/02\\\/cropped-logo_animated_new-1.gif\",\"width\":250,\"height\":54,\"caption\":\"SPECTRUM TRANSLATION | Translation &amp; Linguistic Validation\"},\"image\":{\"@id\":\"https:\\\/\\\/www.spectrumtranslation.com\\\/de\\\/#\\\/schema\\\/logo\\\/image\\\/\"}}]}<\/script>\n<!-- \/ Yoast SEO plugin. -->","yoast_head_json":{"title":"Die Ausgangssprache - SPECTRUM TRANSLATION | Translation &amp; Linguistic Validation","robots":{"index":"index","follow":"follow","max-snippet":"max-snippet:-1","max-image-preview":"max-image-preview:large","max-video-preview":"max-video-preview:-1"},"canonical":"https:\/\/www.spectrumtranslation.com\/de\/die-ausgangssprache\/","og_locale":"de_DE","og_type":"article","og_title":"Die Ausgangssprache - SPECTRUM TRANSLATION | Translation &amp; Linguistic Validation","og_description":"Man k\u00f6nnte meinen, dass die Ausgangssprache mit einer geografischen Lage zusammenh\u00e4ngt. &nbsp; AUSGANGSSPRACHE: Dies ist die Sprache, die in dem Text bzw. der Datei genutzt wird, welche(n) unsere Kunden uns zur \u00dcbersetzung, Korrektur oder Bearbeitung anvertrauen. Wir nehmen Texte bzw. Dateien in Papierformat, digital (Excel, PDF, Word), als Audiodatei (mp3) oder in Videoformaten an. Man &hellip; &#8222;Die Ausgangssprache&#8220; weiterlesen","og_url":"https:\/\/www.spectrumtranslation.com\/de\/die-ausgangssprache\/","og_site_name":"SPECTRUM TRANSLATION | Translation &amp; Linguistic Validation","article_modified_time":"2017-09-11T16:52:46+00:00","og_image":[{"width":1366,"height":905,"url":"https:\/\/www.spectrumtranslation.com\/wp-content\/uploads\/2017\/05\/bali-terraces-e1494187710630.jpg","type":"image\/jpeg"}],"twitter_card":"summary_large_image","twitter_misc":{"Gesch\u00e4tzte Lesezeit":"1\u00a0Minute"},"schema":{"@context":"https:\/\/schema.org","@graph":[{"@type":"WebPage","@id":"https:\/\/www.spectrumtranslation.com\/de\/die-ausgangssprache\/","url":"https:\/\/www.spectrumtranslation.com\/de\/die-ausgangssprache\/","name":"Die Ausgangssprache - SPECTRUM TRANSLATION | Translation &amp; Linguistic Validation","isPartOf":{"@id":"https:\/\/www.spectrumtranslation.com\/de\/#website"},"primaryImageOfPage":{"@id":"https:\/\/www.spectrumtranslation.com\/de\/die-ausgangssprache\/#primaryimage"},"image":{"@id":"https:\/\/www.spectrumtranslation.com\/de\/die-ausgangssprache\/#primaryimage"},"thumbnailUrl":"https:\/\/www.spectrumtranslation.com\/wp-content\/uploads\/2017\/05\/bali-terraces-e1494187710630.jpg","datePublished":"2017-08-09T12:04:25+00:00","dateModified":"2017-09-11T16:52:46+00:00","breadcrumb":{"@id":"https:\/\/www.spectrumtranslation.com\/de\/die-ausgangssprache\/#breadcrumb"},"inLanguage":"de","potentialAction":[{"@type":"ReadAction","target":["https:\/\/www.spectrumtranslation.com\/de\/die-ausgangssprache\/"]}]},{"@type":"ImageObject","inLanguage":"de","@id":"https:\/\/www.spectrumtranslation.com\/de\/die-ausgangssprache\/#primaryimage","url":"https:\/\/www.spectrumtranslation.com\/wp-content\/uploads\/2017\/05\/bali-terraces-e1494187710630.jpg","contentUrl":"https:\/\/www.spectrumtranslation.com\/wp-content\/uploads\/2017\/05\/bali-terraces-e1494187710630.jpg","width":1366,"height":905},{"@type":"BreadcrumbList","@id":"https:\/\/www.spectrumtranslation.com\/de\/die-ausgangssprache\/#breadcrumb","itemListElement":[{"@type":"ListItem","position":1,"name":"Home","item":"https:\/\/www.spectrumtranslation.com\/de\/"},{"@type":"ListItem","position":2,"name":"Die Ausgangssprache"}]},{"@type":"WebSite","@id":"https:\/\/www.spectrumtranslation.com\/de\/#website","url":"https:\/\/www.spectrumtranslation.com\/de\/","name":"SPECTRUM TRANSLATION | Translation &amp; Linguistic Validation","description":"","publisher":{"@id":"https:\/\/www.spectrumtranslation.com\/de\/#organization"},"potentialAction":[{"@type":"SearchAction","target":{"@type":"EntryPoint","urlTemplate":"https:\/\/www.spectrumtranslation.com\/de\/?s={search_term_string}"},"query-input":{"@type":"PropertyValueSpecification","valueRequired":true,"valueName":"search_term_string"}}],"inLanguage":"de"},{"@type":"Organization","@id":"https:\/\/www.spectrumtranslation.com\/de\/#organization","name":"SPECTRUM TRANSLATION | Translation &amp; Linguistic Validation","url":"https:\/\/www.spectrumtranslation.com\/de\/","logo":{"@type":"ImageObject","inLanguage":"de","@id":"https:\/\/www.spectrumtranslation.com\/de\/#\/schema\/logo\/image\/","url":"https:\/\/www.spectrumtranslation.com\/wp-content\/uploads\/2017\/02\/cropped-logo_animated_new-1.gif","contentUrl":"https:\/\/www.spectrumtranslation.com\/wp-content\/uploads\/2017\/02\/cropped-logo_animated_new-1.gif","width":250,"height":54,"caption":"SPECTRUM TRANSLATION | Translation &amp; Linguistic Validation"},"image":{"@id":"https:\/\/www.spectrumtranslation.com\/de\/#\/schema\/logo\/image\/"}}]}},"_links":{"self":[{"href":"https:\/\/www.spectrumtranslation.com\/de\/wp-json\/wp\/v2\/pages\/1477","targetHints":{"allow":["GET"]}}],"collection":[{"href":"https:\/\/www.spectrumtranslation.com\/de\/wp-json\/wp\/v2\/pages"}],"about":[{"href":"https:\/\/www.spectrumtranslation.com\/de\/wp-json\/wp\/v2\/types\/page"}],"author":[{"embeddable":true,"href":"https:\/\/www.spectrumtranslation.com\/de\/wp-json\/wp\/v2\/users\/1"}],"replies":[{"embeddable":true,"href":"https:\/\/www.spectrumtranslation.com\/de\/wp-json\/wp\/v2\/comments?post=1477"}],"version-history":[{"count":5,"href":"https:\/\/www.spectrumtranslation.com\/de\/wp-json\/wp\/v2\/pages\/1477\/revisions"}],"predecessor-version":[{"id":1783,"href":"https:\/\/www.spectrumtranslation.com\/de\/wp-json\/wp\/v2\/pages\/1477\/revisions\/1783"}],"wp:featuredmedia":[{"embeddable":true,"href":"https:\/\/www.spectrumtranslation.com\/de\/wp-json\/wp\/v2\/media\/1128"}],"wp:attachment":[{"href":"https:\/\/www.spectrumtranslation.com\/de\/wp-json\/wp\/v2\/media?parent=1477"}],"curies":[{"name":"wp","href":"https:\/\/api.w.org\/{rel}","templated":true}]}}