{"id":1480,"date":"2017-08-09T12:10:25","date_gmt":"2017-08-09T12:10:25","guid":{"rendered":"https:\/\/www.spectrumtranslation.com\/?page_id=1480\/"},"modified":"2017-09-11T16:58:02","modified_gmt":"2017-09-11T16:58:02","slug":"die-zielsprache","status":"publish","type":"page","link":"https:\/\/www.spectrumtranslation.com\/de\/die-zielsprache\/","title":{"rendered":"Die Zielsprache"},"content":{"rendered":"<h1 style=\"text-align: center;\"><\/h1>\n<h1 style=\"text-align: center;\"><span style=\"color: #000000;\"><strong>Stil, Ton, Sprachebene.<\/strong><\/span><\/h1>\n<p>&nbsp;<\/p>\n<p style=\"text-align: left;\"><strong><span style=\"color: #000000;\">ZIELSPRACHE: Das Ziel einer guten \u00dcbersetzung. Es geht um mehr als nur Worte. Bei einer guten \u00dcbersetzung erf\u00fcllt die Zielsprache auch die Anforderungen im Hinblick auf die Aspekte Stil, Ton, Sprachebene, Nuancen und kulturelles Feingef\u00fchl. Fachliche Kompetenz ben\u00f6tigt die Kombination mit umfangreichem Wissen und einem ausgepr\u00e4gten Gesp\u00fcr f\u00fcr Feinheiten, damit gute Zieltexte erstellt werden k\u00f6nnen.<\/span> <\/strong><\/p>\n<p>Die Zielsprache ist die Sprache, auf die unsere Arbeit ausgerichtet ist, und sie ist immer die Muttersprache des \u00dcbersetzers \/ der \u00dcbersetzerin. Hier z\u00e4hlt das Ergebnis einer sich \u00fcber Jahre hin vollziehenden Entwicklung professioneller \u00dcbersetzer\/innen in seinem\/ihrem fachlichen Bereich und der pers\u00f6nlichen Spezialisierung. Dies ist mehr als nur \u201eInput\/Output\u201c, das leider in der heutigen auf CAT-Tools (Computer Aided Translation) fixierten Welt viel zu h\u00e4ufig vorkommt.<\/p>\n<p>Wir haben die keineswegs \u00fcberraschende Feststellung gemacht, dass die besten \u00dcbersetzer zugleich auch professionelle Texter\/Autoren sind, die sich bei der \u00dcbertragung von Inhalten und Stil aus einer Sprache in eine andere der Bedeutung von Stilvarianten, Sprachebene und verwendbarem Wortschatz voll und ganz bewusst sind.<\/p>\n<p>Die bei Spectrum Translation angebotenen <a href=\"https:\/\/www.spectrumtranslation.com\/de\/sprachen\/\">Zielsprachen<\/a> spiegeln die Bandbreite der fachlichen sowie pers\u00f6nlichen Hintergr\u00fcnde und Spezialisierungen unserer Linguisten, \u00dcbersetzer, Lektoren und Texter wider.<\/p>\n<p>F\u00fcr Ihr Projekt setzen wir grunds\u00e4tzlich die f\u00fcr diesen Auftrag am besten geeignete Person ein, und bei der Auswahl werden alle oben genannten Faktoren ber\u00fccksichtigt.<\/p>\n","protected":false},"excerpt":{"rendered":"<p>Stil, Ton, Sprachebene. &nbsp; ZIELSPRACHE: Das Ziel einer guten \u00dcbersetzung. Es geht um mehr als nur Worte. Bei einer guten \u00dcbersetzung erf\u00fcllt die Zielsprache auch die Anforderungen im Hinblick auf die Aspekte Stil, Ton, Sprachebene, Nuancen und kulturelles Feingef\u00fchl. Fachliche Kompetenz ben\u00f6tigt die Kombination mit umfangreichem Wissen und einem ausgepr\u00e4gten Gesp\u00fcr f\u00fcr Feinheiten, damit gute &hellip; <a href=\"https:\/\/www.spectrumtranslation.com\/de\/die-zielsprache\/\" class=\"more-link\"><span class=\"screen-reader-text\">&#8222;Die Zielsprache&#8220; <\/span>weiterlesen<\/a><\/p>\n","protected":false},"author":1,"featured_media":1043,"parent":0,"menu_order":0,"comment_status":"closed","ping_status":"closed","template":"","meta":{"_acf_changed":false,"nf_dc_page":"","footnotes":""},"class_list":["post-1480","page","type-page","status-publish","has-post-thumbnail","hentry"],"acf":[],"yoast_head":"<!-- This site is optimized with the Yoast SEO plugin v27.4 - https:\/\/yoast.com\/product\/yoast-seo-wordpress\/ -->\n<title>Die Zielsprache - SPECTRUM TRANSLATION | Translation &amp; Linguistic Validation<\/title>\n<meta name=\"robots\" content=\"index, follow, max-snippet:-1, max-image-preview:large, max-video-preview:-1\" \/>\n<link rel=\"canonical\" href=\"https:\/\/www.spectrumtranslation.com\/de\/die-zielsprache\/\" \/>\n<meta property=\"og:locale\" content=\"de_DE\" \/>\n<meta property=\"og:type\" content=\"article\" \/>\n<meta property=\"og:title\" content=\"Die Zielsprache - SPECTRUM TRANSLATION | Translation &amp; Linguistic Validation\" \/>\n<meta property=\"og:description\" content=\"Stil, Ton, Sprachebene. &nbsp; ZIELSPRACHE: Das Ziel einer guten \u00dcbersetzung. Es geht um mehr als nur Worte. Bei einer guten \u00dcbersetzung erf\u00fcllt die Zielsprache auch die Anforderungen im Hinblick auf die Aspekte Stil, Ton, Sprachebene, Nuancen und kulturelles Feingef\u00fchl. Fachliche Kompetenz ben\u00f6tigt die Kombination mit umfangreichem Wissen und einem ausgepr\u00e4gten Gesp\u00fcr f\u00fcr Feinheiten, damit gute &hellip; &#8222;Die Zielsprache&#8220; weiterlesen\" \/>\n<meta property=\"og:url\" content=\"https:\/\/www.spectrumtranslation.com\/de\/die-zielsprache\/\" \/>\n<meta property=\"og:site_name\" content=\"SPECTRUM TRANSLATION | Translation &amp; Linguistic Validation\" \/>\n<meta property=\"article:modified_time\" content=\"2017-09-11T16:58:02+00:00\" \/>\n<meta property=\"og:image\" content=\"https:\/\/www.spectrumtranslation.com\/wp-content\/uploads\/2017\/04\/19Apr17_tropical.jpg\" \/>\n\t<meta property=\"og:image:width\" content=\"1366\" \/>\n\t<meta property=\"og:image:height\" content=\"919\" \/>\n\t<meta property=\"og:image:type\" content=\"image\/jpeg\" \/>\n<meta name=\"twitter:card\" content=\"summary_large_image\" \/>\n<meta name=\"twitter:label1\" content=\"Gesch\u00e4tzte Lesezeit\" \/>\n\t<meta name=\"twitter:data1\" content=\"1\u00a0Minute\" \/>\n<script type=\"application\/ld+json\" class=\"yoast-schema-graph\">{\"@context\":\"https:\\\/\\\/schema.org\",\"@graph\":[{\"@type\":\"WebPage\",\"@id\":\"https:\\\/\\\/www.spectrumtranslation.com\\\/de\\\/die-zielsprache\\\/\",\"url\":\"https:\\\/\\\/www.spectrumtranslation.com\\\/de\\\/die-zielsprache\\\/\",\"name\":\"Die Zielsprache - SPECTRUM TRANSLATION | Translation &amp; Linguistic Validation\",\"isPartOf\":{\"@id\":\"https:\\\/\\\/www.spectrumtranslation.com\\\/de\\\/#website\"},\"primaryImageOfPage\":{\"@id\":\"https:\\\/\\\/www.spectrumtranslation.com\\\/de\\\/die-zielsprache\\\/#primaryimage\"},\"image\":{\"@id\":\"https:\\\/\\\/www.spectrumtranslation.com\\\/de\\\/die-zielsprache\\\/#primaryimage\"},\"thumbnailUrl\":\"https:\\\/\\\/www.spectrumtranslation.com\\\/wp-content\\\/uploads\\\/2017\\\/04\\\/19Apr17_tropical.jpg\",\"datePublished\":\"2017-08-09T12:10:25+00:00\",\"dateModified\":\"2017-09-11T16:58:02+00:00\",\"breadcrumb\":{\"@id\":\"https:\\\/\\\/www.spectrumtranslation.com\\\/de\\\/die-zielsprache\\\/#breadcrumb\"},\"inLanguage\":\"de\",\"potentialAction\":[{\"@type\":\"ReadAction\",\"target\":[\"https:\\\/\\\/www.spectrumtranslation.com\\\/de\\\/die-zielsprache\\\/\"]}]},{\"@type\":\"ImageObject\",\"inLanguage\":\"de\",\"@id\":\"https:\\\/\\\/www.spectrumtranslation.com\\\/de\\\/die-zielsprache\\\/#primaryimage\",\"url\":\"https:\\\/\\\/www.spectrumtranslation.com\\\/wp-content\\\/uploads\\\/2017\\\/04\\\/19Apr17_tropical.jpg\",\"contentUrl\":\"https:\\\/\\\/www.spectrumtranslation.com\\\/wp-content\\\/uploads\\\/2017\\\/04\\\/19Apr17_tropical.jpg\",\"width\":1366,\"height\":919},{\"@type\":\"BreadcrumbList\",\"@id\":\"https:\\\/\\\/www.spectrumtranslation.com\\\/de\\\/die-zielsprache\\\/#breadcrumb\",\"itemListElement\":[{\"@type\":\"ListItem\",\"position\":1,\"name\":\"Home\",\"item\":\"https:\\\/\\\/www.spectrumtranslation.com\\\/de\\\/\"},{\"@type\":\"ListItem\",\"position\":2,\"name\":\"Die Zielsprache\"}]},{\"@type\":\"WebSite\",\"@id\":\"https:\\\/\\\/www.spectrumtranslation.com\\\/de\\\/#website\",\"url\":\"https:\\\/\\\/www.spectrumtranslation.com\\\/de\\\/\",\"name\":\"SPECTRUM TRANSLATION | Translation &amp; Linguistic Validation\",\"description\":\"\",\"publisher\":{\"@id\":\"https:\\\/\\\/www.spectrumtranslation.com\\\/de\\\/#organization\"},\"potentialAction\":[{\"@type\":\"SearchAction\",\"target\":{\"@type\":\"EntryPoint\",\"urlTemplate\":\"https:\\\/\\\/www.spectrumtranslation.com\\\/de\\\/?s={search_term_string}\"},\"query-input\":{\"@type\":\"PropertyValueSpecification\",\"valueRequired\":true,\"valueName\":\"search_term_string\"}}],\"inLanguage\":\"de\"},{\"@type\":\"Organization\",\"@id\":\"https:\\\/\\\/www.spectrumtranslation.com\\\/de\\\/#organization\",\"name\":\"SPECTRUM TRANSLATION | Translation &amp; Linguistic Validation\",\"url\":\"https:\\\/\\\/www.spectrumtranslation.com\\\/de\\\/\",\"logo\":{\"@type\":\"ImageObject\",\"inLanguage\":\"de\",\"@id\":\"https:\\\/\\\/www.spectrumtranslation.com\\\/de\\\/#\\\/schema\\\/logo\\\/image\\\/\",\"url\":\"https:\\\/\\\/www.spectrumtranslation.com\\\/wp-content\\\/uploads\\\/2017\\\/02\\\/cropped-logo_animated_new-1.gif\",\"contentUrl\":\"https:\\\/\\\/www.spectrumtranslation.com\\\/wp-content\\\/uploads\\\/2017\\\/02\\\/cropped-logo_animated_new-1.gif\",\"width\":250,\"height\":54,\"caption\":\"SPECTRUM TRANSLATION | Translation &amp; Linguistic Validation\"},\"image\":{\"@id\":\"https:\\\/\\\/www.spectrumtranslation.com\\\/de\\\/#\\\/schema\\\/logo\\\/image\\\/\"}}]}<\/script>\n<!-- \/ Yoast SEO plugin. -->","yoast_head_json":{"title":"Die Zielsprache - SPECTRUM TRANSLATION | Translation &amp; Linguistic Validation","robots":{"index":"index","follow":"follow","max-snippet":"max-snippet:-1","max-image-preview":"max-image-preview:large","max-video-preview":"max-video-preview:-1"},"canonical":"https:\/\/www.spectrumtranslation.com\/de\/die-zielsprache\/","og_locale":"de_DE","og_type":"article","og_title":"Die Zielsprache - SPECTRUM TRANSLATION | Translation &amp; Linguistic Validation","og_description":"Stil, Ton, Sprachebene. &nbsp; ZIELSPRACHE: Das Ziel einer guten \u00dcbersetzung. Es geht um mehr als nur Worte. Bei einer guten \u00dcbersetzung erf\u00fcllt die Zielsprache auch die Anforderungen im Hinblick auf die Aspekte Stil, Ton, Sprachebene, Nuancen und kulturelles Feingef\u00fchl. Fachliche Kompetenz ben\u00f6tigt die Kombination mit umfangreichem Wissen und einem ausgepr\u00e4gten Gesp\u00fcr f\u00fcr Feinheiten, damit gute &hellip; &#8222;Die Zielsprache&#8220; weiterlesen","og_url":"https:\/\/www.spectrumtranslation.com\/de\/die-zielsprache\/","og_site_name":"SPECTRUM TRANSLATION | Translation &amp; Linguistic Validation","article_modified_time":"2017-09-11T16:58:02+00:00","og_image":[{"width":1366,"height":919,"url":"https:\/\/www.spectrumtranslation.com\/wp-content\/uploads\/2017\/04\/19Apr17_tropical.jpg","type":"image\/jpeg"}],"twitter_card":"summary_large_image","twitter_misc":{"Gesch\u00e4tzte Lesezeit":"1\u00a0Minute"},"schema":{"@context":"https:\/\/schema.org","@graph":[{"@type":"WebPage","@id":"https:\/\/www.spectrumtranslation.com\/de\/die-zielsprache\/","url":"https:\/\/www.spectrumtranslation.com\/de\/die-zielsprache\/","name":"Die Zielsprache - SPECTRUM TRANSLATION | Translation &amp; Linguistic Validation","isPartOf":{"@id":"https:\/\/www.spectrumtranslation.com\/de\/#website"},"primaryImageOfPage":{"@id":"https:\/\/www.spectrumtranslation.com\/de\/die-zielsprache\/#primaryimage"},"image":{"@id":"https:\/\/www.spectrumtranslation.com\/de\/die-zielsprache\/#primaryimage"},"thumbnailUrl":"https:\/\/www.spectrumtranslation.com\/wp-content\/uploads\/2017\/04\/19Apr17_tropical.jpg","datePublished":"2017-08-09T12:10:25+00:00","dateModified":"2017-09-11T16:58:02+00:00","breadcrumb":{"@id":"https:\/\/www.spectrumtranslation.com\/de\/die-zielsprache\/#breadcrumb"},"inLanguage":"de","potentialAction":[{"@type":"ReadAction","target":["https:\/\/www.spectrumtranslation.com\/de\/die-zielsprache\/"]}]},{"@type":"ImageObject","inLanguage":"de","@id":"https:\/\/www.spectrumtranslation.com\/de\/die-zielsprache\/#primaryimage","url":"https:\/\/www.spectrumtranslation.com\/wp-content\/uploads\/2017\/04\/19Apr17_tropical.jpg","contentUrl":"https:\/\/www.spectrumtranslation.com\/wp-content\/uploads\/2017\/04\/19Apr17_tropical.jpg","width":1366,"height":919},{"@type":"BreadcrumbList","@id":"https:\/\/www.spectrumtranslation.com\/de\/die-zielsprache\/#breadcrumb","itemListElement":[{"@type":"ListItem","position":1,"name":"Home","item":"https:\/\/www.spectrumtranslation.com\/de\/"},{"@type":"ListItem","position":2,"name":"Die Zielsprache"}]},{"@type":"WebSite","@id":"https:\/\/www.spectrumtranslation.com\/de\/#website","url":"https:\/\/www.spectrumtranslation.com\/de\/","name":"SPECTRUM TRANSLATION | Translation &amp; Linguistic Validation","description":"","publisher":{"@id":"https:\/\/www.spectrumtranslation.com\/de\/#organization"},"potentialAction":[{"@type":"SearchAction","target":{"@type":"EntryPoint","urlTemplate":"https:\/\/www.spectrumtranslation.com\/de\/?s={search_term_string}"},"query-input":{"@type":"PropertyValueSpecification","valueRequired":true,"valueName":"search_term_string"}}],"inLanguage":"de"},{"@type":"Organization","@id":"https:\/\/www.spectrumtranslation.com\/de\/#organization","name":"SPECTRUM TRANSLATION | Translation &amp; Linguistic Validation","url":"https:\/\/www.spectrumtranslation.com\/de\/","logo":{"@type":"ImageObject","inLanguage":"de","@id":"https:\/\/www.spectrumtranslation.com\/de\/#\/schema\/logo\/image\/","url":"https:\/\/www.spectrumtranslation.com\/wp-content\/uploads\/2017\/02\/cropped-logo_animated_new-1.gif","contentUrl":"https:\/\/www.spectrumtranslation.com\/wp-content\/uploads\/2017\/02\/cropped-logo_animated_new-1.gif","width":250,"height":54,"caption":"SPECTRUM TRANSLATION | Translation &amp; Linguistic Validation"},"image":{"@id":"https:\/\/www.spectrumtranslation.com\/de\/#\/schema\/logo\/image\/"}}]}},"_links":{"self":[{"href":"https:\/\/www.spectrumtranslation.com\/de\/wp-json\/wp\/v2\/pages\/1480","targetHints":{"allow":["GET"]}}],"collection":[{"href":"https:\/\/www.spectrumtranslation.com\/de\/wp-json\/wp\/v2\/pages"}],"about":[{"href":"https:\/\/www.spectrumtranslation.com\/de\/wp-json\/wp\/v2\/types\/page"}],"author":[{"embeddable":true,"href":"https:\/\/www.spectrumtranslation.com\/de\/wp-json\/wp\/v2\/users\/1"}],"replies":[{"embeddable":true,"href":"https:\/\/www.spectrumtranslation.com\/de\/wp-json\/wp\/v2\/comments?post=1480"}],"version-history":[{"count":5,"href":"https:\/\/www.spectrumtranslation.com\/de\/wp-json\/wp\/v2\/pages\/1480\/revisions"}],"predecessor-version":[{"id":1789,"href":"https:\/\/www.spectrumtranslation.com\/de\/wp-json\/wp\/v2\/pages\/1480\/revisions\/1789"}],"wp:featuredmedia":[{"embeddable":true,"href":"https:\/\/www.spectrumtranslation.com\/de\/wp-json\/wp\/v2\/media\/1043"}],"wp:attachment":[{"href":"https:\/\/www.spectrumtranslation.com\/de\/wp-json\/wp\/v2\/media?parent=1480"}],"curies":[{"name":"wp","href":"https:\/\/api.w.org\/{rel}","templated":true}]}}