{"id":1491,"date":"2017-08-09T12:49:58","date_gmt":"2017-08-09T12:49:58","guid":{"rendered":"https:\/\/www.spectrumtranslation.com\/?page_id=1491\/"},"modified":"2017-09-06T21:02:11","modified_gmt":"2017-09-06T21:02:11","slug":"weitere-sprachen","status":"publish","type":"page","link":"https:\/\/www.spectrumtranslation.com\/de\/weitere-sprachen\/","title":{"rendered":"Weitere Sprachen"},"content":{"rendered":"<h1 style=\"text-align: center;\"><\/h1>\n<h1 style=\"text-align: center;\"><span style=\"color: #000000;\"><strong>Die weniger verbreiteten Sprachen der Welt.<\/strong><\/span><\/h1>\n<p>&nbsp;<br \/>\nWir lassen auch die weniger verbreiteten Sprachen der Welt nicht au\u00dfer Acht. Sie werden von weniger Menschen genutzt, aber dennoch haben sie einen wichtigen Einfluss auf das Leben von Millionen von Menschen auf der ganzen Welt.<\/p>\n<p>Spectrum Translation hat, neben \u00dcbersetzungen f\u00fcr viele andere Sprachen, auch solche in Guaran\u00ed (S\u00fcdamerika), Sesotho, Xhosa und Zulu (Afrika), Singhalesisch (Sri Lanka), Haitianisches Kreolisch und verschiedene regionale Varianten der englischen Sprache, darunter beispielsweise derjenigen von Jamaika, Singapur, und S\u00fcdafrika ausgefertigt.<\/p>\n<p>Wir nehmen gerne Anfragen in Bezug auf \u00dcbersetzungen, Korrekturlesen, Textredaktion und Textanfertigung in jeder beliebigen Sprache der Welt entgegen.<\/p>\n","protected":false},"excerpt":{"rendered":"<p>Die weniger verbreiteten Sprachen der Welt. &nbsp; Wir lassen auch die weniger verbreiteten Sprachen der Welt nicht au\u00dfer Acht. Sie werden von weniger Menschen genutzt, aber dennoch haben sie einen wichtigen Einfluss auf das Leben von Millionen von Menschen auf der ganzen Welt. Spectrum Translation hat, neben \u00dcbersetzungen f\u00fcr viele andere Sprachen, auch solche in &hellip; <a href=\"https:\/\/www.spectrumtranslation.com\/de\/weitere-sprachen\/\" class=\"more-link\"><span class=\"screen-reader-text\">&#8222;Weitere Sprachen&#8220; <\/span>weiterlesen<\/a><\/p>\n","protected":false},"author":1,"featured_media":1099,"parent":0,"menu_order":0,"comment_status":"closed","ping_status":"closed","template":"","meta":{"_acf_changed":false,"nf_dc_page":"","footnotes":""},"class_list":["post-1491","page","type-page","status-publish","has-post-thumbnail","hentry"],"acf":[],"yoast_head":"<!-- This site is optimized with the Yoast SEO plugin v27.4 - https:\/\/yoast.com\/product\/yoast-seo-wordpress\/ -->\n<title>Weitere Sprachen - SPECTRUM TRANSLATION | Translation &amp; Linguistic Validation<\/title>\n<meta name=\"robots\" content=\"index, follow, max-snippet:-1, max-image-preview:large, max-video-preview:-1\" \/>\n<link rel=\"canonical\" href=\"https:\/\/www.spectrumtranslation.com\/de\/weitere-sprachen\/\" \/>\n<meta property=\"og:locale\" content=\"de_DE\" \/>\n<meta property=\"og:type\" content=\"article\" \/>\n<meta property=\"og:title\" content=\"Weitere Sprachen - SPECTRUM TRANSLATION | Translation &amp; Linguistic Validation\" \/>\n<meta property=\"og:description\" content=\"Die weniger verbreiteten Sprachen der Welt. &nbsp; Wir lassen auch die weniger verbreiteten Sprachen der Welt nicht au\u00dfer Acht. Sie werden von weniger Menschen genutzt, aber dennoch haben sie einen wichtigen Einfluss auf das Leben von Millionen von Menschen auf der ganzen Welt. Spectrum Translation hat, neben \u00dcbersetzungen f\u00fcr viele andere Sprachen, auch solche in &hellip; &#8222;Weitere Sprachen&#8220; weiterlesen\" \/>\n<meta property=\"og:url\" content=\"https:\/\/www.spectrumtranslation.com\/de\/weitere-sprachen\/\" \/>\n<meta property=\"og:site_name\" content=\"SPECTRUM TRANSLATION | Translation &amp; Linguistic Validation\" \/>\n<meta property=\"article:modified_time\" content=\"2017-09-06T21:02:11+00:00\" \/>\n<meta property=\"og:image\" content=\"https:\/\/www.spectrumtranslation.com\/wp-content\/uploads\/2017\/04\/south-africa-coast-e1494192389391.jpg\" \/>\n\t<meta property=\"og:image:width\" content=\"1366\" \/>\n\t<meta property=\"og:image:height\" content=\"907\" \/>\n\t<meta property=\"og:image:type\" content=\"image\/jpeg\" \/>\n<meta name=\"twitter:card\" content=\"summary_large_image\" \/>\n<meta name=\"twitter:label1\" content=\"Gesch\u00e4tzte Lesezeit\" \/>\n\t<meta name=\"twitter:data1\" content=\"1\u00a0Minute\" \/>\n<script type=\"application\/ld+json\" class=\"yoast-schema-graph\">{\"@context\":\"https:\\\/\\\/schema.org\",\"@graph\":[{\"@type\":\"WebPage\",\"@id\":\"https:\\\/\\\/www.spectrumtranslation.com\\\/de\\\/weitere-sprachen\\\/\",\"url\":\"https:\\\/\\\/www.spectrumtranslation.com\\\/de\\\/weitere-sprachen\\\/\",\"name\":\"Weitere Sprachen - SPECTRUM TRANSLATION | Translation &amp; Linguistic Validation\",\"isPartOf\":{\"@id\":\"https:\\\/\\\/www.spectrumtranslation.com\\\/de\\\/#website\"},\"primaryImageOfPage\":{\"@id\":\"https:\\\/\\\/www.spectrumtranslation.com\\\/de\\\/weitere-sprachen\\\/#primaryimage\"},\"image\":{\"@id\":\"https:\\\/\\\/www.spectrumtranslation.com\\\/de\\\/weitere-sprachen\\\/#primaryimage\"},\"thumbnailUrl\":\"https:\\\/\\\/www.spectrumtranslation.com\\\/wp-content\\\/uploads\\\/2017\\\/04\\\/south-africa-coast-e1494192389391.jpg\",\"datePublished\":\"2017-08-09T12:49:58+00:00\",\"dateModified\":\"2017-09-06T21:02:11+00:00\",\"breadcrumb\":{\"@id\":\"https:\\\/\\\/www.spectrumtranslation.com\\\/de\\\/weitere-sprachen\\\/#breadcrumb\"},\"inLanguage\":\"de\",\"potentialAction\":[{\"@type\":\"ReadAction\",\"target\":[\"https:\\\/\\\/www.spectrumtranslation.com\\\/de\\\/weitere-sprachen\\\/\"]}]},{\"@type\":\"ImageObject\",\"inLanguage\":\"de\",\"@id\":\"https:\\\/\\\/www.spectrumtranslation.com\\\/de\\\/weitere-sprachen\\\/#primaryimage\",\"url\":\"https:\\\/\\\/www.spectrumtranslation.com\\\/wp-content\\\/uploads\\\/2017\\\/04\\\/south-africa-coast-e1494192389391.jpg\",\"contentUrl\":\"https:\\\/\\\/www.spectrumtranslation.com\\\/wp-content\\\/uploads\\\/2017\\\/04\\\/south-africa-coast-e1494192389391.jpg\",\"width\":1366,\"height\":907},{\"@type\":\"BreadcrumbList\",\"@id\":\"https:\\\/\\\/www.spectrumtranslation.com\\\/de\\\/weitere-sprachen\\\/#breadcrumb\",\"itemListElement\":[{\"@type\":\"ListItem\",\"position\":1,\"name\":\"Home\",\"item\":\"https:\\\/\\\/www.spectrumtranslation.com\\\/de\\\/\"},{\"@type\":\"ListItem\",\"position\":2,\"name\":\"Weitere Sprachen\"}]},{\"@type\":\"WebSite\",\"@id\":\"https:\\\/\\\/www.spectrumtranslation.com\\\/de\\\/#website\",\"url\":\"https:\\\/\\\/www.spectrumtranslation.com\\\/de\\\/\",\"name\":\"SPECTRUM TRANSLATION | Translation &amp; Linguistic Validation\",\"description\":\"\",\"publisher\":{\"@id\":\"https:\\\/\\\/www.spectrumtranslation.com\\\/de\\\/#organization\"},\"potentialAction\":[{\"@type\":\"SearchAction\",\"target\":{\"@type\":\"EntryPoint\",\"urlTemplate\":\"https:\\\/\\\/www.spectrumtranslation.com\\\/de\\\/?s={search_term_string}\"},\"query-input\":{\"@type\":\"PropertyValueSpecification\",\"valueRequired\":true,\"valueName\":\"search_term_string\"}}],\"inLanguage\":\"de\"},{\"@type\":\"Organization\",\"@id\":\"https:\\\/\\\/www.spectrumtranslation.com\\\/de\\\/#organization\",\"name\":\"SPECTRUM TRANSLATION | Translation &amp; Linguistic Validation\",\"url\":\"https:\\\/\\\/www.spectrumtranslation.com\\\/de\\\/\",\"logo\":{\"@type\":\"ImageObject\",\"inLanguage\":\"de\",\"@id\":\"https:\\\/\\\/www.spectrumtranslation.com\\\/de\\\/#\\\/schema\\\/logo\\\/image\\\/\",\"url\":\"https:\\\/\\\/www.spectrumtranslation.com\\\/wp-content\\\/uploads\\\/2017\\\/02\\\/cropped-logo_animated_new-1.gif\",\"contentUrl\":\"https:\\\/\\\/www.spectrumtranslation.com\\\/wp-content\\\/uploads\\\/2017\\\/02\\\/cropped-logo_animated_new-1.gif\",\"width\":250,\"height\":54,\"caption\":\"SPECTRUM TRANSLATION | Translation &amp; Linguistic Validation\"},\"image\":{\"@id\":\"https:\\\/\\\/www.spectrumtranslation.com\\\/de\\\/#\\\/schema\\\/logo\\\/image\\\/\"}}]}<\/script>\n<!-- \/ Yoast SEO plugin. -->","yoast_head_json":{"title":"Weitere Sprachen - SPECTRUM TRANSLATION | Translation &amp; Linguistic Validation","robots":{"index":"index","follow":"follow","max-snippet":"max-snippet:-1","max-image-preview":"max-image-preview:large","max-video-preview":"max-video-preview:-1"},"canonical":"https:\/\/www.spectrumtranslation.com\/de\/weitere-sprachen\/","og_locale":"de_DE","og_type":"article","og_title":"Weitere Sprachen - SPECTRUM TRANSLATION | Translation &amp; Linguistic Validation","og_description":"Die weniger verbreiteten Sprachen der Welt. &nbsp; Wir lassen auch die weniger verbreiteten Sprachen der Welt nicht au\u00dfer Acht. Sie werden von weniger Menschen genutzt, aber dennoch haben sie einen wichtigen Einfluss auf das Leben von Millionen von Menschen auf der ganzen Welt. Spectrum Translation hat, neben \u00dcbersetzungen f\u00fcr viele andere Sprachen, auch solche in &hellip; &#8222;Weitere Sprachen&#8220; weiterlesen","og_url":"https:\/\/www.spectrumtranslation.com\/de\/weitere-sprachen\/","og_site_name":"SPECTRUM TRANSLATION | Translation &amp; Linguistic Validation","article_modified_time":"2017-09-06T21:02:11+00:00","og_image":[{"width":1366,"height":907,"url":"https:\/\/www.spectrumtranslation.com\/wp-content\/uploads\/2017\/04\/south-africa-coast-e1494192389391.jpg","type":"image\/jpeg"}],"twitter_card":"summary_large_image","twitter_misc":{"Gesch\u00e4tzte Lesezeit":"1\u00a0Minute"},"schema":{"@context":"https:\/\/schema.org","@graph":[{"@type":"WebPage","@id":"https:\/\/www.spectrumtranslation.com\/de\/weitere-sprachen\/","url":"https:\/\/www.spectrumtranslation.com\/de\/weitere-sprachen\/","name":"Weitere Sprachen - SPECTRUM TRANSLATION | Translation &amp; Linguistic Validation","isPartOf":{"@id":"https:\/\/www.spectrumtranslation.com\/de\/#website"},"primaryImageOfPage":{"@id":"https:\/\/www.spectrumtranslation.com\/de\/weitere-sprachen\/#primaryimage"},"image":{"@id":"https:\/\/www.spectrumtranslation.com\/de\/weitere-sprachen\/#primaryimage"},"thumbnailUrl":"https:\/\/www.spectrumtranslation.com\/wp-content\/uploads\/2017\/04\/south-africa-coast-e1494192389391.jpg","datePublished":"2017-08-09T12:49:58+00:00","dateModified":"2017-09-06T21:02:11+00:00","breadcrumb":{"@id":"https:\/\/www.spectrumtranslation.com\/de\/weitere-sprachen\/#breadcrumb"},"inLanguage":"de","potentialAction":[{"@type":"ReadAction","target":["https:\/\/www.spectrumtranslation.com\/de\/weitere-sprachen\/"]}]},{"@type":"ImageObject","inLanguage":"de","@id":"https:\/\/www.spectrumtranslation.com\/de\/weitere-sprachen\/#primaryimage","url":"https:\/\/www.spectrumtranslation.com\/wp-content\/uploads\/2017\/04\/south-africa-coast-e1494192389391.jpg","contentUrl":"https:\/\/www.spectrumtranslation.com\/wp-content\/uploads\/2017\/04\/south-africa-coast-e1494192389391.jpg","width":1366,"height":907},{"@type":"BreadcrumbList","@id":"https:\/\/www.spectrumtranslation.com\/de\/weitere-sprachen\/#breadcrumb","itemListElement":[{"@type":"ListItem","position":1,"name":"Home","item":"https:\/\/www.spectrumtranslation.com\/de\/"},{"@type":"ListItem","position":2,"name":"Weitere Sprachen"}]},{"@type":"WebSite","@id":"https:\/\/www.spectrumtranslation.com\/de\/#website","url":"https:\/\/www.spectrumtranslation.com\/de\/","name":"SPECTRUM TRANSLATION | Translation &amp; Linguistic Validation","description":"","publisher":{"@id":"https:\/\/www.spectrumtranslation.com\/de\/#organization"},"potentialAction":[{"@type":"SearchAction","target":{"@type":"EntryPoint","urlTemplate":"https:\/\/www.spectrumtranslation.com\/de\/?s={search_term_string}"},"query-input":{"@type":"PropertyValueSpecification","valueRequired":true,"valueName":"search_term_string"}}],"inLanguage":"de"},{"@type":"Organization","@id":"https:\/\/www.spectrumtranslation.com\/de\/#organization","name":"SPECTRUM TRANSLATION | Translation &amp; Linguistic Validation","url":"https:\/\/www.spectrumtranslation.com\/de\/","logo":{"@type":"ImageObject","inLanguage":"de","@id":"https:\/\/www.spectrumtranslation.com\/de\/#\/schema\/logo\/image\/","url":"https:\/\/www.spectrumtranslation.com\/wp-content\/uploads\/2017\/02\/cropped-logo_animated_new-1.gif","contentUrl":"https:\/\/www.spectrumtranslation.com\/wp-content\/uploads\/2017\/02\/cropped-logo_animated_new-1.gif","width":250,"height":54,"caption":"SPECTRUM TRANSLATION | Translation &amp; Linguistic Validation"},"image":{"@id":"https:\/\/www.spectrumtranslation.com\/de\/#\/schema\/logo\/image\/"}}]}},"_links":{"self":[{"href":"https:\/\/www.spectrumtranslation.com\/de\/wp-json\/wp\/v2\/pages\/1491","targetHints":{"allow":["GET"]}}],"collection":[{"href":"https:\/\/www.spectrumtranslation.com\/de\/wp-json\/wp\/v2\/pages"}],"about":[{"href":"https:\/\/www.spectrumtranslation.com\/de\/wp-json\/wp\/v2\/types\/page"}],"author":[{"embeddable":true,"href":"https:\/\/www.spectrumtranslation.com\/de\/wp-json\/wp\/v2\/users\/1"}],"replies":[{"embeddable":true,"href":"https:\/\/www.spectrumtranslation.com\/de\/wp-json\/wp\/v2\/comments?post=1491"}],"version-history":[{"count":2,"href":"https:\/\/www.spectrumtranslation.com\/de\/wp-json\/wp\/v2\/pages\/1491\/revisions"}],"predecessor-version":[{"id":1645,"href":"https:\/\/www.spectrumtranslation.com\/de\/wp-json\/wp\/v2\/pages\/1491\/revisions\/1645"}],"wp:featuredmedia":[{"embeddable":true,"href":"https:\/\/www.spectrumtranslation.com\/de\/wp-json\/wp\/v2\/media\/1099"}],"wp:attachment":[{"href":"https:\/\/www.spectrumtranslation.com\/de\/wp-json\/wp\/v2\/media?parent=1491"}],"curies":[{"name":"wp","href":"https:\/\/api.w.org\/{rel}","templated":true}]}}