{"id":1494,"date":"2017-08-09T12:56:34","date_gmt":"2017-08-09T12:56:34","guid":{"rendered":"https:\/\/www.spectrumtranslation.com\/?page_id=1494\/"},"modified":"2021-07-01T17:05:30","modified_gmt":"2021-07-01T17:05:30","slug":"sprachliche-validierungsdienste","status":"publish","type":"page","link":"https:\/\/www.spectrumtranslation.com\/de\/sprachliche-validierungsdienste\/","title":{"rendered":"Sprachliche Validierungsdienste"},"content":{"rendered":"<h1 style=\"text-align: center;\"><\/h1>\n<h1 style=\"text-align: center;\"><strong>LAUFENDE PROJEKTE ZUR SPRACHLICHEN VALIDIERUNG<\/strong><\/h1>\n<p style=\"text-align: left;\">Sprachliche Validierung misst die kulturelle und konzeptionelle Korrektheit von \u00dcbersetzungen durch eine gesonderte \u00dcberpr\u00fcfung mithilfe von Muttersprachlern, die in den betreffenden L\u00e4ndern bzw. Regionen wohnen. Die Teilnehmer an solchen Projekten m\u00fcssen mit der Zielsprache als Muttersprache aufgewachsen sein, doch sind f\u00fcr die Teilnahme keine Vorkenntnisse zum Inhalt der Texte oder das Beherrschen einer anderen Sprache erforderlich.<\/p>\n<p style=\"text-align: left;\">F\u00fcr die Anforderungen unserer Kunden bez\u00fcglich sprachlicher Validierung werben wir regelm\u00e4\u00dfig geeignete Muttersprachler sowie im jeweiligen Land ans\u00e4ssige Korrekturleser und Lektoren an. Diese Art Auftr\u00e4ge erf\u00fcllen wir seit \u00fcber 16 Jahren (Stand 2021) sehr erfolgreich.<\/p>\n<p style=\"text-align: left;\">Wenn Sie an einem der hier aufgef\u00fchrten Projekte zur sprachlichen Validierung teilnehmen m\u00f6chten, w\u00fcrden wir uns \u00fcber eine entsprechende Nachricht freuen. Die Projekte sind nach Sprache und Land aufgelistet. F\u00fcr die Kontaktaufnahme k\u00f6nnen Sie das beigef\u00fcgte Projektschreiben nutzen oder auch \u00fcber die jeweiligen Kontaktformulare (rechts) Verbindung aufnehmen.<strong>\u00a0<\/strong><\/p>\n<p style=\"text-align: left;\">Wir nehmen Benachrichtigungen in allen Sprachen an, die in den auf dieser Seite dargestellten Projekten verwendet werden.<\/p>\n<p style=\"text-align: left;\"><strong>UNSERE DATENSCHUTZERKL\u00c4RUNG:<\/strong><\/p>\n<p style=\"text-align: left;\">Bitte geben Sie in einem der nachstehenden Formulare an, ob Sie m\u00f6chten, dass wir per E-Mail oder telefonisch Kontakt mit Ihnen aufnehmen, um Sie \u00fcber die Projekte zur sprachlichen Validierung zu informieren. Wir verarbeiten Ihre Daten nach Ma\u00dfgabe unserer Datenschutzerkl\u00e4rung (<a href=\"https:\/\/www.spectrumtranslation.com\/privacy-policy\/\">https:\/\/www.spectrumtranslation.com\/privacy-policy\/<\/a>).<\/p>\n<p style=\"text-align: left;\">Wenn Sie zur \u00dcbermittlung Ihrer Angaben mithilfe des Formulars auf \u201eAbsenden\u201c klicken, erkl\u00e4ren Sie sich zugleich ausdr\u00fccklich damit einverstanden, dass wir Ihnen Mitteilungen \u00fcber die Projekte zur sprachlichen Validierung zusenden.<\/p>\n<p style=\"text-align: left;\">Sie k\u00f6nnen diese Einverst\u00e4ndniserkl\u00e4rung jederzeit widerrufen. Senden Sie uns hierzu einfach eine entsprechende Mitteilung an folgende E-Mail-Adresse: <a href=\"info@spectrumtranslation.com\">info@spectrumtranslation.com<\/a>.<\/p>\n","protected":false},"excerpt":{"rendered":"<p>LAUFENDE PROJEKTE ZUR SPRACHLICHEN VALIDIERUNG Sprachliche Validierung misst die kulturelle und konzeptionelle Korrektheit von \u00dcbersetzungen durch eine gesonderte \u00dcberpr\u00fcfung mithilfe von Muttersprachlern, die in den betreffenden L\u00e4ndern bzw. Regionen wohnen. Die Teilnehmer an solchen Projekten m\u00fcssen mit der Zielsprache als Muttersprache aufgewachsen sein, doch sind f\u00fcr die Teilnahme keine Vorkenntnisse zum Inhalt der Texte oder &hellip; <a href=\"https:\/\/www.spectrumtranslation.com\/de\/sprachliche-validierungsdienste\/\" class=\"more-link\"><span class=\"screen-reader-text\">&#8222;Sprachliche Validierungsdienste&#8220; <\/span>weiterlesen<\/a><\/p>\n","protected":false},"author":1,"featured_media":4052,"parent":0,"menu_order":0,"comment_status":"closed","ping_status":"closed","template":"linguistic-validation.php","meta":{"_acf_changed":false,"nf_dc_page":"","footnotes":""},"class_list":["post-1494","page","type-page","status-publish","has-post-thumbnail","hentry"],"acf":[],"yoast_head":"<!-- This site is optimized with the Yoast SEO plugin v27.4 - https:\/\/yoast.com\/product\/yoast-seo-wordpress\/ -->\n<title>Sprachliche Validierungsdienste - SPECTRUM TRANSLATION | Translation &amp; Linguistic Validation<\/title>\n<meta name=\"robots\" content=\"index, follow, max-snippet:-1, max-image-preview:large, max-video-preview:-1\" \/>\n<link rel=\"canonical\" href=\"https:\/\/www.spectrumtranslation.com\/de\/sprachliche-validierungsdienste\/\" \/>\n<meta property=\"og:locale\" content=\"de_DE\" \/>\n<meta property=\"og:type\" content=\"article\" \/>\n<meta property=\"og:title\" content=\"Sprachliche Validierungsdienste - SPECTRUM TRANSLATION | Translation &amp; Linguistic Validation\" \/>\n<meta property=\"og:description\" content=\"LAUFENDE PROJEKTE ZUR SPRACHLICHEN VALIDIERUNG Sprachliche Validierung misst die kulturelle und konzeptionelle Korrektheit von \u00dcbersetzungen durch eine gesonderte \u00dcberpr\u00fcfung mithilfe von Muttersprachlern, die in den betreffenden L\u00e4ndern bzw. Regionen wohnen. Die Teilnehmer an solchen Projekten m\u00fcssen mit der Zielsprache als Muttersprache aufgewachsen sein, doch sind f\u00fcr die Teilnahme keine Vorkenntnisse zum Inhalt der Texte oder &hellip; &#8222;Sprachliche Validierungsdienste&#8220; weiterlesen\" \/>\n<meta property=\"og:url\" content=\"https:\/\/www.spectrumtranslation.com\/de\/sprachliche-validierungsdienste\/\" \/>\n<meta property=\"og:site_name\" content=\"SPECTRUM TRANSLATION | Translation &amp; Linguistic Validation\" \/>\n<meta property=\"article:modified_time\" content=\"2021-07-01T17:05:30+00:00\" \/>\n<meta property=\"og:image\" content=\"https:\/\/www.spectrumtranslation.com\/wp-content\/uploads\/2017\/04\/IMG_3916-e1494188560992.jpg\" \/>\n\t<meta property=\"og:image:width\" content=\"1366\" \/>\n\t<meta property=\"og:image:height\" content=\"911\" \/>\n\t<meta property=\"og:image:type\" content=\"image\/jpeg\" \/>\n<meta name=\"twitter:card\" content=\"summary_large_image\" \/>\n<meta name=\"twitter:label1\" content=\"Gesch\u00e4tzte Lesezeit\" \/>\n\t<meta name=\"twitter:data1\" content=\"2\u00a0Minuten\" \/>\n<script type=\"application\/ld+json\" class=\"yoast-schema-graph\">{\"@context\":\"https:\\\/\\\/schema.org\",\"@graph\":[{\"@type\":\"WebPage\",\"@id\":\"https:\\\/\\\/www.spectrumtranslation.com\\\/de\\\/sprachliche-validierungsdienste\\\/\",\"url\":\"https:\\\/\\\/www.spectrumtranslation.com\\\/de\\\/sprachliche-validierungsdienste\\\/\",\"name\":\"Sprachliche Validierungsdienste - SPECTRUM TRANSLATION | Translation &amp; Linguistic Validation\",\"isPartOf\":{\"@id\":\"https:\\\/\\\/www.spectrumtranslation.com\\\/de\\\/#website\"},\"primaryImageOfPage\":{\"@id\":\"https:\\\/\\\/www.spectrumtranslation.com\\\/de\\\/sprachliche-validierungsdienste\\\/#primaryimage\"},\"image\":{\"@id\":\"https:\\\/\\\/www.spectrumtranslation.com\\\/de\\\/sprachliche-validierungsdienste\\\/#primaryimage\"},\"thumbnailUrl\":\"https:\\\/\\\/www.spectrumtranslation.com\\\/wp-content\\\/uploads\\\/2017\\\/04\\\/IMG_3916-e1494188560992.jpg\",\"datePublished\":\"2017-08-09T12:56:34+00:00\",\"dateModified\":\"2021-07-01T17:05:30+00:00\",\"breadcrumb\":{\"@id\":\"https:\\\/\\\/www.spectrumtranslation.com\\\/de\\\/sprachliche-validierungsdienste\\\/#breadcrumb\"},\"inLanguage\":\"de\",\"potentialAction\":[{\"@type\":\"ReadAction\",\"target\":[\"https:\\\/\\\/www.spectrumtranslation.com\\\/de\\\/sprachliche-validierungsdienste\\\/\"]}]},{\"@type\":\"ImageObject\",\"inLanguage\":\"de\",\"@id\":\"https:\\\/\\\/www.spectrumtranslation.com\\\/de\\\/sprachliche-validierungsdienste\\\/#primaryimage\",\"url\":\"https:\\\/\\\/www.spectrumtranslation.com\\\/wp-content\\\/uploads\\\/2017\\\/04\\\/IMG_3916-e1494188560992.jpg\",\"contentUrl\":\"https:\\\/\\\/www.spectrumtranslation.com\\\/wp-content\\\/uploads\\\/2017\\\/04\\\/IMG_3916-e1494188560992.jpg\",\"width\":1366,\"height\":911},{\"@type\":\"BreadcrumbList\",\"@id\":\"https:\\\/\\\/www.spectrumtranslation.com\\\/de\\\/sprachliche-validierungsdienste\\\/#breadcrumb\",\"itemListElement\":[{\"@type\":\"ListItem\",\"position\":1,\"name\":\"Home\",\"item\":\"https:\\\/\\\/www.spectrumtranslation.com\\\/de\\\/\"},{\"@type\":\"ListItem\",\"position\":2,\"name\":\"Sprachliche Validierungsdienste\"}]},{\"@type\":\"WebSite\",\"@id\":\"https:\\\/\\\/www.spectrumtranslation.com\\\/de\\\/#website\",\"url\":\"https:\\\/\\\/www.spectrumtranslation.com\\\/de\\\/\",\"name\":\"SPECTRUM TRANSLATION | Translation &amp; Linguistic Validation\",\"description\":\"\",\"publisher\":{\"@id\":\"https:\\\/\\\/www.spectrumtranslation.com\\\/de\\\/#organization\"},\"potentialAction\":[{\"@type\":\"SearchAction\",\"target\":{\"@type\":\"EntryPoint\",\"urlTemplate\":\"https:\\\/\\\/www.spectrumtranslation.com\\\/de\\\/?s={search_term_string}\"},\"query-input\":{\"@type\":\"PropertyValueSpecification\",\"valueRequired\":true,\"valueName\":\"search_term_string\"}}],\"inLanguage\":\"de\"},{\"@type\":\"Organization\",\"@id\":\"https:\\\/\\\/www.spectrumtranslation.com\\\/de\\\/#organization\",\"name\":\"SPECTRUM TRANSLATION | Translation &amp; Linguistic Validation\",\"url\":\"https:\\\/\\\/www.spectrumtranslation.com\\\/de\\\/\",\"logo\":{\"@type\":\"ImageObject\",\"inLanguage\":\"de\",\"@id\":\"https:\\\/\\\/www.spectrumtranslation.com\\\/de\\\/#\\\/schema\\\/logo\\\/image\\\/\",\"url\":\"https:\\\/\\\/www.spectrumtranslation.com\\\/wp-content\\\/uploads\\\/2017\\\/02\\\/cropped-logo_animated_new-1.gif\",\"contentUrl\":\"https:\\\/\\\/www.spectrumtranslation.com\\\/wp-content\\\/uploads\\\/2017\\\/02\\\/cropped-logo_animated_new-1.gif\",\"width\":250,\"height\":54,\"caption\":\"SPECTRUM TRANSLATION | Translation &amp; Linguistic Validation\"},\"image\":{\"@id\":\"https:\\\/\\\/www.spectrumtranslation.com\\\/de\\\/#\\\/schema\\\/logo\\\/image\\\/\"}}]}<\/script>\n<!-- \/ Yoast SEO plugin. -->","yoast_head_json":{"title":"Sprachliche Validierungsdienste - SPECTRUM TRANSLATION | Translation &amp; Linguistic Validation","robots":{"index":"index","follow":"follow","max-snippet":"max-snippet:-1","max-image-preview":"max-image-preview:large","max-video-preview":"max-video-preview:-1"},"canonical":"https:\/\/www.spectrumtranslation.com\/de\/sprachliche-validierungsdienste\/","og_locale":"de_DE","og_type":"article","og_title":"Sprachliche Validierungsdienste - SPECTRUM TRANSLATION | Translation &amp; Linguistic Validation","og_description":"LAUFENDE PROJEKTE ZUR SPRACHLICHEN VALIDIERUNG Sprachliche Validierung misst die kulturelle und konzeptionelle Korrektheit von \u00dcbersetzungen durch eine gesonderte \u00dcberpr\u00fcfung mithilfe von Muttersprachlern, die in den betreffenden L\u00e4ndern bzw. Regionen wohnen. Die Teilnehmer an solchen Projekten m\u00fcssen mit der Zielsprache als Muttersprache aufgewachsen sein, doch sind f\u00fcr die Teilnahme keine Vorkenntnisse zum Inhalt der Texte oder &hellip; &#8222;Sprachliche Validierungsdienste&#8220; weiterlesen","og_url":"https:\/\/www.spectrumtranslation.com\/de\/sprachliche-validierungsdienste\/","og_site_name":"SPECTRUM TRANSLATION | Translation &amp; Linguistic Validation","article_modified_time":"2021-07-01T17:05:30+00:00","og_image":[{"width":1366,"height":911,"url":"https:\/\/www.spectrumtranslation.com\/wp-content\/uploads\/2017\/04\/IMG_3916-e1494188560992.jpg","type":"image\/jpeg"}],"twitter_card":"summary_large_image","twitter_misc":{"Gesch\u00e4tzte Lesezeit":"2\u00a0Minuten"},"schema":{"@context":"https:\/\/schema.org","@graph":[{"@type":"WebPage","@id":"https:\/\/www.spectrumtranslation.com\/de\/sprachliche-validierungsdienste\/","url":"https:\/\/www.spectrumtranslation.com\/de\/sprachliche-validierungsdienste\/","name":"Sprachliche Validierungsdienste - SPECTRUM TRANSLATION | Translation &amp; Linguistic Validation","isPartOf":{"@id":"https:\/\/www.spectrumtranslation.com\/de\/#website"},"primaryImageOfPage":{"@id":"https:\/\/www.spectrumtranslation.com\/de\/sprachliche-validierungsdienste\/#primaryimage"},"image":{"@id":"https:\/\/www.spectrumtranslation.com\/de\/sprachliche-validierungsdienste\/#primaryimage"},"thumbnailUrl":"https:\/\/www.spectrumtranslation.com\/wp-content\/uploads\/2017\/04\/IMG_3916-e1494188560992.jpg","datePublished":"2017-08-09T12:56:34+00:00","dateModified":"2021-07-01T17:05:30+00:00","breadcrumb":{"@id":"https:\/\/www.spectrumtranslation.com\/de\/sprachliche-validierungsdienste\/#breadcrumb"},"inLanguage":"de","potentialAction":[{"@type":"ReadAction","target":["https:\/\/www.spectrumtranslation.com\/de\/sprachliche-validierungsdienste\/"]}]},{"@type":"ImageObject","inLanguage":"de","@id":"https:\/\/www.spectrumtranslation.com\/de\/sprachliche-validierungsdienste\/#primaryimage","url":"https:\/\/www.spectrumtranslation.com\/wp-content\/uploads\/2017\/04\/IMG_3916-e1494188560992.jpg","contentUrl":"https:\/\/www.spectrumtranslation.com\/wp-content\/uploads\/2017\/04\/IMG_3916-e1494188560992.jpg","width":1366,"height":911},{"@type":"BreadcrumbList","@id":"https:\/\/www.spectrumtranslation.com\/de\/sprachliche-validierungsdienste\/#breadcrumb","itemListElement":[{"@type":"ListItem","position":1,"name":"Home","item":"https:\/\/www.spectrumtranslation.com\/de\/"},{"@type":"ListItem","position":2,"name":"Sprachliche Validierungsdienste"}]},{"@type":"WebSite","@id":"https:\/\/www.spectrumtranslation.com\/de\/#website","url":"https:\/\/www.spectrumtranslation.com\/de\/","name":"SPECTRUM TRANSLATION | Translation &amp; Linguistic Validation","description":"","publisher":{"@id":"https:\/\/www.spectrumtranslation.com\/de\/#organization"},"potentialAction":[{"@type":"SearchAction","target":{"@type":"EntryPoint","urlTemplate":"https:\/\/www.spectrumtranslation.com\/de\/?s={search_term_string}"},"query-input":{"@type":"PropertyValueSpecification","valueRequired":true,"valueName":"search_term_string"}}],"inLanguage":"de"},{"@type":"Organization","@id":"https:\/\/www.spectrumtranslation.com\/de\/#organization","name":"SPECTRUM TRANSLATION | Translation &amp; Linguistic Validation","url":"https:\/\/www.spectrumtranslation.com\/de\/","logo":{"@type":"ImageObject","inLanguage":"de","@id":"https:\/\/www.spectrumtranslation.com\/de\/#\/schema\/logo\/image\/","url":"https:\/\/www.spectrumtranslation.com\/wp-content\/uploads\/2017\/02\/cropped-logo_animated_new-1.gif","contentUrl":"https:\/\/www.spectrumtranslation.com\/wp-content\/uploads\/2017\/02\/cropped-logo_animated_new-1.gif","width":250,"height":54,"caption":"SPECTRUM TRANSLATION | Translation &amp; Linguistic Validation"},"image":{"@id":"https:\/\/www.spectrumtranslation.com\/de\/#\/schema\/logo\/image\/"}}]}},"_links":{"self":[{"href":"https:\/\/www.spectrumtranslation.com\/de\/wp-json\/wp\/v2\/pages\/1494","targetHints":{"allow":["GET"]}}],"collection":[{"href":"https:\/\/www.spectrumtranslation.com\/de\/wp-json\/wp\/v2\/pages"}],"about":[{"href":"https:\/\/www.spectrumtranslation.com\/de\/wp-json\/wp\/v2\/types\/page"}],"author":[{"embeddable":true,"href":"https:\/\/www.spectrumtranslation.com\/de\/wp-json\/wp\/v2\/users\/1"}],"replies":[{"embeddable":true,"href":"https:\/\/www.spectrumtranslation.com\/de\/wp-json\/wp\/v2\/comments?post=1494"}],"version-history":[{"count":5,"href":"https:\/\/www.spectrumtranslation.com\/de\/wp-json\/wp\/v2\/pages\/1494\/revisions"}],"predecessor-version":[{"id":2978,"href":"https:\/\/www.spectrumtranslation.com\/de\/wp-json\/wp\/v2\/pages\/1494\/revisions\/2978"}],"wp:featuredmedia":[{"embeddable":true,"href":"https:\/\/www.spectrumtranslation.com\/de\/wp-json\/wp\/v2\/media\/4052"}],"wp:attachment":[{"href":"https:\/\/www.spectrumtranslation.com\/de\/wp-json\/wp\/v2\/media?parent=1494"}],"curies":[{"name":"wp","href":"https:\/\/api.w.org\/{rel}","templated":true}]}}