{"id":1504,"date":"2017-08-09T13:18:07","date_gmt":"2017-08-09T13:18:07","guid":{"rendered":"https:\/\/www.spectrumtranslation.com\/?page_id=1504\/"},"modified":"2017-09-23T10:49:46","modified_gmt":"2017-09-23T10:49:46","slug":"kontakt","status":"publish","type":"page","link":"https:\/\/www.spectrumtranslation.com\/de\/kontakt\/","title":{"rendered":"Kontakt"},"content":{"rendered":"<h1 style=\"text-align: center;\"><\/h1>\n<h1 style=\"text-align: center;\"><span style=\"color: #000000;\"><strong>Ihr Sprachenteam ist einsatzbereit.<\/strong><\/span><\/h1>\n<p>&nbsp;<\/p>\n<h1 style=\"text-align: center;\"><\/h1>\n<p>Ihr engagiertes Sprachenteam ist einsatzbereit.  Wenn einer der folgenden Punkte auf Sie zutrifft: <\/p>\n<p>Sie haben einen Text, der \u00fcbersetzt, korrekturgelesen oder \u00fcberarbeitet werden muss, oder<br \/>\nSie haben eine Idee, die in Worte gefasst (Hilfe bei der Texterstellung erforderlich) werden muss, oder<br \/>\nSie ben\u00f6tigen fundierte Beratung bez\u00fcglich Ihres Bedarfs an Sprachunterst\u00fctzung, Lokalisierung oder sprachlicher Validierung, <\/p>\n<p>dann nehmen Sie bitte \u00fcber das folgende Formular Kontakt mit uns auf.<\/p>\n<p>Wir w\u00fcrden uns freuen, von Ihnen zu h\u00f6ren.<\/p>\n<p><em>Spectrum Translation<\/em><\/p>\n","protected":false},"excerpt":{"rendered":"<p>Ihr Sprachenteam ist einsatzbereit. &nbsp; Ihr engagiertes Sprachenteam ist einsatzbereit. Wenn einer der folgenden Punkte auf Sie zutrifft: Sie haben einen Text, der \u00fcbersetzt, korrekturgelesen oder \u00fcberarbeitet werden muss, oder Sie haben eine Idee, die in Worte gefasst (Hilfe bei der Texterstellung erforderlich) werden muss, oder Sie ben\u00f6tigen fundierte Beratung bez\u00fcglich Ihres Bedarfs an Sprachunterst\u00fctzung, &hellip; <a href=\"https:\/\/www.spectrumtranslation.com\/de\/kontakt\/\" class=\"more-link\"><span class=\"screen-reader-text\">&#8222;Kontakt&#8220; <\/span>weiterlesen<\/a><\/p>\n","protected":false},"author":1,"featured_media":1090,"parent":0,"menu_order":0,"comment_status":"closed","ping_status":"closed","template":"","meta":{"_acf_changed":false,"nf_dc_page":"","footnotes":""},"class_list":["post-1504","page","type-page","status-publish","has-post-thumbnail","hentry"],"acf":[],"yoast_head":"<!-- This site is optimized with the Yoast SEO plugin v27.4 - https:\/\/yoast.com\/product\/yoast-seo-wordpress\/ -->\n<title>Kontakt - SPECTRUM TRANSLATION | Translation &amp; Linguistic Validation<\/title>\n<meta name=\"robots\" content=\"index, follow, max-snippet:-1, max-image-preview:large, max-video-preview:-1\" \/>\n<link rel=\"canonical\" href=\"https:\/\/www.spectrumtranslation.com\/de\/kontakt\/\" \/>\n<meta property=\"og:locale\" content=\"de_DE\" \/>\n<meta property=\"og:type\" content=\"article\" \/>\n<meta property=\"og:title\" content=\"Kontakt - SPECTRUM TRANSLATION | Translation &amp; Linguistic Validation\" \/>\n<meta property=\"og:description\" content=\"Ihr Sprachenteam ist einsatzbereit. &nbsp; Ihr engagiertes Sprachenteam ist einsatzbereit. Wenn einer der folgenden Punkte auf Sie zutrifft: Sie haben einen Text, der \u00fcbersetzt, korrekturgelesen oder \u00fcberarbeitet werden muss, oder Sie haben eine Idee, die in Worte gefasst (Hilfe bei der Texterstellung erforderlich) werden muss, oder Sie ben\u00f6tigen fundierte Beratung bez\u00fcglich Ihres Bedarfs an Sprachunterst\u00fctzung, &hellip; &#8222;Kontakt&#8220; weiterlesen\" \/>\n<meta property=\"og:url\" content=\"https:\/\/www.spectrumtranslation.com\/de\/kontakt\/\" \/>\n<meta property=\"og:site_name\" content=\"SPECTRUM TRANSLATION | Translation &amp; Linguistic Validation\" \/>\n<meta property=\"article:modified_time\" content=\"2017-09-23T10:49:46+00:00\" \/>\n<meta property=\"og:image\" content=\"https:\/\/www.spectrumtranslation.com\/wp-content\/uploads\/2017\/04\/grand-architecture-e1494187971113.jpg\" \/>\n\t<meta property=\"og:image:width\" content=\"1366\" \/>\n\t<meta property=\"og:image:height\" content=\"911\" \/>\n\t<meta property=\"og:image:type\" content=\"image\/jpeg\" \/>\n<meta name=\"twitter:card\" content=\"summary_large_image\" \/>\n<script type=\"application\/ld+json\" class=\"yoast-schema-graph\">{\"@context\":\"https:\\\/\\\/schema.org\",\"@graph\":[{\"@type\":\"WebPage\",\"@id\":\"https:\\\/\\\/www.spectrumtranslation.com\\\/de\\\/kontakt\\\/\",\"url\":\"https:\\\/\\\/www.spectrumtranslation.com\\\/de\\\/kontakt\\\/\",\"name\":\"Kontakt - SPECTRUM TRANSLATION | Translation &amp; Linguistic Validation\",\"isPartOf\":{\"@id\":\"https:\\\/\\\/www.spectrumtranslation.com\\\/de\\\/#website\"},\"primaryImageOfPage\":{\"@id\":\"https:\\\/\\\/www.spectrumtranslation.com\\\/de\\\/kontakt\\\/#primaryimage\"},\"image\":{\"@id\":\"https:\\\/\\\/www.spectrumtranslation.com\\\/de\\\/kontakt\\\/#primaryimage\"},\"thumbnailUrl\":\"https:\\\/\\\/www.spectrumtranslation.com\\\/wp-content\\\/uploads\\\/2017\\\/04\\\/grand-architecture-e1494187971113.jpg\",\"datePublished\":\"2017-08-09T13:18:07+00:00\",\"dateModified\":\"2017-09-23T10:49:46+00:00\",\"breadcrumb\":{\"@id\":\"https:\\\/\\\/www.spectrumtranslation.com\\\/de\\\/kontakt\\\/#breadcrumb\"},\"inLanguage\":\"de\",\"potentialAction\":[{\"@type\":\"ReadAction\",\"target\":[\"https:\\\/\\\/www.spectrumtranslation.com\\\/de\\\/kontakt\\\/\"]}]},{\"@type\":\"ImageObject\",\"inLanguage\":\"de\",\"@id\":\"https:\\\/\\\/www.spectrumtranslation.com\\\/de\\\/kontakt\\\/#primaryimage\",\"url\":\"https:\\\/\\\/www.spectrumtranslation.com\\\/wp-content\\\/uploads\\\/2017\\\/04\\\/grand-architecture-e1494187971113.jpg\",\"contentUrl\":\"https:\\\/\\\/www.spectrumtranslation.com\\\/wp-content\\\/uploads\\\/2017\\\/04\\\/grand-architecture-e1494187971113.jpg\",\"width\":1366,\"height\":911},{\"@type\":\"BreadcrumbList\",\"@id\":\"https:\\\/\\\/www.spectrumtranslation.com\\\/de\\\/kontakt\\\/#breadcrumb\",\"itemListElement\":[{\"@type\":\"ListItem\",\"position\":1,\"name\":\"Home\",\"item\":\"https:\\\/\\\/www.spectrumtranslation.com\\\/de\\\/\"},{\"@type\":\"ListItem\",\"position\":2,\"name\":\"Kontakt\"}]},{\"@type\":\"WebSite\",\"@id\":\"https:\\\/\\\/www.spectrumtranslation.com\\\/de\\\/#website\",\"url\":\"https:\\\/\\\/www.spectrumtranslation.com\\\/de\\\/\",\"name\":\"SPECTRUM TRANSLATION | Translation &amp; Linguistic Validation\",\"description\":\"\",\"publisher\":{\"@id\":\"https:\\\/\\\/www.spectrumtranslation.com\\\/de\\\/#organization\"},\"potentialAction\":[{\"@type\":\"SearchAction\",\"target\":{\"@type\":\"EntryPoint\",\"urlTemplate\":\"https:\\\/\\\/www.spectrumtranslation.com\\\/de\\\/?s={search_term_string}\"},\"query-input\":{\"@type\":\"PropertyValueSpecification\",\"valueRequired\":true,\"valueName\":\"search_term_string\"}}],\"inLanguage\":\"de\"},{\"@type\":\"Organization\",\"@id\":\"https:\\\/\\\/www.spectrumtranslation.com\\\/de\\\/#organization\",\"name\":\"SPECTRUM TRANSLATION | Translation &amp; Linguistic Validation\",\"url\":\"https:\\\/\\\/www.spectrumtranslation.com\\\/de\\\/\",\"logo\":{\"@type\":\"ImageObject\",\"inLanguage\":\"de\",\"@id\":\"https:\\\/\\\/www.spectrumtranslation.com\\\/de\\\/#\\\/schema\\\/logo\\\/image\\\/\",\"url\":\"https:\\\/\\\/www.spectrumtranslation.com\\\/wp-content\\\/uploads\\\/2017\\\/02\\\/cropped-logo_animated_new-1.gif\",\"contentUrl\":\"https:\\\/\\\/www.spectrumtranslation.com\\\/wp-content\\\/uploads\\\/2017\\\/02\\\/cropped-logo_animated_new-1.gif\",\"width\":250,\"height\":54,\"caption\":\"SPECTRUM TRANSLATION | Translation &amp; Linguistic Validation\"},\"image\":{\"@id\":\"https:\\\/\\\/www.spectrumtranslation.com\\\/de\\\/#\\\/schema\\\/logo\\\/image\\\/\"}}]}<\/script>\n<!-- \/ Yoast SEO plugin. -->","yoast_head_json":{"title":"Kontakt - SPECTRUM TRANSLATION | Translation &amp; Linguistic Validation","robots":{"index":"index","follow":"follow","max-snippet":"max-snippet:-1","max-image-preview":"max-image-preview:large","max-video-preview":"max-video-preview:-1"},"canonical":"https:\/\/www.spectrumtranslation.com\/de\/kontakt\/","og_locale":"de_DE","og_type":"article","og_title":"Kontakt - SPECTRUM TRANSLATION | Translation &amp; Linguistic Validation","og_description":"Ihr Sprachenteam ist einsatzbereit. &nbsp; Ihr engagiertes Sprachenteam ist einsatzbereit. Wenn einer der folgenden Punkte auf Sie zutrifft: Sie haben einen Text, der \u00fcbersetzt, korrekturgelesen oder \u00fcberarbeitet werden muss, oder Sie haben eine Idee, die in Worte gefasst (Hilfe bei der Texterstellung erforderlich) werden muss, oder Sie ben\u00f6tigen fundierte Beratung bez\u00fcglich Ihres Bedarfs an Sprachunterst\u00fctzung, &hellip; &#8222;Kontakt&#8220; weiterlesen","og_url":"https:\/\/www.spectrumtranslation.com\/de\/kontakt\/","og_site_name":"SPECTRUM TRANSLATION | Translation &amp; Linguistic Validation","article_modified_time":"2017-09-23T10:49:46+00:00","og_image":[{"width":1366,"height":911,"url":"https:\/\/www.spectrumtranslation.com\/wp-content\/uploads\/2017\/04\/grand-architecture-e1494187971113.jpg","type":"image\/jpeg"}],"twitter_card":"summary_large_image","schema":{"@context":"https:\/\/schema.org","@graph":[{"@type":"WebPage","@id":"https:\/\/www.spectrumtranslation.com\/de\/kontakt\/","url":"https:\/\/www.spectrumtranslation.com\/de\/kontakt\/","name":"Kontakt - SPECTRUM TRANSLATION | Translation &amp; Linguistic Validation","isPartOf":{"@id":"https:\/\/www.spectrumtranslation.com\/de\/#website"},"primaryImageOfPage":{"@id":"https:\/\/www.spectrumtranslation.com\/de\/kontakt\/#primaryimage"},"image":{"@id":"https:\/\/www.spectrumtranslation.com\/de\/kontakt\/#primaryimage"},"thumbnailUrl":"https:\/\/www.spectrumtranslation.com\/wp-content\/uploads\/2017\/04\/grand-architecture-e1494187971113.jpg","datePublished":"2017-08-09T13:18:07+00:00","dateModified":"2017-09-23T10:49:46+00:00","breadcrumb":{"@id":"https:\/\/www.spectrumtranslation.com\/de\/kontakt\/#breadcrumb"},"inLanguage":"de","potentialAction":[{"@type":"ReadAction","target":["https:\/\/www.spectrumtranslation.com\/de\/kontakt\/"]}]},{"@type":"ImageObject","inLanguage":"de","@id":"https:\/\/www.spectrumtranslation.com\/de\/kontakt\/#primaryimage","url":"https:\/\/www.spectrumtranslation.com\/wp-content\/uploads\/2017\/04\/grand-architecture-e1494187971113.jpg","contentUrl":"https:\/\/www.spectrumtranslation.com\/wp-content\/uploads\/2017\/04\/grand-architecture-e1494187971113.jpg","width":1366,"height":911},{"@type":"BreadcrumbList","@id":"https:\/\/www.spectrumtranslation.com\/de\/kontakt\/#breadcrumb","itemListElement":[{"@type":"ListItem","position":1,"name":"Home","item":"https:\/\/www.spectrumtranslation.com\/de\/"},{"@type":"ListItem","position":2,"name":"Kontakt"}]},{"@type":"WebSite","@id":"https:\/\/www.spectrumtranslation.com\/de\/#website","url":"https:\/\/www.spectrumtranslation.com\/de\/","name":"SPECTRUM TRANSLATION | Translation &amp; Linguistic Validation","description":"","publisher":{"@id":"https:\/\/www.spectrumtranslation.com\/de\/#organization"},"potentialAction":[{"@type":"SearchAction","target":{"@type":"EntryPoint","urlTemplate":"https:\/\/www.spectrumtranslation.com\/de\/?s={search_term_string}"},"query-input":{"@type":"PropertyValueSpecification","valueRequired":true,"valueName":"search_term_string"}}],"inLanguage":"de"},{"@type":"Organization","@id":"https:\/\/www.spectrumtranslation.com\/de\/#organization","name":"SPECTRUM TRANSLATION | Translation &amp; Linguistic Validation","url":"https:\/\/www.spectrumtranslation.com\/de\/","logo":{"@type":"ImageObject","inLanguage":"de","@id":"https:\/\/www.spectrumtranslation.com\/de\/#\/schema\/logo\/image\/","url":"https:\/\/www.spectrumtranslation.com\/wp-content\/uploads\/2017\/02\/cropped-logo_animated_new-1.gif","contentUrl":"https:\/\/www.spectrumtranslation.com\/wp-content\/uploads\/2017\/02\/cropped-logo_animated_new-1.gif","width":250,"height":54,"caption":"SPECTRUM TRANSLATION | Translation &amp; Linguistic Validation"},"image":{"@id":"https:\/\/www.spectrumtranslation.com\/de\/#\/schema\/logo\/image\/"}}]}},"_links":{"self":[{"href":"https:\/\/www.spectrumtranslation.com\/de\/wp-json\/wp\/v2\/pages\/1504","targetHints":{"allow":["GET"]}}],"collection":[{"href":"https:\/\/www.spectrumtranslation.com\/de\/wp-json\/wp\/v2\/pages"}],"about":[{"href":"https:\/\/www.spectrumtranslation.com\/de\/wp-json\/wp\/v2\/types\/page"}],"author":[{"embeddable":true,"href":"https:\/\/www.spectrumtranslation.com\/de\/wp-json\/wp\/v2\/users\/1"}],"replies":[{"embeddable":true,"href":"https:\/\/www.spectrumtranslation.com\/de\/wp-json\/wp\/v2\/comments?post=1504"}],"version-history":[{"count":3,"href":"https:\/\/www.spectrumtranslation.com\/de\/wp-json\/wp\/v2\/pages\/1504\/revisions"}],"predecessor-version":[{"id":2080,"href":"https:\/\/www.spectrumtranslation.com\/de\/wp-json\/wp\/v2\/pages\/1504\/revisions\/2080"}],"wp:featuredmedia":[{"embeddable":true,"href":"https:\/\/www.spectrumtranslation.com\/de\/wp-json\/wp\/v2\/media\/1090"}],"wp:attachment":[{"href":"https:\/\/www.spectrumtranslation.com\/de\/wp-json\/wp\/v2\/media?parent=1504"}],"curies":[{"name":"wp","href":"https:\/\/api.w.org\/{rel}","templated":true}]}}