{"id":2265,"date":"2017-10-20T20:00:41","date_gmt":"2017-10-20T20:00:41","guid":{"rendered":"https:\/\/www.spectrumtranslation.com\/?page_id=2265\/"},"modified":"2017-10-20T20:00:41","modified_gmt":"2017-10-20T20:00:41","slug":"nuestros-traductores","status":"publish","type":"page","link":"https:\/\/www.spectrumtranslation.com\/es\/nuestros-traductores\/","title":{"rendered":"NUESTROS TRADUCTORES"},"content":{"rendered":"<h1 style=\"text-align: center;\"><\/h1>\n<h1 style=\"text-align: center;\"><span style=\"color: #000000;\"><strong>Traductores cuidadosamente seleccionados<\/strong><\/span><\/h1>\n<p>&nbsp;<br \/>\nSeleccionamos a los traductores que trabajar\u00e1n en sus proyectos seg\u00fan los siguientes criterios:<\/p>\n<p>&#8211; formaci\u00f3n acad\u00e9mica en idiomas, traducci\u00f3n, correcci\u00f3n y redacci\u00f3n;<br \/>\n&#8211; experiencia en la materia;<br \/>\n&#8211; calidad de su trabajo.<\/p>\n<p>Naturalmente, ante todo hacemos hincapi\u00e9 en el \u00faltimo punto. <\/p>\n<p>Durante el \u00faltimo a\u00f1o, m\u00e1s del 90 % de los traductores que participaron en nuestros proyectos contaban con un t\u00edtulo universitario en Lenguas Modernas (en su o sus lenguas maternas) y casi la misma cantidad (70 %) ten\u00edan un m\u00e1ster en Traducci\u00f3n, una de las opciones m\u00e1s extendidas \u00faltimamente para quienes quieren realizar estudios de posgrado en sus lenguas de especializaci\u00f3n. <\/p>\n<p>Algunos de estos ling\u00fcistas han obtenido la certificaci\u00f3n del programa American Flagship, un plan de estudios auspiciado por el gobierno estadounidense en el que se trabaja con idiomas imprescindibles del siglo XXI, como el chino, el coreano, el farsi y el hindi. Estos ling\u00fcistas certificados cuentan con un profundo conocimiento y un enfoque pr\u00e1ctico de sus idiomas de estudio, lo cual les capacita para desarrollar su carrera profesional en el \u00e1mbito de los idiomas en este mundo cada vez m\u00e1s globalizado y en constante cambio.<\/p>\n<p>Un porcentaje similar de traductores cuentan con al menos cinco a\u00f1os de experiencia en el sector de los idiomas, de los cuales m\u00e1s de la mitad superan los diez a\u00f1os.<\/p>\n","protected":false},"excerpt":{"rendered":"<p>Traductores cuidadosamente seleccionados &nbsp; Seleccionamos a los traductores que trabajar\u00e1n en sus proyectos seg\u00fan los siguientes criterios: &#8211; formaci\u00f3n acad\u00e9mica en idiomas, traducci\u00f3n, correcci\u00f3n y redacci\u00f3n; &#8211; experiencia en la materia; &#8211; calidad de su trabajo. Naturalmente, ante todo hacemos hincapi\u00e9 en el \u00faltimo punto. Durante el \u00faltimo a\u00f1o, m\u00e1s del 90 % de los &hellip; <a href=\"https:\/\/www.spectrumtranslation.com\/es\/nuestros-traductores\/\" class=\"more-link\">Continuar leyendo<span class=\"screen-reader-text\"> &#8220;NUESTROS TRADUCTORES&#8221;<\/span><\/a><\/p>\n","protected":false},"author":1,"featured_media":1082,"parent":0,"menu_order":0,"comment_status":"closed","ping_status":"closed","template":"","meta":{"_acf_changed":false,"nf_dc_page":"","footnotes":""},"class_list":["post-2265","page","type-page","status-publish","has-post-thumbnail","hentry"],"acf":[],"yoast_head":"<!-- This site is optimized with the Yoast SEO plugin v27.4 - https:\/\/yoast.com\/product\/yoast-seo-wordpress\/ -->\n<title>NUESTROS TRADUCTORES - SPECTRUM TRANSLATION | Translation &amp; Linguistic Validation<\/title>\n<meta name=\"robots\" content=\"index, follow, max-snippet:-1, max-image-preview:large, max-video-preview:-1\" \/>\n<link rel=\"canonical\" href=\"https:\/\/www.spectrumtranslation.com\/es\/nuestros-traductores\/\" \/>\n<meta property=\"og:locale\" content=\"es_ES\" \/>\n<meta property=\"og:type\" content=\"article\" \/>\n<meta property=\"og:title\" content=\"NUESTROS TRADUCTORES - SPECTRUM TRANSLATION | Translation &amp; Linguistic Validation\" \/>\n<meta property=\"og:description\" content=\"Traductores cuidadosamente seleccionados &nbsp; Seleccionamos a los traductores que trabajar\u00e1n en sus proyectos seg\u00fan los siguientes criterios: &#8211; formaci\u00f3n acad\u00e9mica en idiomas, traducci\u00f3n, correcci\u00f3n y redacci\u00f3n; &#8211; experiencia en la materia; &#8211; calidad de su trabajo. Naturalmente, ante todo hacemos hincapi\u00e9 en el \u00faltimo punto. Durante el \u00faltimo a\u00f1o, m\u00e1s del 90 % de los &hellip; Continuar leyendo &quot;NUESTROS TRADUCTORES&quot;\" \/>\n<meta property=\"og:url\" content=\"https:\/\/www.spectrumtranslation.com\/es\/nuestros-traductores\/\" \/>\n<meta property=\"og:site_name\" content=\"SPECTRUM TRANSLATION | Translation &amp; Linguistic Validation\" \/>\n<meta property=\"og:image\" content=\"https:\/\/www.spectrumtranslation.com\/wp-content\/uploads\/2017\/04\/arch-and-door-e1494192010877.jpg\" \/>\n\t<meta property=\"og:image:width\" content=\"1366\" \/>\n\t<meta property=\"og:image:height\" content=\"884\" \/>\n\t<meta property=\"og:image:type\" content=\"image\/jpeg\" \/>\n<meta name=\"twitter:card\" content=\"summary_large_image\" \/>\n<meta name=\"twitter:label1\" content=\"Tiempo de lectura\" \/>\n\t<meta name=\"twitter:data1\" content=\"1 minuto\" \/>\n<script type=\"application\/ld+json\" class=\"yoast-schema-graph\">{\"@context\":\"https:\\\/\\\/schema.org\",\"@graph\":[{\"@type\":\"WebPage\",\"@id\":\"https:\\\/\\\/www.spectrumtranslation.com\\\/es\\\/nuestros-traductores\\\/\",\"url\":\"https:\\\/\\\/www.spectrumtranslation.com\\\/es\\\/nuestros-traductores\\\/\",\"name\":\"NUESTROS TRADUCTORES - SPECTRUM TRANSLATION | Translation &amp; Linguistic Validation\",\"isPartOf\":{\"@id\":\"https:\\\/\\\/www.spectrumtranslation.com\\\/es\\\/#website\"},\"primaryImageOfPage\":{\"@id\":\"https:\\\/\\\/www.spectrumtranslation.com\\\/es\\\/nuestros-traductores\\\/#primaryimage\"},\"image\":{\"@id\":\"https:\\\/\\\/www.spectrumtranslation.com\\\/es\\\/nuestros-traductores\\\/#primaryimage\"},\"thumbnailUrl\":\"https:\\\/\\\/www.spectrumtranslation.com\\\/wp-content\\\/uploads\\\/2017\\\/04\\\/arch-and-door-e1494192010877.jpg\",\"datePublished\":\"2017-10-20T20:00:41+00:00\",\"breadcrumb\":{\"@id\":\"https:\\\/\\\/www.spectrumtranslation.com\\\/es\\\/nuestros-traductores\\\/#breadcrumb\"},\"inLanguage\":\"es\",\"potentialAction\":[{\"@type\":\"ReadAction\",\"target\":[\"https:\\\/\\\/www.spectrumtranslation.com\\\/es\\\/nuestros-traductores\\\/\"]}]},{\"@type\":\"ImageObject\",\"inLanguage\":\"es\",\"@id\":\"https:\\\/\\\/www.spectrumtranslation.com\\\/es\\\/nuestros-traductores\\\/#primaryimage\",\"url\":\"https:\\\/\\\/www.spectrumtranslation.com\\\/wp-content\\\/uploads\\\/2017\\\/04\\\/arch-and-door-e1494192010877.jpg\",\"contentUrl\":\"https:\\\/\\\/www.spectrumtranslation.com\\\/wp-content\\\/uploads\\\/2017\\\/04\\\/arch-and-door-e1494192010877.jpg\",\"width\":1366,\"height\":884},{\"@type\":\"BreadcrumbList\",\"@id\":\"https:\\\/\\\/www.spectrumtranslation.com\\\/es\\\/nuestros-traductores\\\/#breadcrumb\",\"itemListElement\":[{\"@type\":\"ListItem\",\"position\":1,\"name\":\"Home\",\"item\":\"https:\\\/\\\/www.spectrumtranslation.com\\\/es\\\/\"},{\"@type\":\"ListItem\",\"position\":2,\"name\":\"NUESTROS TRADUCTORES\"}]},{\"@type\":\"WebSite\",\"@id\":\"https:\\\/\\\/www.spectrumtranslation.com\\\/es\\\/#website\",\"url\":\"https:\\\/\\\/www.spectrumtranslation.com\\\/es\\\/\",\"name\":\"SPECTRUM TRANSLATION | Translation &amp; Linguistic Validation\",\"description\":\"\",\"publisher\":{\"@id\":\"https:\\\/\\\/www.spectrumtranslation.com\\\/es\\\/#organization\"},\"potentialAction\":[{\"@type\":\"SearchAction\",\"target\":{\"@type\":\"EntryPoint\",\"urlTemplate\":\"https:\\\/\\\/www.spectrumtranslation.com\\\/es\\\/?s={search_term_string}\"},\"query-input\":{\"@type\":\"PropertyValueSpecification\",\"valueRequired\":true,\"valueName\":\"search_term_string\"}}],\"inLanguage\":\"es\"},{\"@type\":\"Organization\",\"@id\":\"https:\\\/\\\/www.spectrumtranslation.com\\\/es\\\/#organization\",\"name\":\"SPECTRUM TRANSLATION | Translation &amp; Linguistic Validation\",\"url\":\"https:\\\/\\\/www.spectrumtranslation.com\\\/es\\\/\",\"logo\":{\"@type\":\"ImageObject\",\"inLanguage\":\"es\",\"@id\":\"https:\\\/\\\/www.spectrumtranslation.com\\\/es\\\/#\\\/schema\\\/logo\\\/image\\\/\",\"url\":\"https:\\\/\\\/www.spectrumtranslation.com\\\/wp-content\\\/uploads\\\/2017\\\/02\\\/cropped-logo_animated_new-1.gif\",\"contentUrl\":\"https:\\\/\\\/www.spectrumtranslation.com\\\/wp-content\\\/uploads\\\/2017\\\/02\\\/cropped-logo_animated_new-1.gif\",\"width\":250,\"height\":54,\"caption\":\"SPECTRUM TRANSLATION | Translation &amp; Linguistic Validation\"},\"image\":{\"@id\":\"https:\\\/\\\/www.spectrumtranslation.com\\\/es\\\/#\\\/schema\\\/logo\\\/image\\\/\"}}]}<\/script>\n<!-- \/ Yoast SEO plugin. -->","yoast_head_json":{"title":"NUESTROS TRADUCTORES - SPECTRUM TRANSLATION | Translation &amp; Linguistic Validation","robots":{"index":"index","follow":"follow","max-snippet":"max-snippet:-1","max-image-preview":"max-image-preview:large","max-video-preview":"max-video-preview:-1"},"canonical":"https:\/\/www.spectrumtranslation.com\/es\/nuestros-traductores\/","og_locale":"es_ES","og_type":"article","og_title":"NUESTROS TRADUCTORES - SPECTRUM TRANSLATION | Translation &amp; Linguistic Validation","og_description":"Traductores cuidadosamente seleccionados &nbsp; Seleccionamos a los traductores que trabajar\u00e1n en sus proyectos seg\u00fan los siguientes criterios: &#8211; formaci\u00f3n acad\u00e9mica en idiomas, traducci\u00f3n, correcci\u00f3n y redacci\u00f3n; &#8211; experiencia en la materia; &#8211; calidad de su trabajo. Naturalmente, ante todo hacemos hincapi\u00e9 en el \u00faltimo punto. Durante el \u00faltimo a\u00f1o, m\u00e1s del 90 % de los &hellip; Continuar leyendo \"NUESTROS TRADUCTORES\"","og_url":"https:\/\/www.spectrumtranslation.com\/es\/nuestros-traductores\/","og_site_name":"SPECTRUM TRANSLATION | Translation &amp; Linguistic Validation","og_image":[{"width":1366,"height":884,"url":"https:\/\/www.spectrumtranslation.com\/wp-content\/uploads\/2017\/04\/arch-and-door-e1494192010877.jpg","type":"image\/jpeg"}],"twitter_card":"summary_large_image","twitter_misc":{"Tiempo de lectura":"1 minuto"},"schema":{"@context":"https:\/\/schema.org","@graph":[{"@type":"WebPage","@id":"https:\/\/www.spectrumtranslation.com\/es\/nuestros-traductores\/","url":"https:\/\/www.spectrumtranslation.com\/es\/nuestros-traductores\/","name":"NUESTROS TRADUCTORES - SPECTRUM TRANSLATION | Translation &amp; Linguistic Validation","isPartOf":{"@id":"https:\/\/www.spectrumtranslation.com\/es\/#website"},"primaryImageOfPage":{"@id":"https:\/\/www.spectrumtranslation.com\/es\/nuestros-traductores\/#primaryimage"},"image":{"@id":"https:\/\/www.spectrumtranslation.com\/es\/nuestros-traductores\/#primaryimage"},"thumbnailUrl":"https:\/\/www.spectrumtranslation.com\/wp-content\/uploads\/2017\/04\/arch-and-door-e1494192010877.jpg","datePublished":"2017-10-20T20:00:41+00:00","breadcrumb":{"@id":"https:\/\/www.spectrumtranslation.com\/es\/nuestros-traductores\/#breadcrumb"},"inLanguage":"es","potentialAction":[{"@type":"ReadAction","target":["https:\/\/www.spectrumtranslation.com\/es\/nuestros-traductores\/"]}]},{"@type":"ImageObject","inLanguage":"es","@id":"https:\/\/www.spectrumtranslation.com\/es\/nuestros-traductores\/#primaryimage","url":"https:\/\/www.spectrumtranslation.com\/wp-content\/uploads\/2017\/04\/arch-and-door-e1494192010877.jpg","contentUrl":"https:\/\/www.spectrumtranslation.com\/wp-content\/uploads\/2017\/04\/arch-and-door-e1494192010877.jpg","width":1366,"height":884},{"@type":"BreadcrumbList","@id":"https:\/\/www.spectrumtranslation.com\/es\/nuestros-traductores\/#breadcrumb","itemListElement":[{"@type":"ListItem","position":1,"name":"Home","item":"https:\/\/www.spectrumtranslation.com\/es\/"},{"@type":"ListItem","position":2,"name":"NUESTROS TRADUCTORES"}]},{"@type":"WebSite","@id":"https:\/\/www.spectrumtranslation.com\/es\/#website","url":"https:\/\/www.spectrumtranslation.com\/es\/","name":"SPECTRUM TRANSLATION | Translation &amp; Linguistic Validation","description":"","publisher":{"@id":"https:\/\/www.spectrumtranslation.com\/es\/#organization"},"potentialAction":[{"@type":"SearchAction","target":{"@type":"EntryPoint","urlTemplate":"https:\/\/www.spectrumtranslation.com\/es\/?s={search_term_string}"},"query-input":{"@type":"PropertyValueSpecification","valueRequired":true,"valueName":"search_term_string"}}],"inLanguage":"es"},{"@type":"Organization","@id":"https:\/\/www.spectrumtranslation.com\/es\/#organization","name":"SPECTRUM TRANSLATION | Translation &amp; Linguistic Validation","url":"https:\/\/www.spectrumtranslation.com\/es\/","logo":{"@type":"ImageObject","inLanguage":"es","@id":"https:\/\/www.spectrumtranslation.com\/es\/#\/schema\/logo\/image\/","url":"https:\/\/www.spectrumtranslation.com\/wp-content\/uploads\/2017\/02\/cropped-logo_animated_new-1.gif","contentUrl":"https:\/\/www.spectrumtranslation.com\/wp-content\/uploads\/2017\/02\/cropped-logo_animated_new-1.gif","width":250,"height":54,"caption":"SPECTRUM TRANSLATION | Translation &amp; Linguistic Validation"},"image":{"@id":"https:\/\/www.spectrumtranslation.com\/es\/#\/schema\/logo\/image\/"}}]}},"_links":{"self":[{"href":"https:\/\/www.spectrumtranslation.com\/es\/wp-json\/wp\/v2\/pages\/2265","targetHints":{"allow":["GET"]}}],"collection":[{"href":"https:\/\/www.spectrumtranslation.com\/es\/wp-json\/wp\/v2\/pages"}],"about":[{"href":"https:\/\/www.spectrumtranslation.com\/es\/wp-json\/wp\/v2\/types\/page"}],"author":[{"embeddable":true,"href":"https:\/\/www.spectrumtranslation.com\/es\/wp-json\/wp\/v2\/users\/1"}],"replies":[{"embeddable":true,"href":"https:\/\/www.spectrumtranslation.com\/es\/wp-json\/wp\/v2\/comments?post=2265"}],"version-history":[{"count":1,"href":"https:\/\/www.spectrumtranslation.com\/es\/wp-json\/wp\/v2\/pages\/2265\/revisions"}],"predecessor-version":[{"id":2266,"href":"https:\/\/www.spectrumtranslation.com\/es\/wp-json\/wp\/v2\/pages\/2265\/revisions\/2266"}],"wp:featuredmedia":[{"embeddable":true,"href":"https:\/\/www.spectrumtranslation.com\/es\/wp-json\/wp\/v2\/media\/1082"}],"wp:attachment":[{"href":"https:\/\/www.spectrumtranslation.com\/es\/wp-json\/wp\/v2\/media?parent=2265"}],"curies":[{"name":"wp","href":"https:\/\/api.w.org\/{rel}","templated":true}]}}