{"id":2287,"date":"2017-10-20T20:31:45","date_gmt":"2017-10-20T20:31:45","guid":{"rendered":"https:\/\/www.spectrumtranslation.com\/?page_id=2287\/"},"modified":"2017-10-20T20:31:45","modified_gmt":"2017-10-20T20:31:45","slug":"idioma-de-origen","status":"publish","type":"page","link":"https:\/\/www.spectrumtranslation.com\/es\/idioma-de-origen\/","title":{"rendered":"IDIOMA DE ORIGEN"},"content":{"rendered":"<h1 style=\"text-align: center;\"><\/h1>\n<h1 style=\"text-align: center;\"><span style=\"color: #000000;\"><strong>Cualquiera podr\u00eda pensar que el idioma de origen depende de la ubicaci\u00f3n geogr\u00e1fica de cada uno.<\/strong><\/span><\/h1>\n<p>&nbsp;<\/p>\n<p style=\"text-align: left;\"><strong><span style=\"color: #000000;\">IDIOMA DE ORIGEN: El idioma del texto o archivo que se nos env\u00eda para traducir, revisar o corregir. Puede proporcionarse en papel, formato digital (Excel, PDF, Word), audio (mp3) o v\u00eddeo.<\/span> <\/strong><\/p>\n<p style=\"text-align: left;\">Cualquiera podr\u00eda pensar que el idioma de origen depende de la ubicaci\u00f3n geogr\u00e1fica de cada uno. Y hasta cierto punto, es verdad. Por eso, como nos encontramos en los Pa\u00edses Bajos, recibimos muchas propuestas de neerland\u00e9s, ingl\u00e9s, franc\u00e9s y alem\u00e1n. No obstante, en Spectrum Translation nos hemos dado cuenta de que este aspecto es cada vez menos importante.<\/p>\n<p>A lo largo del \u00faltimo a\u00f1o (2017), hemos trabajado con 50 idiomas de origen de todo el mundo, desde el afrik\u00e1ans y el alban\u00e9s hasta el japon\u00e9s, el kazajo e incluso el xhosa.<\/p>\n<p>Spectrum Translation es capaz de trabajar directamente desde la mayor\u00eda de los idiomas de origen que nos llegan. Estaremos encantados de evaluar su proyecto de manera individual, garantizando los est\u00e1ndares universales de traducci\u00f3n, revisi\u00f3n y correcci\u00f3n y teniendo en cuenta sus necesidades espec\u00edficas.<\/p>\n","protected":false},"excerpt":{"rendered":"<p>Cualquiera podr\u00eda pensar que el idioma de origen depende de la ubicaci\u00f3n geogr\u00e1fica de cada uno. &nbsp; IDIOMA DE ORIGEN: El idioma del texto o archivo que se nos env\u00eda para traducir, revisar o corregir. Puede proporcionarse en papel, formato digital (Excel, PDF, Word), audio (mp3) o v\u00eddeo. Cualquiera podr\u00eda pensar que el idioma de &hellip; <a href=\"https:\/\/www.spectrumtranslation.com\/es\/idioma-de-origen\/\" class=\"more-link\">Continuar leyendo<span class=\"screen-reader-text\"> &#8220;IDIOMA DE ORIGEN&#8221;<\/span><\/a><\/p>\n","protected":false},"author":1,"featured_media":1128,"parent":0,"menu_order":0,"comment_status":"closed","ping_status":"closed","template":"","meta":{"_acf_changed":false,"nf_dc_page":"","footnotes":""},"class_list":["post-2287","page","type-page","status-publish","has-post-thumbnail","hentry"],"acf":[],"yoast_head":"<!-- This site is optimized with the Yoast SEO plugin v27.4 - https:\/\/yoast.com\/product\/yoast-seo-wordpress\/ -->\n<title>IDIOMA DE ORIGEN - SPECTRUM TRANSLATION | Translation &amp; Linguistic Validation<\/title>\n<meta name=\"robots\" content=\"index, follow, max-snippet:-1, max-image-preview:large, max-video-preview:-1\" \/>\n<link rel=\"canonical\" href=\"https:\/\/www.spectrumtranslation.com\/es\/idioma-de-origen\/\" \/>\n<meta property=\"og:locale\" content=\"es_ES\" \/>\n<meta property=\"og:type\" content=\"article\" \/>\n<meta property=\"og:title\" content=\"IDIOMA DE ORIGEN - SPECTRUM TRANSLATION | Translation &amp; Linguistic Validation\" \/>\n<meta property=\"og:description\" content=\"Cualquiera podr\u00eda pensar que el idioma de origen depende de la ubicaci\u00f3n geogr\u00e1fica de cada uno. &nbsp; IDIOMA DE ORIGEN: El idioma del texto o archivo que se nos env\u00eda para traducir, revisar o corregir. Puede proporcionarse en papel, formato digital (Excel, PDF, Word), audio (mp3) o v\u00eddeo. Cualquiera podr\u00eda pensar que el idioma de &hellip; Continuar leyendo &quot;IDIOMA DE ORIGEN&quot;\" \/>\n<meta property=\"og:url\" content=\"https:\/\/www.spectrumtranslation.com\/es\/idioma-de-origen\/\" \/>\n<meta property=\"og:site_name\" content=\"SPECTRUM TRANSLATION | Translation &amp; Linguistic Validation\" \/>\n<meta property=\"og:image\" content=\"https:\/\/www.spectrumtranslation.com\/wp-content\/uploads\/2017\/05\/bali-terraces-e1494187710630.jpg\" \/>\n\t<meta property=\"og:image:width\" content=\"1366\" \/>\n\t<meta property=\"og:image:height\" content=\"905\" \/>\n\t<meta property=\"og:image:type\" content=\"image\/jpeg\" \/>\n<meta name=\"twitter:card\" content=\"summary_large_image\" \/>\n<meta name=\"twitter:label1\" content=\"Tiempo de lectura\" \/>\n\t<meta name=\"twitter:data1\" content=\"1 minuto\" \/>\n<script type=\"application\/ld+json\" class=\"yoast-schema-graph\">{\"@context\":\"https:\\\/\\\/schema.org\",\"@graph\":[{\"@type\":\"WebPage\",\"@id\":\"https:\\\/\\\/www.spectrumtranslation.com\\\/es\\\/idioma-de-origen\\\/\",\"url\":\"https:\\\/\\\/www.spectrumtranslation.com\\\/es\\\/idioma-de-origen\\\/\",\"name\":\"IDIOMA DE ORIGEN - SPECTRUM TRANSLATION | Translation &amp; Linguistic Validation\",\"isPartOf\":{\"@id\":\"https:\\\/\\\/www.spectrumtranslation.com\\\/es\\\/#website\"},\"primaryImageOfPage\":{\"@id\":\"https:\\\/\\\/www.spectrumtranslation.com\\\/es\\\/idioma-de-origen\\\/#primaryimage\"},\"image\":{\"@id\":\"https:\\\/\\\/www.spectrumtranslation.com\\\/es\\\/idioma-de-origen\\\/#primaryimage\"},\"thumbnailUrl\":\"https:\\\/\\\/www.spectrumtranslation.com\\\/wp-content\\\/uploads\\\/2017\\\/05\\\/bali-terraces-e1494187710630.jpg\",\"datePublished\":\"2017-10-20T20:31:45+00:00\",\"breadcrumb\":{\"@id\":\"https:\\\/\\\/www.spectrumtranslation.com\\\/es\\\/idioma-de-origen\\\/#breadcrumb\"},\"inLanguage\":\"es\",\"potentialAction\":[{\"@type\":\"ReadAction\",\"target\":[\"https:\\\/\\\/www.spectrumtranslation.com\\\/es\\\/idioma-de-origen\\\/\"]}]},{\"@type\":\"ImageObject\",\"inLanguage\":\"es\",\"@id\":\"https:\\\/\\\/www.spectrumtranslation.com\\\/es\\\/idioma-de-origen\\\/#primaryimage\",\"url\":\"https:\\\/\\\/www.spectrumtranslation.com\\\/wp-content\\\/uploads\\\/2017\\\/05\\\/bali-terraces-e1494187710630.jpg\",\"contentUrl\":\"https:\\\/\\\/www.spectrumtranslation.com\\\/wp-content\\\/uploads\\\/2017\\\/05\\\/bali-terraces-e1494187710630.jpg\",\"width\":1366,\"height\":905},{\"@type\":\"BreadcrumbList\",\"@id\":\"https:\\\/\\\/www.spectrumtranslation.com\\\/es\\\/idioma-de-origen\\\/#breadcrumb\",\"itemListElement\":[{\"@type\":\"ListItem\",\"position\":1,\"name\":\"Home\",\"item\":\"https:\\\/\\\/www.spectrumtranslation.com\\\/es\\\/\"},{\"@type\":\"ListItem\",\"position\":2,\"name\":\"IDIOMA DE ORIGEN\"}]},{\"@type\":\"WebSite\",\"@id\":\"https:\\\/\\\/www.spectrumtranslation.com\\\/es\\\/#website\",\"url\":\"https:\\\/\\\/www.spectrumtranslation.com\\\/es\\\/\",\"name\":\"SPECTRUM TRANSLATION | Translation &amp; Linguistic Validation\",\"description\":\"\",\"publisher\":{\"@id\":\"https:\\\/\\\/www.spectrumtranslation.com\\\/es\\\/#organization\"},\"potentialAction\":[{\"@type\":\"SearchAction\",\"target\":{\"@type\":\"EntryPoint\",\"urlTemplate\":\"https:\\\/\\\/www.spectrumtranslation.com\\\/es\\\/?s={search_term_string}\"},\"query-input\":{\"@type\":\"PropertyValueSpecification\",\"valueRequired\":true,\"valueName\":\"search_term_string\"}}],\"inLanguage\":\"es\"},{\"@type\":\"Organization\",\"@id\":\"https:\\\/\\\/www.spectrumtranslation.com\\\/es\\\/#organization\",\"name\":\"SPECTRUM TRANSLATION | Translation &amp; Linguistic Validation\",\"url\":\"https:\\\/\\\/www.spectrumtranslation.com\\\/es\\\/\",\"logo\":{\"@type\":\"ImageObject\",\"inLanguage\":\"es\",\"@id\":\"https:\\\/\\\/www.spectrumtranslation.com\\\/es\\\/#\\\/schema\\\/logo\\\/image\\\/\",\"url\":\"https:\\\/\\\/www.spectrumtranslation.com\\\/wp-content\\\/uploads\\\/2017\\\/02\\\/cropped-logo_animated_new-1.gif\",\"contentUrl\":\"https:\\\/\\\/www.spectrumtranslation.com\\\/wp-content\\\/uploads\\\/2017\\\/02\\\/cropped-logo_animated_new-1.gif\",\"width\":250,\"height\":54,\"caption\":\"SPECTRUM TRANSLATION | Translation &amp; Linguistic Validation\"},\"image\":{\"@id\":\"https:\\\/\\\/www.spectrumtranslation.com\\\/es\\\/#\\\/schema\\\/logo\\\/image\\\/\"}}]}<\/script>\n<!-- \/ Yoast SEO plugin. -->","yoast_head_json":{"title":"IDIOMA DE ORIGEN - SPECTRUM TRANSLATION | Translation &amp; Linguistic Validation","robots":{"index":"index","follow":"follow","max-snippet":"max-snippet:-1","max-image-preview":"max-image-preview:large","max-video-preview":"max-video-preview:-1"},"canonical":"https:\/\/www.spectrumtranslation.com\/es\/idioma-de-origen\/","og_locale":"es_ES","og_type":"article","og_title":"IDIOMA DE ORIGEN - SPECTRUM TRANSLATION | Translation &amp; Linguistic Validation","og_description":"Cualquiera podr\u00eda pensar que el idioma de origen depende de la ubicaci\u00f3n geogr\u00e1fica de cada uno. &nbsp; IDIOMA DE ORIGEN: El idioma del texto o archivo que se nos env\u00eda para traducir, revisar o corregir. Puede proporcionarse en papel, formato digital (Excel, PDF, Word), audio (mp3) o v\u00eddeo. Cualquiera podr\u00eda pensar que el idioma de &hellip; Continuar leyendo \"IDIOMA DE ORIGEN\"","og_url":"https:\/\/www.spectrumtranslation.com\/es\/idioma-de-origen\/","og_site_name":"SPECTRUM TRANSLATION | Translation &amp; Linguistic Validation","og_image":[{"width":1366,"height":905,"url":"https:\/\/www.spectrumtranslation.com\/wp-content\/uploads\/2017\/05\/bali-terraces-e1494187710630.jpg","type":"image\/jpeg"}],"twitter_card":"summary_large_image","twitter_misc":{"Tiempo de lectura":"1 minuto"},"schema":{"@context":"https:\/\/schema.org","@graph":[{"@type":"WebPage","@id":"https:\/\/www.spectrumtranslation.com\/es\/idioma-de-origen\/","url":"https:\/\/www.spectrumtranslation.com\/es\/idioma-de-origen\/","name":"IDIOMA DE ORIGEN - SPECTRUM TRANSLATION | Translation &amp; Linguistic Validation","isPartOf":{"@id":"https:\/\/www.spectrumtranslation.com\/es\/#website"},"primaryImageOfPage":{"@id":"https:\/\/www.spectrumtranslation.com\/es\/idioma-de-origen\/#primaryimage"},"image":{"@id":"https:\/\/www.spectrumtranslation.com\/es\/idioma-de-origen\/#primaryimage"},"thumbnailUrl":"https:\/\/www.spectrumtranslation.com\/wp-content\/uploads\/2017\/05\/bali-terraces-e1494187710630.jpg","datePublished":"2017-10-20T20:31:45+00:00","breadcrumb":{"@id":"https:\/\/www.spectrumtranslation.com\/es\/idioma-de-origen\/#breadcrumb"},"inLanguage":"es","potentialAction":[{"@type":"ReadAction","target":["https:\/\/www.spectrumtranslation.com\/es\/idioma-de-origen\/"]}]},{"@type":"ImageObject","inLanguage":"es","@id":"https:\/\/www.spectrumtranslation.com\/es\/idioma-de-origen\/#primaryimage","url":"https:\/\/www.spectrumtranslation.com\/wp-content\/uploads\/2017\/05\/bali-terraces-e1494187710630.jpg","contentUrl":"https:\/\/www.spectrumtranslation.com\/wp-content\/uploads\/2017\/05\/bali-terraces-e1494187710630.jpg","width":1366,"height":905},{"@type":"BreadcrumbList","@id":"https:\/\/www.spectrumtranslation.com\/es\/idioma-de-origen\/#breadcrumb","itemListElement":[{"@type":"ListItem","position":1,"name":"Home","item":"https:\/\/www.spectrumtranslation.com\/es\/"},{"@type":"ListItem","position":2,"name":"IDIOMA DE ORIGEN"}]},{"@type":"WebSite","@id":"https:\/\/www.spectrumtranslation.com\/es\/#website","url":"https:\/\/www.spectrumtranslation.com\/es\/","name":"SPECTRUM TRANSLATION | Translation &amp; Linguistic Validation","description":"","publisher":{"@id":"https:\/\/www.spectrumtranslation.com\/es\/#organization"},"potentialAction":[{"@type":"SearchAction","target":{"@type":"EntryPoint","urlTemplate":"https:\/\/www.spectrumtranslation.com\/es\/?s={search_term_string}"},"query-input":{"@type":"PropertyValueSpecification","valueRequired":true,"valueName":"search_term_string"}}],"inLanguage":"es"},{"@type":"Organization","@id":"https:\/\/www.spectrumtranslation.com\/es\/#organization","name":"SPECTRUM TRANSLATION | Translation &amp; Linguistic Validation","url":"https:\/\/www.spectrumtranslation.com\/es\/","logo":{"@type":"ImageObject","inLanguage":"es","@id":"https:\/\/www.spectrumtranslation.com\/es\/#\/schema\/logo\/image\/","url":"https:\/\/www.spectrumtranslation.com\/wp-content\/uploads\/2017\/02\/cropped-logo_animated_new-1.gif","contentUrl":"https:\/\/www.spectrumtranslation.com\/wp-content\/uploads\/2017\/02\/cropped-logo_animated_new-1.gif","width":250,"height":54,"caption":"SPECTRUM TRANSLATION | Translation &amp; Linguistic Validation"},"image":{"@id":"https:\/\/www.spectrumtranslation.com\/es\/#\/schema\/logo\/image\/"}}]}},"_links":{"self":[{"href":"https:\/\/www.spectrumtranslation.com\/es\/wp-json\/wp\/v2\/pages\/2287","targetHints":{"allow":["GET"]}}],"collection":[{"href":"https:\/\/www.spectrumtranslation.com\/es\/wp-json\/wp\/v2\/pages"}],"about":[{"href":"https:\/\/www.spectrumtranslation.com\/es\/wp-json\/wp\/v2\/types\/page"}],"author":[{"embeddable":true,"href":"https:\/\/www.spectrumtranslation.com\/es\/wp-json\/wp\/v2\/users\/1"}],"replies":[{"embeddable":true,"href":"https:\/\/www.spectrumtranslation.com\/es\/wp-json\/wp\/v2\/comments?post=2287"}],"version-history":[{"count":1,"href":"https:\/\/www.spectrumtranslation.com\/es\/wp-json\/wp\/v2\/pages\/2287\/revisions"}],"predecessor-version":[{"id":2288,"href":"https:\/\/www.spectrumtranslation.com\/es\/wp-json\/wp\/v2\/pages\/2287\/revisions\/2288"}],"wp:featuredmedia":[{"embeddable":true,"href":"https:\/\/www.spectrumtranslation.com\/es\/wp-json\/wp\/v2\/media\/1128"}],"wp:attachment":[{"href":"https:\/\/www.spectrumtranslation.com\/es\/wp-json\/wp\/v2\/media?parent=2287"}],"curies":[{"name":"wp","href":"https:\/\/api.w.org\/{rel}","templated":true}]}}