{"id":2293,"date":"2017-10-20T20:46:29","date_gmt":"2017-10-20T20:46:29","guid":{"rendered":"https:\/\/www.spectrumtranslation.com\/?page_id=2293\/"},"modified":"2017-10-20T20:46:29","modified_gmt":"2017-10-20T20:46:29","slug":"otros-idiomas","status":"publish","type":"page","link":"https:\/\/www.spectrumtranslation.com\/es\/otros-idiomas\/","title":{"rendered":"OTROS IDIOMAS"},"content":{"rendered":"<h1 style=\"text-align: center;\"><\/h1>\n<h1 style=\"text-align: center;\"><span style=\"color: #000000;\"><strong>Los idiomas menos internacionales<\/strong><\/span><\/h1>\n<p>&nbsp;<\/p>\n<p style=\"text-align: left;\">No nos olvidamos de los idiomas con menor alcance mundial. Aunque cuentan con menor n\u00famero de hablantes, siguen siendo parte de la vida de millones de personas en todo el mundo.<\/p>\n<p style=\"text-align: left;\">Spectrum Translation ha traducido, entre otros muchos idiomas, el guaran\u00ed (Sudam\u00e9rica), el sesotho, el xhosa y el zul\u00fa (\u00c1frica), el cingal\u00e9s (Sri Lanka), el criollo haitiano y distintas variantes del ingl\u00e9s, como el de Jamaica, Singapur y Sud\u00e1frica. <\/p>\n<p style=\"text-align: left;\">Estaremos encantados de estudiar cualquier solicitud de traducci\u00f3n, revisi\u00f3n, correcci\u00f3n o redacci\u00f3n de cualquier idioma del mundo.<\/p>\n","protected":false},"excerpt":{"rendered":"<p>Los idiomas menos internacionales &nbsp; No nos olvidamos de los idiomas con menor alcance mundial. Aunque cuentan con menor n\u00famero de hablantes, siguen siendo parte de la vida de millones de personas en todo el mundo. Spectrum Translation ha traducido, entre otros muchos idiomas, el guaran\u00ed (Sudam\u00e9rica), el sesotho, el xhosa y el zul\u00fa (\u00c1frica), &hellip; <a href=\"https:\/\/www.spectrumtranslation.com\/es\/otros-idiomas\/\" class=\"more-link\">Continuar leyendo<span class=\"screen-reader-text\"> &#8220;OTROS IDIOMAS&#8221;<\/span><\/a><\/p>\n","protected":false},"author":1,"featured_media":1099,"parent":0,"menu_order":0,"comment_status":"closed","ping_status":"closed","template":"","meta":{"_acf_changed":false,"nf_dc_page":"","footnotes":""},"class_list":["post-2293","page","type-page","status-publish","has-post-thumbnail","hentry"],"acf":[],"yoast_head":"<!-- This site is optimized with the Yoast SEO plugin v27.4 - https:\/\/yoast.com\/product\/yoast-seo-wordpress\/ -->\n<title>OTROS IDIOMAS - SPECTRUM TRANSLATION | Translation &amp; Linguistic Validation<\/title>\n<meta name=\"robots\" content=\"index, follow, max-snippet:-1, max-image-preview:large, max-video-preview:-1\" \/>\n<link rel=\"canonical\" href=\"https:\/\/www.spectrumtranslation.com\/es\/otros-idiomas\/\" \/>\n<meta property=\"og:locale\" content=\"es_ES\" \/>\n<meta property=\"og:type\" content=\"article\" \/>\n<meta property=\"og:title\" content=\"OTROS IDIOMAS - SPECTRUM TRANSLATION | Translation &amp; Linguistic Validation\" \/>\n<meta property=\"og:description\" content=\"Los idiomas menos internacionales &nbsp; No nos olvidamos de los idiomas con menor alcance mundial. Aunque cuentan con menor n\u00famero de hablantes, siguen siendo parte de la vida de millones de personas en todo el mundo. Spectrum Translation ha traducido, entre otros muchos idiomas, el guaran\u00ed (Sudam\u00e9rica), el sesotho, el xhosa y el zul\u00fa (\u00c1frica), &hellip; Continuar leyendo &quot;OTROS IDIOMAS&quot;\" \/>\n<meta property=\"og:url\" content=\"https:\/\/www.spectrumtranslation.com\/es\/otros-idiomas\/\" \/>\n<meta property=\"og:site_name\" content=\"SPECTRUM TRANSLATION | Translation &amp; Linguistic Validation\" \/>\n<meta property=\"og:image\" content=\"https:\/\/www.spectrumtranslation.com\/wp-content\/uploads\/2017\/04\/south-africa-coast-e1494192389391.jpg\" \/>\n\t<meta property=\"og:image:width\" content=\"1366\" \/>\n\t<meta property=\"og:image:height\" content=\"907\" \/>\n\t<meta property=\"og:image:type\" content=\"image\/jpeg\" \/>\n<meta name=\"twitter:card\" content=\"summary_large_image\" \/>\n<meta name=\"twitter:label1\" content=\"Tiempo de lectura\" \/>\n\t<meta name=\"twitter:data1\" content=\"1 minuto\" \/>\n<script type=\"application\/ld+json\" class=\"yoast-schema-graph\">{\"@context\":\"https:\\\/\\\/schema.org\",\"@graph\":[{\"@type\":\"WebPage\",\"@id\":\"https:\\\/\\\/www.spectrumtranslation.com\\\/es\\\/otros-idiomas\\\/\",\"url\":\"https:\\\/\\\/www.spectrumtranslation.com\\\/es\\\/otros-idiomas\\\/\",\"name\":\"OTROS IDIOMAS - SPECTRUM TRANSLATION | Translation &amp; Linguistic Validation\",\"isPartOf\":{\"@id\":\"https:\\\/\\\/www.spectrumtranslation.com\\\/es\\\/#website\"},\"primaryImageOfPage\":{\"@id\":\"https:\\\/\\\/www.spectrumtranslation.com\\\/es\\\/otros-idiomas\\\/#primaryimage\"},\"image\":{\"@id\":\"https:\\\/\\\/www.spectrumtranslation.com\\\/es\\\/otros-idiomas\\\/#primaryimage\"},\"thumbnailUrl\":\"https:\\\/\\\/www.spectrumtranslation.com\\\/wp-content\\\/uploads\\\/2017\\\/04\\\/south-africa-coast-e1494192389391.jpg\",\"datePublished\":\"2017-10-20T20:46:29+00:00\",\"breadcrumb\":{\"@id\":\"https:\\\/\\\/www.spectrumtranslation.com\\\/es\\\/otros-idiomas\\\/#breadcrumb\"},\"inLanguage\":\"es\",\"potentialAction\":[{\"@type\":\"ReadAction\",\"target\":[\"https:\\\/\\\/www.spectrumtranslation.com\\\/es\\\/otros-idiomas\\\/\"]}]},{\"@type\":\"ImageObject\",\"inLanguage\":\"es\",\"@id\":\"https:\\\/\\\/www.spectrumtranslation.com\\\/es\\\/otros-idiomas\\\/#primaryimage\",\"url\":\"https:\\\/\\\/www.spectrumtranslation.com\\\/wp-content\\\/uploads\\\/2017\\\/04\\\/south-africa-coast-e1494192389391.jpg\",\"contentUrl\":\"https:\\\/\\\/www.spectrumtranslation.com\\\/wp-content\\\/uploads\\\/2017\\\/04\\\/south-africa-coast-e1494192389391.jpg\",\"width\":1366,\"height\":907},{\"@type\":\"BreadcrumbList\",\"@id\":\"https:\\\/\\\/www.spectrumtranslation.com\\\/es\\\/otros-idiomas\\\/#breadcrumb\",\"itemListElement\":[{\"@type\":\"ListItem\",\"position\":1,\"name\":\"Home\",\"item\":\"https:\\\/\\\/www.spectrumtranslation.com\\\/es\\\/\"},{\"@type\":\"ListItem\",\"position\":2,\"name\":\"OTROS IDIOMAS\"}]},{\"@type\":\"WebSite\",\"@id\":\"https:\\\/\\\/www.spectrumtranslation.com\\\/es\\\/#website\",\"url\":\"https:\\\/\\\/www.spectrumtranslation.com\\\/es\\\/\",\"name\":\"SPECTRUM TRANSLATION | Translation &amp; Linguistic Validation\",\"description\":\"\",\"publisher\":{\"@id\":\"https:\\\/\\\/www.spectrumtranslation.com\\\/es\\\/#organization\"},\"potentialAction\":[{\"@type\":\"SearchAction\",\"target\":{\"@type\":\"EntryPoint\",\"urlTemplate\":\"https:\\\/\\\/www.spectrumtranslation.com\\\/es\\\/?s={search_term_string}\"},\"query-input\":{\"@type\":\"PropertyValueSpecification\",\"valueRequired\":true,\"valueName\":\"search_term_string\"}}],\"inLanguage\":\"es\"},{\"@type\":\"Organization\",\"@id\":\"https:\\\/\\\/www.spectrumtranslation.com\\\/es\\\/#organization\",\"name\":\"SPECTRUM TRANSLATION | Translation &amp; Linguistic Validation\",\"url\":\"https:\\\/\\\/www.spectrumtranslation.com\\\/es\\\/\",\"logo\":{\"@type\":\"ImageObject\",\"inLanguage\":\"es\",\"@id\":\"https:\\\/\\\/www.spectrumtranslation.com\\\/es\\\/#\\\/schema\\\/logo\\\/image\\\/\",\"url\":\"https:\\\/\\\/www.spectrumtranslation.com\\\/wp-content\\\/uploads\\\/2017\\\/02\\\/cropped-logo_animated_new-1.gif\",\"contentUrl\":\"https:\\\/\\\/www.spectrumtranslation.com\\\/wp-content\\\/uploads\\\/2017\\\/02\\\/cropped-logo_animated_new-1.gif\",\"width\":250,\"height\":54,\"caption\":\"SPECTRUM TRANSLATION | Translation &amp; Linguistic Validation\"},\"image\":{\"@id\":\"https:\\\/\\\/www.spectrumtranslation.com\\\/es\\\/#\\\/schema\\\/logo\\\/image\\\/\"}}]}<\/script>\n<!-- \/ Yoast SEO plugin. -->","yoast_head_json":{"title":"OTROS IDIOMAS - SPECTRUM TRANSLATION | Translation &amp; Linguistic Validation","robots":{"index":"index","follow":"follow","max-snippet":"max-snippet:-1","max-image-preview":"max-image-preview:large","max-video-preview":"max-video-preview:-1"},"canonical":"https:\/\/www.spectrumtranslation.com\/es\/otros-idiomas\/","og_locale":"es_ES","og_type":"article","og_title":"OTROS IDIOMAS - SPECTRUM TRANSLATION | Translation &amp; Linguistic Validation","og_description":"Los idiomas menos internacionales &nbsp; No nos olvidamos de los idiomas con menor alcance mundial. Aunque cuentan con menor n\u00famero de hablantes, siguen siendo parte de la vida de millones de personas en todo el mundo. Spectrum Translation ha traducido, entre otros muchos idiomas, el guaran\u00ed (Sudam\u00e9rica), el sesotho, el xhosa y el zul\u00fa (\u00c1frica), &hellip; Continuar leyendo \"OTROS IDIOMAS\"","og_url":"https:\/\/www.spectrumtranslation.com\/es\/otros-idiomas\/","og_site_name":"SPECTRUM TRANSLATION | Translation &amp; Linguistic Validation","og_image":[{"width":1366,"height":907,"url":"https:\/\/www.spectrumtranslation.com\/wp-content\/uploads\/2017\/04\/south-africa-coast-e1494192389391.jpg","type":"image\/jpeg"}],"twitter_card":"summary_large_image","twitter_misc":{"Tiempo de lectura":"1 minuto"},"schema":{"@context":"https:\/\/schema.org","@graph":[{"@type":"WebPage","@id":"https:\/\/www.spectrumtranslation.com\/es\/otros-idiomas\/","url":"https:\/\/www.spectrumtranslation.com\/es\/otros-idiomas\/","name":"OTROS IDIOMAS - SPECTRUM TRANSLATION | Translation &amp; Linguistic Validation","isPartOf":{"@id":"https:\/\/www.spectrumtranslation.com\/es\/#website"},"primaryImageOfPage":{"@id":"https:\/\/www.spectrumtranslation.com\/es\/otros-idiomas\/#primaryimage"},"image":{"@id":"https:\/\/www.spectrumtranslation.com\/es\/otros-idiomas\/#primaryimage"},"thumbnailUrl":"https:\/\/www.spectrumtranslation.com\/wp-content\/uploads\/2017\/04\/south-africa-coast-e1494192389391.jpg","datePublished":"2017-10-20T20:46:29+00:00","breadcrumb":{"@id":"https:\/\/www.spectrumtranslation.com\/es\/otros-idiomas\/#breadcrumb"},"inLanguage":"es","potentialAction":[{"@type":"ReadAction","target":["https:\/\/www.spectrumtranslation.com\/es\/otros-idiomas\/"]}]},{"@type":"ImageObject","inLanguage":"es","@id":"https:\/\/www.spectrumtranslation.com\/es\/otros-idiomas\/#primaryimage","url":"https:\/\/www.spectrumtranslation.com\/wp-content\/uploads\/2017\/04\/south-africa-coast-e1494192389391.jpg","contentUrl":"https:\/\/www.spectrumtranslation.com\/wp-content\/uploads\/2017\/04\/south-africa-coast-e1494192389391.jpg","width":1366,"height":907},{"@type":"BreadcrumbList","@id":"https:\/\/www.spectrumtranslation.com\/es\/otros-idiomas\/#breadcrumb","itemListElement":[{"@type":"ListItem","position":1,"name":"Home","item":"https:\/\/www.spectrumtranslation.com\/es\/"},{"@type":"ListItem","position":2,"name":"OTROS IDIOMAS"}]},{"@type":"WebSite","@id":"https:\/\/www.spectrumtranslation.com\/es\/#website","url":"https:\/\/www.spectrumtranslation.com\/es\/","name":"SPECTRUM TRANSLATION | Translation &amp; Linguistic Validation","description":"","publisher":{"@id":"https:\/\/www.spectrumtranslation.com\/es\/#organization"},"potentialAction":[{"@type":"SearchAction","target":{"@type":"EntryPoint","urlTemplate":"https:\/\/www.spectrumtranslation.com\/es\/?s={search_term_string}"},"query-input":{"@type":"PropertyValueSpecification","valueRequired":true,"valueName":"search_term_string"}}],"inLanguage":"es"},{"@type":"Organization","@id":"https:\/\/www.spectrumtranslation.com\/es\/#organization","name":"SPECTRUM TRANSLATION | Translation &amp; Linguistic Validation","url":"https:\/\/www.spectrumtranslation.com\/es\/","logo":{"@type":"ImageObject","inLanguage":"es","@id":"https:\/\/www.spectrumtranslation.com\/es\/#\/schema\/logo\/image\/","url":"https:\/\/www.spectrumtranslation.com\/wp-content\/uploads\/2017\/02\/cropped-logo_animated_new-1.gif","contentUrl":"https:\/\/www.spectrumtranslation.com\/wp-content\/uploads\/2017\/02\/cropped-logo_animated_new-1.gif","width":250,"height":54,"caption":"SPECTRUM TRANSLATION | Translation &amp; Linguistic Validation"},"image":{"@id":"https:\/\/www.spectrumtranslation.com\/es\/#\/schema\/logo\/image\/"}}]}},"_links":{"self":[{"href":"https:\/\/www.spectrumtranslation.com\/es\/wp-json\/wp\/v2\/pages\/2293","targetHints":{"allow":["GET"]}}],"collection":[{"href":"https:\/\/www.spectrumtranslation.com\/es\/wp-json\/wp\/v2\/pages"}],"about":[{"href":"https:\/\/www.spectrumtranslation.com\/es\/wp-json\/wp\/v2\/types\/page"}],"author":[{"embeddable":true,"href":"https:\/\/www.spectrumtranslation.com\/es\/wp-json\/wp\/v2\/users\/1"}],"replies":[{"embeddable":true,"href":"https:\/\/www.spectrumtranslation.com\/es\/wp-json\/wp\/v2\/comments?post=2293"}],"version-history":[{"count":1,"href":"https:\/\/www.spectrumtranslation.com\/es\/wp-json\/wp\/v2\/pages\/2293\/revisions"}],"predecessor-version":[{"id":2294,"href":"https:\/\/www.spectrumtranslation.com\/es\/wp-json\/wp\/v2\/pages\/2293\/revisions\/2294"}],"wp:featuredmedia":[{"embeddable":true,"href":"https:\/\/www.spectrumtranslation.com\/es\/wp-json\/wp\/v2\/media\/1099"}],"wp:attachment":[{"href":"https:\/\/www.spectrumtranslation.com\/es\/wp-json\/wp\/v2\/media?parent=2293"}],"curies":[{"name":"wp","href":"https:\/\/api.w.org\/{rel}","templated":true}]}}