{"id":1550,"date":"2017-08-17T16:57:55","date_gmt":"2017-08-17T16:57:55","guid":{"rendered":"https:\/\/www.spectrumtranslation.com\/?page_id=1550\/"},"modified":"2017-10-09T17:44:41","modified_gmt":"2017-10-09T17:44:41","slug":"a-propos-de-nous","status":"publish","type":"page","link":"https:\/\/www.spectrumtranslation.com\/fr\/a-propos-de-nous\/","title":{"rendered":"\u00c0 propos de nous"},"content":{"rendered":"<h1 style=\"text-align: center;\"><\/h1>\n<h1 style=\"text-align: center;\"><strong>Des normes de qualit\u00e9s universelles.<\/strong><\/h1>\n<p>&nbsp;<\/p>\n<h2><strong>Qui sommes-nous\u00a0?<\/strong><\/h2>\n<p>Depuis notre cr\u00e9ation en 2004, nous fournissons un soutien linguistique aux entreprises, ONG, gouvernements, agences et particuliers dans plus de 35 langues.<\/p>\n<p>Notre \u00e9quipe d\u00e9di\u00e9e est compos\u00e9e de plus de 200 linguistes, traducteurs, r\u00e9viseurs et r\u00e9dacteurs qui travaillent uniquement dans leur langue maternelle.<\/p>\n<p>Initialement ax\u00e9s sur les langues d\u2019Europe occidentale, sur le russe et sur le chinois, nos services ont \u00e9galement inclus, rien que pour l\u2019ann\u00e9e 2017, des prestations en afrikaans, cingalais, cor\u00e9en, croate, danois, finnois, hindi, japonais, norv\u00e9gien,\u00a0ourdou, russe, slov\u00e8ne, su\u00e9dois, tamoul et xhosa, parmi des dizaines d\u2019autres langues.<\/p>\n<p>Notre approche du soutien linguistique est individuelle, tout en respectant des normes universelles de pr\u00e9cision conceptuelle et culturelle.<\/p>\n<h2><strong>Nos clients<\/strong><\/h2>\n<p>Spectrum Translation compte aussi bien parmi ses clients des avocats, des doctorants ou des entrepreneurs individuels que les plus grandes entreprises et agences internationales. Nous avons traduit pour des cabinets juridiques, des soci\u00e9t\u00e9s maritimes internationales, des ONG europ\u00e9ennes, des maisons d&#8217;\u00e9dition et des entreprises du secteur artistique et musical.<\/p>\n<p>&nbsp;<\/p>\n<h2 style=\"text-align: center;\"><em>\u00ab\u00a0Notre client a \u00e9t\u00e9 ravi du r\u00e9sultat de la r\u00e9vision.\u00a0\u00bb\u00a0<\/em><\/h2>\n<p style=\"text-align: center;\">Thierry (Belgique), 2017 (italien vers anglais)<\/p>\n<p>&nbsp;<\/p>\n<h2><strong>Nos chefs de projet<\/strong><\/h2>\n<p>Nos chefs de projet peuvent traiter des demandes pour la plupart des langues europ\u00e9ennes (russe inclus), le chinois et le japonais\u00a0; ils \u00e9valuent chaque projet individuellement et comprennent les langues demand\u00e9es.<\/p>\n","protected":false},"excerpt":{"rendered":"<p>Des normes de qualit\u00e9s universelles. &nbsp; Qui sommes-nous\u00a0? Depuis notre cr\u00e9ation en 2004, nous fournissons un soutien linguistique aux entreprises, ONG, gouvernements, agences et particuliers dans plus de 35 langues. Notre \u00e9quipe d\u00e9di\u00e9e est compos\u00e9e de plus de 200 linguistes, traducteurs, r\u00e9viseurs et r\u00e9dacteurs qui travaillent uniquement dans leur langue maternelle. Initialement ax\u00e9s sur les &hellip; <a href=\"https:\/\/www.spectrumtranslation.com\/fr\/a-propos-de-nous\/\" class=\"more-link\">Continuer la lecture<span class=\"screen-reader-text\"> de &laquo;&nbsp;\u00c0 propos de nous&nbsp;&raquo;<\/span><\/a><\/p>\n","protected":false},"author":1,"featured_media":1088,"parent":0,"menu_order":0,"comment_status":"closed","ping_status":"closed","template":"","meta":{"_acf_changed":false,"nf_dc_page":"","footnotes":""},"class_list":["post-1550","page","type-page","status-publish","has-post-thumbnail","hentry"],"acf":[],"yoast_head":"<!-- This site is optimized with the Yoast SEO plugin v27.4 - https:\/\/yoast.com\/product\/yoast-seo-wordpress\/ -->\n<title>\u00c0 propos de nous - SPECTRUM TRANSLATION | Translation &amp; Linguistic Validation<\/title>\n<meta name=\"robots\" content=\"index, follow, max-snippet:-1, max-image-preview:large, max-video-preview:-1\" \/>\n<link rel=\"canonical\" href=\"https:\/\/www.spectrumtranslation.com\/fr\/a-propos-de-nous\/\" \/>\n<meta property=\"og:locale\" content=\"fr_FR\" \/>\n<meta property=\"og:type\" content=\"article\" \/>\n<meta property=\"og:title\" content=\"\u00c0 propos de nous - SPECTRUM TRANSLATION | Translation &amp; Linguistic Validation\" \/>\n<meta property=\"og:description\" content=\"Des normes de qualit\u00e9s universelles. &nbsp; Qui sommes-nous\u00a0? Depuis notre cr\u00e9ation en 2004, nous fournissons un soutien linguistique aux entreprises, ONG, gouvernements, agences et particuliers dans plus de 35 langues. Notre \u00e9quipe d\u00e9di\u00e9e est compos\u00e9e de plus de 200 linguistes, traducteurs, r\u00e9viseurs et r\u00e9dacteurs qui travaillent uniquement dans leur langue maternelle. Initialement ax\u00e9s sur les &hellip; Continuer la lecture de &laquo;&nbsp;\u00c0 propos de nous&nbsp;&raquo;\" \/>\n<meta property=\"og:url\" content=\"https:\/\/www.spectrumtranslation.com\/fr\/a-propos-de-nous\/\" \/>\n<meta property=\"og:site_name\" content=\"SPECTRUM TRANSLATION | Translation &amp; Linguistic Validation\" \/>\n<meta property=\"article:modified_time\" content=\"2017-10-09T17:44:41+00:00\" \/>\n<meta property=\"og:image\" content=\"https:\/\/www.spectrumtranslation.com\/wp-content\/uploads\/2017\/04\/eastern-arch-e1494189373729.jpg\" \/>\n\t<meta property=\"og:image:width\" content=\"1366\" \/>\n\t<meta property=\"og:image:height\" content=\"911\" \/>\n\t<meta property=\"og:image:type\" content=\"image\/jpeg\" \/>\n<meta name=\"twitter:card\" content=\"summary_large_image\" \/>\n<meta name=\"twitter:label1\" content=\"Dur\u00e9e de lecture estim\u00e9e\" \/>\n\t<meta name=\"twitter:data1\" content=\"1 minute\" \/>\n<script type=\"application\/ld+json\" class=\"yoast-schema-graph\">{\"@context\":\"https:\\\/\\\/schema.org\",\"@graph\":[{\"@type\":\"WebPage\",\"@id\":\"https:\\\/\\\/www.spectrumtranslation.com\\\/fr\\\/a-propos-de-nous\\\/\",\"url\":\"https:\\\/\\\/www.spectrumtranslation.com\\\/fr\\\/a-propos-de-nous\\\/\",\"name\":\"\u00c0 propos de nous - SPECTRUM TRANSLATION | Translation &amp; Linguistic Validation\",\"isPartOf\":{\"@id\":\"https:\\\/\\\/www.spectrumtranslation.com\\\/fr\\\/#website\"},\"primaryImageOfPage\":{\"@id\":\"https:\\\/\\\/www.spectrumtranslation.com\\\/fr\\\/a-propos-de-nous\\\/#primaryimage\"},\"image\":{\"@id\":\"https:\\\/\\\/www.spectrumtranslation.com\\\/fr\\\/a-propos-de-nous\\\/#primaryimage\"},\"thumbnailUrl\":\"https:\\\/\\\/www.spectrumtranslation.com\\\/wp-content\\\/uploads\\\/2017\\\/04\\\/eastern-arch-e1494189373729.jpg\",\"datePublished\":\"2017-08-17T16:57:55+00:00\",\"dateModified\":\"2017-10-09T17:44:41+00:00\",\"breadcrumb\":{\"@id\":\"https:\\\/\\\/www.spectrumtranslation.com\\\/fr\\\/a-propos-de-nous\\\/#breadcrumb\"},\"inLanguage\":\"fr-FR\",\"potentialAction\":[{\"@type\":\"ReadAction\",\"target\":[\"https:\\\/\\\/www.spectrumtranslation.com\\\/fr\\\/a-propos-de-nous\\\/\"]}]},{\"@type\":\"ImageObject\",\"inLanguage\":\"fr-FR\",\"@id\":\"https:\\\/\\\/www.spectrumtranslation.com\\\/fr\\\/a-propos-de-nous\\\/#primaryimage\",\"url\":\"https:\\\/\\\/www.spectrumtranslation.com\\\/wp-content\\\/uploads\\\/2017\\\/04\\\/eastern-arch-e1494189373729.jpg\",\"contentUrl\":\"https:\\\/\\\/www.spectrumtranslation.com\\\/wp-content\\\/uploads\\\/2017\\\/04\\\/eastern-arch-e1494189373729.jpg\",\"width\":1366,\"height\":911},{\"@type\":\"BreadcrumbList\",\"@id\":\"https:\\\/\\\/www.spectrumtranslation.com\\\/fr\\\/a-propos-de-nous\\\/#breadcrumb\",\"itemListElement\":[{\"@type\":\"ListItem\",\"position\":1,\"name\":\"Home\",\"item\":\"https:\\\/\\\/www.spectrumtranslation.com\\\/fr\\\/\"},{\"@type\":\"ListItem\",\"position\":2,\"name\":\"\u00c0 propos de nous\"}]},{\"@type\":\"WebSite\",\"@id\":\"https:\\\/\\\/www.spectrumtranslation.com\\\/fr\\\/#website\",\"url\":\"https:\\\/\\\/www.spectrumtranslation.com\\\/fr\\\/\",\"name\":\"SPECTRUM TRANSLATION | Translation &amp; Linguistic Validation\",\"description\":\"\",\"publisher\":{\"@id\":\"https:\\\/\\\/www.spectrumtranslation.com\\\/fr\\\/#organization\"},\"potentialAction\":[{\"@type\":\"SearchAction\",\"target\":{\"@type\":\"EntryPoint\",\"urlTemplate\":\"https:\\\/\\\/www.spectrumtranslation.com\\\/fr\\\/?s={search_term_string}\"},\"query-input\":{\"@type\":\"PropertyValueSpecification\",\"valueRequired\":true,\"valueName\":\"search_term_string\"}}],\"inLanguage\":\"fr-FR\"},{\"@type\":\"Organization\",\"@id\":\"https:\\\/\\\/www.spectrumtranslation.com\\\/fr\\\/#organization\",\"name\":\"SPECTRUM TRANSLATION | Translation &amp; Linguistic Validation\",\"url\":\"https:\\\/\\\/www.spectrumtranslation.com\\\/fr\\\/\",\"logo\":{\"@type\":\"ImageObject\",\"inLanguage\":\"fr-FR\",\"@id\":\"https:\\\/\\\/www.spectrumtranslation.com\\\/fr\\\/#\\\/schema\\\/logo\\\/image\\\/\",\"url\":\"https:\\\/\\\/www.spectrumtranslation.com\\\/wp-content\\\/uploads\\\/2017\\\/02\\\/cropped-logo_animated_new-1.gif\",\"contentUrl\":\"https:\\\/\\\/www.spectrumtranslation.com\\\/wp-content\\\/uploads\\\/2017\\\/02\\\/cropped-logo_animated_new-1.gif\",\"width\":250,\"height\":54,\"caption\":\"SPECTRUM TRANSLATION | Translation &amp; Linguistic Validation\"},\"image\":{\"@id\":\"https:\\\/\\\/www.spectrumtranslation.com\\\/fr\\\/#\\\/schema\\\/logo\\\/image\\\/\"}}]}<\/script>\n<!-- \/ Yoast SEO plugin. -->","yoast_head_json":{"title":"\u00c0 propos de nous - SPECTRUM TRANSLATION | Translation &amp; Linguistic Validation","robots":{"index":"index","follow":"follow","max-snippet":"max-snippet:-1","max-image-preview":"max-image-preview:large","max-video-preview":"max-video-preview:-1"},"canonical":"https:\/\/www.spectrumtranslation.com\/fr\/a-propos-de-nous\/","og_locale":"fr_FR","og_type":"article","og_title":"\u00c0 propos de nous - SPECTRUM TRANSLATION | Translation &amp; Linguistic Validation","og_description":"Des normes de qualit\u00e9s universelles. &nbsp; Qui sommes-nous\u00a0? Depuis notre cr\u00e9ation en 2004, nous fournissons un soutien linguistique aux entreprises, ONG, gouvernements, agences et particuliers dans plus de 35 langues. Notre \u00e9quipe d\u00e9di\u00e9e est compos\u00e9e de plus de 200 linguistes, traducteurs, r\u00e9viseurs et r\u00e9dacteurs qui travaillent uniquement dans leur langue maternelle. Initialement ax\u00e9s sur les &hellip; Continuer la lecture de &laquo;&nbsp;\u00c0 propos de nous&nbsp;&raquo;","og_url":"https:\/\/www.spectrumtranslation.com\/fr\/a-propos-de-nous\/","og_site_name":"SPECTRUM TRANSLATION | Translation &amp; Linguistic Validation","article_modified_time":"2017-10-09T17:44:41+00:00","og_image":[{"width":1366,"height":911,"url":"https:\/\/www.spectrumtranslation.com\/wp-content\/uploads\/2017\/04\/eastern-arch-e1494189373729.jpg","type":"image\/jpeg"}],"twitter_card":"summary_large_image","twitter_misc":{"Dur\u00e9e de lecture estim\u00e9e":"1 minute"},"schema":{"@context":"https:\/\/schema.org","@graph":[{"@type":"WebPage","@id":"https:\/\/www.spectrumtranslation.com\/fr\/a-propos-de-nous\/","url":"https:\/\/www.spectrumtranslation.com\/fr\/a-propos-de-nous\/","name":"\u00c0 propos de nous - SPECTRUM TRANSLATION | Translation &amp; Linguistic Validation","isPartOf":{"@id":"https:\/\/www.spectrumtranslation.com\/fr\/#website"},"primaryImageOfPage":{"@id":"https:\/\/www.spectrumtranslation.com\/fr\/a-propos-de-nous\/#primaryimage"},"image":{"@id":"https:\/\/www.spectrumtranslation.com\/fr\/a-propos-de-nous\/#primaryimage"},"thumbnailUrl":"https:\/\/www.spectrumtranslation.com\/wp-content\/uploads\/2017\/04\/eastern-arch-e1494189373729.jpg","datePublished":"2017-08-17T16:57:55+00:00","dateModified":"2017-10-09T17:44:41+00:00","breadcrumb":{"@id":"https:\/\/www.spectrumtranslation.com\/fr\/a-propos-de-nous\/#breadcrumb"},"inLanguage":"fr-FR","potentialAction":[{"@type":"ReadAction","target":["https:\/\/www.spectrumtranslation.com\/fr\/a-propos-de-nous\/"]}]},{"@type":"ImageObject","inLanguage":"fr-FR","@id":"https:\/\/www.spectrumtranslation.com\/fr\/a-propos-de-nous\/#primaryimage","url":"https:\/\/www.spectrumtranslation.com\/wp-content\/uploads\/2017\/04\/eastern-arch-e1494189373729.jpg","contentUrl":"https:\/\/www.spectrumtranslation.com\/wp-content\/uploads\/2017\/04\/eastern-arch-e1494189373729.jpg","width":1366,"height":911},{"@type":"BreadcrumbList","@id":"https:\/\/www.spectrumtranslation.com\/fr\/a-propos-de-nous\/#breadcrumb","itemListElement":[{"@type":"ListItem","position":1,"name":"Home","item":"https:\/\/www.spectrumtranslation.com\/fr\/"},{"@type":"ListItem","position":2,"name":"\u00c0 propos de nous"}]},{"@type":"WebSite","@id":"https:\/\/www.spectrumtranslation.com\/fr\/#website","url":"https:\/\/www.spectrumtranslation.com\/fr\/","name":"SPECTRUM TRANSLATION | Translation &amp; Linguistic Validation","description":"","publisher":{"@id":"https:\/\/www.spectrumtranslation.com\/fr\/#organization"},"potentialAction":[{"@type":"SearchAction","target":{"@type":"EntryPoint","urlTemplate":"https:\/\/www.spectrumtranslation.com\/fr\/?s={search_term_string}"},"query-input":{"@type":"PropertyValueSpecification","valueRequired":true,"valueName":"search_term_string"}}],"inLanguage":"fr-FR"},{"@type":"Organization","@id":"https:\/\/www.spectrumtranslation.com\/fr\/#organization","name":"SPECTRUM TRANSLATION | Translation &amp; Linguistic Validation","url":"https:\/\/www.spectrumtranslation.com\/fr\/","logo":{"@type":"ImageObject","inLanguage":"fr-FR","@id":"https:\/\/www.spectrumtranslation.com\/fr\/#\/schema\/logo\/image\/","url":"https:\/\/www.spectrumtranslation.com\/wp-content\/uploads\/2017\/02\/cropped-logo_animated_new-1.gif","contentUrl":"https:\/\/www.spectrumtranslation.com\/wp-content\/uploads\/2017\/02\/cropped-logo_animated_new-1.gif","width":250,"height":54,"caption":"SPECTRUM TRANSLATION | Translation &amp; Linguistic Validation"},"image":{"@id":"https:\/\/www.spectrumtranslation.com\/fr\/#\/schema\/logo\/image\/"}}]}},"_links":{"self":[{"href":"https:\/\/www.spectrumtranslation.com\/fr\/wp-json\/wp\/v2\/pages\/1550","targetHints":{"allow":["GET"]}}],"collection":[{"href":"https:\/\/www.spectrumtranslation.com\/fr\/wp-json\/wp\/v2\/pages"}],"about":[{"href":"https:\/\/www.spectrumtranslation.com\/fr\/wp-json\/wp\/v2\/types\/page"}],"author":[{"embeddable":true,"href":"https:\/\/www.spectrumtranslation.com\/fr\/wp-json\/wp\/v2\/users\/1"}],"replies":[{"embeddable":true,"href":"https:\/\/www.spectrumtranslation.com\/fr\/wp-json\/wp\/v2\/comments?post=1550"}],"version-history":[{"count":2,"href":"https:\/\/www.spectrumtranslation.com\/fr\/wp-json\/wp\/v2\/pages\/1550\/revisions"}],"predecessor-version":[{"id":2239,"href":"https:\/\/www.spectrumtranslation.com\/fr\/wp-json\/wp\/v2\/pages\/1550\/revisions\/2239"}],"wp:featuredmedia":[{"embeddable":true,"href":"https:\/\/www.spectrumtranslation.com\/fr\/wp-json\/wp\/v2\/media\/1088"}],"wp:attachment":[{"href":"https:\/\/www.spectrumtranslation.com\/fr\/wp-json\/wp\/v2\/media?parent=1550"}],"curies":[{"name":"wp","href":"https:\/\/api.w.org\/{rel}","templated":true}]}}