{"id":1591,"date":"2017-08-22T15:27:49","date_gmt":"2017-08-22T15:27:49","guid":{"rendered":"https:\/\/www.spectrumtranslation.com\/?page_id=1591\/"},"modified":"2017-08-22T15:31:36","modified_gmt":"2017-08-22T15:31:36","slug":"langues","status":"publish","type":"page","link":"https:\/\/www.spectrumtranslation.com\/fr\/langues\/","title":{"rendered":"Langues"},"content":{"rendered":"<h1 style=\"text-align: center;\"><strong>Toute la vaste diversit\u00e9 de la plan\u00e8te<\/strong><\/h1>\n<p>&nbsp;<\/p>\n<p>Active dans le secteur de la traduction en tant que prestataire de services linguistiques (PSL) depuis plus d\u2019une d\u00e9cennie, l\u2019agence Spectrum Translation a le privil\u00e8ge de travailler avec plus de 70\u00a0langues du monde.<\/p>\n<p>C\u2019est aujourd\u2019hui devenu chose commune pour les PSL, mais notre soci\u00e9t\u00e9 entretient \u00e9galement des relations \u00e9troites avec ses traducteurs, r\u00e9viseurs et r\u00e9dacteurs en d\u00e9veloppant un int\u00e9r\u00eat pour leur langue maternelle. Nos chefs de projet sont ainsi capables d&#8217;\u00e9valuer des textes dans plus de 20 langues.<\/p>\n<p>Nous esp\u00e9rons que vous appr\u00e9cierez cette vue d\u2019ensemble de la grande diversit\u00e9 de la plan\u00e8te.<\/p>\n<p>(La page s\u2019\u00e9toffera avec l\u2019ajout de nouvelles langues.)<\/p>\n","protected":false},"excerpt":{"rendered":"<p>Toute la vaste diversit\u00e9 de la plan\u00e8te &nbsp; Active dans le secteur de la traduction en tant que prestataire de services linguistiques (PSL) depuis plus d\u2019une d\u00e9cennie, l\u2019agence Spectrum Translation a le privil\u00e8ge de travailler avec plus de 70\u00a0langues du monde. C\u2019est aujourd\u2019hui devenu chose commune pour les PSL, mais notre soci\u00e9t\u00e9 entretient \u00e9galement des &hellip; <a href=\"https:\/\/www.spectrumtranslation.com\/fr\/langues\/\" class=\"more-link\">Continuer la lecture<span class=\"screen-reader-text\"> de &laquo;&nbsp;Langues&nbsp;&raquo;<\/span><\/a><\/p>\n","protected":false},"author":1,"featured_media":1045,"parent":0,"menu_order":0,"comment_status":"closed","ping_status":"closed","template":"languages.php","meta":{"_acf_changed":false,"nf_dc_page":"","footnotes":""},"class_list":["post-1591","page","type-page","status-publish","has-post-thumbnail","hentry"],"acf":[],"yoast_head":"<!-- This site is optimized with the Yoast SEO plugin v27.4 - https:\/\/yoast.com\/product\/yoast-seo-wordpress\/ -->\n<title>Langues - SPECTRUM TRANSLATION | Translation &amp; Linguistic Validation<\/title>\n<meta name=\"robots\" content=\"index, follow, max-snippet:-1, max-image-preview:large, max-video-preview:-1\" \/>\n<link rel=\"canonical\" href=\"https:\/\/www.spectrumtranslation.com\/fr\/langues\/\" \/>\n<meta property=\"og:locale\" content=\"fr_FR\" \/>\n<meta property=\"og:type\" content=\"article\" \/>\n<meta property=\"og:title\" content=\"Langues - SPECTRUM TRANSLATION | Translation &amp; Linguistic Validation\" \/>\n<meta property=\"og:description\" content=\"Toute la vaste diversit\u00e9 de la plan\u00e8te &nbsp; Active dans le secteur de la traduction en tant que prestataire de services linguistiques (PSL) depuis plus d\u2019une d\u00e9cennie, l\u2019agence Spectrum Translation a le privil\u00e8ge de travailler avec plus de 70\u00a0langues du monde. C\u2019est aujourd\u2019hui devenu chose commune pour les PSL, mais notre soci\u00e9t\u00e9 entretient \u00e9galement des &hellip; Continuer la lecture de &laquo;&nbsp;Langues&nbsp;&raquo;\" \/>\n<meta property=\"og:url\" content=\"https:\/\/www.spectrumtranslation.com\/fr\/langues\/\" \/>\n<meta property=\"og:site_name\" content=\"SPECTRUM TRANSLATION | Translation &amp; Linguistic Validation\" \/>\n<meta property=\"article:modified_time\" content=\"2017-08-22T15:31:36+00:00\" \/>\n<meta property=\"og:image\" content=\"https:\/\/www.spectrumtranslation.com\/wp-content\/uploads\/2017\/04\/19Apr17_violet-field.jpg\" \/>\n\t<meta property=\"og:image:width\" content=\"1366\" \/>\n\t<meta property=\"og:image:height\" content=\"919\" \/>\n\t<meta property=\"og:image:type\" content=\"image\/jpeg\" \/>\n<meta name=\"twitter:card\" content=\"summary_large_image\" \/>\n<meta name=\"twitter:label1\" content=\"Dur\u00e9e de lecture estim\u00e9e\" \/>\n\t<meta name=\"twitter:data1\" content=\"1 minute\" \/>\n<script type=\"application\/ld+json\" class=\"yoast-schema-graph\">{\"@context\":\"https:\\\/\\\/schema.org\",\"@graph\":[{\"@type\":\"WebPage\",\"@id\":\"https:\\\/\\\/www.spectrumtranslation.com\\\/fr\\\/langues\\\/\",\"url\":\"https:\\\/\\\/www.spectrumtranslation.com\\\/fr\\\/langues\\\/\",\"name\":\"Langues - SPECTRUM TRANSLATION | Translation &amp; Linguistic Validation\",\"isPartOf\":{\"@id\":\"https:\\\/\\\/www.spectrumtranslation.com\\\/fr\\\/#website\"},\"primaryImageOfPage\":{\"@id\":\"https:\\\/\\\/www.spectrumtranslation.com\\\/fr\\\/langues\\\/#primaryimage\"},\"image\":{\"@id\":\"https:\\\/\\\/www.spectrumtranslation.com\\\/fr\\\/langues\\\/#primaryimage\"},\"thumbnailUrl\":\"https:\\\/\\\/www.spectrumtranslation.com\\\/wp-content\\\/uploads\\\/2017\\\/04\\\/19Apr17_violet-field.jpg\",\"datePublished\":\"2017-08-22T15:27:49+00:00\",\"dateModified\":\"2017-08-22T15:31:36+00:00\",\"breadcrumb\":{\"@id\":\"https:\\\/\\\/www.spectrumtranslation.com\\\/fr\\\/langues\\\/#breadcrumb\"},\"inLanguage\":\"fr-FR\",\"potentialAction\":[{\"@type\":\"ReadAction\",\"target\":[\"https:\\\/\\\/www.spectrumtranslation.com\\\/fr\\\/langues\\\/\"]}]},{\"@type\":\"ImageObject\",\"inLanguage\":\"fr-FR\",\"@id\":\"https:\\\/\\\/www.spectrumtranslation.com\\\/fr\\\/langues\\\/#primaryimage\",\"url\":\"https:\\\/\\\/www.spectrumtranslation.com\\\/wp-content\\\/uploads\\\/2017\\\/04\\\/19Apr17_violet-field.jpg\",\"contentUrl\":\"https:\\\/\\\/www.spectrumtranslation.com\\\/wp-content\\\/uploads\\\/2017\\\/04\\\/19Apr17_violet-field.jpg\",\"width\":1366,\"height\":919},{\"@type\":\"BreadcrumbList\",\"@id\":\"https:\\\/\\\/www.spectrumtranslation.com\\\/fr\\\/langues\\\/#breadcrumb\",\"itemListElement\":[{\"@type\":\"ListItem\",\"position\":1,\"name\":\"Home\",\"item\":\"https:\\\/\\\/www.spectrumtranslation.com\\\/fr\\\/\"},{\"@type\":\"ListItem\",\"position\":2,\"name\":\"Langues\"}]},{\"@type\":\"WebSite\",\"@id\":\"https:\\\/\\\/www.spectrumtranslation.com\\\/fr\\\/#website\",\"url\":\"https:\\\/\\\/www.spectrumtranslation.com\\\/fr\\\/\",\"name\":\"SPECTRUM TRANSLATION | Translation &amp; Linguistic Validation\",\"description\":\"\",\"publisher\":{\"@id\":\"https:\\\/\\\/www.spectrumtranslation.com\\\/fr\\\/#organization\"},\"potentialAction\":[{\"@type\":\"SearchAction\",\"target\":{\"@type\":\"EntryPoint\",\"urlTemplate\":\"https:\\\/\\\/www.spectrumtranslation.com\\\/fr\\\/?s={search_term_string}\"},\"query-input\":{\"@type\":\"PropertyValueSpecification\",\"valueRequired\":true,\"valueName\":\"search_term_string\"}}],\"inLanguage\":\"fr-FR\"},{\"@type\":\"Organization\",\"@id\":\"https:\\\/\\\/www.spectrumtranslation.com\\\/fr\\\/#organization\",\"name\":\"SPECTRUM TRANSLATION | Translation &amp; Linguistic Validation\",\"url\":\"https:\\\/\\\/www.spectrumtranslation.com\\\/fr\\\/\",\"logo\":{\"@type\":\"ImageObject\",\"inLanguage\":\"fr-FR\",\"@id\":\"https:\\\/\\\/www.spectrumtranslation.com\\\/fr\\\/#\\\/schema\\\/logo\\\/image\\\/\",\"url\":\"https:\\\/\\\/www.spectrumtranslation.com\\\/wp-content\\\/uploads\\\/2017\\\/02\\\/cropped-logo_animated_new-1.gif\",\"contentUrl\":\"https:\\\/\\\/www.spectrumtranslation.com\\\/wp-content\\\/uploads\\\/2017\\\/02\\\/cropped-logo_animated_new-1.gif\",\"width\":250,\"height\":54,\"caption\":\"SPECTRUM TRANSLATION | Translation &amp; Linguistic Validation\"},\"image\":{\"@id\":\"https:\\\/\\\/www.spectrumtranslation.com\\\/fr\\\/#\\\/schema\\\/logo\\\/image\\\/\"}}]}<\/script>\n<!-- \/ Yoast SEO plugin. -->","yoast_head_json":{"title":"Langues - SPECTRUM TRANSLATION | Translation &amp; Linguistic Validation","robots":{"index":"index","follow":"follow","max-snippet":"max-snippet:-1","max-image-preview":"max-image-preview:large","max-video-preview":"max-video-preview:-1"},"canonical":"https:\/\/www.spectrumtranslation.com\/fr\/langues\/","og_locale":"fr_FR","og_type":"article","og_title":"Langues - SPECTRUM TRANSLATION | Translation &amp; Linguistic Validation","og_description":"Toute la vaste diversit\u00e9 de la plan\u00e8te &nbsp; Active dans le secteur de la traduction en tant que prestataire de services linguistiques (PSL) depuis plus d\u2019une d\u00e9cennie, l\u2019agence Spectrum Translation a le privil\u00e8ge de travailler avec plus de 70\u00a0langues du monde. C\u2019est aujourd\u2019hui devenu chose commune pour les PSL, mais notre soci\u00e9t\u00e9 entretient \u00e9galement des &hellip; Continuer la lecture de &laquo;&nbsp;Langues&nbsp;&raquo;","og_url":"https:\/\/www.spectrumtranslation.com\/fr\/langues\/","og_site_name":"SPECTRUM TRANSLATION | Translation &amp; Linguistic Validation","article_modified_time":"2017-08-22T15:31:36+00:00","og_image":[{"width":1366,"height":919,"url":"https:\/\/www.spectrumtranslation.com\/wp-content\/uploads\/2017\/04\/19Apr17_violet-field.jpg","type":"image\/jpeg"}],"twitter_card":"summary_large_image","twitter_misc":{"Dur\u00e9e de lecture estim\u00e9e":"1 minute"},"schema":{"@context":"https:\/\/schema.org","@graph":[{"@type":"WebPage","@id":"https:\/\/www.spectrumtranslation.com\/fr\/langues\/","url":"https:\/\/www.spectrumtranslation.com\/fr\/langues\/","name":"Langues - SPECTRUM TRANSLATION | Translation &amp; Linguistic Validation","isPartOf":{"@id":"https:\/\/www.spectrumtranslation.com\/fr\/#website"},"primaryImageOfPage":{"@id":"https:\/\/www.spectrumtranslation.com\/fr\/langues\/#primaryimage"},"image":{"@id":"https:\/\/www.spectrumtranslation.com\/fr\/langues\/#primaryimage"},"thumbnailUrl":"https:\/\/www.spectrumtranslation.com\/wp-content\/uploads\/2017\/04\/19Apr17_violet-field.jpg","datePublished":"2017-08-22T15:27:49+00:00","dateModified":"2017-08-22T15:31:36+00:00","breadcrumb":{"@id":"https:\/\/www.spectrumtranslation.com\/fr\/langues\/#breadcrumb"},"inLanguage":"fr-FR","potentialAction":[{"@type":"ReadAction","target":["https:\/\/www.spectrumtranslation.com\/fr\/langues\/"]}]},{"@type":"ImageObject","inLanguage":"fr-FR","@id":"https:\/\/www.spectrumtranslation.com\/fr\/langues\/#primaryimage","url":"https:\/\/www.spectrumtranslation.com\/wp-content\/uploads\/2017\/04\/19Apr17_violet-field.jpg","contentUrl":"https:\/\/www.spectrumtranslation.com\/wp-content\/uploads\/2017\/04\/19Apr17_violet-field.jpg","width":1366,"height":919},{"@type":"BreadcrumbList","@id":"https:\/\/www.spectrumtranslation.com\/fr\/langues\/#breadcrumb","itemListElement":[{"@type":"ListItem","position":1,"name":"Home","item":"https:\/\/www.spectrumtranslation.com\/fr\/"},{"@type":"ListItem","position":2,"name":"Langues"}]},{"@type":"WebSite","@id":"https:\/\/www.spectrumtranslation.com\/fr\/#website","url":"https:\/\/www.spectrumtranslation.com\/fr\/","name":"SPECTRUM TRANSLATION | Translation &amp; Linguistic Validation","description":"","publisher":{"@id":"https:\/\/www.spectrumtranslation.com\/fr\/#organization"},"potentialAction":[{"@type":"SearchAction","target":{"@type":"EntryPoint","urlTemplate":"https:\/\/www.spectrumtranslation.com\/fr\/?s={search_term_string}"},"query-input":{"@type":"PropertyValueSpecification","valueRequired":true,"valueName":"search_term_string"}}],"inLanguage":"fr-FR"},{"@type":"Organization","@id":"https:\/\/www.spectrumtranslation.com\/fr\/#organization","name":"SPECTRUM TRANSLATION | Translation &amp; Linguistic Validation","url":"https:\/\/www.spectrumtranslation.com\/fr\/","logo":{"@type":"ImageObject","inLanguage":"fr-FR","@id":"https:\/\/www.spectrumtranslation.com\/fr\/#\/schema\/logo\/image\/","url":"https:\/\/www.spectrumtranslation.com\/wp-content\/uploads\/2017\/02\/cropped-logo_animated_new-1.gif","contentUrl":"https:\/\/www.spectrumtranslation.com\/wp-content\/uploads\/2017\/02\/cropped-logo_animated_new-1.gif","width":250,"height":54,"caption":"SPECTRUM TRANSLATION | Translation &amp; Linguistic Validation"},"image":{"@id":"https:\/\/www.spectrumtranslation.com\/fr\/#\/schema\/logo\/image\/"}}]}},"_links":{"self":[{"href":"https:\/\/www.spectrumtranslation.com\/fr\/wp-json\/wp\/v2\/pages\/1591","targetHints":{"allow":["GET"]}}],"collection":[{"href":"https:\/\/www.spectrumtranslation.com\/fr\/wp-json\/wp\/v2\/pages"}],"about":[{"href":"https:\/\/www.spectrumtranslation.com\/fr\/wp-json\/wp\/v2\/types\/page"}],"author":[{"embeddable":true,"href":"https:\/\/www.spectrumtranslation.com\/fr\/wp-json\/wp\/v2\/users\/1"}],"replies":[{"embeddable":true,"href":"https:\/\/www.spectrumtranslation.com\/fr\/wp-json\/wp\/v2\/comments?post=1591"}],"version-history":[{"count":3,"href":"https:\/\/www.spectrumtranslation.com\/fr\/wp-json\/wp\/v2\/pages\/1591\/revisions"}],"predecessor-version":[{"id":1594,"href":"https:\/\/www.spectrumtranslation.com\/fr\/wp-json\/wp\/v2\/pages\/1591\/revisions\/1594"}],"wp:featuredmedia":[{"embeddable":true,"href":"https:\/\/www.spectrumtranslation.com\/fr\/wp-json\/wp\/v2\/media\/1045"}],"wp:attachment":[{"href":"https:\/\/www.spectrumtranslation.com\/fr\/wp-json\/wp\/v2\/media?parent=1591"}],"curies":[{"name":"wp","href":"https:\/\/api.w.org\/{rel}","templated":true}]}}