{"id":1619,"date":"2017-09-06T19:50:58","date_gmt":"2017-09-06T19:50:58","guid":{"rendered":"https:\/\/www.spectrumtranslation.com\/?page_id=1619\/"},"modified":"2017-09-11T16:52:11","modified_gmt":"2017-09-11T16:52:11","slug":"la-langue-source","status":"publish","type":"page","link":"https:\/\/www.spectrumtranslation.com\/fr\/la-langue-source\/","title":{"rendered":"La langue source"},"content":{"rendered":"<h1 style=\"text-align: center;\"><\/h1>\n<h1 style=\"text-align: center;\"><strong>La logique voudrait que la langue source d\u00e9pende de la situation g\u00e9ographique.<\/strong><\/h1>\n<p>&nbsp;<\/p>\n<p><strong><span style=\"color: #000000;\">LANGUE SOURCE\u00a0: La langue du texte ou du fichier qui nous est confi\u00e9 pour la traduction, relecture ou r\u00e9vision. Celui-ci peut \u00eatre fourni au format papier, num\u00e9rique (Excel, PDF, Word), audio (mp3) ou vid\u00e9o.<\/span> <\/strong><\/p>\n<p>On pourrait penser que la langue source est li\u00e9e \u00e0 la situation g\u00e9ographique. C\u2019est le cas, dans une certaine mesure &#8211; ainsi, comme nous sommes implant\u00e9s aux Pays-Bas, nous recevons de nombreuses demandes en n\u00e9erlandais, anglais, fran\u00e7ais et allemand \u2013\u00a0mais chez Spectrum Translation, nous avons r\u00e9alis\u00e9 que cette tendance est de moins en moins importante que par le pass\u00e9.<\/p>\n<p>Les langues-sources de l\u2019ann\u00e9e \u00e9coul\u00e9e (2017) ont inclus environ 50 langues de toutes les r\u00e9gions du monde, de l&#8217;afrikaans \u00e0 l\u2019albanais et du japonais au kazakh, en passant par le xhosa.<\/p>\n<p>Spectrum Translation peut prendre en charge\u00a0la plupart des langues sources\u00a0qui nous sont confi\u00e9es pour nos travaux. Nous serons heureux d&#8217;\u00e9valuer votre projet individuellement et de vous proposer un standard universel en mati\u00e8re de traduction, de relecture et de r\u00e9vision, en gardant \u00e0 l\u2019esprit vos contraintes sp\u00e9cifiques.<\/p>\n","protected":false},"excerpt":{"rendered":"<p>La logique voudrait que la langue source d\u00e9pende de la situation g\u00e9ographique. &nbsp; LANGUE SOURCE\u00a0: La langue du texte ou du fichier qui nous est confi\u00e9 pour la traduction, relecture ou r\u00e9vision. Celui-ci peut \u00eatre fourni au format papier, num\u00e9rique (Excel, PDF, Word), audio (mp3) ou vid\u00e9o. On pourrait penser que la langue source est &hellip; <a href=\"https:\/\/www.spectrumtranslation.com\/fr\/la-langue-source\/\" class=\"more-link\">Continuer la lecture<span class=\"screen-reader-text\"> de &laquo;&nbsp;La langue source&nbsp;&raquo;<\/span><\/a><\/p>\n","protected":false},"author":1,"featured_media":1128,"parent":0,"menu_order":0,"comment_status":"closed","ping_status":"closed","template":"","meta":{"_acf_changed":false,"nf_dc_page":"","footnotes":""},"class_list":["post-1619","page","type-page","status-publish","has-post-thumbnail","hentry"],"acf":[],"yoast_head":"<!-- This site is optimized with the Yoast SEO plugin v27.4 - https:\/\/yoast.com\/product\/yoast-seo-wordpress\/ -->\n<title>La langue source - SPECTRUM TRANSLATION | Translation &amp; Linguistic Validation<\/title>\n<meta name=\"robots\" content=\"index, follow, max-snippet:-1, max-image-preview:large, max-video-preview:-1\" \/>\n<link rel=\"canonical\" href=\"https:\/\/www.spectrumtranslation.com\/fr\/la-langue-source\/\" \/>\n<meta property=\"og:locale\" content=\"fr_FR\" \/>\n<meta property=\"og:type\" content=\"article\" \/>\n<meta property=\"og:title\" content=\"La langue source - SPECTRUM TRANSLATION | Translation &amp; Linguistic Validation\" \/>\n<meta property=\"og:description\" content=\"La logique voudrait que la langue source d\u00e9pende de la situation g\u00e9ographique. &nbsp; LANGUE SOURCE\u00a0: La langue du texte ou du fichier qui nous est confi\u00e9 pour la traduction, relecture ou r\u00e9vision. Celui-ci peut \u00eatre fourni au format papier, num\u00e9rique (Excel, PDF, Word), audio (mp3) ou vid\u00e9o. On pourrait penser que la langue source est &hellip; Continuer la lecture de &laquo;&nbsp;La langue source&nbsp;&raquo;\" \/>\n<meta property=\"og:url\" content=\"https:\/\/www.spectrumtranslation.com\/fr\/la-langue-source\/\" \/>\n<meta property=\"og:site_name\" content=\"SPECTRUM TRANSLATION | Translation &amp; Linguistic Validation\" \/>\n<meta property=\"article:modified_time\" content=\"2017-09-11T16:52:11+00:00\" \/>\n<meta property=\"og:image\" content=\"https:\/\/www.spectrumtranslation.com\/wp-content\/uploads\/2017\/05\/bali-terraces-e1494187710630.jpg\" \/>\n\t<meta property=\"og:image:width\" content=\"1366\" \/>\n\t<meta property=\"og:image:height\" content=\"905\" \/>\n\t<meta property=\"og:image:type\" content=\"image\/jpeg\" \/>\n<meta name=\"twitter:card\" content=\"summary_large_image\" \/>\n<meta name=\"twitter:label1\" content=\"Dur\u00e9e de lecture estim\u00e9e\" \/>\n\t<meta name=\"twitter:data1\" content=\"1 minute\" \/>\n<script type=\"application\/ld+json\" class=\"yoast-schema-graph\">{\"@context\":\"https:\\\/\\\/schema.org\",\"@graph\":[{\"@type\":\"WebPage\",\"@id\":\"https:\\\/\\\/www.spectrumtranslation.com\\\/fr\\\/la-langue-source\\\/\",\"url\":\"https:\\\/\\\/www.spectrumtranslation.com\\\/fr\\\/la-langue-source\\\/\",\"name\":\"La langue source - SPECTRUM TRANSLATION | Translation &amp; Linguistic Validation\",\"isPartOf\":{\"@id\":\"https:\\\/\\\/www.spectrumtranslation.com\\\/fr\\\/#website\"},\"primaryImageOfPage\":{\"@id\":\"https:\\\/\\\/www.spectrumtranslation.com\\\/fr\\\/la-langue-source\\\/#primaryimage\"},\"image\":{\"@id\":\"https:\\\/\\\/www.spectrumtranslation.com\\\/fr\\\/la-langue-source\\\/#primaryimage\"},\"thumbnailUrl\":\"https:\\\/\\\/www.spectrumtranslation.com\\\/wp-content\\\/uploads\\\/2017\\\/05\\\/bali-terraces-e1494187710630.jpg\",\"datePublished\":\"2017-09-06T19:50:58+00:00\",\"dateModified\":\"2017-09-11T16:52:11+00:00\",\"breadcrumb\":{\"@id\":\"https:\\\/\\\/www.spectrumtranslation.com\\\/fr\\\/la-langue-source\\\/#breadcrumb\"},\"inLanguage\":\"fr-FR\",\"potentialAction\":[{\"@type\":\"ReadAction\",\"target\":[\"https:\\\/\\\/www.spectrumtranslation.com\\\/fr\\\/la-langue-source\\\/\"]}]},{\"@type\":\"ImageObject\",\"inLanguage\":\"fr-FR\",\"@id\":\"https:\\\/\\\/www.spectrumtranslation.com\\\/fr\\\/la-langue-source\\\/#primaryimage\",\"url\":\"https:\\\/\\\/www.spectrumtranslation.com\\\/wp-content\\\/uploads\\\/2017\\\/05\\\/bali-terraces-e1494187710630.jpg\",\"contentUrl\":\"https:\\\/\\\/www.spectrumtranslation.com\\\/wp-content\\\/uploads\\\/2017\\\/05\\\/bali-terraces-e1494187710630.jpg\",\"width\":1366,\"height\":905},{\"@type\":\"BreadcrumbList\",\"@id\":\"https:\\\/\\\/www.spectrumtranslation.com\\\/fr\\\/la-langue-source\\\/#breadcrumb\",\"itemListElement\":[{\"@type\":\"ListItem\",\"position\":1,\"name\":\"Home\",\"item\":\"https:\\\/\\\/www.spectrumtranslation.com\\\/fr\\\/\"},{\"@type\":\"ListItem\",\"position\":2,\"name\":\"La langue source\"}]},{\"@type\":\"WebSite\",\"@id\":\"https:\\\/\\\/www.spectrumtranslation.com\\\/fr\\\/#website\",\"url\":\"https:\\\/\\\/www.spectrumtranslation.com\\\/fr\\\/\",\"name\":\"SPECTRUM TRANSLATION | Translation &amp; Linguistic Validation\",\"description\":\"\",\"publisher\":{\"@id\":\"https:\\\/\\\/www.spectrumtranslation.com\\\/fr\\\/#organization\"},\"potentialAction\":[{\"@type\":\"SearchAction\",\"target\":{\"@type\":\"EntryPoint\",\"urlTemplate\":\"https:\\\/\\\/www.spectrumtranslation.com\\\/fr\\\/?s={search_term_string}\"},\"query-input\":{\"@type\":\"PropertyValueSpecification\",\"valueRequired\":true,\"valueName\":\"search_term_string\"}}],\"inLanguage\":\"fr-FR\"},{\"@type\":\"Organization\",\"@id\":\"https:\\\/\\\/www.spectrumtranslation.com\\\/fr\\\/#organization\",\"name\":\"SPECTRUM TRANSLATION | Translation &amp; Linguistic Validation\",\"url\":\"https:\\\/\\\/www.spectrumtranslation.com\\\/fr\\\/\",\"logo\":{\"@type\":\"ImageObject\",\"inLanguage\":\"fr-FR\",\"@id\":\"https:\\\/\\\/www.spectrumtranslation.com\\\/fr\\\/#\\\/schema\\\/logo\\\/image\\\/\",\"url\":\"https:\\\/\\\/www.spectrumtranslation.com\\\/wp-content\\\/uploads\\\/2017\\\/02\\\/cropped-logo_animated_new-1.gif\",\"contentUrl\":\"https:\\\/\\\/www.spectrumtranslation.com\\\/wp-content\\\/uploads\\\/2017\\\/02\\\/cropped-logo_animated_new-1.gif\",\"width\":250,\"height\":54,\"caption\":\"SPECTRUM TRANSLATION | Translation &amp; Linguistic Validation\"},\"image\":{\"@id\":\"https:\\\/\\\/www.spectrumtranslation.com\\\/fr\\\/#\\\/schema\\\/logo\\\/image\\\/\"}}]}<\/script>\n<!-- \/ Yoast SEO plugin. -->","yoast_head_json":{"title":"La langue source - SPECTRUM TRANSLATION | Translation &amp; Linguistic Validation","robots":{"index":"index","follow":"follow","max-snippet":"max-snippet:-1","max-image-preview":"max-image-preview:large","max-video-preview":"max-video-preview:-1"},"canonical":"https:\/\/www.spectrumtranslation.com\/fr\/la-langue-source\/","og_locale":"fr_FR","og_type":"article","og_title":"La langue source - SPECTRUM TRANSLATION | Translation &amp; Linguistic Validation","og_description":"La logique voudrait que la langue source d\u00e9pende de la situation g\u00e9ographique. &nbsp; LANGUE SOURCE\u00a0: La langue du texte ou du fichier qui nous est confi\u00e9 pour la traduction, relecture ou r\u00e9vision. Celui-ci peut \u00eatre fourni au format papier, num\u00e9rique (Excel, PDF, Word), audio (mp3) ou vid\u00e9o. On pourrait penser que la langue source est &hellip; Continuer la lecture de &laquo;&nbsp;La langue source&nbsp;&raquo;","og_url":"https:\/\/www.spectrumtranslation.com\/fr\/la-langue-source\/","og_site_name":"SPECTRUM TRANSLATION | Translation &amp; Linguistic Validation","article_modified_time":"2017-09-11T16:52:11+00:00","og_image":[{"width":1366,"height":905,"url":"https:\/\/www.spectrumtranslation.com\/wp-content\/uploads\/2017\/05\/bali-terraces-e1494187710630.jpg","type":"image\/jpeg"}],"twitter_card":"summary_large_image","twitter_misc":{"Dur\u00e9e de lecture estim\u00e9e":"1 minute"},"schema":{"@context":"https:\/\/schema.org","@graph":[{"@type":"WebPage","@id":"https:\/\/www.spectrumtranslation.com\/fr\/la-langue-source\/","url":"https:\/\/www.spectrumtranslation.com\/fr\/la-langue-source\/","name":"La langue source - SPECTRUM TRANSLATION | Translation &amp; Linguistic Validation","isPartOf":{"@id":"https:\/\/www.spectrumtranslation.com\/fr\/#website"},"primaryImageOfPage":{"@id":"https:\/\/www.spectrumtranslation.com\/fr\/la-langue-source\/#primaryimage"},"image":{"@id":"https:\/\/www.spectrumtranslation.com\/fr\/la-langue-source\/#primaryimage"},"thumbnailUrl":"https:\/\/www.spectrumtranslation.com\/wp-content\/uploads\/2017\/05\/bali-terraces-e1494187710630.jpg","datePublished":"2017-09-06T19:50:58+00:00","dateModified":"2017-09-11T16:52:11+00:00","breadcrumb":{"@id":"https:\/\/www.spectrumtranslation.com\/fr\/la-langue-source\/#breadcrumb"},"inLanguage":"fr-FR","potentialAction":[{"@type":"ReadAction","target":["https:\/\/www.spectrumtranslation.com\/fr\/la-langue-source\/"]}]},{"@type":"ImageObject","inLanguage":"fr-FR","@id":"https:\/\/www.spectrumtranslation.com\/fr\/la-langue-source\/#primaryimage","url":"https:\/\/www.spectrumtranslation.com\/wp-content\/uploads\/2017\/05\/bali-terraces-e1494187710630.jpg","contentUrl":"https:\/\/www.spectrumtranslation.com\/wp-content\/uploads\/2017\/05\/bali-terraces-e1494187710630.jpg","width":1366,"height":905},{"@type":"BreadcrumbList","@id":"https:\/\/www.spectrumtranslation.com\/fr\/la-langue-source\/#breadcrumb","itemListElement":[{"@type":"ListItem","position":1,"name":"Home","item":"https:\/\/www.spectrumtranslation.com\/fr\/"},{"@type":"ListItem","position":2,"name":"La langue source"}]},{"@type":"WebSite","@id":"https:\/\/www.spectrumtranslation.com\/fr\/#website","url":"https:\/\/www.spectrumtranslation.com\/fr\/","name":"SPECTRUM TRANSLATION | Translation &amp; Linguistic Validation","description":"","publisher":{"@id":"https:\/\/www.spectrumtranslation.com\/fr\/#organization"},"potentialAction":[{"@type":"SearchAction","target":{"@type":"EntryPoint","urlTemplate":"https:\/\/www.spectrumtranslation.com\/fr\/?s={search_term_string}"},"query-input":{"@type":"PropertyValueSpecification","valueRequired":true,"valueName":"search_term_string"}}],"inLanguage":"fr-FR"},{"@type":"Organization","@id":"https:\/\/www.spectrumtranslation.com\/fr\/#organization","name":"SPECTRUM TRANSLATION | Translation &amp; Linguistic Validation","url":"https:\/\/www.spectrumtranslation.com\/fr\/","logo":{"@type":"ImageObject","inLanguage":"fr-FR","@id":"https:\/\/www.spectrumtranslation.com\/fr\/#\/schema\/logo\/image\/","url":"https:\/\/www.spectrumtranslation.com\/wp-content\/uploads\/2017\/02\/cropped-logo_animated_new-1.gif","contentUrl":"https:\/\/www.spectrumtranslation.com\/wp-content\/uploads\/2017\/02\/cropped-logo_animated_new-1.gif","width":250,"height":54,"caption":"SPECTRUM TRANSLATION | Translation &amp; Linguistic Validation"},"image":{"@id":"https:\/\/www.spectrumtranslation.com\/fr\/#\/schema\/logo\/image\/"}}]}},"_links":{"self":[{"href":"https:\/\/www.spectrumtranslation.com\/fr\/wp-json\/wp\/v2\/pages\/1619","targetHints":{"allow":["GET"]}}],"collection":[{"href":"https:\/\/www.spectrumtranslation.com\/fr\/wp-json\/wp\/v2\/pages"}],"about":[{"href":"https:\/\/www.spectrumtranslation.com\/fr\/wp-json\/wp\/v2\/types\/page"}],"author":[{"embeddable":true,"href":"https:\/\/www.spectrumtranslation.com\/fr\/wp-json\/wp\/v2\/users\/1"}],"replies":[{"embeddable":true,"href":"https:\/\/www.spectrumtranslation.com\/fr\/wp-json\/wp\/v2\/comments?post=1619"}],"version-history":[{"count":2,"href":"https:\/\/www.spectrumtranslation.com\/fr\/wp-json\/wp\/v2\/pages\/1619\/revisions"}],"predecessor-version":[{"id":1782,"href":"https:\/\/www.spectrumtranslation.com\/fr\/wp-json\/wp\/v2\/pages\/1619\/revisions\/1782"}],"wp:featuredmedia":[{"embeddable":true,"href":"https:\/\/www.spectrumtranslation.com\/fr\/wp-json\/wp\/v2\/media\/1128"}],"wp:attachment":[{"href":"https:\/\/www.spectrumtranslation.com\/fr\/wp-json\/wp\/v2\/media?parent=1619"}],"curies":[{"name":"wp","href":"https:\/\/api.w.org\/{rel}","templated":true}]}}