{"id":1623,"date":"2017-09-06T20:15:27","date_gmt":"2017-09-06T20:15:27","guid":{"rendered":"https:\/\/www.spectrumtranslation.com\/?page_id=1623\/"},"modified":"2017-09-11T17:26:47","modified_gmt":"2017-09-11T17:26:47","slug":"langues-aller-plus-loin","status":"publish","type":"page","link":"https:\/\/www.spectrumtranslation.com\/fr\/langues-aller-plus-loin\/","title":{"rendered":"Langues: aller plus loin"},"content":{"rendered":"<h1 style=\"text-align: center;\"><\/h1>\n<h1 style=\"text-align: center;\"><strong><span style=\"color: #000000;\">Nous allons toujours un peu plus loin.<\/span><\/strong><\/h1>\n<p>&nbsp;<\/p>\n<p style=\"text-align: left;\">Il est monnaie courante dans l&#8217;industrie d\u2019\u00e9num\u00e9rer les langues qu\u2019une agence est en mesure de traduire. Nous allons un peu plus loin, en citant <em>uniquement<\/em> les langues dans lesquelles nous avons effectu\u00e9 des travaux de traduction, de relecture ou de r\u00e9vision au cours de l\u2019ann\u00e9e pr\u00e9c\u00e9dente (2017).<\/p>\n<p>&nbsp;<\/p>\n<h1 style=\"text-align: center;\"><span style=\"color: #000000;\"><strong>EUROPE<\/strong><\/span><\/h1>\n<h3 style=\"text-align: center;\"><span style=\"color: #000000;\"><strong><span style=\"font-family: Thread-0000182c-Id-000001ea;\">Langues germaniques occidentales (Europe)<\/span><\/strong><\/span><\/h3>\n<p style=\"text-align: center;\">Anglais<br \/>\nAllemand<br \/>\n<span style=\"color: #000000;\">N\u00e9erlandais<\/span><\/p>\n<h3 style=\"text-align: center;\"><span style=\"color: #000000;\"><strong><span style=\"font-family: Thread-0000182c-Id-000001ea;\">Langues scandinaves (Europe)<\/span><\/strong><\/span><\/h3>\n<p style=\"text-align: center;\">Danois<br \/>\nNorv\u00e9gien<br \/>\nSu\u00e9dois<\/p>\n<h3 style=\"text-align: center;\"><span style=\"color: #000000;\"><strong><span style=\"font-family: Thread-0000182c-Id-000001ea;\">Langues romanes (Europe)<\/span><\/strong><\/span><\/h3>\n<p style=\"text-align: center;\">Espagnol<br \/>\nFran\u00e7ais<br \/>\nItalien<br \/>\nPortugais<br \/>\nRoumain<\/p>\n<h3 style=\"text-align: center;\"><span style=\"color: #000000;\"><strong><span style=\"font-family: Thread-0000182c-Id-000001ea;\">Langues slaves (Europe-Asie)<\/span><\/strong><\/span><\/h3>\n<p style=\"text-align: center;\">Croate<br \/>\nPolonais<br \/>\nRusse<br \/>\nSlovaque<br \/>\nSlov\u00e8ne<br \/>\nTch\u00e8que<\/p>\n<h3 style=\"text-align: center;\"><span style=\"color: #000000;\"><strong><span style=\"font-family: Thread-0000182c-Id-000001ea;\">Langues finno-ougriennes (Europe)<\/span><\/strong><\/span><\/h3>\n<p style=\"text-align: center;\">Estonien<br \/>\nFinnois<br \/>\nHongrois<\/p>\n<h3 style=\"text-align: center;\"><span style=\"color: #000000;\"><strong><span style=\"font-family: Thread-0000182c-Id-000001ea;\">Langues s\u00e9mitiques (Europe)<\/span><\/strong><\/span><\/h3>\n<p style=\"text-align: center;\"><span style=\"color: #000000;\">Maltais<\/span><\/p>\n<p>&nbsp;<\/p>\n<h1 style=\"text-align: center;\"><span style=\"color: #000000;\"><strong>AM\u00c9RIQUE DU NORD<\/strong><\/span><\/h1>\n<p style=\"text-align: center;\">Anglais<br \/>\nEspagnol<br \/>\nFran\u00e7ais<br \/>\nChinois<\/p>\n<p>&nbsp;<\/p>\n<h1 style=\"text-align: center;\"><span style=\"color: #000000;\"><strong>AM\u00c9RIQUE DU SUD<\/strong><\/span><\/h1>\n<p style=\"text-align: center;\">Espagnol<br \/>\nPortugais<\/p>\n<p>&nbsp;<\/p>\n<h1 style=\"text-align: center;\"><span style=\"color: #000000;\"><strong>AFRIQUE<\/strong><\/span><\/h1>\n<p style=\"text-align: center;\">Afrikaans<br \/>\nAnglais<br \/>\nFran\u00e7ais<br \/>\nXhosa<\/p>\n<p>&nbsp;<\/p>\n<h1 style=\"text-align: center;\"><span style=\"color: #000000;\"><strong>MOYEN-ORIENT<\/strong><\/span><\/h1>\n<p style=\"text-align: center;\">Arabe<br \/>\nH\u00e9breu<\/p>\n<p>&nbsp;<\/p>\n<h1 style=\"text-align: center;\"><span style=\"color: #000000;\"><strong>ASIE CENTRALE<\/strong><\/span><\/h1>\n<p style=\"text-align: center;\">Kazakh<br \/>\nOuzbek<\/p>\n<p>&nbsp;<\/p>\n<h1 style=\"text-align: center;\"><span style=\"color: #000000;\"><strong>EXTR\u00caME-ORIENT<\/strong><\/span><\/h1>\n<p style=\"text-align: center;\">Chinois<br \/>\nCor\u00e9en<br \/>\nJaponais<\/p>\n<p>&nbsp;<\/p>\n<h1 style=\"text-align: center;\"><span style=\"color: #000000;\"><strong>ASIE DU SUD<\/strong><\/span><\/h1>\n<p style=\"text-align: center;\">Bengali<br \/>\nCingalais<br \/>\nHindi<br \/>\nTamoul<br \/>\nUrdu<\/p>\n<p>&nbsp;<\/p>\n<h1 style=\"text-align: center;\"><span style=\"color: #000000;\"><strong>AUSTRALIE ET NOUVELLE-Z\u00c9LANDE<\/strong><\/span><\/h1>\n<p style=\"text-align: center;\">Anglais<\/p>\n<p>&nbsp;<\/p>\n<h1 style=\"text-align: center;\"><\/h1>\n<p>En plus de ces langues, nous avons re\u00e7u diff\u00e9rentes demandes pour des traductions vers le bulgare, le s\u00e9sotho (Afrique du Sud), le cambodgien, le malais et le vietnamien. En une seule semaine de 2017, nous avons traduit vers l\u2019albanais, le bengali (Inde\/Bangladesh), l\u2019indon\u00e9sien et le cingalais (Sri Lanka).<br \/>\n&nbsp;<\/p>\n<h2 style=\"text-align: center;\"><em><span style=\"color: #000000;\">\u00ab\u00a0J\u2019ai lu la traduction dans son int\u00e9gralit\u00e9 et nous en sommes tr\u00e8s satisfaits.\u00a0\u00bb<\/span><\/em><\/h2>\n<p style=\"text-align: center;\">Client \u00ab\u00a0EF\u00a0\u00bb, ONG europ\u00e9enne, d\u00e9cembre 2016 (Anglais vers fran\u00e7ais de France\/Afrique de l&#8217;Ouest)<\/p>\n<p>&nbsp;<br \/>\nCependant, la liste ci-dessus n\u2019est pas exhaustive, car de nombreuses langues poss\u00e8dent plusieurs types ou variantes r\u00e9gionales. Ainsi, nous avons notamment traduit, relu et r\u00e9vis\u00e9 des documents en fran\u00e7ais d\u2019Alg\u00e9rie, du Canada, de Belgique, de R\u00e9publique d\u00e9mocratique du Congo, de France, du S\u00e9n\u00e9gal et de Suisse, ainsi que du portugais du Br\u00e9sil et du Portugal, du chinois de Ta\u00efwan, de Hong Kong, de Malaisie et de Singapour.<\/p>\n<p>Malgr\u00e9 la vaste palette de langues que nous prenons en charge, nos sp\u00e9cialit\u00e9s r\u00e9sident assur\u00e9ment dans les langues europ\u00e9ennes, le chinois et le japonais, que nous traitons toutes sur une base horaire.<\/p>\n","protected":false},"excerpt":{"rendered":"<p>Nous allons toujours un peu plus loin. &nbsp; Il est monnaie courante dans l&#8217;industrie d\u2019\u00e9num\u00e9rer les langues qu\u2019une agence est en mesure de traduire. Nous allons un peu plus loin, en citant uniquement les langues dans lesquelles nous avons effectu\u00e9 des travaux de traduction, de relecture ou de r\u00e9vision au cours de l\u2019ann\u00e9e pr\u00e9c\u00e9dente (2017). &hellip; <a href=\"https:\/\/www.spectrumtranslation.com\/fr\/langues-aller-plus-loin\/\" class=\"more-link\">Continuer la lecture<span class=\"screen-reader-text\"> de &laquo;&nbsp;Langues: aller plus loin&nbsp;&raquo;<\/span><\/a><\/p>\n","protected":false},"author":1,"featured_media":1141,"parent":0,"menu_order":0,"comment_status":"closed","ping_status":"closed","template":"","meta":{"_acf_changed":false,"nf_dc_page":"","footnotes":""},"class_list":["post-1623","page","type-page","status-publish","has-post-thumbnail","hentry"],"acf":[],"yoast_head":"<!-- This site is optimized with the Yoast SEO plugin v27.4 - https:\/\/yoast.com\/product\/yoast-seo-wordpress\/ -->\n<title>Langues: aller plus loin - SPECTRUM TRANSLATION | Translation &amp; Linguistic Validation<\/title>\n<meta name=\"robots\" content=\"index, follow, max-snippet:-1, max-image-preview:large, max-video-preview:-1\" \/>\n<link rel=\"canonical\" href=\"https:\/\/www.spectrumtranslation.com\/fr\/langues-aller-plus-loin\/\" \/>\n<meta property=\"og:locale\" content=\"fr_FR\" \/>\n<meta property=\"og:type\" content=\"article\" \/>\n<meta property=\"og:title\" content=\"Langues: aller plus loin - SPECTRUM TRANSLATION | Translation &amp; Linguistic Validation\" \/>\n<meta property=\"og:description\" content=\"Nous allons toujours un peu plus loin. &nbsp; Il est monnaie courante dans l&#8217;industrie d\u2019\u00e9num\u00e9rer les langues qu\u2019une agence est en mesure de traduire. Nous allons un peu plus loin, en citant uniquement les langues dans lesquelles nous avons effectu\u00e9 des travaux de traduction, de relecture ou de r\u00e9vision au cours de l\u2019ann\u00e9e pr\u00e9c\u00e9dente (2017). &hellip; Continuer la lecture de &laquo;&nbsp;Langues: aller plus loin&nbsp;&raquo;\" \/>\n<meta property=\"og:url\" content=\"https:\/\/www.spectrumtranslation.com\/fr\/langues-aller-plus-loin\/\" \/>\n<meta property=\"og:site_name\" content=\"SPECTRUM TRANSLATION | Translation &amp; Linguistic Validation\" \/>\n<meta property=\"article:modified_time\" content=\"2017-09-11T17:26:47+00:00\" \/>\n<meta property=\"og:image\" content=\"https:\/\/www.spectrumtranslation.com\/wp-content\/uploads\/2017\/05\/amphitheater-e1494340015984.jpg\" \/>\n\t<meta property=\"og:image:width\" content=\"1366\" \/>\n\t<meta property=\"og:image:height\" content=\"1026\" \/>\n\t<meta property=\"og:image:type\" content=\"image\/jpeg\" \/>\n<meta name=\"twitter:card\" content=\"summary_large_image\" \/>\n<meta name=\"twitter:label1\" content=\"Dur\u00e9e de lecture estim\u00e9e\" \/>\n\t<meta name=\"twitter:data1\" content=\"2 minutes\" \/>\n<script type=\"application\/ld+json\" class=\"yoast-schema-graph\">{\"@context\":\"https:\\\/\\\/schema.org\",\"@graph\":[{\"@type\":\"WebPage\",\"@id\":\"https:\\\/\\\/www.spectrumtranslation.com\\\/fr\\\/langues-aller-plus-loin\\\/\",\"url\":\"https:\\\/\\\/www.spectrumtranslation.com\\\/fr\\\/langues-aller-plus-loin\\\/\",\"name\":\"Langues: aller plus loin - SPECTRUM TRANSLATION | Translation &amp; Linguistic Validation\",\"isPartOf\":{\"@id\":\"https:\\\/\\\/www.spectrumtranslation.com\\\/fr\\\/#website\"},\"primaryImageOfPage\":{\"@id\":\"https:\\\/\\\/www.spectrumtranslation.com\\\/fr\\\/langues-aller-plus-loin\\\/#primaryimage\"},\"image\":{\"@id\":\"https:\\\/\\\/www.spectrumtranslation.com\\\/fr\\\/langues-aller-plus-loin\\\/#primaryimage\"},\"thumbnailUrl\":\"https:\\\/\\\/www.spectrumtranslation.com\\\/wp-content\\\/uploads\\\/2017\\\/05\\\/amphitheater-e1494340015984.jpg\",\"datePublished\":\"2017-09-06T20:15:27+00:00\",\"dateModified\":\"2017-09-11T17:26:47+00:00\",\"breadcrumb\":{\"@id\":\"https:\\\/\\\/www.spectrumtranslation.com\\\/fr\\\/langues-aller-plus-loin\\\/#breadcrumb\"},\"inLanguage\":\"fr-FR\",\"potentialAction\":[{\"@type\":\"ReadAction\",\"target\":[\"https:\\\/\\\/www.spectrumtranslation.com\\\/fr\\\/langues-aller-plus-loin\\\/\"]}]},{\"@type\":\"ImageObject\",\"inLanguage\":\"fr-FR\",\"@id\":\"https:\\\/\\\/www.spectrumtranslation.com\\\/fr\\\/langues-aller-plus-loin\\\/#primaryimage\",\"url\":\"https:\\\/\\\/www.spectrumtranslation.com\\\/wp-content\\\/uploads\\\/2017\\\/05\\\/amphitheater-e1494340015984.jpg\",\"contentUrl\":\"https:\\\/\\\/www.spectrumtranslation.com\\\/wp-content\\\/uploads\\\/2017\\\/05\\\/amphitheater-e1494340015984.jpg\",\"width\":1366,\"height\":1026},{\"@type\":\"BreadcrumbList\",\"@id\":\"https:\\\/\\\/www.spectrumtranslation.com\\\/fr\\\/langues-aller-plus-loin\\\/#breadcrumb\",\"itemListElement\":[{\"@type\":\"ListItem\",\"position\":1,\"name\":\"Home\",\"item\":\"https:\\\/\\\/www.spectrumtranslation.com\\\/fr\\\/\"},{\"@type\":\"ListItem\",\"position\":2,\"name\":\"Langues: aller plus loin\"}]},{\"@type\":\"WebSite\",\"@id\":\"https:\\\/\\\/www.spectrumtranslation.com\\\/fr\\\/#website\",\"url\":\"https:\\\/\\\/www.spectrumtranslation.com\\\/fr\\\/\",\"name\":\"SPECTRUM TRANSLATION | Translation &amp; Linguistic Validation\",\"description\":\"\",\"publisher\":{\"@id\":\"https:\\\/\\\/www.spectrumtranslation.com\\\/fr\\\/#organization\"},\"potentialAction\":[{\"@type\":\"SearchAction\",\"target\":{\"@type\":\"EntryPoint\",\"urlTemplate\":\"https:\\\/\\\/www.spectrumtranslation.com\\\/fr\\\/?s={search_term_string}\"},\"query-input\":{\"@type\":\"PropertyValueSpecification\",\"valueRequired\":true,\"valueName\":\"search_term_string\"}}],\"inLanguage\":\"fr-FR\"},{\"@type\":\"Organization\",\"@id\":\"https:\\\/\\\/www.spectrumtranslation.com\\\/fr\\\/#organization\",\"name\":\"SPECTRUM TRANSLATION | Translation &amp; Linguistic Validation\",\"url\":\"https:\\\/\\\/www.spectrumtranslation.com\\\/fr\\\/\",\"logo\":{\"@type\":\"ImageObject\",\"inLanguage\":\"fr-FR\",\"@id\":\"https:\\\/\\\/www.spectrumtranslation.com\\\/fr\\\/#\\\/schema\\\/logo\\\/image\\\/\",\"url\":\"https:\\\/\\\/www.spectrumtranslation.com\\\/wp-content\\\/uploads\\\/2017\\\/02\\\/cropped-logo_animated_new-1.gif\",\"contentUrl\":\"https:\\\/\\\/www.spectrumtranslation.com\\\/wp-content\\\/uploads\\\/2017\\\/02\\\/cropped-logo_animated_new-1.gif\",\"width\":250,\"height\":54,\"caption\":\"SPECTRUM TRANSLATION | Translation &amp; Linguistic Validation\"},\"image\":{\"@id\":\"https:\\\/\\\/www.spectrumtranslation.com\\\/fr\\\/#\\\/schema\\\/logo\\\/image\\\/\"}}]}<\/script>\n<!-- \/ Yoast SEO plugin. -->","yoast_head_json":{"title":"Langues: aller plus loin - SPECTRUM TRANSLATION | Translation &amp; Linguistic Validation","robots":{"index":"index","follow":"follow","max-snippet":"max-snippet:-1","max-image-preview":"max-image-preview:large","max-video-preview":"max-video-preview:-1"},"canonical":"https:\/\/www.spectrumtranslation.com\/fr\/langues-aller-plus-loin\/","og_locale":"fr_FR","og_type":"article","og_title":"Langues: aller plus loin - SPECTRUM TRANSLATION | Translation &amp; Linguistic Validation","og_description":"Nous allons toujours un peu plus loin. &nbsp; Il est monnaie courante dans l&#8217;industrie d\u2019\u00e9num\u00e9rer les langues qu\u2019une agence est en mesure de traduire. Nous allons un peu plus loin, en citant uniquement les langues dans lesquelles nous avons effectu\u00e9 des travaux de traduction, de relecture ou de r\u00e9vision au cours de l\u2019ann\u00e9e pr\u00e9c\u00e9dente (2017). &hellip; Continuer la lecture de &laquo;&nbsp;Langues: aller plus loin&nbsp;&raquo;","og_url":"https:\/\/www.spectrumtranslation.com\/fr\/langues-aller-plus-loin\/","og_site_name":"SPECTRUM TRANSLATION | Translation &amp; Linguistic Validation","article_modified_time":"2017-09-11T17:26:47+00:00","og_image":[{"width":1366,"height":1026,"url":"https:\/\/www.spectrumtranslation.com\/wp-content\/uploads\/2017\/05\/amphitheater-e1494340015984.jpg","type":"image\/jpeg"}],"twitter_card":"summary_large_image","twitter_misc":{"Dur\u00e9e de lecture estim\u00e9e":"2 minutes"},"schema":{"@context":"https:\/\/schema.org","@graph":[{"@type":"WebPage","@id":"https:\/\/www.spectrumtranslation.com\/fr\/langues-aller-plus-loin\/","url":"https:\/\/www.spectrumtranslation.com\/fr\/langues-aller-plus-loin\/","name":"Langues: aller plus loin - SPECTRUM TRANSLATION | Translation &amp; Linguistic Validation","isPartOf":{"@id":"https:\/\/www.spectrumtranslation.com\/fr\/#website"},"primaryImageOfPage":{"@id":"https:\/\/www.spectrumtranslation.com\/fr\/langues-aller-plus-loin\/#primaryimage"},"image":{"@id":"https:\/\/www.spectrumtranslation.com\/fr\/langues-aller-plus-loin\/#primaryimage"},"thumbnailUrl":"https:\/\/www.spectrumtranslation.com\/wp-content\/uploads\/2017\/05\/amphitheater-e1494340015984.jpg","datePublished":"2017-09-06T20:15:27+00:00","dateModified":"2017-09-11T17:26:47+00:00","breadcrumb":{"@id":"https:\/\/www.spectrumtranslation.com\/fr\/langues-aller-plus-loin\/#breadcrumb"},"inLanguage":"fr-FR","potentialAction":[{"@type":"ReadAction","target":["https:\/\/www.spectrumtranslation.com\/fr\/langues-aller-plus-loin\/"]}]},{"@type":"ImageObject","inLanguage":"fr-FR","@id":"https:\/\/www.spectrumtranslation.com\/fr\/langues-aller-plus-loin\/#primaryimage","url":"https:\/\/www.spectrumtranslation.com\/wp-content\/uploads\/2017\/05\/amphitheater-e1494340015984.jpg","contentUrl":"https:\/\/www.spectrumtranslation.com\/wp-content\/uploads\/2017\/05\/amphitheater-e1494340015984.jpg","width":1366,"height":1026},{"@type":"BreadcrumbList","@id":"https:\/\/www.spectrumtranslation.com\/fr\/langues-aller-plus-loin\/#breadcrumb","itemListElement":[{"@type":"ListItem","position":1,"name":"Home","item":"https:\/\/www.spectrumtranslation.com\/fr\/"},{"@type":"ListItem","position":2,"name":"Langues: aller plus loin"}]},{"@type":"WebSite","@id":"https:\/\/www.spectrumtranslation.com\/fr\/#website","url":"https:\/\/www.spectrumtranslation.com\/fr\/","name":"SPECTRUM TRANSLATION | Translation &amp; Linguistic Validation","description":"","publisher":{"@id":"https:\/\/www.spectrumtranslation.com\/fr\/#organization"},"potentialAction":[{"@type":"SearchAction","target":{"@type":"EntryPoint","urlTemplate":"https:\/\/www.spectrumtranslation.com\/fr\/?s={search_term_string}"},"query-input":{"@type":"PropertyValueSpecification","valueRequired":true,"valueName":"search_term_string"}}],"inLanguage":"fr-FR"},{"@type":"Organization","@id":"https:\/\/www.spectrumtranslation.com\/fr\/#organization","name":"SPECTRUM TRANSLATION | Translation &amp; Linguistic Validation","url":"https:\/\/www.spectrumtranslation.com\/fr\/","logo":{"@type":"ImageObject","inLanguage":"fr-FR","@id":"https:\/\/www.spectrumtranslation.com\/fr\/#\/schema\/logo\/image\/","url":"https:\/\/www.spectrumtranslation.com\/wp-content\/uploads\/2017\/02\/cropped-logo_animated_new-1.gif","contentUrl":"https:\/\/www.spectrumtranslation.com\/wp-content\/uploads\/2017\/02\/cropped-logo_animated_new-1.gif","width":250,"height":54,"caption":"SPECTRUM TRANSLATION | Translation &amp; Linguistic Validation"},"image":{"@id":"https:\/\/www.spectrumtranslation.com\/fr\/#\/schema\/logo\/image\/"}}]}},"_links":{"self":[{"href":"https:\/\/www.spectrumtranslation.com\/fr\/wp-json\/wp\/v2\/pages\/1623","targetHints":{"allow":["GET"]}}],"collection":[{"href":"https:\/\/www.spectrumtranslation.com\/fr\/wp-json\/wp\/v2\/pages"}],"about":[{"href":"https:\/\/www.spectrumtranslation.com\/fr\/wp-json\/wp\/v2\/types\/page"}],"author":[{"embeddable":true,"href":"https:\/\/www.spectrumtranslation.com\/fr\/wp-json\/wp\/v2\/users\/1"}],"replies":[{"embeddable":true,"href":"https:\/\/www.spectrumtranslation.com\/fr\/wp-json\/wp\/v2\/comments?post=1623"}],"version-history":[{"count":12,"href":"https:\/\/www.spectrumtranslation.com\/fr\/wp-json\/wp\/v2\/pages\/1623\/revisions"}],"predecessor-version":[{"id":1798,"href":"https:\/\/www.spectrumtranslation.com\/fr\/wp-json\/wp\/v2\/pages\/1623\/revisions\/1798"}],"wp:featuredmedia":[{"embeddable":true,"href":"https:\/\/www.spectrumtranslation.com\/fr\/wp-json\/wp\/v2\/media\/1141"}],"wp:attachment":[{"href":"https:\/\/www.spectrumtranslation.com\/fr\/wp-json\/wp\/v2\/media?parent=1623"}],"curies":[{"name":"wp","href":"https:\/\/api.w.org\/{rel}","templated":true}]}}