{"id":2173,"date":"2017-10-04T19:29:58","date_gmt":"2017-10-04T19:29:58","guid":{"rendered":"https:\/\/www.spectrumtranslation.com\/?page_id=2173\/"},"modified":"2017-10-04T19:29:58","modified_gmt":"2017-10-04T19:29:58","slug":"i-nostri-traduttori","status":"publish","type":"page","link":"https:\/\/www.spectrumtranslation.com\/it\/i-nostri-traduttori\/","title":{"rendered":"I NOSTRI TRADUTTORI"},"content":{"rendered":"<h1 style=\"text-align: center;\"><\/h1>\n<h1 style=\"text-align: center;\"><span style=\"color: #000000;\"><strong>Traduttori selezionati<\/strong><\/span><\/h1>\n<p>&nbsp;<br \/>\nI traduttori che si occuperanno dei vostri progetti sono stati selezionati sulla base di:<\/p>\n<p>&#8211; istruzione formale in lingue, traduzione, editing e copywriting<br \/>\n&#8211; esperienza nel settore<br \/>\n&#8211; qualit\u00e0 del lavoro<\/p>\n<p>\u00c8 inutile precisare che quest&#8217;ultimo aspetto \u00e8 quello a cui teniamo di pi\u00f9.  <\/p>\n<p>Oltre il 90% dei traduttori che hanno lavorato sui nostri progetti nell&#8217;ultimo anno, possiede una laurea in Lingue moderne (le loro lingue di origine) e quasi altrettanti (il 70%) possiedono un diploma specialistico post-laurea in Traduzione, una delle scelte pi\u00f9 diffuse per i laureati in lingue negli ultimi anni. <\/p>\n<p>Alcuni hanno conseguito la laurea con il programma American Flagship, un percorso di studi sponsorizzato dal governo che pone enfasi sulle lingue cruciali per il 21o secolo, come il cinese, il farsi, l&#8217;hindi e il coreano.  Questi esperti delle lingue combinano una vasta conoscenza e uno studio approfondito delle lingue scelte con un&#8217;attenzione particolare all&#8217;applicazione pratica, preparandosi quindi per una carriera linguistica in un mondo sempre pi\u00f9 globalizzato e in rapida evoluzione. <\/p>\n<p>Una percentuale analoga di traduttori ha alle spalle almeno cinque anni di esperienza nel settore e la met\u00e0 opera nel settore da dieci o pi\u00f9 anni.<\/p>\n","protected":false},"excerpt":{"rendered":"<p>Traduttori selezionati &nbsp; I traduttori che si occuperanno dei vostri progetti sono stati selezionati sulla base di: &#8211; istruzione formale in lingue, traduzione, editing e copywriting &#8211; esperienza nel settore &#8211; qualit\u00e0 del lavoro \u00c8 inutile precisare che quest&#8217;ultimo aspetto \u00e8 quello a cui teniamo di pi\u00f9. Oltre il 90% dei traduttori che hanno lavorato &hellip; <a href=\"https:\/\/www.spectrumtranslation.com\/it\/i-nostri-traduttori\/\" class=\"more-link\">Leggi tutto<span class=\"screen-reader-text\"> &#8220;I NOSTRI TRADUTTORI&#8221;<\/span><\/a><\/p>\n","protected":false},"author":1,"featured_media":1082,"parent":0,"menu_order":0,"comment_status":"closed","ping_status":"closed","template":"","meta":{"_acf_changed":false,"nf_dc_page":"","footnotes":""},"class_list":["post-2173","page","type-page","status-publish","has-post-thumbnail","hentry"],"acf":[],"yoast_head":"<!-- This site is optimized with the Yoast SEO plugin v27.4 - https:\/\/yoast.com\/product\/yoast-seo-wordpress\/ -->\n<title>I NOSTRI TRADUTTORI - SPECTRUM TRANSLATION | Translation &amp; Linguistic Validation<\/title>\n<meta name=\"robots\" content=\"index, follow, max-snippet:-1, max-image-preview:large, max-video-preview:-1\" \/>\n<link rel=\"canonical\" href=\"https:\/\/www.spectrumtranslation.com\/it\/i-nostri-traduttori\/\" \/>\n<meta property=\"og:locale\" content=\"it_IT\" \/>\n<meta property=\"og:type\" content=\"article\" \/>\n<meta property=\"og:title\" content=\"I NOSTRI TRADUTTORI - SPECTRUM TRANSLATION | Translation &amp; Linguistic Validation\" \/>\n<meta property=\"og:description\" content=\"Traduttori selezionati &nbsp; I traduttori che si occuperanno dei vostri progetti sono stati selezionati sulla base di: &#8211; istruzione formale in lingue, traduzione, editing e copywriting &#8211; esperienza nel settore &#8211; qualit\u00e0 del lavoro \u00c8 inutile precisare che quest&#8217;ultimo aspetto \u00e8 quello a cui teniamo di pi\u00f9. Oltre il 90% dei traduttori che hanno lavorato &hellip; Leggi tutto &quot;I NOSTRI TRADUTTORI&quot;\" \/>\n<meta property=\"og:url\" content=\"https:\/\/www.spectrumtranslation.com\/it\/i-nostri-traduttori\/\" \/>\n<meta property=\"og:site_name\" content=\"SPECTRUM TRANSLATION | Translation &amp; Linguistic Validation\" \/>\n<meta property=\"og:image\" content=\"https:\/\/www.spectrumtranslation.com\/wp-content\/uploads\/2017\/04\/arch-and-door-e1494192010877.jpg\" \/>\n\t<meta property=\"og:image:width\" content=\"1366\" \/>\n\t<meta property=\"og:image:height\" content=\"884\" \/>\n\t<meta property=\"og:image:type\" content=\"image\/jpeg\" \/>\n<meta name=\"twitter:card\" content=\"summary_large_image\" \/>\n<meta name=\"twitter:label1\" content=\"Tempo di lettura stimato\" \/>\n\t<meta name=\"twitter:data1\" content=\"1 minuto\" \/>\n<script type=\"application\/ld+json\" class=\"yoast-schema-graph\">{\"@context\":\"https:\\\/\\\/schema.org\",\"@graph\":[{\"@type\":\"WebPage\",\"@id\":\"https:\\\/\\\/www.spectrumtranslation.com\\\/it\\\/i-nostri-traduttori\\\/\",\"url\":\"https:\\\/\\\/www.spectrumtranslation.com\\\/it\\\/i-nostri-traduttori\\\/\",\"name\":\"I NOSTRI TRADUTTORI - SPECTRUM TRANSLATION | Translation &amp; Linguistic Validation\",\"isPartOf\":{\"@id\":\"https:\\\/\\\/www.spectrumtranslation.com\\\/it\\\/#website\"},\"primaryImageOfPage\":{\"@id\":\"https:\\\/\\\/www.spectrumtranslation.com\\\/it\\\/i-nostri-traduttori\\\/#primaryimage\"},\"image\":{\"@id\":\"https:\\\/\\\/www.spectrumtranslation.com\\\/it\\\/i-nostri-traduttori\\\/#primaryimage\"},\"thumbnailUrl\":\"https:\\\/\\\/www.spectrumtranslation.com\\\/wp-content\\\/uploads\\\/2017\\\/04\\\/arch-and-door-e1494192010877.jpg\",\"datePublished\":\"2017-10-04T19:29:58+00:00\",\"breadcrumb\":{\"@id\":\"https:\\\/\\\/www.spectrumtranslation.com\\\/it\\\/i-nostri-traduttori\\\/#breadcrumb\"},\"inLanguage\":\"it-IT\",\"potentialAction\":[{\"@type\":\"ReadAction\",\"target\":[\"https:\\\/\\\/www.spectrumtranslation.com\\\/it\\\/i-nostri-traduttori\\\/\"]}]},{\"@type\":\"ImageObject\",\"inLanguage\":\"it-IT\",\"@id\":\"https:\\\/\\\/www.spectrumtranslation.com\\\/it\\\/i-nostri-traduttori\\\/#primaryimage\",\"url\":\"https:\\\/\\\/www.spectrumtranslation.com\\\/wp-content\\\/uploads\\\/2017\\\/04\\\/arch-and-door-e1494192010877.jpg\",\"contentUrl\":\"https:\\\/\\\/www.spectrumtranslation.com\\\/wp-content\\\/uploads\\\/2017\\\/04\\\/arch-and-door-e1494192010877.jpg\",\"width\":1366,\"height\":884},{\"@type\":\"BreadcrumbList\",\"@id\":\"https:\\\/\\\/www.spectrumtranslation.com\\\/it\\\/i-nostri-traduttori\\\/#breadcrumb\",\"itemListElement\":[{\"@type\":\"ListItem\",\"position\":1,\"name\":\"Home\",\"item\":\"https:\\\/\\\/www.spectrumtranslation.com\\\/it\\\/\"},{\"@type\":\"ListItem\",\"position\":2,\"name\":\"I NOSTRI TRADUTTORI\"}]},{\"@type\":\"WebSite\",\"@id\":\"https:\\\/\\\/www.spectrumtranslation.com\\\/it\\\/#website\",\"url\":\"https:\\\/\\\/www.spectrumtranslation.com\\\/it\\\/\",\"name\":\"SPECTRUM TRANSLATION | Translation &amp; Linguistic Validation\",\"description\":\"\",\"publisher\":{\"@id\":\"https:\\\/\\\/www.spectrumtranslation.com\\\/it\\\/#organization\"},\"potentialAction\":[{\"@type\":\"SearchAction\",\"target\":{\"@type\":\"EntryPoint\",\"urlTemplate\":\"https:\\\/\\\/www.spectrumtranslation.com\\\/it\\\/?s={search_term_string}\"},\"query-input\":{\"@type\":\"PropertyValueSpecification\",\"valueRequired\":true,\"valueName\":\"search_term_string\"}}],\"inLanguage\":\"it-IT\"},{\"@type\":\"Organization\",\"@id\":\"https:\\\/\\\/www.spectrumtranslation.com\\\/it\\\/#organization\",\"name\":\"SPECTRUM TRANSLATION | Translation &amp; Linguistic Validation\",\"url\":\"https:\\\/\\\/www.spectrumtranslation.com\\\/it\\\/\",\"logo\":{\"@type\":\"ImageObject\",\"inLanguage\":\"it-IT\",\"@id\":\"https:\\\/\\\/www.spectrumtranslation.com\\\/it\\\/#\\\/schema\\\/logo\\\/image\\\/\",\"url\":\"https:\\\/\\\/www.spectrumtranslation.com\\\/wp-content\\\/uploads\\\/2017\\\/02\\\/cropped-logo_animated_new-1.gif\",\"contentUrl\":\"https:\\\/\\\/www.spectrumtranslation.com\\\/wp-content\\\/uploads\\\/2017\\\/02\\\/cropped-logo_animated_new-1.gif\",\"width\":250,\"height\":54,\"caption\":\"SPECTRUM TRANSLATION | Translation &amp; Linguistic Validation\"},\"image\":{\"@id\":\"https:\\\/\\\/www.spectrumtranslation.com\\\/it\\\/#\\\/schema\\\/logo\\\/image\\\/\"}}]}<\/script>\n<!-- \/ Yoast SEO plugin. -->","yoast_head_json":{"title":"I NOSTRI TRADUTTORI - SPECTRUM TRANSLATION | Translation &amp; Linguistic Validation","robots":{"index":"index","follow":"follow","max-snippet":"max-snippet:-1","max-image-preview":"max-image-preview:large","max-video-preview":"max-video-preview:-1"},"canonical":"https:\/\/www.spectrumtranslation.com\/it\/i-nostri-traduttori\/","og_locale":"it_IT","og_type":"article","og_title":"I NOSTRI TRADUTTORI - SPECTRUM TRANSLATION | Translation &amp; Linguistic Validation","og_description":"Traduttori selezionati &nbsp; I traduttori che si occuperanno dei vostri progetti sono stati selezionati sulla base di: &#8211; istruzione formale in lingue, traduzione, editing e copywriting &#8211; esperienza nel settore &#8211; qualit\u00e0 del lavoro \u00c8 inutile precisare che quest&#8217;ultimo aspetto \u00e8 quello a cui teniamo di pi\u00f9. Oltre il 90% dei traduttori che hanno lavorato &hellip; Leggi tutto \"I NOSTRI TRADUTTORI\"","og_url":"https:\/\/www.spectrumtranslation.com\/it\/i-nostri-traduttori\/","og_site_name":"SPECTRUM TRANSLATION | Translation &amp; Linguistic Validation","og_image":[{"width":1366,"height":884,"url":"https:\/\/www.spectrumtranslation.com\/wp-content\/uploads\/2017\/04\/arch-and-door-e1494192010877.jpg","type":"image\/jpeg"}],"twitter_card":"summary_large_image","twitter_misc":{"Tempo di lettura stimato":"1 minuto"},"schema":{"@context":"https:\/\/schema.org","@graph":[{"@type":"WebPage","@id":"https:\/\/www.spectrumtranslation.com\/it\/i-nostri-traduttori\/","url":"https:\/\/www.spectrumtranslation.com\/it\/i-nostri-traduttori\/","name":"I NOSTRI TRADUTTORI - SPECTRUM TRANSLATION | Translation &amp; Linguistic Validation","isPartOf":{"@id":"https:\/\/www.spectrumtranslation.com\/it\/#website"},"primaryImageOfPage":{"@id":"https:\/\/www.spectrumtranslation.com\/it\/i-nostri-traduttori\/#primaryimage"},"image":{"@id":"https:\/\/www.spectrumtranslation.com\/it\/i-nostri-traduttori\/#primaryimage"},"thumbnailUrl":"https:\/\/www.spectrumtranslation.com\/wp-content\/uploads\/2017\/04\/arch-and-door-e1494192010877.jpg","datePublished":"2017-10-04T19:29:58+00:00","breadcrumb":{"@id":"https:\/\/www.spectrumtranslation.com\/it\/i-nostri-traduttori\/#breadcrumb"},"inLanguage":"it-IT","potentialAction":[{"@type":"ReadAction","target":["https:\/\/www.spectrumtranslation.com\/it\/i-nostri-traduttori\/"]}]},{"@type":"ImageObject","inLanguage":"it-IT","@id":"https:\/\/www.spectrumtranslation.com\/it\/i-nostri-traduttori\/#primaryimage","url":"https:\/\/www.spectrumtranslation.com\/wp-content\/uploads\/2017\/04\/arch-and-door-e1494192010877.jpg","contentUrl":"https:\/\/www.spectrumtranslation.com\/wp-content\/uploads\/2017\/04\/arch-and-door-e1494192010877.jpg","width":1366,"height":884},{"@type":"BreadcrumbList","@id":"https:\/\/www.spectrumtranslation.com\/it\/i-nostri-traduttori\/#breadcrumb","itemListElement":[{"@type":"ListItem","position":1,"name":"Home","item":"https:\/\/www.spectrumtranslation.com\/it\/"},{"@type":"ListItem","position":2,"name":"I NOSTRI TRADUTTORI"}]},{"@type":"WebSite","@id":"https:\/\/www.spectrumtranslation.com\/it\/#website","url":"https:\/\/www.spectrumtranslation.com\/it\/","name":"SPECTRUM TRANSLATION | Translation &amp; Linguistic Validation","description":"","publisher":{"@id":"https:\/\/www.spectrumtranslation.com\/it\/#organization"},"potentialAction":[{"@type":"SearchAction","target":{"@type":"EntryPoint","urlTemplate":"https:\/\/www.spectrumtranslation.com\/it\/?s={search_term_string}"},"query-input":{"@type":"PropertyValueSpecification","valueRequired":true,"valueName":"search_term_string"}}],"inLanguage":"it-IT"},{"@type":"Organization","@id":"https:\/\/www.spectrumtranslation.com\/it\/#organization","name":"SPECTRUM TRANSLATION | Translation &amp; Linguistic Validation","url":"https:\/\/www.spectrumtranslation.com\/it\/","logo":{"@type":"ImageObject","inLanguage":"it-IT","@id":"https:\/\/www.spectrumtranslation.com\/it\/#\/schema\/logo\/image\/","url":"https:\/\/www.spectrumtranslation.com\/wp-content\/uploads\/2017\/02\/cropped-logo_animated_new-1.gif","contentUrl":"https:\/\/www.spectrumtranslation.com\/wp-content\/uploads\/2017\/02\/cropped-logo_animated_new-1.gif","width":250,"height":54,"caption":"SPECTRUM TRANSLATION | Translation &amp; Linguistic Validation"},"image":{"@id":"https:\/\/www.spectrumtranslation.com\/it\/#\/schema\/logo\/image\/"}}]}},"_links":{"self":[{"href":"https:\/\/www.spectrumtranslation.com\/it\/wp-json\/wp\/v2\/pages\/2173","targetHints":{"allow":["GET"]}}],"collection":[{"href":"https:\/\/www.spectrumtranslation.com\/it\/wp-json\/wp\/v2\/pages"}],"about":[{"href":"https:\/\/www.spectrumtranslation.com\/it\/wp-json\/wp\/v2\/types\/page"}],"author":[{"embeddable":true,"href":"https:\/\/www.spectrumtranslation.com\/it\/wp-json\/wp\/v2\/users\/1"}],"replies":[{"embeddable":true,"href":"https:\/\/www.spectrumtranslation.com\/it\/wp-json\/wp\/v2\/comments?post=2173"}],"version-history":[{"count":1,"href":"https:\/\/www.spectrumtranslation.com\/it\/wp-json\/wp\/v2\/pages\/2173\/revisions"}],"predecessor-version":[{"id":2174,"href":"https:\/\/www.spectrumtranslation.com\/it\/wp-json\/wp\/v2\/pages\/2173\/revisions\/2174"}],"wp:featuredmedia":[{"embeddable":true,"href":"https:\/\/www.spectrumtranslation.com\/it\/wp-json\/wp\/v2\/media\/1082"}],"wp:attachment":[{"href":"https:\/\/www.spectrumtranslation.com\/it\/wp-json\/wp\/v2\/media?parent=2173"}],"curies":[{"name":"wp","href":"https:\/\/api.w.org\/{rel}","templated":true}]}}