{"id":1793,"date":"2017-09-11T17:23:16","date_gmt":"2017-09-11T17:23:16","guid":{"rendered":"https:\/\/www.spectrumtranslation.com\/?page_id=1793\/"},"modified":"2017-09-11T17:43:31","modified_gmt":"2017-09-11T17:43:31","slug":"talen-een-stap-verder","status":"publish","type":"page","link":"https:\/\/www.spectrumtranslation.com\/nl\/talen-een-stap-verder\/","title":{"rendered":"Talen: een stap verder"},"content":{"rendered":"<h1 style=\"text-align: center;\"><\/h1>\n<h1 style=\"text-align: center;\"><span style=\"color: #000000;\"><strong>Wij gaan een stap verder.<\/strong><\/span><\/h1>\n<p>&nbsp;<\/p>\n<p style=\"text-align: left;\">In onze sector is het gebruikelijk dat bedrijven de talen vermelden die ze vertalen. Wij gaan een stap verder en vermelden <em>alleen <\/em>de talen die we in het afgelopen jaar (2017) hebben vertaald, proefgelezen of geredigeerd.<\/p>\n<p>&nbsp;<\/p>\n<h1 style=\"text-align: center;\"><span style=\"color: #000000;\"><strong>EUROPA<\/strong><\/span><\/h1>\n<h3 style=\"text-align: center;\"><span style=\"color: #000000;\"><strong><span style=\"font-family: Thread-0000182c-Id-000001ea;\">West-Germaanse talen (Europa)<\/span><\/strong><\/span><\/h3>\n<p style=\"text-align: center;\">Nederlands<br \/>\nEngels<br \/>\nDuits<\/p>\n<h3 style=\"text-align: center;\"><span style=\"color: #000000;\"><strong><span style=\"font-family: Thread-0000182c-Id-000001ea;\">Noord-Germaanse talen (Europa)<\/span><\/strong><\/span><\/h3>\n<p style=\"text-align: center;\">Deens<br \/>\nNoors<br \/>\nZweeds<\/p>\n<h3 style=\"text-align: center;\"><span style=\"color: #000000;\"><strong><span style=\"font-family: Thread-0000182c-Id-000001ea;\">Romaanse talen (Europa)<\/span><\/strong><\/span><\/h3>\n<p style=\"text-align: center;\">Frans<br \/>\nItaliaans<br \/>\nPortugees<br \/>\nRoemeens<br \/>\nSpaans<\/p>\n<h3 style=\"text-align: center;\"><span style=\"color: #000000;\"><strong><span style=\"font-family: Thread-0000182c-Id-000001ea;\">Slavische talen (Europa-Azi\u00eb)<\/span><\/strong><\/span><\/h3>\n<p style=\"text-align: center;\">Kroatisch<br \/>\nTsjechisch<br \/>\nPools<br \/>\nRussisch<br \/>\nSlowaaks<br \/>\nSloveens<\/p>\n<h3 style=\"text-align: center;\"><span style=\"color: #000000;\"><strong><span style=\"font-family: Thread-0000182c-Id-000001ea;\">Fins-Oegrische talen (Europa)<\/span><\/strong><\/span><\/h3>\n<p style=\"text-align: center;\">Estisch<br \/>\nFins<br \/>\nHongaars<\/p>\n<h3 style=\"text-align: center;\"><span style=\"color: #000000;\"><strong><span style=\"font-family: Thread-0000182c-Id-000001ea;\">Semitische talen (Europa)<\/span><\/strong><\/span><\/h3>\n<p style=\"text-align: center;\">Maltees<\/p>\n<p>&nbsp;<\/p>\n<h1 style=\"text-align: center;\"><span style=\"color: #000000;\"><strong>NOORD-AMERIKA<\/strong><\/span><\/h1>\n<p style=\"text-align: center;\">Engels<br \/>\nFrans<br \/>\nSpaans<br \/>\nChinees<\/p>\n<p>&nbsp;<\/p>\n<h1 style=\"text-align: center;\"><span style=\"color: #000000;\"><strong>ZUID-AMERIKA<\/strong><\/span><\/h1>\n<p style=\"text-align: center;\">Portugees<br \/>\nSpaans<\/p>\n<p>&nbsp;<\/p>\n<h1 style=\"text-align: center;\"><span style=\"color: #000000;\"><strong>AFRIKA<\/strong><\/span><\/h1>\n<p style=\"text-align: center;\">Afrikaans<br \/>\nEngels<br \/>\nFrans<br \/>\nXhosa<\/p>\n<p>&nbsp;<\/p>\n<h1 style=\"text-align: center;\"><span style=\"color: #000000;\"><strong>MIDDEN-OOSTEN<\/strong><\/span><\/h1>\n<p style=\"text-align: center;\">Arabisch<br \/>\nHebreeuws<\/p>\n<p>&nbsp;<\/p>\n<h1 style=\"text-align: center;\"><span style=\"color: #000000;\"><strong>CENTRAAL-AZI\u00cb<\/strong><\/span><\/h1>\n<p style=\"text-align: center;\">Kazachs<br \/>\nOezbeeks<\/p>\n<p>&nbsp;<\/p>\n<h1 style=\"text-align: center;\"><span style=\"color: #000000;\"><strong>OOST-AZI\u00cb<\/strong><\/span><\/h1>\n<p style=\"text-align: center;\">Chinees<br \/>\nJapans<br \/>\nKoreaans<br \/>\n&nbsp;<\/p>\n<h1 style=\"text-align: center;\"><span style=\"color: #000000;\"><strong>ZUID-AZI\u00cb<\/strong><\/span><\/h1>\n<p style=\"text-align: center;\">Bengaals<br \/>\nHindi<br \/>\nSingalees<br \/>\nTamil<br \/>\nUrdu<\/p>\n<p>&nbsp;<\/p>\n<h1 style=\"text-align: center;\"><span style=\"color: #000000;\"><strong>AUSTRALI\u00cb &amp; NIEUW-ZEELAND<\/strong><\/span><\/h1>\n<p style=\"text-align: center;\">Engels<\/p>\n<p>&nbsp;<\/p>\n<p>Naast deze talen hebben we afzonderlijke aanvragen gekregen voor Bulgaars, Sesotho (Zuid-Afrika), Cambodjaans, Maleis en Vietnamees. In slechts \u00e9\u00e9n week van 2017 hebben we vertaald in het Albaans, Bengaals (India\/Bangladesh), Indonesisch en Singalees (Sri Lanka).<br \/>\n&nbsp;<\/p>\n<h2 style=\"text-align: center;\"><em><span style=\"color: #000000;\">\u201cIk heb de vertaling gelezen en we zijn er erg blij mee.\u201d<\/span><\/em><\/h2>\n<p style=\"text-align: center;\">Klant \u2018EF\u2019, Europese ngo, december 2016 (Engels naar Frans voor Frankrijk\/West-Afrika)<\/p>\n<p>&nbsp;<br \/>\nDe bovenstaande lijst geeft echter nog geen volledig beeld. Binnen veel talen zijn er namelijk ook nog verschillende soorten en regionale varianten. Zo hebben we bijvoorbeeld Frans vertaald, proefgelezen en geredigeerd voor Algerije, Canada, Belgi\u00eb, de Democratische Republiek Congo, Frankrijk, Senegal en Zwitserland. Maar ook Portugees voor zowel Brazili\u00eb als Portugal, en Chinees voor Taiwan, Hongkong, Maleisi\u00eb en Singapore.<\/p>\n<p>Hoewel we met al deze talen werken, zijn we vooral gespecialiseerd in de Europese talen, Chinees en Japans, waarmee we ons elke dag bezighouden.<\/p>\n","protected":false},"excerpt":{"rendered":"<p>Wij gaan een stap verder. &nbsp; In onze sector is het gebruikelijk dat bedrijven de talen vermelden die ze vertalen. Wij gaan een stap verder en vermelden alleen de talen die we in het afgelopen jaar (2017) hebben vertaald, proefgelezen of geredigeerd. &nbsp; EUROPA West-Germaanse talen (Europa) Nederlands Engels Duits Noord-Germaanse talen (Europa) Deens Noors &hellip; <a href=\"https:\/\/www.spectrumtranslation.com\/nl\/talen-een-stap-verder\/\" class=\"more-link\"><span class=\"screen-reader-text\">&#8220;Talen: een stap verder&#8221;<\/span> verder lezen<\/a><\/p>\n","protected":false},"author":1,"featured_media":1141,"parent":0,"menu_order":0,"comment_status":"closed","ping_status":"closed","template":"","meta":{"_acf_changed":false,"nf_dc_page":"","footnotes":""},"class_list":["post-1793","page","type-page","status-publish","has-post-thumbnail","hentry"],"acf":[],"yoast_head":"<!-- This site is optimized with the Yoast SEO plugin v27.4 - https:\/\/yoast.com\/product\/yoast-seo-wordpress\/ -->\n<title>Talen: een stap verder - SPECTRUM TRANSLATION | Translation &amp; Linguistic Validation<\/title>\n<meta name=\"robots\" content=\"index, follow, max-snippet:-1, max-image-preview:large, max-video-preview:-1\" \/>\n<link rel=\"canonical\" href=\"https:\/\/www.spectrumtranslation.com\/nl\/talen-een-stap-verder\/\" \/>\n<meta property=\"og:locale\" content=\"nl_NL\" \/>\n<meta property=\"og:type\" content=\"article\" \/>\n<meta property=\"og:title\" content=\"Talen: een stap verder - SPECTRUM TRANSLATION | Translation &amp; Linguistic Validation\" \/>\n<meta property=\"og:description\" content=\"Wij gaan een stap verder. &nbsp; In onze sector is het gebruikelijk dat bedrijven de talen vermelden die ze vertalen. Wij gaan een stap verder en vermelden alleen de talen die we in het afgelopen jaar (2017) hebben vertaald, proefgelezen of geredigeerd. &nbsp; EUROPA West-Germaanse talen (Europa) Nederlands Engels Duits Noord-Germaanse talen (Europa) Deens Noors &hellip; &quot;Talen: een stap verder&quot; verder lezen\" \/>\n<meta property=\"og:url\" content=\"https:\/\/www.spectrumtranslation.com\/nl\/talen-een-stap-verder\/\" \/>\n<meta property=\"og:site_name\" content=\"SPECTRUM TRANSLATION | Translation &amp; Linguistic Validation\" \/>\n<meta property=\"article:modified_time\" content=\"2017-09-11T17:43:31+00:00\" \/>\n<meta property=\"og:image\" content=\"https:\/\/www.spectrumtranslation.com\/wp-content\/uploads\/2017\/05\/amphitheater-e1494340015984.jpg\" \/>\n\t<meta property=\"og:image:width\" content=\"1366\" \/>\n\t<meta property=\"og:image:height\" content=\"1026\" \/>\n\t<meta property=\"og:image:type\" content=\"image\/jpeg\" \/>\n<meta name=\"twitter:card\" content=\"summary_large_image\" \/>\n<meta name=\"twitter:label1\" content=\"Geschatte leestijd\" \/>\n\t<meta name=\"twitter:data1\" content=\"1 minuut\" \/>\n<script type=\"application\/ld+json\" class=\"yoast-schema-graph\">{\"@context\":\"https:\\\/\\\/schema.org\",\"@graph\":[{\"@type\":\"WebPage\",\"@id\":\"https:\\\/\\\/www.spectrumtranslation.com\\\/nl\\\/talen-een-stap-verder\\\/\",\"url\":\"https:\\\/\\\/www.spectrumtranslation.com\\\/nl\\\/talen-een-stap-verder\\\/\",\"name\":\"Talen: een stap verder - SPECTRUM TRANSLATION | Translation &amp; Linguistic Validation\",\"isPartOf\":{\"@id\":\"https:\\\/\\\/www.spectrumtranslation.com\\\/nl\\\/#website\"},\"primaryImageOfPage\":{\"@id\":\"https:\\\/\\\/www.spectrumtranslation.com\\\/nl\\\/talen-een-stap-verder\\\/#primaryimage\"},\"image\":{\"@id\":\"https:\\\/\\\/www.spectrumtranslation.com\\\/nl\\\/talen-een-stap-verder\\\/#primaryimage\"},\"thumbnailUrl\":\"https:\\\/\\\/www.spectrumtranslation.com\\\/wp-content\\\/uploads\\\/2017\\\/05\\\/amphitheater-e1494340015984.jpg\",\"datePublished\":\"2017-09-11T17:23:16+00:00\",\"dateModified\":\"2017-09-11T17:43:31+00:00\",\"breadcrumb\":{\"@id\":\"https:\\\/\\\/www.spectrumtranslation.com\\\/nl\\\/talen-een-stap-verder\\\/#breadcrumb\"},\"inLanguage\":\"nl-NL\",\"potentialAction\":[{\"@type\":\"ReadAction\",\"target\":[\"https:\\\/\\\/www.spectrumtranslation.com\\\/nl\\\/talen-een-stap-verder\\\/\"]}]},{\"@type\":\"ImageObject\",\"inLanguage\":\"nl-NL\",\"@id\":\"https:\\\/\\\/www.spectrumtranslation.com\\\/nl\\\/talen-een-stap-verder\\\/#primaryimage\",\"url\":\"https:\\\/\\\/www.spectrumtranslation.com\\\/wp-content\\\/uploads\\\/2017\\\/05\\\/amphitheater-e1494340015984.jpg\",\"contentUrl\":\"https:\\\/\\\/www.spectrumtranslation.com\\\/wp-content\\\/uploads\\\/2017\\\/05\\\/amphitheater-e1494340015984.jpg\",\"width\":1366,\"height\":1026},{\"@type\":\"BreadcrumbList\",\"@id\":\"https:\\\/\\\/www.spectrumtranslation.com\\\/nl\\\/talen-een-stap-verder\\\/#breadcrumb\",\"itemListElement\":[{\"@type\":\"ListItem\",\"position\":1,\"name\":\"Home\",\"item\":\"https:\\\/\\\/www.spectrumtranslation.com\\\/nl\\\/\"},{\"@type\":\"ListItem\",\"position\":2,\"name\":\"Talen: een stap verder\"}]},{\"@type\":\"WebSite\",\"@id\":\"https:\\\/\\\/www.spectrumtranslation.com\\\/nl\\\/#website\",\"url\":\"https:\\\/\\\/www.spectrumtranslation.com\\\/nl\\\/\",\"name\":\"SPECTRUM TRANSLATION | Translation &amp; Linguistic Validation\",\"description\":\"\",\"publisher\":{\"@id\":\"https:\\\/\\\/www.spectrumtranslation.com\\\/nl\\\/#organization\"},\"potentialAction\":[{\"@type\":\"SearchAction\",\"target\":{\"@type\":\"EntryPoint\",\"urlTemplate\":\"https:\\\/\\\/www.spectrumtranslation.com\\\/nl\\\/?s={search_term_string}\"},\"query-input\":{\"@type\":\"PropertyValueSpecification\",\"valueRequired\":true,\"valueName\":\"search_term_string\"}}],\"inLanguage\":\"nl-NL\"},{\"@type\":\"Organization\",\"@id\":\"https:\\\/\\\/www.spectrumtranslation.com\\\/nl\\\/#organization\",\"name\":\"SPECTRUM TRANSLATION | Translation &amp; Linguistic Validation\",\"url\":\"https:\\\/\\\/www.spectrumtranslation.com\\\/nl\\\/\",\"logo\":{\"@type\":\"ImageObject\",\"inLanguage\":\"nl-NL\",\"@id\":\"https:\\\/\\\/www.spectrumtranslation.com\\\/nl\\\/#\\\/schema\\\/logo\\\/image\\\/\",\"url\":\"https:\\\/\\\/www.spectrumtranslation.com\\\/wp-content\\\/uploads\\\/2017\\\/02\\\/cropped-logo_animated_new-1.gif\",\"contentUrl\":\"https:\\\/\\\/www.spectrumtranslation.com\\\/wp-content\\\/uploads\\\/2017\\\/02\\\/cropped-logo_animated_new-1.gif\",\"width\":250,\"height\":54,\"caption\":\"SPECTRUM TRANSLATION | Translation &amp; Linguistic Validation\"},\"image\":{\"@id\":\"https:\\\/\\\/www.spectrumtranslation.com\\\/nl\\\/#\\\/schema\\\/logo\\\/image\\\/\"}}]}<\/script>\n<!-- \/ Yoast SEO plugin. -->","yoast_head_json":{"title":"Talen: een stap verder - SPECTRUM TRANSLATION | Translation &amp; Linguistic Validation","robots":{"index":"index","follow":"follow","max-snippet":"max-snippet:-1","max-image-preview":"max-image-preview:large","max-video-preview":"max-video-preview:-1"},"canonical":"https:\/\/www.spectrumtranslation.com\/nl\/talen-een-stap-verder\/","og_locale":"nl_NL","og_type":"article","og_title":"Talen: een stap verder - SPECTRUM TRANSLATION | Translation &amp; Linguistic Validation","og_description":"Wij gaan een stap verder. &nbsp; In onze sector is het gebruikelijk dat bedrijven de talen vermelden die ze vertalen. Wij gaan een stap verder en vermelden alleen de talen die we in het afgelopen jaar (2017) hebben vertaald, proefgelezen of geredigeerd. &nbsp; EUROPA West-Germaanse talen (Europa) Nederlands Engels Duits Noord-Germaanse talen (Europa) Deens Noors &hellip; \"Talen: een stap verder\" verder lezen","og_url":"https:\/\/www.spectrumtranslation.com\/nl\/talen-een-stap-verder\/","og_site_name":"SPECTRUM TRANSLATION | Translation &amp; Linguistic Validation","article_modified_time":"2017-09-11T17:43:31+00:00","og_image":[{"width":1366,"height":1026,"url":"https:\/\/www.spectrumtranslation.com\/wp-content\/uploads\/2017\/05\/amphitheater-e1494340015984.jpg","type":"image\/jpeg"}],"twitter_card":"summary_large_image","twitter_misc":{"Geschatte leestijd":"1 minuut"},"schema":{"@context":"https:\/\/schema.org","@graph":[{"@type":"WebPage","@id":"https:\/\/www.spectrumtranslation.com\/nl\/talen-een-stap-verder\/","url":"https:\/\/www.spectrumtranslation.com\/nl\/talen-een-stap-verder\/","name":"Talen: een stap verder - SPECTRUM TRANSLATION | Translation &amp; Linguistic Validation","isPartOf":{"@id":"https:\/\/www.spectrumtranslation.com\/nl\/#website"},"primaryImageOfPage":{"@id":"https:\/\/www.spectrumtranslation.com\/nl\/talen-een-stap-verder\/#primaryimage"},"image":{"@id":"https:\/\/www.spectrumtranslation.com\/nl\/talen-een-stap-verder\/#primaryimage"},"thumbnailUrl":"https:\/\/www.spectrumtranslation.com\/wp-content\/uploads\/2017\/05\/amphitheater-e1494340015984.jpg","datePublished":"2017-09-11T17:23:16+00:00","dateModified":"2017-09-11T17:43:31+00:00","breadcrumb":{"@id":"https:\/\/www.spectrumtranslation.com\/nl\/talen-een-stap-verder\/#breadcrumb"},"inLanguage":"nl-NL","potentialAction":[{"@type":"ReadAction","target":["https:\/\/www.spectrumtranslation.com\/nl\/talen-een-stap-verder\/"]}]},{"@type":"ImageObject","inLanguage":"nl-NL","@id":"https:\/\/www.spectrumtranslation.com\/nl\/talen-een-stap-verder\/#primaryimage","url":"https:\/\/www.spectrumtranslation.com\/wp-content\/uploads\/2017\/05\/amphitheater-e1494340015984.jpg","contentUrl":"https:\/\/www.spectrumtranslation.com\/wp-content\/uploads\/2017\/05\/amphitheater-e1494340015984.jpg","width":1366,"height":1026},{"@type":"BreadcrumbList","@id":"https:\/\/www.spectrumtranslation.com\/nl\/talen-een-stap-verder\/#breadcrumb","itemListElement":[{"@type":"ListItem","position":1,"name":"Home","item":"https:\/\/www.spectrumtranslation.com\/nl\/"},{"@type":"ListItem","position":2,"name":"Talen: een stap verder"}]},{"@type":"WebSite","@id":"https:\/\/www.spectrumtranslation.com\/nl\/#website","url":"https:\/\/www.spectrumtranslation.com\/nl\/","name":"SPECTRUM TRANSLATION | Translation &amp; Linguistic Validation","description":"","publisher":{"@id":"https:\/\/www.spectrumtranslation.com\/nl\/#organization"},"potentialAction":[{"@type":"SearchAction","target":{"@type":"EntryPoint","urlTemplate":"https:\/\/www.spectrumtranslation.com\/nl\/?s={search_term_string}"},"query-input":{"@type":"PropertyValueSpecification","valueRequired":true,"valueName":"search_term_string"}}],"inLanguage":"nl-NL"},{"@type":"Organization","@id":"https:\/\/www.spectrumtranslation.com\/nl\/#organization","name":"SPECTRUM TRANSLATION | Translation &amp; Linguistic Validation","url":"https:\/\/www.spectrumtranslation.com\/nl\/","logo":{"@type":"ImageObject","inLanguage":"nl-NL","@id":"https:\/\/www.spectrumtranslation.com\/nl\/#\/schema\/logo\/image\/","url":"https:\/\/www.spectrumtranslation.com\/wp-content\/uploads\/2017\/02\/cropped-logo_animated_new-1.gif","contentUrl":"https:\/\/www.spectrumtranslation.com\/wp-content\/uploads\/2017\/02\/cropped-logo_animated_new-1.gif","width":250,"height":54,"caption":"SPECTRUM TRANSLATION | Translation &amp; Linguistic Validation"},"image":{"@id":"https:\/\/www.spectrumtranslation.com\/nl\/#\/schema\/logo\/image\/"}}]}},"_links":{"self":[{"href":"https:\/\/www.spectrumtranslation.com\/nl\/wp-json\/wp\/v2\/pages\/1793","targetHints":{"allow":["GET"]}}],"collection":[{"href":"https:\/\/www.spectrumtranslation.com\/nl\/wp-json\/wp\/v2\/pages"}],"about":[{"href":"https:\/\/www.spectrumtranslation.com\/nl\/wp-json\/wp\/v2\/types\/page"}],"author":[{"embeddable":true,"href":"https:\/\/www.spectrumtranslation.com\/nl\/wp-json\/wp\/v2\/users\/1"}],"replies":[{"embeddable":true,"href":"https:\/\/www.spectrumtranslation.com\/nl\/wp-json\/wp\/v2\/comments?post=1793"}],"version-history":[{"count":8,"href":"https:\/\/www.spectrumtranslation.com\/nl\/wp-json\/wp\/v2\/pages\/1793\/revisions"}],"predecessor-version":[{"id":1804,"href":"https:\/\/www.spectrumtranslation.com\/nl\/wp-json\/wp\/v2\/pages\/1793\/revisions\/1804"}],"wp:featuredmedia":[{"embeddable":true,"href":"https:\/\/www.spectrumtranslation.com\/nl\/wp-json\/wp\/v2\/media\/1141"}],"wp:attachment":[{"href":"https:\/\/www.spectrumtranslation.com\/nl\/wp-json\/wp\/v2\/media?parent=1793"}],"curies":[{"name":"wp","href":"https:\/\/api.w.org\/{rel}","templated":true}]}}