{"id":1883,"date":"2017-09-15T18:30:04","date_gmt":"2017-09-15T18:30:04","guid":{"rendered":"https:\/\/www.spectrumtranslation.com\/?page_id=1883\/"},"modified":"2017-09-22T15:23:44","modified_gmt":"2017-09-22T15:23:44","slug":"fale-conosco","status":"publish","type":"page","link":"https:\/\/www.spectrumtranslation.com\/pt-pt\/fale-conosco\/","title":{"rendered":"Fale conosco"},"content":{"rendered":"<h1 style=\"text-align: center;\"><\/h1>\n<h1 style=\"text-align: center;\"><span style=\"color: #000000;\"><strong>A sua equipe de idioma est\u00e1 pronta.<\/strong><\/span><\/h1>\n<p>&nbsp;<\/p>\n<h1 style=\"text-align: center;\"><\/h1>\n<p>Se voc\u00ea tem:<\/p>\n<p>\u21d2 um texto a ser traduzido, revisado ou editado, ou<br \/>\n\u21d2 uma ideia a ser colocada num idioma (necessidade de ajuda com copywriting), ou<br \/>\n\u21d2 um aconselhamento sensato em rela\u00e7\u00e3o a necessidades de idioma, localiza\u00e7\u00e3o ou valida\u00e7\u00e3o lingu\u00edstica,<\/p>\n<p>fale conosco usando o formul\u00e1rio nesta p\u00e1gina.<\/p>\n<p>Esperamos o seu contato.<\/p>\n<p><span style=\"color: #000000;\"><em>Spectrum Translation<\/em><\/span><\/p>\n","protected":false},"excerpt":{"rendered":"<p>A sua equipe de idioma est\u00e1 pronta. &nbsp; Se voc\u00ea tem: \u21d2 um texto a ser traduzido, revisado ou editado, ou \u21d2 uma ideia a ser colocada num idioma (necessidade de ajuda com copywriting), ou \u21d2 um aconselhamento sensato em rela\u00e7\u00e3o a necessidades de idioma, localiza\u00e7\u00e3o ou valida\u00e7\u00e3o lingu\u00edstica, fale conosco usando o formul\u00e1rio nesta &hellip; <a href=\"https:\/\/www.spectrumtranslation.com\/pt-pt\/fale-conosco\/\" class=\"more-link\">Continuar a ler<span class=\"screen-reader-text\"> &#8220;Fale conosco&#8221;<\/span><\/a><\/p>\n","protected":false},"author":1,"featured_media":1090,"parent":0,"menu_order":0,"comment_status":"closed","ping_status":"closed","template":"","meta":{"_acf_changed":false,"nf_dc_page":"","footnotes":""},"class_list":["post-1883","page","type-page","status-publish","has-post-thumbnail","hentry"],"acf":[],"yoast_head":"<!-- This site is optimized with the Yoast SEO plugin v27.4 - https:\/\/yoast.com\/product\/yoast-seo-wordpress\/ -->\n<title>Fale conosco - SPECTRUM TRANSLATION | Translation &amp; Linguistic Validation<\/title>\n<meta name=\"robots\" content=\"index, follow, max-snippet:-1, max-image-preview:large, max-video-preview:-1\" \/>\n<link rel=\"canonical\" href=\"https:\/\/www.spectrumtranslation.com\/pt-pt\/fale-conosco\/\" \/>\n<meta property=\"og:locale\" content=\"pt_PT\" \/>\n<meta property=\"og:type\" content=\"article\" \/>\n<meta property=\"og:title\" content=\"Fale conosco - SPECTRUM TRANSLATION | Translation &amp; Linguistic Validation\" \/>\n<meta property=\"og:description\" content=\"A sua equipe de idioma est\u00e1 pronta. &nbsp; Se voc\u00ea tem: \u21d2 um texto a ser traduzido, revisado ou editado, ou \u21d2 uma ideia a ser colocada num idioma (necessidade de ajuda com copywriting), ou \u21d2 um aconselhamento sensato em rela\u00e7\u00e3o a necessidades de idioma, localiza\u00e7\u00e3o ou valida\u00e7\u00e3o lingu\u00edstica, fale conosco usando o formul\u00e1rio nesta &hellip; Continuar a ler &quot;Fale conosco&quot;\" \/>\n<meta property=\"og:url\" content=\"https:\/\/www.spectrumtranslation.com\/pt-pt\/fale-conosco\/\" \/>\n<meta property=\"og:site_name\" content=\"SPECTRUM TRANSLATION | Translation &amp; Linguistic Validation\" \/>\n<meta property=\"article:modified_time\" content=\"2017-09-22T15:23:44+00:00\" \/>\n<meta property=\"og:image\" content=\"https:\/\/www.spectrumtranslation.com\/wp-content\/uploads\/2017\/04\/grand-architecture-e1494187971113.jpg\" \/>\n\t<meta property=\"og:image:width\" content=\"1366\" \/>\n\t<meta property=\"og:image:height\" content=\"911\" \/>\n\t<meta property=\"og:image:type\" content=\"image\/jpeg\" \/>\n<meta name=\"twitter:card\" content=\"summary_large_image\" \/>\n<script type=\"application\/ld+json\" class=\"yoast-schema-graph\">{\"@context\":\"https:\\\/\\\/schema.org\",\"@graph\":[{\"@type\":\"WebPage\",\"@id\":\"https:\\\/\\\/www.spectrumtranslation.com\\\/pt-pt\\\/fale-conosco\\\/\",\"url\":\"https:\\\/\\\/www.spectrumtranslation.com\\\/pt-pt\\\/fale-conosco\\\/\",\"name\":\"Fale conosco - SPECTRUM TRANSLATION | Translation &amp; Linguistic Validation\",\"isPartOf\":{\"@id\":\"https:\\\/\\\/www.spectrumtranslation.com\\\/pt-pt\\\/#website\"},\"primaryImageOfPage\":{\"@id\":\"https:\\\/\\\/www.spectrumtranslation.com\\\/pt-pt\\\/fale-conosco\\\/#primaryimage\"},\"image\":{\"@id\":\"https:\\\/\\\/www.spectrumtranslation.com\\\/pt-pt\\\/fale-conosco\\\/#primaryimage\"},\"thumbnailUrl\":\"https:\\\/\\\/www.spectrumtranslation.com\\\/wp-content\\\/uploads\\\/2017\\\/04\\\/grand-architecture-e1494187971113.jpg\",\"datePublished\":\"2017-09-15T18:30:04+00:00\",\"dateModified\":\"2017-09-22T15:23:44+00:00\",\"breadcrumb\":{\"@id\":\"https:\\\/\\\/www.spectrumtranslation.com\\\/pt-pt\\\/fale-conosco\\\/#breadcrumb\"},\"inLanguage\":\"pt-PT\",\"potentialAction\":[{\"@type\":\"ReadAction\",\"target\":[\"https:\\\/\\\/www.spectrumtranslation.com\\\/pt-pt\\\/fale-conosco\\\/\"]}]},{\"@type\":\"ImageObject\",\"inLanguage\":\"pt-PT\",\"@id\":\"https:\\\/\\\/www.spectrumtranslation.com\\\/pt-pt\\\/fale-conosco\\\/#primaryimage\",\"url\":\"https:\\\/\\\/www.spectrumtranslation.com\\\/wp-content\\\/uploads\\\/2017\\\/04\\\/grand-architecture-e1494187971113.jpg\",\"contentUrl\":\"https:\\\/\\\/www.spectrumtranslation.com\\\/wp-content\\\/uploads\\\/2017\\\/04\\\/grand-architecture-e1494187971113.jpg\",\"width\":1366,\"height\":911},{\"@type\":\"BreadcrumbList\",\"@id\":\"https:\\\/\\\/www.spectrumtranslation.com\\\/pt-pt\\\/fale-conosco\\\/#breadcrumb\",\"itemListElement\":[{\"@type\":\"ListItem\",\"position\":1,\"name\":\"Home\",\"item\":\"https:\\\/\\\/www.spectrumtranslation.com\\\/pt-pt\\\/\"},{\"@type\":\"ListItem\",\"position\":2,\"name\":\"Fale conosco\"}]},{\"@type\":\"WebSite\",\"@id\":\"https:\\\/\\\/www.spectrumtranslation.com\\\/pt-pt\\\/#website\",\"url\":\"https:\\\/\\\/www.spectrumtranslation.com\\\/pt-pt\\\/\",\"name\":\"SPECTRUM TRANSLATION | Translation &amp; Linguistic Validation\",\"description\":\"\",\"publisher\":{\"@id\":\"https:\\\/\\\/www.spectrumtranslation.com\\\/pt-pt\\\/#organization\"},\"potentialAction\":[{\"@type\":\"SearchAction\",\"target\":{\"@type\":\"EntryPoint\",\"urlTemplate\":\"https:\\\/\\\/www.spectrumtranslation.com\\\/pt-pt\\\/?s={search_term_string}\"},\"query-input\":{\"@type\":\"PropertyValueSpecification\",\"valueRequired\":true,\"valueName\":\"search_term_string\"}}],\"inLanguage\":\"pt-PT\"},{\"@type\":\"Organization\",\"@id\":\"https:\\\/\\\/www.spectrumtranslation.com\\\/pt-pt\\\/#organization\",\"name\":\"SPECTRUM TRANSLATION | Translation &amp; Linguistic Validation\",\"url\":\"https:\\\/\\\/www.spectrumtranslation.com\\\/pt-pt\\\/\",\"logo\":{\"@type\":\"ImageObject\",\"inLanguage\":\"pt-PT\",\"@id\":\"https:\\\/\\\/www.spectrumtranslation.com\\\/pt-pt\\\/#\\\/schema\\\/logo\\\/image\\\/\",\"url\":\"https:\\\/\\\/www.spectrumtranslation.com\\\/wp-content\\\/uploads\\\/2017\\\/02\\\/cropped-logo_animated_new-1.gif\",\"contentUrl\":\"https:\\\/\\\/www.spectrumtranslation.com\\\/wp-content\\\/uploads\\\/2017\\\/02\\\/cropped-logo_animated_new-1.gif\",\"width\":250,\"height\":54,\"caption\":\"SPECTRUM TRANSLATION | Translation &amp; Linguistic Validation\"},\"image\":{\"@id\":\"https:\\\/\\\/www.spectrumtranslation.com\\\/pt-pt\\\/#\\\/schema\\\/logo\\\/image\\\/\"}}]}<\/script>\n<!-- \/ Yoast SEO plugin. -->","yoast_head_json":{"title":"Fale conosco - SPECTRUM TRANSLATION | Translation &amp; Linguistic Validation","robots":{"index":"index","follow":"follow","max-snippet":"max-snippet:-1","max-image-preview":"max-image-preview:large","max-video-preview":"max-video-preview:-1"},"canonical":"https:\/\/www.spectrumtranslation.com\/pt-pt\/fale-conosco\/","og_locale":"pt_PT","og_type":"article","og_title":"Fale conosco - SPECTRUM TRANSLATION | Translation &amp; Linguistic Validation","og_description":"A sua equipe de idioma est\u00e1 pronta. &nbsp; Se voc\u00ea tem: \u21d2 um texto a ser traduzido, revisado ou editado, ou \u21d2 uma ideia a ser colocada num idioma (necessidade de ajuda com copywriting), ou \u21d2 um aconselhamento sensato em rela\u00e7\u00e3o a necessidades de idioma, localiza\u00e7\u00e3o ou valida\u00e7\u00e3o lingu\u00edstica, fale conosco usando o formul\u00e1rio nesta &hellip; Continuar a ler \"Fale conosco\"","og_url":"https:\/\/www.spectrumtranslation.com\/pt-pt\/fale-conosco\/","og_site_name":"SPECTRUM TRANSLATION | Translation &amp; Linguistic Validation","article_modified_time":"2017-09-22T15:23:44+00:00","og_image":[{"width":1366,"height":911,"url":"https:\/\/www.spectrumtranslation.com\/wp-content\/uploads\/2017\/04\/grand-architecture-e1494187971113.jpg","type":"image\/jpeg"}],"twitter_card":"summary_large_image","schema":{"@context":"https:\/\/schema.org","@graph":[{"@type":"WebPage","@id":"https:\/\/www.spectrumtranslation.com\/pt-pt\/fale-conosco\/","url":"https:\/\/www.spectrumtranslation.com\/pt-pt\/fale-conosco\/","name":"Fale conosco - SPECTRUM TRANSLATION | Translation &amp; Linguistic Validation","isPartOf":{"@id":"https:\/\/www.spectrumtranslation.com\/pt-pt\/#website"},"primaryImageOfPage":{"@id":"https:\/\/www.spectrumtranslation.com\/pt-pt\/fale-conosco\/#primaryimage"},"image":{"@id":"https:\/\/www.spectrumtranslation.com\/pt-pt\/fale-conosco\/#primaryimage"},"thumbnailUrl":"https:\/\/www.spectrumtranslation.com\/wp-content\/uploads\/2017\/04\/grand-architecture-e1494187971113.jpg","datePublished":"2017-09-15T18:30:04+00:00","dateModified":"2017-09-22T15:23:44+00:00","breadcrumb":{"@id":"https:\/\/www.spectrumtranslation.com\/pt-pt\/fale-conosco\/#breadcrumb"},"inLanguage":"pt-PT","potentialAction":[{"@type":"ReadAction","target":["https:\/\/www.spectrumtranslation.com\/pt-pt\/fale-conosco\/"]}]},{"@type":"ImageObject","inLanguage":"pt-PT","@id":"https:\/\/www.spectrumtranslation.com\/pt-pt\/fale-conosco\/#primaryimage","url":"https:\/\/www.spectrumtranslation.com\/wp-content\/uploads\/2017\/04\/grand-architecture-e1494187971113.jpg","contentUrl":"https:\/\/www.spectrumtranslation.com\/wp-content\/uploads\/2017\/04\/grand-architecture-e1494187971113.jpg","width":1366,"height":911},{"@type":"BreadcrumbList","@id":"https:\/\/www.spectrumtranslation.com\/pt-pt\/fale-conosco\/#breadcrumb","itemListElement":[{"@type":"ListItem","position":1,"name":"Home","item":"https:\/\/www.spectrumtranslation.com\/pt-pt\/"},{"@type":"ListItem","position":2,"name":"Fale conosco"}]},{"@type":"WebSite","@id":"https:\/\/www.spectrumtranslation.com\/pt-pt\/#website","url":"https:\/\/www.spectrumtranslation.com\/pt-pt\/","name":"SPECTRUM TRANSLATION | Translation &amp; Linguistic Validation","description":"","publisher":{"@id":"https:\/\/www.spectrumtranslation.com\/pt-pt\/#organization"},"potentialAction":[{"@type":"SearchAction","target":{"@type":"EntryPoint","urlTemplate":"https:\/\/www.spectrumtranslation.com\/pt-pt\/?s={search_term_string}"},"query-input":{"@type":"PropertyValueSpecification","valueRequired":true,"valueName":"search_term_string"}}],"inLanguage":"pt-PT"},{"@type":"Organization","@id":"https:\/\/www.spectrumtranslation.com\/pt-pt\/#organization","name":"SPECTRUM TRANSLATION | Translation &amp; Linguistic Validation","url":"https:\/\/www.spectrumtranslation.com\/pt-pt\/","logo":{"@type":"ImageObject","inLanguage":"pt-PT","@id":"https:\/\/www.spectrumtranslation.com\/pt-pt\/#\/schema\/logo\/image\/","url":"https:\/\/www.spectrumtranslation.com\/wp-content\/uploads\/2017\/02\/cropped-logo_animated_new-1.gif","contentUrl":"https:\/\/www.spectrumtranslation.com\/wp-content\/uploads\/2017\/02\/cropped-logo_animated_new-1.gif","width":250,"height":54,"caption":"SPECTRUM TRANSLATION | Translation &amp; Linguistic Validation"},"image":{"@id":"https:\/\/www.spectrumtranslation.com\/pt-pt\/#\/schema\/logo\/image\/"}}]}},"_links":{"self":[{"href":"https:\/\/www.spectrumtranslation.com\/pt-pt\/wp-json\/wp\/v2\/pages\/1883","targetHints":{"allow":["GET"]}}],"collection":[{"href":"https:\/\/www.spectrumtranslation.com\/pt-pt\/wp-json\/wp\/v2\/pages"}],"about":[{"href":"https:\/\/www.spectrumtranslation.com\/pt-pt\/wp-json\/wp\/v2\/types\/page"}],"author":[{"embeddable":true,"href":"https:\/\/www.spectrumtranslation.com\/pt-pt\/wp-json\/wp\/v2\/users\/1"}],"replies":[{"embeddable":true,"href":"https:\/\/www.spectrumtranslation.com\/pt-pt\/wp-json\/wp\/v2\/comments?post=1883"}],"version-history":[{"count":3,"href":"https:\/\/www.spectrumtranslation.com\/pt-pt\/wp-json\/wp\/v2\/pages\/1883\/revisions"}],"predecessor-version":[{"id":2025,"href":"https:\/\/www.spectrumtranslation.com\/pt-pt\/wp-json\/wp\/v2\/pages\/1883\/revisions\/2025"}],"wp:featuredmedia":[{"embeddable":true,"href":"https:\/\/www.spectrumtranslation.com\/pt-pt\/wp-json\/wp\/v2\/media\/1090"}],"wp:attachment":[{"href":"https:\/\/www.spectrumtranslation.com\/pt-pt\/wp-json\/wp\/v2\/media?parent=1883"}],"curies":[{"name":"wp","href":"https:\/\/api.w.org\/{rel}","templated":true}]}}