{"id":1902,"date":"2017-09-15T19:29:20","date_gmt":"2017-09-15T19:29:20","guid":{"rendered":"https:\/\/www.spectrumtranslation.com\/?page_id=1902\/"},"modified":"2017-09-15T19:29:20","modified_gmt":"2017-09-15T19:29:20","slug":"idiomas","status":"publish","type":"page","link":"https:\/\/www.spectrumtranslation.com\/pt-pt\/idiomas\/","title":{"rendered":"Idiomas"},"content":{"rendered":"<h1 style=\"text-align: center;\"><span style=\"color: #000000;\"><strong>A grande variedade do planeta<\/strong><\/span><\/h1>\n<p>&nbsp;<\/p>\n<p style=\"text-align: left;\">Atuando no setor de tradu\u00e7\u00e3o como provedor de servi\u00e7os lingu\u00edsticos (PSL) h\u00e1 mais de uma d\u00e9cada, a Spectrum Translation tem o privil\u00e9gio de trabalhar com mais de 70 idiomas mundiais.<\/p>\n<p style=\"text-align: left;\">Hoje em dia, isso \u00e9 relativamente comum para PSLs. Nossa empresa, por\u00e9m, tem como diferencial manter um estreito relacionamento com os tradutores, editores e redatores, desenvolvendo um interesse em seus idiomas maternos. Assim, nossos gerentes de projeto est\u00e3o capacitados a avaliar textos em mais de 20 idiomas.<\/p>\n<p style=\"text-align: left;\">Esperamos que voc\u00ea desfrute dessa amostra da grande variedade do planeta.<\/p>\n<p style=\"text-align: left;\">(A p\u00e1gina ser\u00e1 ampliada \u00e0 medida que mais idiomas forem adicionados.)<\/p>\n","protected":false},"excerpt":{"rendered":"<p>A grande variedade do planeta &nbsp; Atuando no setor de tradu\u00e7\u00e3o como provedor de servi\u00e7os lingu\u00edsticos (PSL) h\u00e1 mais de uma d\u00e9cada, a Spectrum Translation tem o privil\u00e9gio de trabalhar com mais de 70 idiomas mundiais. Hoje em dia, isso \u00e9 relativamente comum para PSLs. Nossa empresa, por\u00e9m, tem como diferencial manter um estreito relacionamento &hellip; <a href=\"https:\/\/www.spectrumtranslation.com\/pt-pt\/idiomas\/\" class=\"more-link\">Continuar a ler<span class=\"screen-reader-text\"> &#8220;Idiomas&#8221;<\/span><\/a><\/p>\n","protected":false},"author":1,"featured_media":1045,"parent":0,"menu_order":0,"comment_status":"closed","ping_status":"closed","template":"languages.php","meta":{"_acf_changed":false,"nf_dc_page":"","footnotes":""},"class_list":["post-1902","page","type-page","status-publish","has-post-thumbnail","hentry"],"acf":[],"yoast_head":"<!-- This site is optimized with the Yoast SEO plugin v27.4 - https:\/\/yoast.com\/product\/yoast-seo-wordpress\/ -->\n<title>Idiomas - SPECTRUM TRANSLATION | Translation &amp; Linguistic Validation<\/title>\n<meta name=\"robots\" content=\"index, follow, max-snippet:-1, max-image-preview:large, max-video-preview:-1\" \/>\n<link rel=\"canonical\" href=\"https:\/\/www.spectrumtranslation.com\/pt-pt\/idiomas\/\" \/>\n<meta property=\"og:locale\" content=\"pt_PT\" \/>\n<meta property=\"og:type\" content=\"article\" \/>\n<meta property=\"og:title\" content=\"Idiomas - SPECTRUM TRANSLATION | Translation &amp; Linguistic Validation\" \/>\n<meta property=\"og:description\" content=\"A grande variedade do planeta &nbsp; Atuando no setor de tradu\u00e7\u00e3o como provedor de servi\u00e7os lingu\u00edsticos (PSL) h\u00e1 mais de uma d\u00e9cada, a Spectrum Translation tem o privil\u00e9gio de trabalhar com mais de 70 idiomas mundiais. Hoje em dia, isso \u00e9 relativamente comum para PSLs. Nossa empresa, por\u00e9m, tem como diferencial manter um estreito relacionamento &hellip; Continuar a ler &quot;Idiomas&quot;\" \/>\n<meta property=\"og:url\" content=\"https:\/\/www.spectrumtranslation.com\/pt-pt\/idiomas\/\" \/>\n<meta property=\"og:site_name\" content=\"SPECTRUM TRANSLATION | Translation &amp; Linguistic Validation\" \/>\n<meta property=\"og:image\" content=\"https:\/\/www.spectrumtranslation.com\/wp-content\/uploads\/2017\/04\/19Apr17_violet-field.jpg\" \/>\n\t<meta property=\"og:image:width\" content=\"1366\" \/>\n\t<meta property=\"og:image:height\" content=\"919\" \/>\n\t<meta property=\"og:image:type\" content=\"image\/jpeg\" \/>\n<meta name=\"twitter:card\" content=\"summary_large_image\" \/>\n<meta name=\"twitter:label1\" content=\"Tempo estimado de leitura\" \/>\n\t<meta name=\"twitter:data1\" content=\"1 minuto\" \/>\n<script type=\"application\/ld+json\" class=\"yoast-schema-graph\">{\"@context\":\"https:\\\/\\\/schema.org\",\"@graph\":[{\"@type\":\"WebPage\",\"@id\":\"https:\\\/\\\/www.spectrumtranslation.com\\\/pt-pt\\\/idiomas\\\/\",\"url\":\"https:\\\/\\\/www.spectrumtranslation.com\\\/pt-pt\\\/idiomas\\\/\",\"name\":\"Idiomas - SPECTRUM TRANSLATION | Translation &amp; Linguistic Validation\",\"isPartOf\":{\"@id\":\"https:\\\/\\\/www.spectrumtranslation.com\\\/pt-pt\\\/#website\"},\"primaryImageOfPage\":{\"@id\":\"https:\\\/\\\/www.spectrumtranslation.com\\\/pt-pt\\\/idiomas\\\/#primaryimage\"},\"image\":{\"@id\":\"https:\\\/\\\/www.spectrumtranslation.com\\\/pt-pt\\\/idiomas\\\/#primaryimage\"},\"thumbnailUrl\":\"https:\\\/\\\/www.spectrumtranslation.com\\\/wp-content\\\/uploads\\\/2017\\\/04\\\/19Apr17_violet-field.jpg\",\"datePublished\":\"2017-09-15T19:29:20+00:00\",\"breadcrumb\":{\"@id\":\"https:\\\/\\\/www.spectrumtranslation.com\\\/pt-pt\\\/idiomas\\\/#breadcrumb\"},\"inLanguage\":\"pt-PT\",\"potentialAction\":[{\"@type\":\"ReadAction\",\"target\":[\"https:\\\/\\\/www.spectrumtranslation.com\\\/pt-pt\\\/idiomas\\\/\"]}]},{\"@type\":\"ImageObject\",\"inLanguage\":\"pt-PT\",\"@id\":\"https:\\\/\\\/www.spectrumtranslation.com\\\/pt-pt\\\/idiomas\\\/#primaryimage\",\"url\":\"https:\\\/\\\/www.spectrumtranslation.com\\\/wp-content\\\/uploads\\\/2017\\\/04\\\/19Apr17_violet-field.jpg\",\"contentUrl\":\"https:\\\/\\\/www.spectrumtranslation.com\\\/wp-content\\\/uploads\\\/2017\\\/04\\\/19Apr17_violet-field.jpg\",\"width\":1366,\"height\":919},{\"@type\":\"BreadcrumbList\",\"@id\":\"https:\\\/\\\/www.spectrumtranslation.com\\\/pt-pt\\\/idiomas\\\/#breadcrumb\",\"itemListElement\":[{\"@type\":\"ListItem\",\"position\":1,\"name\":\"Home\",\"item\":\"https:\\\/\\\/www.spectrumtranslation.com\\\/pt-pt\\\/\"},{\"@type\":\"ListItem\",\"position\":2,\"name\":\"Idiomas\"}]},{\"@type\":\"WebSite\",\"@id\":\"https:\\\/\\\/www.spectrumtranslation.com\\\/pt-pt\\\/#website\",\"url\":\"https:\\\/\\\/www.spectrumtranslation.com\\\/pt-pt\\\/\",\"name\":\"SPECTRUM TRANSLATION | Translation &amp; Linguistic Validation\",\"description\":\"\",\"publisher\":{\"@id\":\"https:\\\/\\\/www.spectrumtranslation.com\\\/pt-pt\\\/#organization\"},\"potentialAction\":[{\"@type\":\"SearchAction\",\"target\":{\"@type\":\"EntryPoint\",\"urlTemplate\":\"https:\\\/\\\/www.spectrumtranslation.com\\\/pt-pt\\\/?s={search_term_string}\"},\"query-input\":{\"@type\":\"PropertyValueSpecification\",\"valueRequired\":true,\"valueName\":\"search_term_string\"}}],\"inLanguage\":\"pt-PT\"},{\"@type\":\"Organization\",\"@id\":\"https:\\\/\\\/www.spectrumtranslation.com\\\/pt-pt\\\/#organization\",\"name\":\"SPECTRUM TRANSLATION | Translation &amp; Linguistic Validation\",\"url\":\"https:\\\/\\\/www.spectrumtranslation.com\\\/pt-pt\\\/\",\"logo\":{\"@type\":\"ImageObject\",\"inLanguage\":\"pt-PT\",\"@id\":\"https:\\\/\\\/www.spectrumtranslation.com\\\/pt-pt\\\/#\\\/schema\\\/logo\\\/image\\\/\",\"url\":\"https:\\\/\\\/www.spectrumtranslation.com\\\/wp-content\\\/uploads\\\/2017\\\/02\\\/cropped-logo_animated_new-1.gif\",\"contentUrl\":\"https:\\\/\\\/www.spectrumtranslation.com\\\/wp-content\\\/uploads\\\/2017\\\/02\\\/cropped-logo_animated_new-1.gif\",\"width\":250,\"height\":54,\"caption\":\"SPECTRUM TRANSLATION | Translation &amp; Linguistic Validation\"},\"image\":{\"@id\":\"https:\\\/\\\/www.spectrumtranslation.com\\\/pt-pt\\\/#\\\/schema\\\/logo\\\/image\\\/\"}}]}<\/script>\n<!-- \/ Yoast SEO plugin. -->","yoast_head_json":{"title":"Idiomas - SPECTRUM TRANSLATION | Translation &amp; Linguistic Validation","robots":{"index":"index","follow":"follow","max-snippet":"max-snippet:-1","max-image-preview":"max-image-preview:large","max-video-preview":"max-video-preview:-1"},"canonical":"https:\/\/www.spectrumtranslation.com\/pt-pt\/idiomas\/","og_locale":"pt_PT","og_type":"article","og_title":"Idiomas - SPECTRUM TRANSLATION | Translation &amp; Linguistic Validation","og_description":"A grande variedade do planeta &nbsp; Atuando no setor de tradu\u00e7\u00e3o como provedor de servi\u00e7os lingu\u00edsticos (PSL) h\u00e1 mais de uma d\u00e9cada, a Spectrum Translation tem o privil\u00e9gio de trabalhar com mais de 70 idiomas mundiais. Hoje em dia, isso \u00e9 relativamente comum para PSLs. Nossa empresa, por\u00e9m, tem como diferencial manter um estreito relacionamento &hellip; Continuar a ler \"Idiomas\"","og_url":"https:\/\/www.spectrumtranslation.com\/pt-pt\/idiomas\/","og_site_name":"SPECTRUM TRANSLATION | Translation &amp; Linguistic Validation","og_image":[{"width":1366,"height":919,"url":"https:\/\/www.spectrumtranslation.com\/wp-content\/uploads\/2017\/04\/19Apr17_violet-field.jpg","type":"image\/jpeg"}],"twitter_card":"summary_large_image","twitter_misc":{"Tempo estimado de leitura":"1 minuto"},"schema":{"@context":"https:\/\/schema.org","@graph":[{"@type":"WebPage","@id":"https:\/\/www.spectrumtranslation.com\/pt-pt\/idiomas\/","url":"https:\/\/www.spectrumtranslation.com\/pt-pt\/idiomas\/","name":"Idiomas - SPECTRUM TRANSLATION | Translation &amp; Linguistic Validation","isPartOf":{"@id":"https:\/\/www.spectrumtranslation.com\/pt-pt\/#website"},"primaryImageOfPage":{"@id":"https:\/\/www.spectrumtranslation.com\/pt-pt\/idiomas\/#primaryimage"},"image":{"@id":"https:\/\/www.spectrumtranslation.com\/pt-pt\/idiomas\/#primaryimage"},"thumbnailUrl":"https:\/\/www.spectrumtranslation.com\/wp-content\/uploads\/2017\/04\/19Apr17_violet-field.jpg","datePublished":"2017-09-15T19:29:20+00:00","breadcrumb":{"@id":"https:\/\/www.spectrumtranslation.com\/pt-pt\/idiomas\/#breadcrumb"},"inLanguage":"pt-PT","potentialAction":[{"@type":"ReadAction","target":["https:\/\/www.spectrumtranslation.com\/pt-pt\/idiomas\/"]}]},{"@type":"ImageObject","inLanguage":"pt-PT","@id":"https:\/\/www.spectrumtranslation.com\/pt-pt\/idiomas\/#primaryimage","url":"https:\/\/www.spectrumtranslation.com\/wp-content\/uploads\/2017\/04\/19Apr17_violet-field.jpg","contentUrl":"https:\/\/www.spectrumtranslation.com\/wp-content\/uploads\/2017\/04\/19Apr17_violet-field.jpg","width":1366,"height":919},{"@type":"BreadcrumbList","@id":"https:\/\/www.spectrumtranslation.com\/pt-pt\/idiomas\/#breadcrumb","itemListElement":[{"@type":"ListItem","position":1,"name":"Home","item":"https:\/\/www.spectrumtranslation.com\/pt-pt\/"},{"@type":"ListItem","position":2,"name":"Idiomas"}]},{"@type":"WebSite","@id":"https:\/\/www.spectrumtranslation.com\/pt-pt\/#website","url":"https:\/\/www.spectrumtranslation.com\/pt-pt\/","name":"SPECTRUM TRANSLATION | Translation &amp; Linguistic Validation","description":"","publisher":{"@id":"https:\/\/www.spectrumtranslation.com\/pt-pt\/#organization"},"potentialAction":[{"@type":"SearchAction","target":{"@type":"EntryPoint","urlTemplate":"https:\/\/www.spectrumtranslation.com\/pt-pt\/?s={search_term_string}"},"query-input":{"@type":"PropertyValueSpecification","valueRequired":true,"valueName":"search_term_string"}}],"inLanguage":"pt-PT"},{"@type":"Organization","@id":"https:\/\/www.spectrumtranslation.com\/pt-pt\/#organization","name":"SPECTRUM TRANSLATION | Translation &amp; Linguistic Validation","url":"https:\/\/www.spectrumtranslation.com\/pt-pt\/","logo":{"@type":"ImageObject","inLanguage":"pt-PT","@id":"https:\/\/www.spectrumtranslation.com\/pt-pt\/#\/schema\/logo\/image\/","url":"https:\/\/www.spectrumtranslation.com\/wp-content\/uploads\/2017\/02\/cropped-logo_animated_new-1.gif","contentUrl":"https:\/\/www.spectrumtranslation.com\/wp-content\/uploads\/2017\/02\/cropped-logo_animated_new-1.gif","width":250,"height":54,"caption":"SPECTRUM TRANSLATION | Translation &amp; Linguistic Validation"},"image":{"@id":"https:\/\/www.spectrumtranslation.com\/pt-pt\/#\/schema\/logo\/image\/"}}]}},"_links":{"self":[{"href":"https:\/\/www.spectrumtranslation.com\/pt-pt\/wp-json\/wp\/v2\/pages\/1902","targetHints":{"allow":["GET"]}}],"collection":[{"href":"https:\/\/www.spectrumtranslation.com\/pt-pt\/wp-json\/wp\/v2\/pages"}],"about":[{"href":"https:\/\/www.spectrumtranslation.com\/pt-pt\/wp-json\/wp\/v2\/types\/page"}],"author":[{"embeddable":true,"href":"https:\/\/www.spectrumtranslation.com\/pt-pt\/wp-json\/wp\/v2\/users\/1"}],"replies":[{"embeddable":true,"href":"https:\/\/www.spectrumtranslation.com\/pt-pt\/wp-json\/wp\/v2\/comments?post=1902"}],"version-history":[{"count":1,"href":"https:\/\/www.spectrumtranslation.com\/pt-pt\/wp-json\/wp\/v2\/pages\/1902\/revisions"}],"predecessor-version":[{"id":1903,"href":"https:\/\/www.spectrumtranslation.com\/pt-pt\/wp-json\/wp\/v2\/pages\/1902\/revisions\/1903"}],"wp:featuredmedia":[{"embeddable":true,"href":"https:\/\/www.spectrumtranslation.com\/pt-pt\/wp-json\/wp\/v2\/media\/1045"}],"wp:attachment":[{"href":"https:\/\/www.spectrumtranslation.com\/pt-pt\/wp-json\/wp\/v2\/media?parent=1902"}],"curies":[{"name":"wp","href":"https:\/\/api.w.org\/{rel}","templated":true}]}}