{"id":1907,"date":"2017-09-15T19:37:03","date_gmt":"2017-09-15T19:37:03","guid":{"rendered":"https:\/\/www.spectrumtranslation.com\/?page_id=1907\/"},"modified":"2017-09-15T19:37:03","modified_gmt":"2017-09-15T19:37:03","slug":"o-idioma-de-destino","status":"publish","type":"page","link":"https:\/\/www.spectrumtranslation.com\/pt-pt\/o-idioma-de-destino\/","title":{"rendered":"O idioma de destino"},"content":{"rendered":"<h1 style=\"text-align: center;\"><\/h1>\n<h1 style=\"text-align: center;\"><span style=\"color: #000000;\"><strong>E<\/strong><strong>stilo, tom, registro.<\/strong><\/span><\/h1>\n<p>&nbsp;<\/p>\n<p style=\"text-align: left;\"><span style=\"color: #000000;\"><strong>IDIOMA DE DESTINO: O objetivo de uma boa tradu\u00e7\u00e3o. Mais do que apenas palavras, o idioma de destino inclui aspectos como estilo, tom, registro, nuance e sensibilidade cultural. A compet\u00eancia t\u00e9cnica combina-se com um profundo conhecimento e percep\u00e7\u00e3o para criar um \u00f3timo texto de destino.<\/strong><\/span><\/p>\n<p style=\"text-align: left;\">O idioma de destino \u00e9 aquele no qual trabalhamos e \u00e9 sempre o idioma materno do tradutor. O resultado de anos de desenvolvimento lingu\u00edstico em uma \u00e1rea de especializa\u00e7\u00e3o \u00e9 mais do que a mera &#8220;entrada\/sa\u00edda&#8221;, algo comum no atual setor de tradu\u00e7\u00e3o assistida por computador (CAT, na sigla em ingl\u00eas).<\/p>\n<p style=\"text-align: left;\">Constatamos, previsivelmente, que os melhores tradutores s\u00e3o tamb\u00e9m redatores profissionais, absolutamente conscientes dos estilos, registros e l\u00e9xicos dispon\u00edveis conforme transferem o conte\u00fado e estilo de um idioma a outro.<\/p>\n<p style=\"text-align: left;\">Os idiomas de destino oferecidos na Spectrum Translation refletem a amplitude de experi\u00eancias e especializa\u00e7\u00f5es de nossos linguistas, tradutores, editores e redatores.<\/p>\n<p>Sempre alocaremos a melhor pessoa para trabalhar em seu projeto, levando todos os fatores acima em considera\u00e7\u00e3o.<\/p>\n","protected":false},"excerpt":{"rendered":"<p>Estilo, tom, registro. &nbsp; IDIOMA DE DESTINO: O objetivo de uma boa tradu\u00e7\u00e3o. Mais do que apenas palavras, o idioma de destino inclui aspectos como estilo, tom, registro, nuance e sensibilidade cultural. A compet\u00eancia t\u00e9cnica combina-se com um profundo conhecimento e percep\u00e7\u00e3o para criar um \u00f3timo texto de destino. O idioma de destino \u00e9 aquele &hellip; <a href=\"https:\/\/www.spectrumtranslation.com\/pt-pt\/o-idioma-de-destino\/\" class=\"more-link\">Continuar a ler<span class=\"screen-reader-text\"> &#8220;O idioma de destino&#8221;<\/span><\/a><\/p>\n","protected":false},"author":1,"featured_media":1043,"parent":0,"menu_order":0,"comment_status":"closed","ping_status":"closed","template":"","meta":{"_acf_changed":false,"nf_dc_page":"","footnotes":""},"class_list":["post-1907","page","type-page","status-publish","has-post-thumbnail","hentry"],"acf":[],"yoast_head":"<!-- This site is optimized with the Yoast SEO plugin v27.4 - https:\/\/yoast.com\/product\/yoast-seo-wordpress\/ -->\n<title>O idioma de destino - SPECTRUM TRANSLATION | Translation &amp; Linguistic Validation<\/title>\n<meta name=\"robots\" content=\"index, follow, max-snippet:-1, max-image-preview:large, max-video-preview:-1\" \/>\n<link rel=\"canonical\" href=\"https:\/\/www.spectrumtranslation.com\/pt-pt\/o-idioma-de-destino\/\" \/>\n<meta property=\"og:locale\" content=\"pt_PT\" \/>\n<meta property=\"og:type\" content=\"article\" \/>\n<meta property=\"og:title\" content=\"O idioma de destino - SPECTRUM TRANSLATION | Translation &amp; Linguistic Validation\" \/>\n<meta property=\"og:description\" content=\"Estilo, tom, registro. &nbsp; IDIOMA DE DESTINO: O objetivo de uma boa tradu\u00e7\u00e3o. Mais do que apenas palavras, o idioma de destino inclui aspectos como estilo, tom, registro, nuance e sensibilidade cultural. A compet\u00eancia t\u00e9cnica combina-se com um profundo conhecimento e percep\u00e7\u00e3o para criar um \u00f3timo texto de destino. O idioma de destino \u00e9 aquele &hellip; Continuar a ler &quot;O idioma de destino&quot;\" \/>\n<meta property=\"og:url\" content=\"https:\/\/www.spectrumtranslation.com\/pt-pt\/o-idioma-de-destino\/\" \/>\n<meta property=\"og:site_name\" content=\"SPECTRUM TRANSLATION | Translation &amp; Linguistic Validation\" \/>\n<meta property=\"og:image\" content=\"https:\/\/www.spectrumtranslation.com\/wp-content\/uploads\/2017\/04\/19Apr17_tropical.jpg\" \/>\n\t<meta property=\"og:image:width\" content=\"1366\" \/>\n\t<meta property=\"og:image:height\" content=\"919\" \/>\n\t<meta property=\"og:image:type\" content=\"image\/jpeg\" \/>\n<meta name=\"twitter:card\" content=\"summary_large_image\" \/>\n<meta name=\"twitter:label1\" content=\"Tempo estimado de leitura\" \/>\n\t<meta name=\"twitter:data1\" content=\"1 minuto\" \/>\n<script type=\"application\/ld+json\" class=\"yoast-schema-graph\">{\"@context\":\"https:\\\/\\\/schema.org\",\"@graph\":[{\"@type\":\"WebPage\",\"@id\":\"https:\\\/\\\/www.spectrumtranslation.com\\\/pt-pt\\\/o-idioma-de-destino\\\/\",\"url\":\"https:\\\/\\\/www.spectrumtranslation.com\\\/pt-pt\\\/o-idioma-de-destino\\\/\",\"name\":\"O idioma de destino - SPECTRUM TRANSLATION | Translation &amp; Linguistic Validation\",\"isPartOf\":{\"@id\":\"https:\\\/\\\/www.spectrumtranslation.com\\\/pt-pt\\\/#website\"},\"primaryImageOfPage\":{\"@id\":\"https:\\\/\\\/www.spectrumtranslation.com\\\/pt-pt\\\/o-idioma-de-destino\\\/#primaryimage\"},\"image\":{\"@id\":\"https:\\\/\\\/www.spectrumtranslation.com\\\/pt-pt\\\/o-idioma-de-destino\\\/#primaryimage\"},\"thumbnailUrl\":\"https:\\\/\\\/www.spectrumtranslation.com\\\/wp-content\\\/uploads\\\/2017\\\/04\\\/19Apr17_tropical.jpg\",\"datePublished\":\"2017-09-15T19:37:03+00:00\",\"breadcrumb\":{\"@id\":\"https:\\\/\\\/www.spectrumtranslation.com\\\/pt-pt\\\/o-idioma-de-destino\\\/#breadcrumb\"},\"inLanguage\":\"pt-PT\",\"potentialAction\":[{\"@type\":\"ReadAction\",\"target\":[\"https:\\\/\\\/www.spectrumtranslation.com\\\/pt-pt\\\/o-idioma-de-destino\\\/\"]}]},{\"@type\":\"ImageObject\",\"inLanguage\":\"pt-PT\",\"@id\":\"https:\\\/\\\/www.spectrumtranslation.com\\\/pt-pt\\\/o-idioma-de-destino\\\/#primaryimage\",\"url\":\"https:\\\/\\\/www.spectrumtranslation.com\\\/wp-content\\\/uploads\\\/2017\\\/04\\\/19Apr17_tropical.jpg\",\"contentUrl\":\"https:\\\/\\\/www.spectrumtranslation.com\\\/wp-content\\\/uploads\\\/2017\\\/04\\\/19Apr17_tropical.jpg\",\"width\":1366,\"height\":919},{\"@type\":\"BreadcrumbList\",\"@id\":\"https:\\\/\\\/www.spectrumtranslation.com\\\/pt-pt\\\/o-idioma-de-destino\\\/#breadcrumb\",\"itemListElement\":[{\"@type\":\"ListItem\",\"position\":1,\"name\":\"Home\",\"item\":\"https:\\\/\\\/www.spectrumtranslation.com\\\/pt-pt\\\/\"},{\"@type\":\"ListItem\",\"position\":2,\"name\":\"O idioma de destino\"}]},{\"@type\":\"WebSite\",\"@id\":\"https:\\\/\\\/www.spectrumtranslation.com\\\/pt-pt\\\/#website\",\"url\":\"https:\\\/\\\/www.spectrumtranslation.com\\\/pt-pt\\\/\",\"name\":\"SPECTRUM TRANSLATION | Translation &amp; Linguistic Validation\",\"description\":\"\",\"publisher\":{\"@id\":\"https:\\\/\\\/www.spectrumtranslation.com\\\/pt-pt\\\/#organization\"},\"potentialAction\":[{\"@type\":\"SearchAction\",\"target\":{\"@type\":\"EntryPoint\",\"urlTemplate\":\"https:\\\/\\\/www.spectrumtranslation.com\\\/pt-pt\\\/?s={search_term_string}\"},\"query-input\":{\"@type\":\"PropertyValueSpecification\",\"valueRequired\":true,\"valueName\":\"search_term_string\"}}],\"inLanguage\":\"pt-PT\"},{\"@type\":\"Organization\",\"@id\":\"https:\\\/\\\/www.spectrumtranslation.com\\\/pt-pt\\\/#organization\",\"name\":\"SPECTRUM TRANSLATION | Translation &amp; Linguistic Validation\",\"url\":\"https:\\\/\\\/www.spectrumtranslation.com\\\/pt-pt\\\/\",\"logo\":{\"@type\":\"ImageObject\",\"inLanguage\":\"pt-PT\",\"@id\":\"https:\\\/\\\/www.spectrumtranslation.com\\\/pt-pt\\\/#\\\/schema\\\/logo\\\/image\\\/\",\"url\":\"https:\\\/\\\/www.spectrumtranslation.com\\\/wp-content\\\/uploads\\\/2017\\\/02\\\/cropped-logo_animated_new-1.gif\",\"contentUrl\":\"https:\\\/\\\/www.spectrumtranslation.com\\\/wp-content\\\/uploads\\\/2017\\\/02\\\/cropped-logo_animated_new-1.gif\",\"width\":250,\"height\":54,\"caption\":\"SPECTRUM TRANSLATION | Translation &amp; Linguistic Validation\"},\"image\":{\"@id\":\"https:\\\/\\\/www.spectrumtranslation.com\\\/pt-pt\\\/#\\\/schema\\\/logo\\\/image\\\/\"}}]}<\/script>\n<!-- \/ Yoast SEO plugin. -->","yoast_head_json":{"title":"O idioma de destino - SPECTRUM TRANSLATION | Translation &amp; Linguistic Validation","robots":{"index":"index","follow":"follow","max-snippet":"max-snippet:-1","max-image-preview":"max-image-preview:large","max-video-preview":"max-video-preview:-1"},"canonical":"https:\/\/www.spectrumtranslation.com\/pt-pt\/o-idioma-de-destino\/","og_locale":"pt_PT","og_type":"article","og_title":"O idioma de destino - SPECTRUM TRANSLATION | Translation &amp; Linguistic Validation","og_description":"Estilo, tom, registro. &nbsp; IDIOMA DE DESTINO: O objetivo de uma boa tradu\u00e7\u00e3o. Mais do que apenas palavras, o idioma de destino inclui aspectos como estilo, tom, registro, nuance e sensibilidade cultural. A compet\u00eancia t\u00e9cnica combina-se com um profundo conhecimento e percep\u00e7\u00e3o para criar um \u00f3timo texto de destino. O idioma de destino \u00e9 aquele &hellip; Continuar a ler \"O idioma de destino\"","og_url":"https:\/\/www.spectrumtranslation.com\/pt-pt\/o-idioma-de-destino\/","og_site_name":"SPECTRUM TRANSLATION | Translation &amp; Linguistic Validation","og_image":[{"width":1366,"height":919,"url":"https:\/\/www.spectrumtranslation.com\/wp-content\/uploads\/2017\/04\/19Apr17_tropical.jpg","type":"image\/jpeg"}],"twitter_card":"summary_large_image","twitter_misc":{"Tempo estimado de leitura":"1 minuto"},"schema":{"@context":"https:\/\/schema.org","@graph":[{"@type":"WebPage","@id":"https:\/\/www.spectrumtranslation.com\/pt-pt\/o-idioma-de-destino\/","url":"https:\/\/www.spectrumtranslation.com\/pt-pt\/o-idioma-de-destino\/","name":"O idioma de destino - SPECTRUM TRANSLATION | Translation &amp; Linguistic Validation","isPartOf":{"@id":"https:\/\/www.spectrumtranslation.com\/pt-pt\/#website"},"primaryImageOfPage":{"@id":"https:\/\/www.spectrumtranslation.com\/pt-pt\/o-idioma-de-destino\/#primaryimage"},"image":{"@id":"https:\/\/www.spectrumtranslation.com\/pt-pt\/o-idioma-de-destino\/#primaryimage"},"thumbnailUrl":"https:\/\/www.spectrumtranslation.com\/wp-content\/uploads\/2017\/04\/19Apr17_tropical.jpg","datePublished":"2017-09-15T19:37:03+00:00","breadcrumb":{"@id":"https:\/\/www.spectrumtranslation.com\/pt-pt\/o-idioma-de-destino\/#breadcrumb"},"inLanguage":"pt-PT","potentialAction":[{"@type":"ReadAction","target":["https:\/\/www.spectrumtranslation.com\/pt-pt\/o-idioma-de-destino\/"]}]},{"@type":"ImageObject","inLanguage":"pt-PT","@id":"https:\/\/www.spectrumtranslation.com\/pt-pt\/o-idioma-de-destino\/#primaryimage","url":"https:\/\/www.spectrumtranslation.com\/wp-content\/uploads\/2017\/04\/19Apr17_tropical.jpg","contentUrl":"https:\/\/www.spectrumtranslation.com\/wp-content\/uploads\/2017\/04\/19Apr17_tropical.jpg","width":1366,"height":919},{"@type":"BreadcrumbList","@id":"https:\/\/www.spectrumtranslation.com\/pt-pt\/o-idioma-de-destino\/#breadcrumb","itemListElement":[{"@type":"ListItem","position":1,"name":"Home","item":"https:\/\/www.spectrumtranslation.com\/pt-pt\/"},{"@type":"ListItem","position":2,"name":"O idioma de destino"}]},{"@type":"WebSite","@id":"https:\/\/www.spectrumtranslation.com\/pt-pt\/#website","url":"https:\/\/www.spectrumtranslation.com\/pt-pt\/","name":"SPECTRUM TRANSLATION | Translation &amp; Linguistic Validation","description":"","publisher":{"@id":"https:\/\/www.spectrumtranslation.com\/pt-pt\/#organization"},"potentialAction":[{"@type":"SearchAction","target":{"@type":"EntryPoint","urlTemplate":"https:\/\/www.spectrumtranslation.com\/pt-pt\/?s={search_term_string}"},"query-input":{"@type":"PropertyValueSpecification","valueRequired":true,"valueName":"search_term_string"}}],"inLanguage":"pt-PT"},{"@type":"Organization","@id":"https:\/\/www.spectrumtranslation.com\/pt-pt\/#organization","name":"SPECTRUM TRANSLATION | Translation &amp; Linguistic Validation","url":"https:\/\/www.spectrumtranslation.com\/pt-pt\/","logo":{"@type":"ImageObject","inLanguage":"pt-PT","@id":"https:\/\/www.spectrumtranslation.com\/pt-pt\/#\/schema\/logo\/image\/","url":"https:\/\/www.spectrumtranslation.com\/wp-content\/uploads\/2017\/02\/cropped-logo_animated_new-1.gif","contentUrl":"https:\/\/www.spectrumtranslation.com\/wp-content\/uploads\/2017\/02\/cropped-logo_animated_new-1.gif","width":250,"height":54,"caption":"SPECTRUM TRANSLATION | Translation &amp; Linguistic Validation"},"image":{"@id":"https:\/\/www.spectrumtranslation.com\/pt-pt\/#\/schema\/logo\/image\/"}}]}},"_links":{"self":[{"href":"https:\/\/www.spectrumtranslation.com\/pt-pt\/wp-json\/wp\/v2\/pages\/1907","targetHints":{"allow":["GET"]}}],"collection":[{"href":"https:\/\/www.spectrumtranslation.com\/pt-pt\/wp-json\/wp\/v2\/pages"}],"about":[{"href":"https:\/\/www.spectrumtranslation.com\/pt-pt\/wp-json\/wp\/v2\/types\/page"}],"author":[{"embeddable":true,"href":"https:\/\/www.spectrumtranslation.com\/pt-pt\/wp-json\/wp\/v2\/users\/1"}],"replies":[{"embeddable":true,"href":"https:\/\/www.spectrumtranslation.com\/pt-pt\/wp-json\/wp\/v2\/comments?post=1907"}],"version-history":[{"count":1,"href":"https:\/\/www.spectrumtranslation.com\/pt-pt\/wp-json\/wp\/v2\/pages\/1907\/revisions"}],"predecessor-version":[{"id":1908,"href":"https:\/\/www.spectrumtranslation.com\/pt-pt\/wp-json\/wp\/v2\/pages\/1907\/revisions\/1908"}],"wp:featuredmedia":[{"embeddable":true,"href":"https:\/\/www.spectrumtranslation.com\/pt-pt\/wp-json\/wp\/v2\/media\/1043"}],"wp:attachment":[{"href":"https:\/\/www.spectrumtranslation.com\/pt-pt\/wp-json\/wp\/v2\/media?parent=1907"}],"curies":[{"name":"wp","href":"https:\/\/api.w.org\/{rel}","templated":true}]}}