{"id":1914,"date":"2017-09-15T20:13:03","date_gmt":"2017-09-15T20:13:03","guid":{"rendered":"https:\/\/www.spectrumtranslation.com\/?page_id=1914\/"},"modified":"2017-09-15T20:13:03","modified_gmt":"2017-09-15T20:13:03","slug":"outros-idiomas","status":"publish","type":"page","link":"https:\/\/www.spectrumtranslation.com\/pt-pt\/outros-idiomas\/","title":{"rendered":"Outros idiomas"},"content":{"rendered":"<h1 style=\"text-align: center;\"><\/h1>\n<h1 style=\"text-align: center;\"><span style=\"color: #000000;\"><strong>Os idiomas menos globais do mundo.<\/strong><\/span><\/h1>\n<p>&nbsp;<\/p>\n<p style=\"text-align: left;\">N\u00f3s n\u00e3o ignoramos os idiomas menos globais do mundo. Com menor quantidade de falantes, ainda assim impactam a vida de milh\u00f5es de pessoas no mundo inteiro.<\/p>\n<p style=\"text-align: left;\">A Spectrum Translation j\u00e1 traduziu, entre outros idiomas, guarani (Am\u00e9rica do Sul), sesoto, xhosa e zulu (\u00c1frica), cingal\u00eas (Sri Lanka), criolo haitiano, e v\u00e1rias formas do ingl\u00eas incluindo jamaicano, singapur\u00eas e sul africano.<\/p>\n<p style=\"text-align: left;\">Teremos prazer em considerar solicita\u00e7\u00f5es de tradu\u00e7\u00e3o, revis\u00e3o, edi\u00e7\u00e3o e reda\u00e7\u00e3o em qualquer idioma mundial.<\/p>\n","protected":false},"excerpt":{"rendered":"<p>Os idiomas menos globais do mundo. &nbsp; N\u00f3s n\u00e3o ignoramos os idiomas menos globais do mundo. Com menor quantidade de falantes, ainda assim impactam a vida de milh\u00f5es de pessoas no mundo inteiro. A Spectrum Translation j\u00e1 traduziu, entre outros idiomas, guarani (Am\u00e9rica do Sul), sesoto, xhosa e zulu (\u00c1frica), cingal\u00eas (Sri Lanka), criolo haitiano, &hellip; <a href=\"https:\/\/www.spectrumtranslation.com\/pt-pt\/outros-idiomas\/\" class=\"more-link\">Continuar a ler<span class=\"screen-reader-text\"> &#8220;Outros idiomas&#8221;<\/span><\/a><\/p>\n","protected":false},"author":1,"featured_media":1099,"parent":0,"menu_order":0,"comment_status":"closed","ping_status":"closed","template":"","meta":{"_acf_changed":false,"nf_dc_page":"","footnotes":""},"class_list":["post-1914","page","type-page","status-publish","has-post-thumbnail","hentry"],"acf":[],"yoast_head":"<!-- This site is optimized with the Yoast SEO plugin v27.4 - https:\/\/yoast.com\/product\/yoast-seo-wordpress\/ -->\n<title>Outros idiomas - SPECTRUM TRANSLATION | Translation &amp; Linguistic Validation<\/title>\n<meta name=\"robots\" content=\"index, follow, max-snippet:-1, max-image-preview:large, max-video-preview:-1\" \/>\n<link rel=\"canonical\" href=\"https:\/\/www.spectrumtranslation.com\/pt-pt\/outros-idiomas\/\" \/>\n<meta property=\"og:locale\" content=\"pt_PT\" \/>\n<meta property=\"og:type\" content=\"article\" \/>\n<meta property=\"og:title\" content=\"Outros idiomas - SPECTRUM TRANSLATION | Translation &amp; Linguistic Validation\" \/>\n<meta property=\"og:description\" content=\"Os idiomas menos globais do mundo. &nbsp; N\u00f3s n\u00e3o ignoramos os idiomas menos globais do mundo. Com menor quantidade de falantes, ainda assim impactam a vida de milh\u00f5es de pessoas no mundo inteiro. A Spectrum Translation j\u00e1 traduziu, entre outros idiomas, guarani (Am\u00e9rica do Sul), sesoto, xhosa e zulu (\u00c1frica), cingal\u00eas (Sri Lanka), criolo haitiano, &hellip; Continuar a ler &quot;Outros idiomas&quot;\" \/>\n<meta property=\"og:url\" content=\"https:\/\/www.spectrumtranslation.com\/pt-pt\/outros-idiomas\/\" \/>\n<meta property=\"og:site_name\" content=\"SPECTRUM TRANSLATION | Translation &amp; Linguistic Validation\" \/>\n<meta property=\"og:image\" content=\"https:\/\/www.spectrumtranslation.com\/wp-content\/uploads\/2017\/04\/south-africa-coast-e1494192389391.jpg\" \/>\n\t<meta property=\"og:image:width\" content=\"1366\" \/>\n\t<meta property=\"og:image:height\" content=\"907\" \/>\n\t<meta property=\"og:image:type\" content=\"image\/jpeg\" \/>\n<meta name=\"twitter:card\" content=\"summary_large_image\" \/>\n<script type=\"application\/ld+json\" class=\"yoast-schema-graph\">{\"@context\":\"https:\\\/\\\/schema.org\",\"@graph\":[{\"@type\":\"WebPage\",\"@id\":\"https:\\\/\\\/www.spectrumtranslation.com\\\/pt-pt\\\/outros-idiomas\\\/\",\"url\":\"https:\\\/\\\/www.spectrumtranslation.com\\\/pt-pt\\\/outros-idiomas\\\/\",\"name\":\"Outros idiomas - SPECTRUM TRANSLATION | Translation &amp; Linguistic Validation\",\"isPartOf\":{\"@id\":\"https:\\\/\\\/www.spectrumtranslation.com\\\/pt-pt\\\/#website\"},\"primaryImageOfPage\":{\"@id\":\"https:\\\/\\\/www.spectrumtranslation.com\\\/pt-pt\\\/outros-idiomas\\\/#primaryimage\"},\"image\":{\"@id\":\"https:\\\/\\\/www.spectrumtranslation.com\\\/pt-pt\\\/outros-idiomas\\\/#primaryimage\"},\"thumbnailUrl\":\"https:\\\/\\\/www.spectrumtranslation.com\\\/wp-content\\\/uploads\\\/2017\\\/04\\\/south-africa-coast-e1494192389391.jpg\",\"datePublished\":\"2017-09-15T20:13:03+00:00\",\"breadcrumb\":{\"@id\":\"https:\\\/\\\/www.spectrumtranslation.com\\\/pt-pt\\\/outros-idiomas\\\/#breadcrumb\"},\"inLanguage\":\"pt-PT\",\"potentialAction\":[{\"@type\":\"ReadAction\",\"target\":[\"https:\\\/\\\/www.spectrumtranslation.com\\\/pt-pt\\\/outros-idiomas\\\/\"]}]},{\"@type\":\"ImageObject\",\"inLanguage\":\"pt-PT\",\"@id\":\"https:\\\/\\\/www.spectrumtranslation.com\\\/pt-pt\\\/outros-idiomas\\\/#primaryimage\",\"url\":\"https:\\\/\\\/www.spectrumtranslation.com\\\/wp-content\\\/uploads\\\/2017\\\/04\\\/south-africa-coast-e1494192389391.jpg\",\"contentUrl\":\"https:\\\/\\\/www.spectrumtranslation.com\\\/wp-content\\\/uploads\\\/2017\\\/04\\\/south-africa-coast-e1494192389391.jpg\",\"width\":1366,\"height\":907},{\"@type\":\"BreadcrumbList\",\"@id\":\"https:\\\/\\\/www.spectrumtranslation.com\\\/pt-pt\\\/outros-idiomas\\\/#breadcrumb\",\"itemListElement\":[{\"@type\":\"ListItem\",\"position\":1,\"name\":\"Home\",\"item\":\"https:\\\/\\\/www.spectrumtranslation.com\\\/pt-pt\\\/\"},{\"@type\":\"ListItem\",\"position\":2,\"name\":\"Outros idiomas\"}]},{\"@type\":\"WebSite\",\"@id\":\"https:\\\/\\\/www.spectrumtranslation.com\\\/pt-pt\\\/#website\",\"url\":\"https:\\\/\\\/www.spectrumtranslation.com\\\/pt-pt\\\/\",\"name\":\"SPECTRUM TRANSLATION | Translation &amp; Linguistic Validation\",\"description\":\"\",\"publisher\":{\"@id\":\"https:\\\/\\\/www.spectrumtranslation.com\\\/pt-pt\\\/#organization\"},\"potentialAction\":[{\"@type\":\"SearchAction\",\"target\":{\"@type\":\"EntryPoint\",\"urlTemplate\":\"https:\\\/\\\/www.spectrumtranslation.com\\\/pt-pt\\\/?s={search_term_string}\"},\"query-input\":{\"@type\":\"PropertyValueSpecification\",\"valueRequired\":true,\"valueName\":\"search_term_string\"}}],\"inLanguage\":\"pt-PT\"},{\"@type\":\"Organization\",\"@id\":\"https:\\\/\\\/www.spectrumtranslation.com\\\/pt-pt\\\/#organization\",\"name\":\"SPECTRUM TRANSLATION | Translation &amp; Linguistic Validation\",\"url\":\"https:\\\/\\\/www.spectrumtranslation.com\\\/pt-pt\\\/\",\"logo\":{\"@type\":\"ImageObject\",\"inLanguage\":\"pt-PT\",\"@id\":\"https:\\\/\\\/www.spectrumtranslation.com\\\/pt-pt\\\/#\\\/schema\\\/logo\\\/image\\\/\",\"url\":\"https:\\\/\\\/www.spectrumtranslation.com\\\/wp-content\\\/uploads\\\/2017\\\/02\\\/cropped-logo_animated_new-1.gif\",\"contentUrl\":\"https:\\\/\\\/www.spectrumtranslation.com\\\/wp-content\\\/uploads\\\/2017\\\/02\\\/cropped-logo_animated_new-1.gif\",\"width\":250,\"height\":54,\"caption\":\"SPECTRUM TRANSLATION | Translation &amp; Linguistic Validation\"},\"image\":{\"@id\":\"https:\\\/\\\/www.spectrumtranslation.com\\\/pt-pt\\\/#\\\/schema\\\/logo\\\/image\\\/\"}}]}<\/script>\n<!-- \/ Yoast SEO plugin. -->","yoast_head_json":{"title":"Outros idiomas - SPECTRUM TRANSLATION | Translation &amp; Linguistic Validation","robots":{"index":"index","follow":"follow","max-snippet":"max-snippet:-1","max-image-preview":"max-image-preview:large","max-video-preview":"max-video-preview:-1"},"canonical":"https:\/\/www.spectrumtranslation.com\/pt-pt\/outros-idiomas\/","og_locale":"pt_PT","og_type":"article","og_title":"Outros idiomas - SPECTRUM TRANSLATION | Translation &amp; Linguistic Validation","og_description":"Os idiomas menos globais do mundo. &nbsp; N\u00f3s n\u00e3o ignoramos os idiomas menos globais do mundo. Com menor quantidade de falantes, ainda assim impactam a vida de milh\u00f5es de pessoas no mundo inteiro. A Spectrum Translation j\u00e1 traduziu, entre outros idiomas, guarani (Am\u00e9rica do Sul), sesoto, xhosa e zulu (\u00c1frica), cingal\u00eas (Sri Lanka), criolo haitiano, &hellip; Continuar a ler \"Outros idiomas\"","og_url":"https:\/\/www.spectrumtranslation.com\/pt-pt\/outros-idiomas\/","og_site_name":"SPECTRUM TRANSLATION | Translation &amp; Linguistic Validation","og_image":[{"width":1366,"height":907,"url":"https:\/\/www.spectrumtranslation.com\/wp-content\/uploads\/2017\/04\/south-africa-coast-e1494192389391.jpg","type":"image\/jpeg"}],"twitter_card":"summary_large_image","schema":{"@context":"https:\/\/schema.org","@graph":[{"@type":"WebPage","@id":"https:\/\/www.spectrumtranslation.com\/pt-pt\/outros-idiomas\/","url":"https:\/\/www.spectrumtranslation.com\/pt-pt\/outros-idiomas\/","name":"Outros idiomas - SPECTRUM TRANSLATION | Translation &amp; Linguistic Validation","isPartOf":{"@id":"https:\/\/www.spectrumtranslation.com\/pt-pt\/#website"},"primaryImageOfPage":{"@id":"https:\/\/www.spectrumtranslation.com\/pt-pt\/outros-idiomas\/#primaryimage"},"image":{"@id":"https:\/\/www.spectrumtranslation.com\/pt-pt\/outros-idiomas\/#primaryimage"},"thumbnailUrl":"https:\/\/www.spectrumtranslation.com\/wp-content\/uploads\/2017\/04\/south-africa-coast-e1494192389391.jpg","datePublished":"2017-09-15T20:13:03+00:00","breadcrumb":{"@id":"https:\/\/www.spectrumtranslation.com\/pt-pt\/outros-idiomas\/#breadcrumb"},"inLanguage":"pt-PT","potentialAction":[{"@type":"ReadAction","target":["https:\/\/www.spectrumtranslation.com\/pt-pt\/outros-idiomas\/"]}]},{"@type":"ImageObject","inLanguage":"pt-PT","@id":"https:\/\/www.spectrumtranslation.com\/pt-pt\/outros-idiomas\/#primaryimage","url":"https:\/\/www.spectrumtranslation.com\/wp-content\/uploads\/2017\/04\/south-africa-coast-e1494192389391.jpg","contentUrl":"https:\/\/www.spectrumtranslation.com\/wp-content\/uploads\/2017\/04\/south-africa-coast-e1494192389391.jpg","width":1366,"height":907},{"@type":"BreadcrumbList","@id":"https:\/\/www.spectrumtranslation.com\/pt-pt\/outros-idiomas\/#breadcrumb","itemListElement":[{"@type":"ListItem","position":1,"name":"Home","item":"https:\/\/www.spectrumtranslation.com\/pt-pt\/"},{"@type":"ListItem","position":2,"name":"Outros idiomas"}]},{"@type":"WebSite","@id":"https:\/\/www.spectrumtranslation.com\/pt-pt\/#website","url":"https:\/\/www.spectrumtranslation.com\/pt-pt\/","name":"SPECTRUM TRANSLATION | Translation &amp; Linguistic Validation","description":"","publisher":{"@id":"https:\/\/www.spectrumtranslation.com\/pt-pt\/#organization"},"potentialAction":[{"@type":"SearchAction","target":{"@type":"EntryPoint","urlTemplate":"https:\/\/www.spectrumtranslation.com\/pt-pt\/?s={search_term_string}"},"query-input":{"@type":"PropertyValueSpecification","valueRequired":true,"valueName":"search_term_string"}}],"inLanguage":"pt-PT"},{"@type":"Organization","@id":"https:\/\/www.spectrumtranslation.com\/pt-pt\/#organization","name":"SPECTRUM TRANSLATION | Translation &amp; Linguistic Validation","url":"https:\/\/www.spectrumtranslation.com\/pt-pt\/","logo":{"@type":"ImageObject","inLanguage":"pt-PT","@id":"https:\/\/www.spectrumtranslation.com\/pt-pt\/#\/schema\/logo\/image\/","url":"https:\/\/www.spectrumtranslation.com\/wp-content\/uploads\/2017\/02\/cropped-logo_animated_new-1.gif","contentUrl":"https:\/\/www.spectrumtranslation.com\/wp-content\/uploads\/2017\/02\/cropped-logo_animated_new-1.gif","width":250,"height":54,"caption":"SPECTRUM TRANSLATION | Translation &amp; Linguistic Validation"},"image":{"@id":"https:\/\/www.spectrumtranslation.com\/pt-pt\/#\/schema\/logo\/image\/"}}]}},"_links":{"self":[{"href":"https:\/\/www.spectrumtranslation.com\/pt-pt\/wp-json\/wp\/v2\/pages\/1914","targetHints":{"allow":["GET"]}}],"collection":[{"href":"https:\/\/www.spectrumtranslation.com\/pt-pt\/wp-json\/wp\/v2\/pages"}],"about":[{"href":"https:\/\/www.spectrumtranslation.com\/pt-pt\/wp-json\/wp\/v2\/types\/page"}],"author":[{"embeddable":true,"href":"https:\/\/www.spectrumtranslation.com\/pt-pt\/wp-json\/wp\/v2\/users\/1"}],"replies":[{"embeddable":true,"href":"https:\/\/www.spectrumtranslation.com\/pt-pt\/wp-json\/wp\/v2\/comments?post=1914"}],"version-history":[{"count":1,"href":"https:\/\/www.spectrumtranslation.com\/pt-pt\/wp-json\/wp\/v2\/pages\/1914\/revisions"}],"predecessor-version":[{"id":1915,"href":"https:\/\/www.spectrumtranslation.com\/pt-pt\/wp-json\/wp\/v2\/pages\/1914\/revisions\/1915"}],"wp:featuredmedia":[{"embeddable":true,"href":"https:\/\/www.spectrumtranslation.com\/pt-pt\/wp-json\/wp\/v2\/media\/1099"}],"wp:attachment":[{"href":"https:\/\/www.spectrumtranslation.com\/pt-pt\/wp-json\/wp\/v2\/media?parent=1914"}],"curies":[{"name":"wp","href":"https:\/\/api.w.org\/{rel}","templated":true}]}}