{"id":2113,"date":"2017-10-04T17:21:54","date_gmt":"2017-10-04T17:21:54","guid":{"rendered":"https:\/\/www.spectrumtranslation.com\/?page_id=2113\/"},"modified":"2017-10-04T17:21:54","modified_gmt":"2017-10-04T17:21:54","slug":"om-oss","status":"publish","type":"page","link":"https:\/\/www.spectrumtranslation.com\/sv\/om-oss\/","title":{"rendered":"OM OSS"},"content":{"rendered":"<h1 style=\"text-align: center;\"><\/h1>\n<h1 style=\"text-align: center;\"><span style=\"color: #000000;\"><strong>Universell kvalitetsstandard.<\/strong><\/span><\/h1>\n<p>&nbsp;<\/p>\n<h2><strong><span style=\"color: #000000;\">Vilka vi \u00e4r<\/span><\/strong><\/h2>\n<p style=\"text-align: left;\">Alltsedan vi grundades 2004 har vi levererat spr\u00e5ksupport till f\u00f6retag, icke-statliga organisationer, myndigheter, byr\u00e5er och privatpersoner p\u00e5 \u00f6ver 35 spr\u00e5k.<\/p>\n<p style=\"text-align: left;\">V\u00e5rt team med \u00f6ver 200 engagerade lingvister, \u00f6vers\u00e4ttare, redigerare och skribenter arbetar endast till sitt modersm\u00e5l.<\/p>\n<p>Fr\u00e5n b\u00f6rjan erbj\u00f6d vi tj\u00e4nster f\u00f6r de v\u00e4steuropeiska spr\u00e5ken men under 2017 har vi arbetat med svenska, engelska, afrikaans, danska, finska, hindi, japanska, koreanska, kroatiska, norska, ryska, singalesiska, slovenska, tamilska, urdu och xhosa samt tiotals andra spr\u00e5k.<\/p>\n<p>V\u00e5r inst\u00e4llning till spr\u00e5ksupport \u00e4r individuell samtidigt som vi f\u00f6ljer universella standarder f\u00f6r b\u00e5de konceptuell och kulturell precision.<\/p>\n<h2><span style=\"color: #000000;\"><strong>V\u00e5ra kunder<\/strong><\/span><\/h2>\n<p>Spectrum Translations kunder kan vara allt fr\u00e5n enskilda advokater, doktorander eller entrepren\u00f6rer till de st\u00f6rsta internationella bolagen och myndigheter. Vi har \u00f6versatt f\u00f6r advokatbyr\u00e5er, internationella rederier, europeiska icke-statliga organisationer, f\u00f6rlag och f\u00f6retag inom konst- och musikbranschen.<\/p>\n<p>&nbsp;<\/p>\n<h2 style=\"text-align: center;\"><strong><span style=\"color: #000000;\"><em>\u201dV\u00e5r kund var mycket n\u00f6jd med resultatet av redigeringen.\u201d<\/em><\/span><\/strong><\/h2>\n<p style=\"text-align: center;\">Thierry (Belgien), 2017 (italienska till engelska)<\/p>\n<p>&nbsp;<\/p>\n<h2><span style=\"color: #000000;\"><strong>V\u00e5ra projektledare<\/strong><\/span><\/h2>\n<p>V\u00e5ra projektledare kan hantera f\u00f6rfr\u00e5gningar p\u00e5 de flesta europeiska spr\u00e5k (inklusive ryska), kinesiska samt japanska. De analyserar vart projekt f\u00f6r sig och f\u00f6rst\u00e5r de aktuella spr\u00e5ken.<\/p>\n","protected":false},"excerpt":{"rendered":"<p>Universell kvalitetsstandard. &nbsp; Vilka vi \u00e4r Alltsedan vi grundades 2004 har vi levererat spr\u00e5ksupport till f\u00f6retag, icke-statliga organisationer, myndigheter, byr\u00e5er och privatpersoner p\u00e5 \u00f6ver 35 spr\u00e5k. V\u00e5rt team med \u00f6ver 200 engagerade lingvister, \u00f6vers\u00e4ttare, redigerare och skribenter arbetar endast till sitt modersm\u00e5l. Fr\u00e5n b\u00f6rjan erbj\u00f6d vi tj\u00e4nster f\u00f6r de v\u00e4steuropeiska spr\u00e5ken men under 2017 har &hellip; <a href=\"https:\/\/www.spectrumtranslation.com\/sv\/om-oss\/\" class=\"more-link\">Forts\u00e4tt l\u00e4sa<span class=\"screen-reader-text\"> &#8220;OM OSS&#8221;<\/span><\/a><\/p>\n","protected":false},"author":1,"featured_media":1088,"parent":0,"menu_order":0,"comment_status":"closed","ping_status":"closed","template":"","meta":{"_acf_changed":false,"nf_dc_page":"","footnotes":""},"class_list":["post-2113","page","type-page","status-publish","has-post-thumbnail","hentry"],"acf":[],"yoast_head":"<!-- This site is optimized with the Yoast SEO plugin v27.4 - https:\/\/yoast.com\/product\/yoast-seo-wordpress\/ -->\n<title>OM OSS - SPECTRUM TRANSLATION | Translation &amp; Linguistic Validation<\/title>\n<meta name=\"robots\" content=\"index, follow, max-snippet:-1, max-image-preview:large, max-video-preview:-1\" \/>\n<link rel=\"canonical\" href=\"https:\/\/www.spectrumtranslation.com\/sv\/om-oss\/\" \/>\n<meta property=\"og:locale\" content=\"sv_SE\" \/>\n<meta property=\"og:type\" content=\"article\" \/>\n<meta property=\"og:title\" content=\"OM OSS - SPECTRUM TRANSLATION | Translation &amp; Linguistic Validation\" \/>\n<meta property=\"og:description\" content=\"Universell kvalitetsstandard. &nbsp; Vilka vi \u00e4r Alltsedan vi grundades 2004 har vi levererat spr\u00e5ksupport till f\u00f6retag, icke-statliga organisationer, myndigheter, byr\u00e5er och privatpersoner p\u00e5 \u00f6ver 35 spr\u00e5k. V\u00e5rt team med \u00f6ver 200 engagerade lingvister, \u00f6vers\u00e4ttare, redigerare och skribenter arbetar endast till sitt modersm\u00e5l. Fr\u00e5n b\u00f6rjan erbj\u00f6d vi tj\u00e4nster f\u00f6r de v\u00e4steuropeiska spr\u00e5ken men under 2017 har &hellip; Forts\u00e4tt l\u00e4sa &quot;OM OSS&quot;\" \/>\n<meta property=\"og:url\" content=\"https:\/\/www.spectrumtranslation.com\/sv\/om-oss\/\" \/>\n<meta property=\"og:site_name\" content=\"SPECTRUM TRANSLATION | Translation &amp; Linguistic Validation\" \/>\n<meta property=\"og:image\" content=\"https:\/\/www.spectrumtranslation.com\/wp-content\/uploads\/2017\/04\/eastern-arch-e1494189373729.jpg\" \/>\n\t<meta property=\"og:image:width\" content=\"1366\" \/>\n\t<meta property=\"og:image:height\" content=\"911\" \/>\n\t<meta property=\"og:image:type\" content=\"image\/jpeg\" \/>\n<meta name=\"twitter:card\" content=\"summary_large_image\" \/>\n<meta name=\"twitter:label1\" content=\"Ber\u00e4knad l\u00e4stid\" \/>\n\t<meta name=\"twitter:data1\" content=\"1 minut\" \/>\n<script type=\"application\/ld+json\" class=\"yoast-schema-graph\">{\"@context\":\"https:\\\/\\\/schema.org\",\"@graph\":[{\"@type\":\"WebPage\",\"@id\":\"https:\\\/\\\/www.spectrumtranslation.com\\\/sv\\\/om-oss\\\/\",\"url\":\"https:\\\/\\\/www.spectrumtranslation.com\\\/sv\\\/om-oss\\\/\",\"name\":\"OM OSS - SPECTRUM TRANSLATION | Translation &amp; Linguistic Validation\",\"isPartOf\":{\"@id\":\"https:\\\/\\\/www.spectrumtranslation.com\\\/sv\\\/#website\"},\"primaryImageOfPage\":{\"@id\":\"https:\\\/\\\/www.spectrumtranslation.com\\\/sv\\\/om-oss\\\/#primaryimage\"},\"image\":{\"@id\":\"https:\\\/\\\/www.spectrumtranslation.com\\\/sv\\\/om-oss\\\/#primaryimage\"},\"thumbnailUrl\":\"https:\\\/\\\/www.spectrumtranslation.com\\\/wp-content\\\/uploads\\\/2017\\\/04\\\/eastern-arch-e1494189373729.jpg\",\"datePublished\":\"2017-10-04T17:21:54+00:00\",\"breadcrumb\":{\"@id\":\"https:\\\/\\\/www.spectrumtranslation.com\\\/sv\\\/om-oss\\\/#breadcrumb\"},\"inLanguage\":\"sv-SE\",\"potentialAction\":[{\"@type\":\"ReadAction\",\"target\":[\"https:\\\/\\\/www.spectrumtranslation.com\\\/sv\\\/om-oss\\\/\"]}]},{\"@type\":\"ImageObject\",\"inLanguage\":\"sv-SE\",\"@id\":\"https:\\\/\\\/www.spectrumtranslation.com\\\/sv\\\/om-oss\\\/#primaryimage\",\"url\":\"https:\\\/\\\/www.spectrumtranslation.com\\\/wp-content\\\/uploads\\\/2017\\\/04\\\/eastern-arch-e1494189373729.jpg\",\"contentUrl\":\"https:\\\/\\\/www.spectrumtranslation.com\\\/wp-content\\\/uploads\\\/2017\\\/04\\\/eastern-arch-e1494189373729.jpg\",\"width\":1366,\"height\":911},{\"@type\":\"BreadcrumbList\",\"@id\":\"https:\\\/\\\/www.spectrumtranslation.com\\\/sv\\\/om-oss\\\/#breadcrumb\",\"itemListElement\":[{\"@type\":\"ListItem\",\"position\":1,\"name\":\"Home\",\"item\":\"https:\\\/\\\/www.spectrumtranslation.com\\\/sv\\\/\"},{\"@type\":\"ListItem\",\"position\":2,\"name\":\"OM OSS\"}]},{\"@type\":\"WebSite\",\"@id\":\"https:\\\/\\\/www.spectrumtranslation.com\\\/sv\\\/#website\",\"url\":\"https:\\\/\\\/www.spectrumtranslation.com\\\/sv\\\/\",\"name\":\"SPECTRUM TRANSLATION | Translation &amp; Linguistic Validation\",\"description\":\"\",\"publisher\":{\"@id\":\"https:\\\/\\\/www.spectrumtranslation.com\\\/sv\\\/#organization\"},\"potentialAction\":[{\"@type\":\"SearchAction\",\"target\":{\"@type\":\"EntryPoint\",\"urlTemplate\":\"https:\\\/\\\/www.spectrumtranslation.com\\\/sv\\\/?s={search_term_string}\"},\"query-input\":{\"@type\":\"PropertyValueSpecification\",\"valueRequired\":true,\"valueName\":\"search_term_string\"}}],\"inLanguage\":\"sv-SE\"},{\"@type\":\"Organization\",\"@id\":\"https:\\\/\\\/www.spectrumtranslation.com\\\/sv\\\/#organization\",\"name\":\"SPECTRUM TRANSLATION | Translation &amp; Linguistic Validation\",\"url\":\"https:\\\/\\\/www.spectrumtranslation.com\\\/sv\\\/\",\"logo\":{\"@type\":\"ImageObject\",\"inLanguage\":\"sv-SE\",\"@id\":\"https:\\\/\\\/www.spectrumtranslation.com\\\/sv\\\/#\\\/schema\\\/logo\\\/image\\\/\",\"url\":\"https:\\\/\\\/www.spectrumtranslation.com\\\/wp-content\\\/uploads\\\/2017\\\/02\\\/cropped-logo_animated_new-1.gif\",\"contentUrl\":\"https:\\\/\\\/www.spectrumtranslation.com\\\/wp-content\\\/uploads\\\/2017\\\/02\\\/cropped-logo_animated_new-1.gif\",\"width\":250,\"height\":54,\"caption\":\"SPECTRUM TRANSLATION | Translation &amp; Linguistic Validation\"},\"image\":{\"@id\":\"https:\\\/\\\/www.spectrumtranslation.com\\\/sv\\\/#\\\/schema\\\/logo\\\/image\\\/\"}}]}<\/script>\n<!-- \/ Yoast SEO plugin. -->","yoast_head_json":{"title":"OM OSS - SPECTRUM TRANSLATION | Translation &amp; Linguistic Validation","robots":{"index":"index","follow":"follow","max-snippet":"max-snippet:-1","max-image-preview":"max-image-preview:large","max-video-preview":"max-video-preview:-1"},"canonical":"https:\/\/www.spectrumtranslation.com\/sv\/om-oss\/","og_locale":"sv_SE","og_type":"article","og_title":"OM OSS - SPECTRUM TRANSLATION | Translation &amp; Linguistic Validation","og_description":"Universell kvalitetsstandard. &nbsp; Vilka vi \u00e4r Alltsedan vi grundades 2004 har vi levererat spr\u00e5ksupport till f\u00f6retag, icke-statliga organisationer, myndigheter, byr\u00e5er och privatpersoner p\u00e5 \u00f6ver 35 spr\u00e5k. V\u00e5rt team med \u00f6ver 200 engagerade lingvister, \u00f6vers\u00e4ttare, redigerare och skribenter arbetar endast till sitt modersm\u00e5l. Fr\u00e5n b\u00f6rjan erbj\u00f6d vi tj\u00e4nster f\u00f6r de v\u00e4steuropeiska spr\u00e5ken men under 2017 har &hellip; Forts\u00e4tt l\u00e4sa \"OM OSS\"","og_url":"https:\/\/www.spectrumtranslation.com\/sv\/om-oss\/","og_site_name":"SPECTRUM TRANSLATION | Translation &amp; Linguistic Validation","og_image":[{"width":1366,"height":911,"url":"https:\/\/www.spectrumtranslation.com\/wp-content\/uploads\/2017\/04\/eastern-arch-e1494189373729.jpg","type":"image\/jpeg"}],"twitter_card":"summary_large_image","twitter_misc":{"Ber\u00e4knad l\u00e4stid":"1 minut"},"schema":{"@context":"https:\/\/schema.org","@graph":[{"@type":"WebPage","@id":"https:\/\/www.spectrumtranslation.com\/sv\/om-oss\/","url":"https:\/\/www.spectrumtranslation.com\/sv\/om-oss\/","name":"OM OSS - SPECTRUM TRANSLATION | Translation &amp; Linguistic Validation","isPartOf":{"@id":"https:\/\/www.spectrumtranslation.com\/sv\/#website"},"primaryImageOfPage":{"@id":"https:\/\/www.spectrumtranslation.com\/sv\/om-oss\/#primaryimage"},"image":{"@id":"https:\/\/www.spectrumtranslation.com\/sv\/om-oss\/#primaryimage"},"thumbnailUrl":"https:\/\/www.spectrumtranslation.com\/wp-content\/uploads\/2017\/04\/eastern-arch-e1494189373729.jpg","datePublished":"2017-10-04T17:21:54+00:00","breadcrumb":{"@id":"https:\/\/www.spectrumtranslation.com\/sv\/om-oss\/#breadcrumb"},"inLanguage":"sv-SE","potentialAction":[{"@type":"ReadAction","target":["https:\/\/www.spectrumtranslation.com\/sv\/om-oss\/"]}]},{"@type":"ImageObject","inLanguage":"sv-SE","@id":"https:\/\/www.spectrumtranslation.com\/sv\/om-oss\/#primaryimage","url":"https:\/\/www.spectrumtranslation.com\/wp-content\/uploads\/2017\/04\/eastern-arch-e1494189373729.jpg","contentUrl":"https:\/\/www.spectrumtranslation.com\/wp-content\/uploads\/2017\/04\/eastern-arch-e1494189373729.jpg","width":1366,"height":911},{"@type":"BreadcrumbList","@id":"https:\/\/www.spectrumtranslation.com\/sv\/om-oss\/#breadcrumb","itemListElement":[{"@type":"ListItem","position":1,"name":"Home","item":"https:\/\/www.spectrumtranslation.com\/sv\/"},{"@type":"ListItem","position":2,"name":"OM OSS"}]},{"@type":"WebSite","@id":"https:\/\/www.spectrumtranslation.com\/sv\/#website","url":"https:\/\/www.spectrumtranslation.com\/sv\/","name":"SPECTRUM TRANSLATION | Translation &amp; Linguistic Validation","description":"","publisher":{"@id":"https:\/\/www.spectrumtranslation.com\/sv\/#organization"},"potentialAction":[{"@type":"SearchAction","target":{"@type":"EntryPoint","urlTemplate":"https:\/\/www.spectrumtranslation.com\/sv\/?s={search_term_string}"},"query-input":{"@type":"PropertyValueSpecification","valueRequired":true,"valueName":"search_term_string"}}],"inLanguage":"sv-SE"},{"@type":"Organization","@id":"https:\/\/www.spectrumtranslation.com\/sv\/#organization","name":"SPECTRUM TRANSLATION | Translation &amp; Linguistic Validation","url":"https:\/\/www.spectrumtranslation.com\/sv\/","logo":{"@type":"ImageObject","inLanguage":"sv-SE","@id":"https:\/\/www.spectrumtranslation.com\/sv\/#\/schema\/logo\/image\/","url":"https:\/\/www.spectrumtranslation.com\/wp-content\/uploads\/2017\/02\/cropped-logo_animated_new-1.gif","contentUrl":"https:\/\/www.spectrumtranslation.com\/wp-content\/uploads\/2017\/02\/cropped-logo_animated_new-1.gif","width":250,"height":54,"caption":"SPECTRUM TRANSLATION | Translation &amp; Linguistic Validation"},"image":{"@id":"https:\/\/www.spectrumtranslation.com\/sv\/#\/schema\/logo\/image\/"}}]}},"_links":{"self":[{"href":"https:\/\/www.spectrumtranslation.com\/sv\/wp-json\/wp\/v2\/pages\/2113","targetHints":{"allow":["GET"]}}],"collection":[{"href":"https:\/\/www.spectrumtranslation.com\/sv\/wp-json\/wp\/v2\/pages"}],"about":[{"href":"https:\/\/www.spectrumtranslation.com\/sv\/wp-json\/wp\/v2\/types\/page"}],"author":[{"embeddable":true,"href":"https:\/\/www.spectrumtranslation.com\/sv\/wp-json\/wp\/v2\/users\/1"}],"replies":[{"embeddable":true,"href":"https:\/\/www.spectrumtranslation.com\/sv\/wp-json\/wp\/v2\/comments?post=2113"}],"version-history":[{"count":1,"href":"https:\/\/www.spectrumtranslation.com\/sv\/wp-json\/wp\/v2\/pages\/2113\/revisions"}],"predecessor-version":[{"id":2114,"href":"https:\/\/www.spectrumtranslation.com\/sv\/wp-json\/wp\/v2\/pages\/2113\/revisions\/2114"}],"wp:featuredmedia":[{"embeddable":true,"href":"https:\/\/www.spectrumtranslation.com\/sv\/wp-json\/wp\/v2\/media\/1088"}],"wp:attachment":[{"href":"https:\/\/www.spectrumtranslation.com\/sv\/wp-json\/wp\/v2\/media?parent=2113"}],"curies":[{"name":"wp","href":"https:\/\/api.w.org\/{rel}","templated":true}]}}