{"id":2115,"date":"2017-10-04T17:25:07","date_gmt":"2017-10-04T17:25:07","guid":{"rendered":"https:\/\/www.spectrumtranslation.com\/?page_id=2115\/"},"modified":"2017-10-04T17:25:07","modified_gmt":"2017-10-04T17:25:07","slug":"vara-oversattare","status":"publish","type":"page","link":"https:\/\/www.spectrumtranslation.com\/sv\/vara-oversattare\/","title":{"rendered":"V\u00c5RA \u00d6VERS\u00c4TTARE"},"content":{"rendered":"<h1 style=\"text-align: center;\"><\/h1>\n<h1 style=\"text-align: center;\"><span style=\"color: #000000;\"><strong>Utvalda \u00f6vers\u00e4ttare<\/strong><\/span><\/h1>\n<p>&nbsp;<br \/>\n\u00d6vers\u00e4ttarna till dina projekt har valts ut med tanke p\u00e5:<\/p>\n<p>&#8211; formell utbildning i spr\u00e5k, \u00f6vers\u00e4ttning, redigering och copywriting<br \/>\n&#8211; erfarenhet inom omr\u00e5det<br \/>\n&#8211; arbetskvalitet<\/p>\n<p>Givetvis fokuserar vi framf\u00f6r allt p\u00e5 det sistn\u00e4mnda.<\/p>\n<p>Under det senaste \u00e5ret har \u00f6ver 90 % av \u00f6vers\u00e4ttarna haft en universitetsexamen i moderna spr\u00e5k (i deras k\u00e4llspr\u00e5k eller i andra spr\u00e5k) och n\u00e4stan lika m\u00e5nga (70 %) har haft en magister- eller masterexamen i \u00f6vers\u00e4ttning, vilket under senare \u00e5r har blivit ett av de mest popul\u00e4ra alternativen f\u00f6r studenter som har spr\u00e5k som huvud\u00e4mne.<\/p>\n<p>En del av dem har akademisk examen fr\u00e5n American Flagship-programmet, en statligt finansierad utbildning som l\u00e4gger tonvikten p\u00e5 viktiga spr\u00e5k f\u00f6r 2000-talet, bland annat farsi, hindi, kinesiska och koreanska. De h\u00e4r akademikerna kombinerar en djup kunskap i det utvalda spr\u00e5ket med en praktisk inriktning som f\u00f6rbereder dem f\u00f6r spr\u00e5kbarri\u00e4rer i dagens snabbf\u00f6r\u00e4nderliga och alltmer globaliserade v\u00e4rld. <\/p>\n<p>Ungef\u00e4r en lika stor andel av \u00f6vers\u00e4ttarna har \u00e5tminstone fem \u00e5rs erfarenhet inom spr\u00e5kbranschen, och h\u00e4lften av dessa har minst tio \u00e5rs erfarenhet.<\/p>\n","protected":false},"excerpt":{"rendered":"<p>Utvalda \u00f6vers\u00e4ttare &nbsp; \u00d6vers\u00e4ttarna till dina projekt har valts ut med tanke p\u00e5: &#8211; formell utbildning i spr\u00e5k, \u00f6vers\u00e4ttning, redigering och copywriting &#8211; erfarenhet inom omr\u00e5det &#8211; arbetskvalitet Givetvis fokuserar vi framf\u00f6r allt p\u00e5 det sistn\u00e4mnda. Under det senaste \u00e5ret har \u00f6ver 90 % av \u00f6vers\u00e4ttarna haft en universitetsexamen i moderna spr\u00e5k (i deras k\u00e4llspr\u00e5k &hellip; <a href=\"https:\/\/www.spectrumtranslation.com\/sv\/vara-oversattare\/\" class=\"more-link\">Forts\u00e4tt l\u00e4sa<span class=\"screen-reader-text\"> &#8220;V\u00c5RA \u00d6VERS\u00c4TTARE&#8221;<\/span><\/a><\/p>\n","protected":false},"author":1,"featured_media":1082,"parent":0,"menu_order":0,"comment_status":"closed","ping_status":"closed","template":"","meta":{"_acf_changed":false,"nf_dc_page":"","footnotes":""},"class_list":["post-2115","page","type-page","status-publish","has-post-thumbnail","hentry"],"acf":[],"yoast_head":"<!-- This site is optimized with the Yoast SEO plugin v27.4 - https:\/\/yoast.com\/product\/yoast-seo-wordpress\/ -->\n<title>V\u00c5RA \u00d6VERS\u00c4TTARE - SPECTRUM TRANSLATION | Translation &amp; Linguistic Validation<\/title>\n<meta name=\"robots\" content=\"index, follow, max-snippet:-1, max-image-preview:large, max-video-preview:-1\" \/>\n<link rel=\"canonical\" href=\"https:\/\/www.spectrumtranslation.com\/sv\/vara-oversattare\/\" \/>\n<meta property=\"og:locale\" content=\"sv_SE\" \/>\n<meta property=\"og:type\" content=\"article\" \/>\n<meta property=\"og:title\" content=\"V\u00c5RA \u00d6VERS\u00c4TTARE - SPECTRUM TRANSLATION | Translation &amp; Linguistic Validation\" \/>\n<meta property=\"og:description\" content=\"Utvalda \u00f6vers\u00e4ttare &nbsp; \u00d6vers\u00e4ttarna till dina projekt har valts ut med tanke p\u00e5: &#8211; formell utbildning i spr\u00e5k, \u00f6vers\u00e4ttning, redigering och copywriting &#8211; erfarenhet inom omr\u00e5det &#8211; arbetskvalitet Givetvis fokuserar vi framf\u00f6r allt p\u00e5 det sistn\u00e4mnda. Under det senaste \u00e5ret har \u00f6ver 90 % av \u00f6vers\u00e4ttarna haft en universitetsexamen i moderna spr\u00e5k (i deras k\u00e4llspr\u00e5k &hellip; Forts\u00e4tt l\u00e4sa &quot;V\u00c5RA \u00d6VERS\u00c4TTARE&quot;\" \/>\n<meta property=\"og:url\" content=\"https:\/\/www.spectrumtranslation.com\/sv\/vara-oversattare\/\" \/>\n<meta property=\"og:site_name\" content=\"SPECTRUM TRANSLATION | Translation &amp; Linguistic Validation\" \/>\n<meta property=\"og:image\" content=\"https:\/\/www.spectrumtranslation.com\/wp-content\/uploads\/2017\/04\/arch-and-door-e1494192010877.jpg\" \/>\n\t<meta property=\"og:image:width\" content=\"1366\" \/>\n\t<meta property=\"og:image:height\" content=\"884\" \/>\n\t<meta property=\"og:image:type\" content=\"image\/jpeg\" \/>\n<meta name=\"twitter:card\" content=\"summary_large_image\" \/>\n<meta name=\"twitter:label1\" content=\"Ber\u00e4knad l\u00e4stid\" \/>\n\t<meta name=\"twitter:data1\" content=\"1 minut\" \/>\n<script type=\"application\/ld+json\" class=\"yoast-schema-graph\">{\"@context\":\"https:\\\/\\\/schema.org\",\"@graph\":[{\"@type\":\"WebPage\",\"@id\":\"https:\\\/\\\/www.spectrumtranslation.com\\\/sv\\\/vara-oversattare\\\/\",\"url\":\"https:\\\/\\\/www.spectrumtranslation.com\\\/sv\\\/vara-oversattare\\\/\",\"name\":\"V\u00c5RA \u00d6VERS\u00c4TTARE - SPECTRUM TRANSLATION | Translation &amp; Linguistic Validation\",\"isPartOf\":{\"@id\":\"https:\\\/\\\/www.spectrumtranslation.com\\\/sv\\\/#website\"},\"primaryImageOfPage\":{\"@id\":\"https:\\\/\\\/www.spectrumtranslation.com\\\/sv\\\/vara-oversattare\\\/#primaryimage\"},\"image\":{\"@id\":\"https:\\\/\\\/www.spectrumtranslation.com\\\/sv\\\/vara-oversattare\\\/#primaryimage\"},\"thumbnailUrl\":\"https:\\\/\\\/www.spectrumtranslation.com\\\/wp-content\\\/uploads\\\/2017\\\/04\\\/arch-and-door-e1494192010877.jpg\",\"datePublished\":\"2017-10-04T17:25:07+00:00\",\"breadcrumb\":{\"@id\":\"https:\\\/\\\/www.spectrumtranslation.com\\\/sv\\\/vara-oversattare\\\/#breadcrumb\"},\"inLanguage\":\"sv-SE\",\"potentialAction\":[{\"@type\":\"ReadAction\",\"target\":[\"https:\\\/\\\/www.spectrumtranslation.com\\\/sv\\\/vara-oversattare\\\/\"]}]},{\"@type\":\"ImageObject\",\"inLanguage\":\"sv-SE\",\"@id\":\"https:\\\/\\\/www.spectrumtranslation.com\\\/sv\\\/vara-oversattare\\\/#primaryimage\",\"url\":\"https:\\\/\\\/www.spectrumtranslation.com\\\/wp-content\\\/uploads\\\/2017\\\/04\\\/arch-and-door-e1494192010877.jpg\",\"contentUrl\":\"https:\\\/\\\/www.spectrumtranslation.com\\\/wp-content\\\/uploads\\\/2017\\\/04\\\/arch-and-door-e1494192010877.jpg\",\"width\":1366,\"height\":884},{\"@type\":\"BreadcrumbList\",\"@id\":\"https:\\\/\\\/www.spectrumtranslation.com\\\/sv\\\/vara-oversattare\\\/#breadcrumb\",\"itemListElement\":[{\"@type\":\"ListItem\",\"position\":1,\"name\":\"Home\",\"item\":\"https:\\\/\\\/www.spectrumtranslation.com\\\/sv\\\/\"},{\"@type\":\"ListItem\",\"position\":2,\"name\":\"V\u00c5RA \u00d6VERS\u00c4TTARE\"}]},{\"@type\":\"WebSite\",\"@id\":\"https:\\\/\\\/www.spectrumtranslation.com\\\/sv\\\/#website\",\"url\":\"https:\\\/\\\/www.spectrumtranslation.com\\\/sv\\\/\",\"name\":\"SPECTRUM TRANSLATION | Translation &amp; Linguistic Validation\",\"description\":\"\",\"publisher\":{\"@id\":\"https:\\\/\\\/www.spectrumtranslation.com\\\/sv\\\/#organization\"},\"potentialAction\":[{\"@type\":\"SearchAction\",\"target\":{\"@type\":\"EntryPoint\",\"urlTemplate\":\"https:\\\/\\\/www.spectrumtranslation.com\\\/sv\\\/?s={search_term_string}\"},\"query-input\":{\"@type\":\"PropertyValueSpecification\",\"valueRequired\":true,\"valueName\":\"search_term_string\"}}],\"inLanguage\":\"sv-SE\"},{\"@type\":\"Organization\",\"@id\":\"https:\\\/\\\/www.spectrumtranslation.com\\\/sv\\\/#organization\",\"name\":\"SPECTRUM TRANSLATION | Translation &amp; Linguistic Validation\",\"url\":\"https:\\\/\\\/www.spectrumtranslation.com\\\/sv\\\/\",\"logo\":{\"@type\":\"ImageObject\",\"inLanguage\":\"sv-SE\",\"@id\":\"https:\\\/\\\/www.spectrumtranslation.com\\\/sv\\\/#\\\/schema\\\/logo\\\/image\\\/\",\"url\":\"https:\\\/\\\/www.spectrumtranslation.com\\\/wp-content\\\/uploads\\\/2017\\\/02\\\/cropped-logo_animated_new-1.gif\",\"contentUrl\":\"https:\\\/\\\/www.spectrumtranslation.com\\\/wp-content\\\/uploads\\\/2017\\\/02\\\/cropped-logo_animated_new-1.gif\",\"width\":250,\"height\":54,\"caption\":\"SPECTRUM TRANSLATION | Translation &amp; Linguistic Validation\"},\"image\":{\"@id\":\"https:\\\/\\\/www.spectrumtranslation.com\\\/sv\\\/#\\\/schema\\\/logo\\\/image\\\/\"}}]}<\/script>\n<!-- \/ Yoast SEO plugin. -->","yoast_head_json":{"title":"V\u00c5RA \u00d6VERS\u00c4TTARE - SPECTRUM TRANSLATION | Translation &amp; Linguistic Validation","robots":{"index":"index","follow":"follow","max-snippet":"max-snippet:-1","max-image-preview":"max-image-preview:large","max-video-preview":"max-video-preview:-1"},"canonical":"https:\/\/www.spectrumtranslation.com\/sv\/vara-oversattare\/","og_locale":"sv_SE","og_type":"article","og_title":"V\u00c5RA \u00d6VERS\u00c4TTARE - SPECTRUM TRANSLATION | Translation &amp; Linguistic Validation","og_description":"Utvalda \u00f6vers\u00e4ttare &nbsp; \u00d6vers\u00e4ttarna till dina projekt har valts ut med tanke p\u00e5: &#8211; formell utbildning i spr\u00e5k, \u00f6vers\u00e4ttning, redigering och copywriting &#8211; erfarenhet inom omr\u00e5det &#8211; arbetskvalitet Givetvis fokuserar vi framf\u00f6r allt p\u00e5 det sistn\u00e4mnda. Under det senaste \u00e5ret har \u00f6ver 90 % av \u00f6vers\u00e4ttarna haft en universitetsexamen i moderna spr\u00e5k (i deras k\u00e4llspr\u00e5k &hellip; Forts\u00e4tt l\u00e4sa \"V\u00c5RA \u00d6VERS\u00c4TTARE\"","og_url":"https:\/\/www.spectrumtranslation.com\/sv\/vara-oversattare\/","og_site_name":"SPECTRUM TRANSLATION | Translation &amp; Linguistic Validation","og_image":[{"width":1366,"height":884,"url":"https:\/\/www.spectrumtranslation.com\/wp-content\/uploads\/2017\/04\/arch-and-door-e1494192010877.jpg","type":"image\/jpeg"}],"twitter_card":"summary_large_image","twitter_misc":{"Ber\u00e4knad l\u00e4stid":"1 minut"},"schema":{"@context":"https:\/\/schema.org","@graph":[{"@type":"WebPage","@id":"https:\/\/www.spectrumtranslation.com\/sv\/vara-oversattare\/","url":"https:\/\/www.spectrumtranslation.com\/sv\/vara-oversattare\/","name":"V\u00c5RA \u00d6VERS\u00c4TTARE - SPECTRUM TRANSLATION | Translation &amp; Linguistic Validation","isPartOf":{"@id":"https:\/\/www.spectrumtranslation.com\/sv\/#website"},"primaryImageOfPage":{"@id":"https:\/\/www.spectrumtranslation.com\/sv\/vara-oversattare\/#primaryimage"},"image":{"@id":"https:\/\/www.spectrumtranslation.com\/sv\/vara-oversattare\/#primaryimage"},"thumbnailUrl":"https:\/\/www.spectrumtranslation.com\/wp-content\/uploads\/2017\/04\/arch-and-door-e1494192010877.jpg","datePublished":"2017-10-04T17:25:07+00:00","breadcrumb":{"@id":"https:\/\/www.spectrumtranslation.com\/sv\/vara-oversattare\/#breadcrumb"},"inLanguage":"sv-SE","potentialAction":[{"@type":"ReadAction","target":["https:\/\/www.spectrumtranslation.com\/sv\/vara-oversattare\/"]}]},{"@type":"ImageObject","inLanguage":"sv-SE","@id":"https:\/\/www.spectrumtranslation.com\/sv\/vara-oversattare\/#primaryimage","url":"https:\/\/www.spectrumtranslation.com\/wp-content\/uploads\/2017\/04\/arch-and-door-e1494192010877.jpg","contentUrl":"https:\/\/www.spectrumtranslation.com\/wp-content\/uploads\/2017\/04\/arch-and-door-e1494192010877.jpg","width":1366,"height":884},{"@type":"BreadcrumbList","@id":"https:\/\/www.spectrumtranslation.com\/sv\/vara-oversattare\/#breadcrumb","itemListElement":[{"@type":"ListItem","position":1,"name":"Home","item":"https:\/\/www.spectrumtranslation.com\/sv\/"},{"@type":"ListItem","position":2,"name":"V\u00c5RA \u00d6VERS\u00c4TTARE"}]},{"@type":"WebSite","@id":"https:\/\/www.spectrumtranslation.com\/sv\/#website","url":"https:\/\/www.spectrumtranslation.com\/sv\/","name":"SPECTRUM TRANSLATION | Translation &amp; Linguistic Validation","description":"","publisher":{"@id":"https:\/\/www.spectrumtranslation.com\/sv\/#organization"},"potentialAction":[{"@type":"SearchAction","target":{"@type":"EntryPoint","urlTemplate":"https:\/\/www.spectrumtranslation.com\/sv\/?s={search_term_string}"},"query-input":{"@type":"PropertyValueSpecification","valueRequired":true,"valueName":"search_term_string"}}],"inLanguage":"sv-SE"},{"@type":"Organization","@id":"https:\/\/www.spectrumtranslation.com\/sv\/#organization","name":"SPECTRUM TRANSLATION | Translation &amp; Linguistic Validation","url":"https:\/\/www.spectrumtranslation.com\/sv\/","logo":{"@type":"ImageObject","inLanguage":"sv-SE","@id":"https:\/\/www.spectrumtranslation.com\/sv\/#\/schema\/logo\/image\/","url":"https:\/\/www.spectrumtranslation.com\/wp-content\/uploads\/2017\/02\/cropped-logo_animated_new-1.gif","contentUrl":"https:\/\/www.spectrumtranslation.com\/wp-content\/uploads\/2017\/02\/cropped-logo_animated_new-1.gif","width":250,"height":54,"caption":"SPECTRUM TRANSLATION | Translation &amp; Linguistic Validation"},"image":{"@id":"https:\/\/www.spectrumtranslation.com\/sv\/#\/schema\/logo\/image\/"}}]}},"_links":{"self":[{"href":"https:\/\/www.spectrumtranslation.com\/sv\/wp-json\/wp\/v2\/pages\/2115","targetHints":{"allow":["GET"]}}],"collection":[{"href":"https:\/\/www.spectrumtranslation.com\/sv\/wp-json\/wp\/v2\/pages"}],"about":[{"href":"https:\/\/www.spectrumtranslation.com\/sv\/wp-json\/wp\/v2\/types\/page"}],"author":[{"embeddable":true,"href":"https:\/\/www.spectrumtranslation.com\/sv\/wp-json\/wp\/v2\/users\/1"}],"replies":[{"embeddable":true,"href":"https:\/\/www.spectrumtranslation.com\/sv\/wp-json\/wp\/v2\/comments?post=2115"}],"version-history":[{"count":1,"href":"https:\/\/www.spectrumtranslation.com\/sv\/wp-json\/wp\/v2\/pages\/2115\/revisions"}],"predecessor-version":[{"id":2116,"href":"https:\/\/www.spectrumtranslation.com\/sv\/wp-json\/wp\/v2\/pages\/2115\/revisions\/2116"}],"wp:featuredmedia":[{"embeddable":true,"href":"https:\/\/www.spectrumtranslation.com\/sv\/wp-json\/wp\/v2\/media\/1082"}],"wp:attachment":[{"href":"https:\/\/www.spectrumtranslation.com\/sv\/wp-json\/wp\/v2\/media?parent=2115"}],"curies":[{"name":"wp","href":"https:\/\/api.w.org\/{rel}","templated":true}]}}