{"id":2119,"date":"2017-10-04T17:34:04","date_gmt":"2017-10-04T17:34:04","guid":{"rendered":"https:\/\/www.spectrumtranslation.com\/?page_id=2119\/"},"modified":"2017-10-04T17:34:04","modified_gmt":"2017-10-04T17:34:04","slug":"vara-amnesomraden","status":"publish","type":"page","link":"https:\/\/www.spectrumtranslation.com\/sv\/vara-amnesomraden\/","title":{"rendered":"V\u00c5RA \u00c4MNESOMR\u00c5DEN"},"content":{"rendered":"<h1><span style=\"color: #000000;\"><strong>Konst\/Underh\u00e5llning\/Humaniora<\/strong><\/span><\/h1>\n<p style=\"text-align: left;\">Vi har \u00f6versatt filmmanus, b\u00f6cker, grafiska romaner, kontrakt inom musikbranschen, pressmeddelanden och forskning inom humaniora. \u00c4ven museer och musikf\u00f6retag kontaktar Spectrum Translation f\u00f6r att f\u00e5 hj\u00e4lp med sina spr\u00e5kprojekt.<\/p>\n<h1><span style=\"color: #000000;\"><strong>Utbildning<\/strong><\/span><\/h1>\n<p style=\"text-align: left;\">Vi har \u00f6versatt f\u00f6r universitet, icke-statliga organisationer, l\u00e4rare och coacher. Vi har \u00e4ven arbetat med sjukv\u00e5rdsutbildningar, program f\u00f6r personlig utveckling och livscoacher.<\/p>\n<h1><span style=\"color: #000000;\"><strong>F\u00f6retag<\/strong><\/span><\/h1>\n<p style=\"text-align: left;\">Reklam, korrespondens, f\u00f6retagspolicyer, marknadsf\u00f6ring, pressmeddelanden, webbsidor\u2026 Vill du \u00f6vers\u00e4tta din webbplats till kinesiska? Vill du lokalisera ditt pressmeddelande som \u00e4r skapat f\u00f6r Sverige till engelskspr\u00e5kiga personer? Vi kan \u00f6vers\u00e4tta och har \u00f6versatt f\u00f6retagsrelaterat material alltsedan v\u00e5r start 2004.<\/p>\n<h1><span style=\"color: #000000;\"><strong>Ekonomi<\/strong><\/span><\/h1>\n<p style=\"text-align: left;\">V\u00e5ra specialiteter inom detta omr\u00e5de \u00e4r \u00e5rsrapporter, finansiella rapporter och marknadsanalyser.<\/p>\n<h1><span style=\"color: #000000;\"><strong>F\u00f6rs\u00e4kring<\/strong><\/span><\/h1>\n<p style=\"text-align: left;\">Detta \u00e4r n\u00e5got som alltid efterfr\u00e5gas. Vi har mycket erfarenhet av avtal och skydd p\u00e5 olika spr\u00e5k, bland annat p\u00e5 engelska, franska, nederl\u00e4ndska, ryska, spanska och tyska.<\/p>\n<h1><span style=\"color: #000000;\"><strong>Juridik<\/strong><\/span><\/h1>\n<p style=\"text-align: left;\">Kontrakt, domstolsprocesser, civilst\u00e5ndshandlingar, bolagsordning\u2026 listan kan g\u00f6ras l\u00e5ng. Vi har jurist-lingvister f\u00f6r alla dina juridiska \u00f6vers\u00e4ttningsprojekt. Specialisering: engelska, franska, nederl\u00e4ndska, portugisiska, spanska, tyska, ryska och kinesiska.<\/p>\n<h1><span style=\"color: #000000;\"><strong>H\u00e4lsov\u00e5rd\/L\u00e4kemedel<\/strong><\/span><\/h1>\n<p style=\"text-align: left;\">V\u00e5ra tj\u00e4nster t\u00e4cker hela spektrumet hos l\u00e4kemedels- och h\u00e4lsov\u00e5rdsbranschen. Kliniska studier, medicinsk forskning, blanketter f\u00f6r skriftligt informerat samtyckte och patientinformation \u00e4r bara n\u00e5gra av de saker som vi \u00f6vers\u00e4tter. Projekten under senaste \u00e5ret har haft svenska, engelska, afrikaans, franska, nederl\u00e4ndska, portugisiska, ryska, spanska, tyska och kinesiska som arbetsspr\u00e5k.<\/p>\n<h1><span style=\"color: #000000;\"><strong>F\u00f6rlag<\/strong><\/span><\/h1>\n<p style=\"text-align: left;\">Vi arbetar med f\u00f6rlagsbranschen och har \u00f6versatt, granskat och redigerat f\u00f6r m\u00e5nga olika f\u00f6retag inom omr\u00e5dena utbildning, underh\u00e5llning och litteratur.<\/p>\n<h1><span style=\"color: #000000;\"><strong>Forskning &#038; Teknik<\/strong><\/span><\/h1>\n<p style=\"text-align: left;\">Detta \u00e4r v\u00e5rt st\u00f6rsta verksamhetsomr\u00e5de f\u00f6r tillf\u00e4llet (2017). Vi arbetar dagligen inom omr\u00e5dena jordbruk, ingenj\u00f6rskonst och forskning. \u00c4ven informationsteknik (IT) och mjukvara \u00e4r representerade bland de m\u00e5nga projekt som vi f\u00e5r.<\/p>\n","protected":false},"excerpt":{"rendered":"<p>Konst\/Underh\u00e5llning\/Humaniora Vi har \u00f6versatt filmmanus, b\u00f6cker, grafiska romaner, kontrakt inom musikbranschen, pressmeddelanden och forskning inom humaniora. \u00c4ven museer och musikf\u00f6retag kontaktar Spectrum Translation f\u00f6r att f\u00e5 hj\u00e4lp med sina spr\u00e5kprojekt. Utbildning Vi har \u00f6versatt f\u00f6r universitet, icke-statliga organisationer, l\u00e4rare och coacher. Vi har \u00e4ven arbetat med sjukv\u00e5rdsutbildningar, program f\u00f6r personlig utveckling och livscoacher. F\u00f6retag Reklam, &hellip; <a href=\"https:\/\/www.spectrumtranslation.com\/sv\/vara-amnesomraden\/\" class=\"more-link\">Forts\u00e4tt l\u00e4sa<span class=\"screen-reader-text\"> &#8220;V\u00c5RA \u00c4MNESOMR\u00c5DEN&#8221;<\/span><\/a><\/p>\n","protected":false},"author":1,"featured_media":1112,"parent":0,"menu_order":0,"comment_status":"closed","ping_status":"closed","template":"","meta":{"_acf_changed":false,"nf_dc_page":"","footnotes":""},"class_list":["post-2119","page","type-page","status-publish","has-post-thumbnail","hentry"],"acf":[],"yoast_head":"<!-- This site is optimized with the Yoast SEO plugin v27.4 - https:\/\/yoast.com\/product\/yoast-seo-wordpress\/ -->\n<title>V\u00c5RA \u00c4MNESOMR\u00c5DEN - SPECTRUM TRANSLATION | Translation &amp; Linguistic Validation<\/title>\n<meta name=\"robots\" content=\"index, follow, max-snippet:-1, max-image-preview:large, max-video-preview:-1\" \/>\n<link rel=\"canonical\" href=\"https:\/\/www.spectrumtranslation.com\/sv\/vara-amnesomraden\/\" \/>\n<meta property=\"og:locale\" content=\"sv_SE\" \/>\n<meta property=\"og:type\" content=\"article\" \/>\n<meta property=\"og:title\" content=\"V\u00c5RA \u00c4MNESOMR\u00c5DEN - SPECTRUM TRANSLATION | Translation &amp; Linguistic Validation\" \/>\n<meta property=\"og:description\" content=\"Konst\/Underh\u00e5llning\/Humaniora Vi har \u00f6versatt filmmanus, b\u00f6cker, grafiska romaner, kontrakt inom musikbranschen, pressmeddelanden och forskning inom humaniora. \u00c4ven museer och musikf\u00f6retag kontaktar Spectrum Translation f\u00f6r att f\u00e5 hj\u00e4lp med sina spr\u00e5kprojekt. Utbildning Vi har \u00f6versatt f\u00f6r universitet, icke-statliga organisationer, l\u00e4rare och coacher. Vi har \u00e4ven arbetat med sjukv\u00e5rdsutbildningar, program f\u00f6r personlig utveckling och livscoacher. F\u00f6retag Reklam, &hellip; Forts\u00e4tt l\u00e4sa &quot;V\u00c5RA \u00c4MNESOMR\u00c5DEN&quot;\" \/>\n<meta property=\"og:url\" content=\"https:\/\/www.spectrumtranslation.com\/sv\/vara-amnesomraden\/\" \/>\n<meta property=\"og:site_name\" content=\"SPECTRUM TRANSLATION | Translation &amp; Linguistic Validation\" \/>\n<meta property=\"og:image\" content=\"https:\/\/www.spectrumtranslation.com\/wp-content\/uploads\/2017\/04\/croatia-island-e1494189555519.jpg\" \/>\n\t<meta property=\"og:image:width\" content=\"1366\" \/>\n\t<meta property=\"og:image:height\" content=\"775\" \/>\n\t<meta property=\"og:image:type\" content=\"image\/jpeg\" \/>\n<meta name=\"twitter:card\" content=\"summary_large_image\" \/>\n<meta name=\"twitter:label1\" content=\"Ber\u00e4knad l\u00e4stid\" \/>\n\t<meta name=\"twitter:data1\" content=\"2 minuter\" \/>\n<script type=\"application\/ld+json\" class=\"yoast-schema-graph\">{\"@context\":\"https:\\\/\\\/schema.org\",\"@graph\":[{\"@type\":\"WebPage\",\"@id\":\"https:\\\/\\\/www.spectrumtranslation.com\\\/sv\\\/vara-amnesomraden\\\/\",\"url\":\"https:\\\/\\\/www.spectrumtranslation.com\\\/sv\\\/vara-amnesomraden\\\/\",\"name\":\"V\u00c5RA \u00c4MNESOMR\u00c5DEN - SPECTRUM TRANSLATION | Translation &amp; Linguistic Validation\",\"isPartOf\":{\"@id\":\"https:\\\/\\\/www.spectrumtranslation.com\\\/sv\\\/#website\"},\"primaryImageOfPage\":{\"@id\":\"https:\\\/\\\/www.spectrumtranslation.com\\\/sv\\\/vara-amnesomraden\\\/#primaryimage\"},\"image\":{\"@id\":\"https:\\\/\\\/www.spectrumtranslation.com\\\/sv\\\/vara-amnesomraden\\\/#primaryimage\"},\"thumbnailUrl\":\"https:\\\/\\\/www.spectrumtranslation.com\\\/wp-content\\\/uploads\\\/2017\\\/04\\\/croatia-island-e1494189555519.jpg\",\"datePublished\":\"2017-10-04T17:34:04+00:00\",\"breadcrumb\":{\"@id\":\"https:\\\/\\\/www.spectrumtranslation.com\\\/sv\\\/vara-amnesomraden\\\/#breadcrumb\"},\"inLanguage\":\"sv-SE\",\"potentialAction\":[{\"@type\":\"ReadAction\",\"target\":[\"https:\\\/\\\/www.spectrumtranslation.com\\\/sv\\\/vara-amnesomraden\\\/\"]}]},{\"@type\":\"ImageObject\",\"inLanguage\":\"sv-SE\",\"@id\":\"https:\\\/\\\/www.spectrumtranslation.com\\\/sv\\\/vara-amnesomraden\\\/#primaryimage\",\"url\":\"https:\\\/\\\/www.spectrumtranslation.com\\\/wp-content\\\/uploads\\\/2017\\\/04\\\/croatia-island-e1494189555519.jpg\",\"contentUrl\":\"https:\\\/\\\/www.spectrumtranslation.com\\\/wp-content\\\/uploads\\\/2017\\\/04\\\/croatia-island-e1494189555519.jpg\",\"width\":1366,\"height\":775},{\"@type\":\"BreadcrumbList\",\"@id\":\"https:\\\/\\\/www.spectrumtranslation.com\\\/sv\\\/vara-amnesomraden\\\/#breadcrumb\",\"itemListElement\":[{\"@type\":\"ListItem\",\"position\":1,\"name\":\"Home\",\"item\":\"https:\\\/\\\/www.spectrumtranslation.com\\\/sv\\\/\"},{\"@type\":\"ListItem\",\"position\":2,\"name\":\"V\u00c5RA \u00c4MNESOMR\u00c5DEN\"}]},{\"@type\":\"WebSite\",\"@id\":\"https:\\\/\\\/www.spectrumtranslation.com\\\/sv\\\/#website\",\"url\":\"https:\\\/\\\/www.spectrumtranslation.com\\\/sv\\\/\",\"name\":\"SPECTRUM TRANSLATION | Translation &amp; Linguistic Validation\",\"description\":\"\",\"publisher\":{\"@id\":\"https:\\\/\\\/www.spectrumtranslation.com\\\/sv\\\/#organization\"},\"potentialAction\":[{\"@type\":\"SearchAction\",\"target\":{\"@type\":\"EntryPoint\",\"urlTemplate\":\"https:\\\/\\\/www.spectrumtranslation.com\\\/sv\\\/?s={search_term_string}\"},\"query-input\":{\"@type\":\"PropertyValueSpecification\",\"valueRequired\":true,\"valueName\":\"search_term_string\"}}],\"inLanguage\":\"sv-SE\"},{\"@type\":\"Organization\",\"@id\":\"https:\\\/\\\/www.spectrumtranslation.com\\\/sv\\\/#organization\",\"name\":\"SPECTRUM TRANSLATION | Translation &amp; Linguistic Validation\",\"url\":\"https:\\\/\\\/www.spectrumtranslation.com\\\/sv\\\/\",\"logo\":{\"@type\":\"ImageObject\",\"inLanguage\":\"sv-SE\",\"@id\":\"https:\\\/\\\/www.spectrumtranslation.com\\\/sv\\\/#\\\/schema\\\/logo\\\/image\\\/\",\"url\":\"https:\\\/\\\/www.spectrumtranslation.com\\\/wp-content\\\/uploads\\\/2017\\\/02\\\/cropped-logo_animated_new-1.gif\",\"contentUrl\":\"https:\\\/\\\/www.spectrumtranslation.com\\\/wp-content\\\/uploads\\\/2017\\\/02\\\/cropped-logo_animated_new-1.gif\",\"width\":250,\"height\":54,\"caption\":\"SPECTRUM TRANSLATION | Translation &amp; Linguistic Validation\"},\"image\":{\"@id\":\"https:\\\/\\\/www.spectrumtranslation.com\\\/sv\\\/#\\\/schema\\\/logo\\\/image\\\/\"}}]}<\/script>\n<!-- \/ Yoast SEO plugin. -->","yoast_head_json":{"title":"V\u00c5RA \u00c4MNESOMR\u00c5DEN - SPECTRUM TRANSLATION | Translation &amp; Linguistic Validation","robots":{"index":"index","follow":"follow","max-snippet":"max-snippet:-1","max-image-preview":"max-image-preview:large","max-video-preview":"max-video-preview:-1"},"canonical":"https:\/\/www.spectrumtranslation.com\/sv\/vara-amnesomraden\/","og_locale":"sv_SE","og_type":"article","og_title":"V\u00c5RA \u00c4MNESOMR\u00c5DEN - SPECTRUM TRANSLATION | Translation &amp; Linguistic Validation","og_description":"Konst\/Underh\u00e5llning\/Humaniora Vi har \u00f6versatt filmmanus, b\u00f6cker, grafiska romaner, kontrakt inom musikbranschen, pressmeddelanden och forskning inom humaniora. \u00c4ven museer och musikf\u00f6retag kontaktar Spectrum Translation f\u00f6r att f\u00e5 hj\u00e4lp med sina spr\u00e5kprojekt. Utbildning Vi har \u00f6versatt f\u00f6r universitet, icke-statliga organisationer, l\u00e4rare och coacher. Vi har \u00e4ven arbetat med sjukv\u00e5rdsutbildningar, program f\u00f6r personlig utveckling och livscoacher. F\u00f6retag Reklam, &hellip; Forts\u00e4tt l\u00e4sa \"V\u00c5RA \u00c4MNESOMR\u00c5DEN\"","og_url":"https:\/\/www.spectrumtranslation.com\/sv\/vara-amnesomraden\/","og_site_name":"SPECTRUM TRANSLATION | Translation &amp; Linguistic Validation","og_image":[{"width":1366,"height":775,"url":"https:\/\/www.spectrumtranslation.com\/wp-content\/uploads\/2017\/04\/croatia-island-e1494189555519.jpg","type":"image\/jpeg"}],"twitter_card":"summary_large_image","twitter_misc":{"Ber\u00e4knad l\u00e4stid":"2 minuter"},"schema":{"@context":"https:\/\/schema.org","@graph":[{"@type":"WebPage","@id":"https:\/\/www.spectrumtranslation.com\/sv\/vara-amnesomraden\/","url":"https:\/\/www.spectrumtranslation.com\/sv\/vara-amnesomraden\/","name":"V\u00c5RA \u00c4MNESOMR\u00c5DEN - SPECTRUM TRANSLATION | Translation &amp; Linguistic Validation","isPartOf":{"@id":"https:\/\/www.spectrumtranslation.com\/sv\/#website"},"primaryImageOfPage":{"@id":"https:\/\/www.spectrumtranslation.com\/sv\/vara-amnesomraden\/#primaryimage"},"image":{"@id":"https:\/\/www.spectrumtranslation.com\/sv\/vara-amnesomraden\/#primaryimage"},"thumbnailUrl":"https:\/\/www.spectrumtranslation.com\/wp-content\/uploads\/2017\/04\/croatia-island-e1494189555519.jpg","datePublished":"2017-10-04T17:34:04+00:00","breadcrumb":{"@id":"https:\/\/www.spectrumtranslation.com\/sv\/vara-amnesomraden\/#breadcrumb"},"inLanguage":"sv-SE","potentialAction":[{"@type":"ReadAction","target":["https:\/\/www.spectrumtranslation.com\/sv\/vara-amnesomraden\/"]}]},{"@type":"ImageObject","inLanguage":"sv-SE","@id":"https:\/\/www.spectrumtranslation.com\/sv\/vara-amnesomraden\/#primaryimage","url":"https:\/\/www.spectrumtranslation.com\/wp-content\/uploads\/2017\/04\/croatia-island-e1494189555519.jpg","contentUrl":"https:\/\/www.spectrumtranslation.com\/wp-content\/uploads\/2017\/04\/croatia-island-e1494189555519.jpg","width":1366,"height":775},{"@type":"BreadcrumbList","@id":"https:\/\/www.spectrumtranslation.com\/sv\/vara-amnesomraden\/#breadcrumb","itemListElement":[{"@type":"ListItem","position":1,"name":"Home","item":"https:\/\/www.spectrumtranslation.com\/sv\/"},{"@type":"ListItem","position":2,"name":"V\u00c5RA \u00c4MNESOMR\u00c5DEN"}]},{"@type":"WebSite","@id":"https:\/\/www.spectrumtranslation.com\/sv\/#website","url":"https:\/\/www.spectrumtranslation.com\/sv\/","name":"SPECTRUM TRANSLATION | Translation &amp; Linguistic Validation","description":"","publisher":{"@id":"https:\/\/www.spectrumtranslation.com\/sv\/#organization"},"potentialAction":[{"@type":"SearchAction","target":{"@type":"EntryPoint","urlTemplate":"https:\/\/www.spectrumtranslation.com\/sv\/?s={search_term_string}"},"query-input":{"@type":"PropertyValueSpecification","valueRequired":true,"valueName":"search_term_string"}}],"inLanguage":"sv-SE"},{"@type":"Organization","@id":"https:\/\/www.spectrumtranslation.com\/sv\/#organization","name":"SPECTRUM TRANSLATION | Translation &amp; Linguistic Validation","url":"https:\/\/www.spectrumtranslation.com\/sv\/","logo":{"@type":"ImageObject","inLanguage":"sv-SE","@id":"https:\/\/www.spectrumtranslation.com\/sv\/#\/schema\/logo\/image\/","url":"https:\/\/www.spectrumtranslation.com\/wp-content\/uploads\/2017\/02\/cropped-logo_animated_new-1.gif","contentUrl":"https:\/\/www.spectrumtranslation.com\/wp-content\/uploads\/2017\/02\/cropped-logo_animated_new-1.gif","width":250,"height":54,"caption":"SPECTRUM TRANSLATION | Translation &amp; Linguistic Validation"},"image":{"@id":"https:\/\/www.spectrumtranslation.com\/sv\/#\/schema\/logo\/image\/"}}]}},"_links":{"self":[{"href":"https:\/\/www.spectrumtranslation.com\/sv\/wp-json\/wp\/v2\/pages\/2119","targetHints":{"allow":["GET"]}}],"collection":[{"href":"https:\/\/www.spectrumtranslation.com\/sv\/wp-json\/wp\/v2\/pages"}],"about":[{"href":"https:\/\/www.spectrumtranslation.com\/sv\/wp-json\/wp\/v2\/types\/page"}],"author":[{"embeddable":true,"href":"https:\/\/www.spectrumtranslation.com\/sv\/wp-json\/wp\/v2\/users\/1"}],"replies":[{"embeddable":true,"href":"https:\/\/www.spectrumtranslation.com\/sv\/wp-json\/wp\/v2\/comments?post=2119"}],"version-history":[{"count":1,"href":"https:\/\/www.spectrumtranslation.com\/sv\/wp-json\/wp\/v2\/pages\/2119\/revisions"}],"predecessor-version":[{"id":2120,"href":"https:\/\/www.spectrumtranslation.com\/sv\/wp-json\/wp\/v2\/pages\/2119\/revisions\/2120"}],"wp:featuredmedia":[{"embeddable":true,"href":"https:\/\/www.spectrumtranslation.com\/sv\/wp-json\/wp\/v2\/media\/1112"}],"wp:attachment":[{"href":"https:\/\/www.spectrumtranslation.com\/sv\/wp-json\/wp\/v2\/media?parent=2119"}],"curies":[{"name":"wp","href":"https:\/\/api.w.org\/{rel}","templated":true}]}}