{"id":2132,"date":"2017-10-04T17:51:03","date_gmt":"2017-10-04T17:51:03","guid":{"rendered":"https:\/\/www.spectrumtranslation.com\/?page_id=2132\/"},"modified":"2017-10-04T17:51:03","modified_gmt":"2017-10-04T17:51:03","slug":"kallspraket","status":"publish","type":"page","link":"https:\/\/www.spectrumtranslation.com\/sv\/kallspraket\/","title":{"rendered":"K\u00c4LLSPR\u00c5KET"},"content":{"rendered":"<h1 style=\"text-align: center;\"><\/h1>\n<h1 style=\"text-align: center;\"><span style=\"color: #000000;\"><strong>Det \u00e4r l\u00e4tt att tro att k\u00e4llspr\u00e5ket beror p\u00e5 var man befinner sig rent geografiskt.<\/strong><\/span><\/h1>\n<p>&nbsp;<\/p>\n<p style=\"text-align: left;\"><strong><span style=\"color: #000000;\">K\u00c4LLSPR\u00c5K: Spr\u00e5ket i den text eller fil som skickas till oss f\u00f6r \u00f6vers\u00e4ttning, granskning eller redigering. Vi tar emot texter i pappersformat, digitalt (Excel, PDF eller Word) samt i audio- (mp3) eller videoformat.<\/span> <\/strong><\/p>\n<p style=\"text-align: left;\">Det \u00e4r l\u00e4tt att tro att k\u00e4llspr\u00e5ket beror p\u00e5 var man befinner sig rent geografiskt. Och det st\u00e4mmer till viss del \u2013 eftersom vi befinner oss i Nederl\u00e4nderna f\u00e5r vi m\u00e5nga f\u00f6rfr\u00e5gningar om nederl\u00e4ndska, engelska, franska och tyska \u2013 men vi p\u00e5 Spectrum Translation har uppt\u00e4ckt att detta inte \u00e4r lika viktigt som det var f\u00f6rr i tiden.<\/p>\n<p>Det senaste \u00e5rets k\u00e4llspr\u00e5k (2017) omfattar ungef\u00e4r 50 spr\u00e5k fr\u00e5n hela v\u00e4rlden, fr\u00e5n afrikaans och albanska till japanska, kazakiska och xhosa.<\/p>\n<p>Spectrum Translation kan hantera majoriteten av alla spr\u00e5k som vi f\u00e5r som k\u00e4lltext. Vi utv\u00e4rderar g\u00e4rna ditt projekt individuellt och erbjuder \u00f6vers\u00e4ttning, granskning och redigering av h\u00f6gsta kvalitet samtidigt som vi tar h\u00e4nsyn till dina s\u00e4rskilda krav.<\/p>\n","protected":false},"excerpt":{"rendered":"<p>Det \u00e4r l\u00e4tt att tro att k\u00e4llspr\u00e5ket beror p\u00e5 var man befinner sig rent geografiskt. &nbsp; K\u00c4LLSPR\u00c5K: Spr\u00e5ket i den text eller fil som skickas till oss f\u00f6r \u00f6vers\u00e4ttning, granskning eller redigering. Vi tar emot texter i pappersformat, digitalt (Excel, PDF eller Word) samt i audio- (mp3) eller videoformat. Det \u00e4r l\u00e4tt att tro att &hellip; <a href=\"https:\/\/www.spectrumtranslation.com\/sv\/kallspraket\/\" class=\"more-link\">Forts\u00e4tt l\u00e4sa<span class=\"screen-reader-text\"> &#8220;K\u00c4LLSPR\u00c5KET&#8221;<\/span><\/a><\/p>\n","protected":false},"author":1,"featured_media":1128,"parent":0,"menu_order":0,"comment_status":"closed","ping_status":"closed","template":"","meta":{"_acf_changed":false,"nf_dc_page":"","footnotes":""},"class_list":["post-2132","page","type-page","status-publish","has-post-thumbnail","hentry"],"acf":[],"yoast_head":"<!-- This site is optimized with the Yoast SEO plugin v27.4 - https:\/\/yoast.com\/product\/yoast-seo-wordpress\/ -->\n<title>K\u00c4LLSPR\u00c5KET - SPECTRUM TRANSLATION | Translation &amp; Linguistic Validation<\/title>\n<meta name=\"robots\" content=\"index, follow, max-snippet:-1, max-image-preview:large, max-video-preview:-1\" \/>\n<link rel=\"canonical\" href=\"https:\/\/www.spectrumtranslation.com\/sv\/kallspraket\/\" \/>\n<meta property=\"og:locale\" content=\"sv_SE\" \/>\n<meta property=\"og:type\" content=\"article\" \/>\n<meta property=\"og:title\" content=\"K\u00c4LLSPR\u00c5KET - SPECTRUM TRANSLATION | Translation &amp; Linguistic Validation\" \/>\n<meta property=\"og:description\" content=\"Det \u00e4r l\u00e4tt att tro att k\u00e4llspr\u00e5ket beror p\u00e5 var man befinner sig rent geografiskt. &nbsp; K\u00c4LLSPR\u00c5K: Spr\u00e5ket i den text eller fil som skickas till oss f\u00f6r \u00f6vers\u00e4ttning, granskning eller redigering. Vi tar emot texter i pappersformat, digitalt (Excel, PDF eller Word) samt i audio- (mp3) eller videoformat. Det \u00e4r l\u00e4tt att tro att &hellip; Forts\u00e4tt l\u00e4sa &quot;K\u00c4LLSPR\u00c5KET&quot;\" \/>\n<meta property=\"og:url\" content=\"https:\/\/www.spectrumtranslation.com\/sv\/kallspraket\/\" \/>\n<meta property=\"og:site_name\" content=\"SPECTRUM TRANSLATION | Translation &amp; Linguistic Validation\" \/>\n<meta property=\"og:image\" content=\"https:\/\/www.spectrumtranslation.com\/wp-content\/uploads\/2017\/05\/bali-terraces-e1494187710630.jpg\" \/>\n\t<meta property=\"og:image:width\" content=\"1366\" \/>\n\t<meta property=\"og:image:height\" content=\"905\" \/>\n\t<meta property=\"og:image:type\" content=\"image\/jpeg\" \/>\n<meta name=\"twitter:card\" content=\"summary_large_image\" \/>\n<meta name=\"twitter:label1\" content=\"Ber\u00e4knad l\u00e4stid\" \/>\n\t<meta name=\"twitter:data1\" content=\"1 minut\" \/>\n<script type=\"application\/ld+json\" class=\"yoast-schema-graph\">{\"@context\":\"https:\\\/\\\/schema.org\",\"@graph\":[{\"@type\":\"WebPage\",\"@id\":\"https:\\\/\\\/www.spectrumtranslation.com\\\/sv\\\/kallspraket\\\/\",\"url\":\"https:\\\/\\\/www.spectrumtranslation.com\\\/sv\\\/kallspraket\\\/\",\"name\":\"K\u00c4LLSPR\u00c5KET - SPECTRUM TRANSLATION | Translation &amp; Linguistic Validation\",\"isPartOf\":{\"@id\":\"https:\\\/\\\/www.spectrumtranslation.com\\\/sv\\\/#website\"},\"primaryImageOfPage\":{\"@id\":\"https:\\\/\\\/www.spectrumtranslation.com\\\/sv\\\/kallspraket\\\/#primaryimage\"},\"image\":{\"@id\":\"https:\\\/\\\/www.spectrumtranslation.com\\\/sv\\\/kallspraket\\\/#primaryimage\"},\"thumbnailUrl\":\"https:\\\/\\\/www.spectrumtranslation.com\\\/wp-content\\\/uploads\\\/2017\\\/05\\\/bali-terraces-e1494187710630.jpg\",\"datePublished\":\"2017-10-04T17:51:03+00:00\",\"breadcrumb\":{\"@id\":\"https:\\\/\\\/www.spectrumtranslation.com\\\/sv\\\/kallspraket\\\/#breadcrumb\"},\"inLanguage\":\"sv-SE\",\"potentialAction\":[{\"@type\":\"ReadAction\",\"target\":[\"https:\\\/\\\/www.spectrumtranslation.com\\\/sv\\\/kallspraket\\\/\"]}]},{\"@type\":\"ImageObject\",\"inLanguage\":\"sv-SE\",\"@id\":\"https:\\\/\\\/www.spectrumtranslation.com\\\/sv\\\/kallspraket\\\/#primaryimage\",\"url\":\"https:\\\/\\\/www.spectrumtranslation.com\\\/wp-content\\\/uploads\\\/2017\\\/05\\\/bali-terraces-e1494187710630.jpg\",\"contentUrl\":\"https:\\\/\\\/www.spectrumtranslation.com\\\/wp-content\\\/uploads\\\/2017\\\/05\\\/bali-terraces-e1494187710630.jpg\",\"width\":1366,\"height\":905},{\"@type\":\"BreadcrumbList\",\"@id\":\"https:\\\/\\\/www.spectrumtranslation.com\\\/sv\\\/kallspraket\\\/#breadcrumb\",\"itemListElement\":[{\"@type\":\"ListItem\",\"position\":1,\"name\":\"Home\",\"item\":\"https:\\\/\\\/www.spectrumtranslation.com\\\/sv\\\/\"},{\"@type\":\"ListItem\",\"position\":2,\"name\":\"K\u00c4LLSPR\u00c5KET\"}]},{\"@type\":\"WebSite\",\"@id\":\"https:\\\/\\\/www.spectrumtranslation.com\\\/sv\\\/#website\",\"url\":\"https:\\\/\\\/www.spectrumtranslation.com\\\/sv\\\/\",\"name\":\"SPECTRUM TRANSLATION | Translation &amp; Linguistic Validation\",\"description\":\"\",\"publisher\":{\"@id\":\"https:\\\/\\\/www.spectrumtranslation.com\\\/sv\\\/#organization\"},\"potentialAction\":[{\"@type\":\"SearchAction\",\"target\":{\"@type\":\"EntryPoint\",\"urlTemplate\":\"https:\\\/\\\/www.spectrumtranslation.com\\\/sv\\\/?s={search_term_string}\"},\"query-input\":{\"@type\":\"PropertyValueSpecification\",\"valueRequired\":true,\"valueName\":\"search_term_string\"}}],\"inLanguage\":\"sv-SE\"},{\"@type\":\"Organization\",\"@id\":\"https:\\\/\\\/www.spectrumtranslation.com\\\/sv\\\/#organization\",\"name\":\"SPECTRUM TRANSLATION | Translation &amp; Linguistic Validation\",\"url\":\"https:\\\/\\\/www.spectrumtranslation.com\\\/sv\\\/\",\"logo\":{\"@type\":\"ImageObject\",\"inLanguage\":\"sv-SE\",\"@id\":\"https:\\\/\\\/www.spectrumtranslation.com\\\/sv\\\/#\\\/schema\\\/logo\\\/image\\\/\",\"url\":\"https:\\\/\\\/www.spectrumtranslation.com\\\/wp-content\\\/uploads\\\/2017\\\/02\\\/cropped-logo_animated_new-1.gif\",\"contentUrl\":\"https:\\\/\\\/www.spectrumtranslation.com\\\/wp-content\\\/uploads\\\/2017\\\/02\\\/cropped-logo_animated_new-1.gif\",\"width\":250,\"height\":54,\"caption\":\"SPECTRUM TRANSLATION | Translation &amp; Linguistic Validation\"},\"image\":{\"@id\":\"https:\\\/\\\/www.spectrumtranslation.com\\\/sv\\\/#\\\/schema\\\/logo\\\/image\\\/\"}}]}<\/script>\n<!-- \/ Yoast SEO plugin. -->","yoast_head_json":{"title":"K\u00c4LLSPR\u00c5KET - SPECTRUM TRANSLATION | Translation &amp; Linguistic Validation","robots":{"index":"index","follow":"follow","max-snippet":"max-snippet:-1","max-image-preview":"max-image-preview:large","max-video-preview":"max-video-preview:-1"},"canonical":"https:\/\/www.spectrumtranslation.com\/sv\/kallspraket\/","og_locale":"sv_SE","og_type":"article","og_title":"K\u00c4LLSPR\u00c5KET - SPECTRUM TRANSLATION | Translation &amp; Linguistic Validation","og_description":"Det \u00e4r l\u00e4tt att tro att k\u00e4llspr\u00e5ket beror p\u00e5 var man befinner sig rent geografiskt. &nbsp; K\u00c4LLSPR\u00c5K: Spr\u00e5ket i den text eller fil som skickas till oss f\u00f6r \u00f6vers\u00e4ttning, granskning eller redigering. Vi tar emot texter i pappersformat, digitalt (Excel, PDF eller Word) samt i audio- (mp3) eller videoformat. Det \u00e4r l\u00e4tt att tro att &hellip; Forts\u00e4tt l\u00e4sa \"K\u00c4LLSPR\u00c5KET\"","og_url":"https:\/\/www.spectrumtranslation.com\/sv\/kallspraket\/","og_site_name":"SPECTRUM TRANSLATION | Translation &amp; Linguistic Validation","og_image":[{"width":1366,"height":905,"url":"https:\/\/www.spectrumtranslation.com\/wp-content\/uploads\/2017\/05\/bali-terraces-e1494187710630.jpg","type":"image\/jpeg"}],"twitter_card":"summary_large_image","twitter_misc":{"Ber\u00e4knad l\u00e4stid":"1 minut"},"schema":{"@context":"https:\/\/schema.org","@graph":[{"@type":"WebPage","@id":"https:\/\/www.spectrumtranslation.com\/sv\/kallspraket\/","url":"https:\/\/www.spectrumtranslation.com\/sv\/kallspraket\/","name":"K\u00c4LLSPR\u00c5KET - SPECTRUM TRANSLATION | Translation &amp; Linguistic Validation","isPartOf":{"@id":"https:\/\/www.spectrumtranslation.com\/sv\/#website"},"primaryImageOfPage":{"@id":"https:\/\/www.spectrumtranslation.com\/sv\/kallspraket\/#primaryimage"},"image":{"@id":"https:\/\/www.spectrumtranslation.com\/sv\/kallspraket\/#primaryimage"},"thumbnailUrl":"https:\/\/www.spectrumtranslation.com\/wp-content\/uploads\/2017\/05\/bali-terraces-e1494187710630.jpg","datePublished":"2017-10-04T17:51:03+00:00","breadcrumb":{"@id":"https:\/\/www.spectrumtranslation.com\/sv\/kallspraket\/#breadcrumb"},"inLanguage":"sv-SE","potentialAction":[{"@type":"ReadAction","target":["https:\/\/www.spectrumtranslation.com\/sv\/kallspraket\/"]}]},{"@type":"ImageObject","inLanguage":"sv-SE","@id":"https:\/\/www.spectrumtranslation.com\/sv\/kallspraket\/#primaryimage","url":"https:\/\/www.spectrumtranslation.com\/wp-content\/uploads\/2017\/05\/bali-terraces-e1494187710630.jpg","contentUrl":"https:\/\/www.spectrumtranslation.com\/wp-content\/uploads\/2017\/05\/bali-terraces-e1494187710630.jpg","width":1366,"height":905},{"@type":"BreadcrumbList","@id":"https:\/\/www.spectrumtranslation.com\/sv\/kallspraket\/#breadcrumb","itemListElement":[{"@type":"ListItem","position":1,"name":"Home","item":"https:\/\/www.spectrumtranslation.com\/sv\/"},{"@type":"ListItem","position":2,"name":"K\u00c4LLSPR\u00c5KET"}]},{"@type":"WebSite","@id":"https:\/\/www.spectrumtranslation.com\/sv\/#website","url":"https:\/\/www.spectrumtranslation.com\/sv\/","name":"SPECTRUM TRANSLATION | Translation &amp; Linguistic Validation","description":"","publisher":{"@id":"https:\/\/www.spectrumtranslation.com\/sv\/#organization"},"potentialAction":[{"@type":"SearchAction","target":{"@type":"EntryPoint","urlTemplate":"https:\/\/www.spectrumtranslation.com\/sv\/?s={search_term_string}"},"query-input":{"@type":"PropertyValueSpecification","valueRequired":true,"valueName":"search_term_string"}}],"inLanguage":"sv-SE"},{"@type":"Organization","@id":"https:\/\/www.spectrumtranslation.com\/sv\/#organization","name":"SPECTRUM TRANSLATION | Translation &amp; Linguistic Validation","url":"https:\/\/www.spectrumtranslation.com\/sv\/","logo":{"@type":"ImageObject","inLanguage":"sv-SE","@id":"https:\/\/www.spectrumtranslation.com\/sv\/#\/schema\/logo\/image\/","url":"https:\/\/www.spectrumtranslation.com\/wp-content\/uploads\/2017\/02\/cropped-logo_animated_new-1.gif","contentUrl":"https:\/\/www.spectrumtranslation.com\/wp-content\/uploads\/2017\/02\/cropped-logo_animated_new-1.gif","width":250,"height":54,"caption":"SPECTRUM TRANSLATION | Translation &amp; Linguistic Validation"},"image":{"@id":"https:\/\/www.spectrumtranslation.com\/sv\/#\/schema\/logo\/image\/"}}]}},"_links":{"self":[{"href":"https:\/\/www.spectrumtranslation.com\/sv\/wp-json\/wp\/v2\/pages\/2132","targetHints":{"allow":["GET"]}}],"collection":[{"href":"https:\/\/www.spectrumtranslation.com\/sv\/wp-json\/wp\/v2\/pages"}],"about":[{"href":"https:\/\/www.spectrumtranslation.com\/sv\/wp-json\/wp\/v2\/types\/page"}],"author":[{"embeddable":true,"href":"https:\/\/www.spectrumtranslation.com\/sv\/wp-json\/wp\/v2\/users\/1"}],"replies":[{"embeddable":true,"href":"https:\/\/www.spectrumtranslation.com\/sv\/wp-json\/wp\/v2\/comments?post=2132"}],"version-history":[{"count":1,"href":"https:\/\/www.spectrumtranslation.com\/sv\/wp-json\/wp\/v2\/pages\/2132\/revisions"}],"predecessor-version":[{"id":2133,"href":"https:\/\/www.spectrumtranslation.com\/sv\/wp-json\/wp\/v2\/pages\/2132\/revisions\/2133"}],"wp:featuredmedia":[{"embeddable":true,"href":"https:\/\/www.spectrumtranslation.com\/sv\/wp-json\/wp\/v2\/media\/1128"}],"wp:attachment":[{"href":"https:\/\/www.spectrumtranslation.com\/sv\/wp-json\/wp\/v2\/media?parent=2132"}],"curies":[{"name":"wp","href":"https:\/\/api.w.org\/{rel}","templated":true}]}}