{"id":2136,"date":"2017-10-04T18:09:08","date_gmt":"2017-10-04T18:09:08","guid":{"rendered":"https:\/\/www.spectrumtranslation.com\/?page_id=2136\/"},"modified":"2017-10-04T18:41:11","modified_gmt":"2017-10-04T18:41:11","slug":"sprak-ett-steg-langre","status":"publish","type":"page","link":"https:\/\/www.spectrumtranslation.com\/sv\/sprak-ett-steg-langre\/","title":{"rendered":"SPR\u00c5K: ETT STEG L\u00c4NGRE"},"content":{"rendered":"<h1 style=\"text-align: center;\"><\/h1>\n<h1 style=\"text-align: center;\"><strong><span style=\"color: #000000;\">Vi g\u00e5r ett steg l\u00e4ngre.<\/span><\/strong><\/h1>\n<p>&nbsp;<\/p>\n<p style=\"text-align: left;\">\nDet \u00e4r branschstandard att lista de spr\u00e5k som f\u00f6retaget \u00f6vers\u00e4tter. Vi g\u00e5r ett steg l\u00e4ngre och tar <em>endast<\/em> med de spr\u00e5k som vi har \u00f6versatt, granskat eller redigerat under det senaste \u00e5ret (2017).<\/p>\n<p>&nbsp;<\/p>\n<h1 style=\"text-align: center;\"><span style=\"color: #000000;\"><strong>EUROPA<\/strong><\/span><\/h1>\n<h3 style=\"text-align: center;\"><span style=\"color: #000000;\"><strong><span style=\"font-family: Thread-0000182c-Id-000001ea;\">V\u00e4stgermanska spr\u00e5k (Europa)<\/span><\/strong><\/span><\/h3>\n<p style=\"text-align: center;\">Engelska<br \/>\nNederl\u00e4ndska<br \/>\nTyska<\/p>\n<h3 style=\"text-align: center;\"><span style=\"color: #000000;\"><strong><span style=\"font-family: Thread-0000182c-Id-000001ea;\">Nordgermanska spr\u00e5k (Europa)<\/span><\/strong><\/span><\/h3>\n<p style=\"text-align: center;\">Danska<br \/>\nNorska<br \/>\nSvenska<\/p>\n<h3 style=\"text-align: center;\"><span style=\"color: #000000;\"><strong><span style=\"font-family: Thread-0000182c-Id-000001ea;\">Romanska spr\u00e5k (Europa)<\/span><\/strong><\/span><\/h3>\n<p style=\"text-align: center;\">Franska<br \/>\nItalienska<br \/>\nPortugisiska<br \/>\nRum\u00e4nska<br \/>\nSpanska<\/p>\n<h3 style=\"text-align: center;\"><span style=\"color: #000000;\"><strong><span style=\"font-family: Thread-0000182c-Id-000001ea;\">Slaviska spr\u00e5k (Europa-Asien)<\/span><\/strong><\/span><\/h3>\n<p style=\"text-align: center;\">Kroatiska<br \/>\nPolska<br \/>\nRyska<br \/>\nSlovakiska<br \/>\nSlovenska<br \/>\nTjeckiska<\/p>\n<h3 style=\"text-align: center;\"><span style=\"color: #000000;\"><strong><span style=\"font-family: Thread-0000182c-Id-000001ea;\">Finsk-ugriska spr\u00e5k (Europa)<\/span><\/strong><\/span><\/h3>\n<p style=\"text-align: center;\">Estniska<br \/>\nFinska<br \/>\nUngerska<\/p>\n<h3 style=\"text-align: center;\"><span style=\"color: #000000;\"><strong><span style=\"font-family: Thread-0000182c-Id-000001ea;\">Semitiska spr\u00e5k (Europa)<\/span><\/strong><\/span><\/h3>\n<p style=\"text-align: center;\"><span style=\"color: #000000;\">Maltesiska<\/span><\/p>\n<p>&nbsp;<\/p>\n<h1 style=\"text-align: center;\"><span style=\"color: #000000;\"><strong>NORDAMERIKA<\/strong><\/span><\/h1>\n<p style=\"text-align: center;\">Engelska<br \/>\nFranska<br \/>\nSpanska<br \/>\nKinesiska<\/p>\n<p>&nbsp;<\/p>\n<h1 style=\"text-align: center;\"><span style=\"color: #000000;\"><strong>SYDAMERIKA<\/strong><\/span><\/h1>\n<p style=\"text-align: center;\">Portugisiska<br \/>\nSpanska<\/p>\n<p>&nbsp;<\/p>\n<h1 style=\"text-align: center;\"><span style=\"color: #000000;\"><strong>AFRIKA<\/strong><\/span><\/h1>\n<p style=\"text-align: center;\">Afrikaans<br \/>\nEngelska<br \/>\nFranska<br \/>\nXhosa<\/p>\n<p>&nbsp;<\/p>\n<h1 style=\"text-align: center;\"><span style=\"color: #000000;\"><strong>MELLAN\u00d6STERN<\/strong><\/span><\/h1>\n<p style=\"text-align: center;\">Arabiska<br \/>\nHebreiska<\/p>\n<p>&nbsp;<\/p>\n<h1 style=\"text-align: center;\"><span style=\"color: #000000;\"><strong>CENTRALASIEN<\/strong><\/span><\/h1>\n<p style=\"text-align: center;\">Kazakiska<br \/>\nUzbekiska<\/p>\n<p>&nbsp;<\/p>\n<h1 style=\"text-align: center;\"><span style=\"color: #000000;\"><strong>\u00d6STASIEN<\/strong><\/span><\/h1>\n<p style=\"text-align: center;\">Japanska<br \/>\nKinesiska<br \/>\nKoreanska<\/p>\n<p>&nbsp;<\/p>\n<h1 style=\"text-align: center;\"><span style=\"color: #000000;\"><strong>SYDASIEN<\/strong><\/span><\/h1>\n<p style=\"text-align: center;\">Bengali<br \/>\nHindi<br \/>\nSingalesiska<br \/>\nTamil<br \/>\nUrdu<\/p>\n<p>&nbsp;<\/p>\n<h1 style=\"text-align: center;\"><span style=\"color: #000000;\"><strong>AUSTRALIEN &amp; NYA ZEELAND<\/strong><\/span><\/h1>\n<p style=\"text-align: center;\">Engelska<\/p>\n<p>&nbsp;<\/p>\n<h1 style=\"text-align: center;\"><\/h1>\n<p>F\u00f6rutom dessa spr\u00e5k har vi haft enstaka f\u00f6rfr\u00e5gningar f\u00f6r bulgariska, sesotho (Sydafrika), kambodjanska, malajiska, och vietnamesiska \u00f6vers\u00e4ttningar. Under bara en vecka under 2017 \u00f6versatte vi till albanska, bengali (Indien\/Bangladesh), indonesiska och singalesiska (Sri Lanka).<br \/>\n&nbsp;<\/p>\n<h2 style=\"text-align: center;\"><em><span style=\"color: #000000;\">\u201dJag har l\u00e4st igenom \u00f6vers\u00e4ttningen och vi \u00e4r v\u00e4ldigt n\u00f6jda med den.\u201d<\/span><\/em><\/h2>\n<p style=\"text-align: center;\">Kunden \u201dEF\u201d, europeisk icke-statlig organisation, december 2016 (Engelska till franska f\u00f6r Frankrike\/V\u00e4stafrika)<\/p>\n<p>&nbsp;<br \/>\nMen listan ovan ger \u00e4nd\u00e5 ingen komplett bild, eftersom m\u00e5nga spr\u00e5k har flera regionala varianter. Vi har till exempel \u00f6versatt, granskat och redigerat franska f\u00f6r Algeriet, Kanada, Belgien, Demokratiska republiken Kongo, Frankrike, Senegal och Schweiz, portugisiska f\u00f6r b\u00e5de Brasilien och Portugal samt kinesiska f\u00f6r Taiwan, Hong Kong, Malaysia och Singapore.<\/p>\n<p>\u00c4ven om vi hanterar alla dessa spr\u00e5k s\u00e5 specialiserar vi oss p\u00e5 de europeiska spr\u00e5ken samt kinesiska och japanska, vilka vi har att g\u00f6ra med hela tiden.<\/p>\n","protected":false},"excerpt":{"rendered":"<p>Vi g\u00e5r ett steg l\u00e4ngre. &nbsp; Det \u00e4r branschstandard att lista de spr\u00e5k som f\u00f6retaget \u00f6vers\u00e4tter. Vi g\u00e5r ett steg l\u00e4ngre och tar endast med de spr\u00e5k som vi har \u00f6versatt, granskat eller redigerat under det senaste \u00e5ret (2017). &nbsp; EUROPA V\u00e4stgermanska spr\u00e5k (Europa) Engelska Nederl\u00e4ndska Tyska Nordgermanska spr\u00e5k (Europa) Danska Norska Svenska Romanska spr\u00e5k &hellip; <a href=\"https:\/\/www.spectrumtranslation.com\/sv\/sprak-ett-steg-langre\/\" class=\"more-link\">Forts\u00e4tt l\u00e4sa<span class=\"screen-reader-text\"> &#8220;SPR\u00c5K: ETT STEG L\u00c4NGRE&#8221;<\/span><\/a><\/p>\n","protected":false},"author":1,"featured_media":1141,"parent":0,"menu_order":0,"comment_status":"closed","ping_status":"closed","template":"","meta":{"_acf_changed":false,"nf_dc_page":"","footnotes":""},"class_list":["post-2136","page","type-page","status-publish","has-post-thumbnail","hentry"],"acf":[],"yoast_head":"<!-- This site is optimized with the Yoast SEO plugin v27.4 - https:\/\/yoast.com\/product\/yoast-seo-wordpress\/ -->\n<title>SPR\u00c5K: ETT STEG L\u00c4NGRE - SPECTRUM TRANSLATION | Translation &amp; Linguistic Validation<\/title>\n<meta name=\"robots\" content=\"index, follow, max-snippet:-1, max-image-preview:large, max-video-preview:-1\" \/>\n<link rel=\"canonical\" href=\"https:\/\/www.spectrumtranslation.com\/sv\/sprak-ett-steg-langre\/\" \/>\n<meta property=\"og:locale\" content=\"sv_SE\" \/>\n<meta property=\"og:type\" content=\"article\" \/>\n<meta property=\"og:title\" content=\"SPR\u00c5K: ETT STEG L\u00c4NGRE - SPECTRUM TRANSLATION | Translation &amp; Linguistic Validation\" \/>\n<meta property=\"og:description\" content=\"Vi g\u00e5r ett steg l\u00e4ngre. &nbsp; Det \u00e4r branschstandard att lista de spr\u00e5k som f\u00f6retaget \u00f6vers\u00e4tter. Vi g\u00e5r ett steg l\u00e4ngre och tar endast med de spr\u00e5k som vi har \u00f6versatt, granskat eller redigerat under det senaste \u00e5ret (2017). &nbsp; EUROPA V\u00e4stgermanska spr\u00e5k (Europa) Engelska Nederl\u00e4ndska Tyska Nordgermanska spr\u00e5k (Europa) Danska Norska Svenska Romanska spr\u00e5k &hellip; Forts\u00e4tt l\u00e4sa &quot;SPR\u00c5K: ETT STEG L\u00c4NGRE&quot;\" \/>\n<meta property=\"og:url\" content=\"https:\/\/www.spectrumtranslation.com\/sv\/sprak-ett-steg-langre\/\" \/>\n<meta property=\"og:site_name\" content=\"SPECTRUM TRANSLATION | Translation &amp; Linguistic Validation\" \/>\n<meta property=\"article:modified_time\" content=\"2017-10-04T18:41:11+00:00\" \/>\n<meta property=\"og:image\" content=\"https:\/\/www.spectrumtranslation.com\/wp-content\/uploads\/2017\/05\/amphitheater-e1494340015984.jpg\" \/>\n\t<meta property=\"og:image:width\" content=\"1366\" \/>\n\t<meta property=\"og:image:height\" content=\"1026\" \/>\n\t<meta property=\"og:image:type\" content=\"image\/jpeg\" \/>\n<meta name=\"twitter:card\" content=\"summary_large_image\" \/>\n<meta name=\"twitter:label1\" content=\"Ber\u00e4knad l\u00e4stid\" \/>\n\t<meta name=\"twitter:data1\" content=\"1 minut\" \/>\n<script type=\"application\/ld+json\" class=\"yoast-schema-graph\">{\"@context\":\"https:\\\/\\\/schema.org\",\"@graph\":[{\"@type\":\"WebPage\",\"@id\":\"https:\\\/\\\/www.spectrumtranslation.com\\\/sv\\\/sprak-ett-steg-langre\\\/\",\"url\":\"https:\\\/\\\/www.spectrumtranslation.com\\\/sv\\\/sprak-ett-steg-langre\\\/\",\"name\":\"SPR\u00c5K: ETT STEG L\u00c4NGRE - SPECTRUM TRANSLATION | Translation &amp; Linguistic Validation\",\"isPartOf\":{\"@id\":\"https:\\\/\\\/www.spectrumtranslation.com\\\/sv\\\/#website\"},\"primaryImageOfPage\":{\"@id\":\"https:\\\/\\\/www.spectrumtranslation.com\\\/sv\\\/sprak-ett-steg-langre\\\/#primaryimage\"},\"image\":{\"@id\":\"https:\\\/\\\/www.spectrumtranslation.com\\\/sv\\\/sprak-ett-steg-langre\\\/#primaryimage\"},\"thumbnailUrl\":\"https:\\\/\\\/www.spectrumtranslation.com\\\/wp-content\\\/uploads\\\/2017\\\/05\\\/amphitheater-e1494340015984.jpg\",\"datePublished\":\"2017-10-04T18:09:08+00:00\",\"dateModified\":\"2017-10-04T18:41:11+00:00\",\"breadcrumb\":{\"@id\":\"https:\\\/\\\/www.spectrumtranslation.com\\\/sv\\\/sprak-ett-steg-langre\\\/#breadcrumb\"},\"inLanguage\":\"sv-SE\",\"potentialAction\":[{\"@type\":\"ReadAction\",\"target\":[\"https:\\\/\\\/www.spectrumtranslation.com\\\/sv\\\/sprak-ett-steg-langre\\\/\"]}]},{\"@type\":\"ImageObject\",\"inLanguage\":\"sv-SE\",\"@id\":\"https:\\\/\\\/www.spectrumtranslation.com\\\/sv\\\/sprak-ett-steg-langre\\\/#primaryimage\",\"url\":\"https:\\\/\\\/www.spectrumtranslation.com\\\/wp-content\\\/uploads\\\/2017\\\/05\\\/amphitheater-e1494340015984.jpg\",\"contentUrl\":\"https:\\\/\\\/www.spectrumtranslation.com\\\/wp-content\\\/uploads\\\/2017\\\/05\\\/amphitheater-e1494340015984.jpg\",\"width\":1366,\"height\":1026},{\"@type\":\"BreadcrumbList\",\"@id\":\"https:\\\/\\\/www.spectrumtranslation.com\\\/sv\\\/sprak-ett-steg-langre\\\/#breadcrumb\",\"itemListElement\":[{\"@type\":\"ListItem\",\"position\":1,\"name\":\"Home\",\"item\":\"https:\\\/\\\/www.spectrumtranslation.com\\\/sv\\\/\"},{\"@type\":\"ListItem\",\"position\":2,\"name\":\"SPR\u00c5K: ETT STEG L\u00c4NGRE\"}]},{\"@type\":\"WebSite\",\"@id\":\"https:\\\/\\\/www.spectrumtranslation.com\\\/sv\\\/#website\",\"url\":\"https:\\\/\\\/www.spectrumtranslation.com\\\/sv\\\/\",\"name\":\"SPECTRUM TRANSLATION | Translation &amp; Linguistic Validation\",\"description\":\"\",\"publisher\":{\"@id\":\"https:\\\/\\\/www.spectrumtranslation.com\\\/sv\\\/#organization\"},\"potentialAction\":[{\"@type\":\"SearchAction\",\"target\":{\"@type\":\"EntryPoint\",\"urlTemplate\":\"https:\\\/\\\/www.spectrumtranslation.com\\\/sv\\\/?s={search_term_string}\"},\"query-input\":{\"@type\":\"PropertyValueSpecification\",\"valueRequired\":true,\"valueName\":\"search_term_string\"}}],\"inLanguage\":\"sv-SE\"},{\"@type\":\"Organization\",\"@id\":\"https:\\\/\\\/www.spectrumtranslation.com\\\/sv\\\/#organization\",\"name\":\"SPECTRUM TRANSLATION | Translation &amp; Linguistic Validation\",\"url\":\"https:\\\/\\\/www.spectrumtranslation.com\\\/sv\\\/\",\"logo\":{\"@type\":\"ImageObject\",\"inLanguage\":\"sv-SE\",\"@id\":\"https:\\\/\\\/www.spectrumtranslation.com\\\/sv\\\/#\\\/schema\\\/logo\\\/image\\\/\",\"url\":\"https:\\\/\\\/www.spectrumtranslation.com\\\/wp-content\\\/uploads\\\/2017\\\/02\\\/cropped-logo_animated_new-1.gif\",\"contentUrl\":\"https:\\\/\\\/www.spectrumtranslation.com\\\/wp-content\\\/uploads\\\/2017\\\/02\\\/cropped-logo_animated_new-1.gif\",\"width\":250,\"height\":54,\"caption\":\"SPECTRUM TRANSLATION | Translation &amp; Linguistic Validation\"},\"image\":{\"@id\":\"https:\\\/\\\/www.spectrumtranslation.com\\\/sv\\\/#\\\/schema\\\/logo\\\/image\\\/\"}}]}<\/script>\n<!-- \/ Yoast SEO plugin. -->","yoast_head_json":{"title":"SPR\u00c5K: ETT STEG L\u00c4NGRE - SPECTRUM TRANSLATION | Translation &amp; Linguistic Validation","robots":{"index":"index","follow":"follow","max-snippet":"max-snippet:-1","max-image-preview":"max-image-preview:large","max-video-preview":"max-video-preview:-1"},"canonical":"https:\/\/www.spectrumtranslation.com\/sv\/sprak-ett-steg-langre\/","og_locale":"sv_SE","og_type":"article","og_title":"SPR\u00c5K: ETT STEG L\u00c4NGRE - SPECTRUM TRANSLATION | Translation &amp; Linguistic Validation","og_description":"Vi g\u00e5r ett steg l\u00e4ngre. &nbsp; Det \u00e4r branschstandard att lista de spr\u00e5k som f\u00f6retaget \u00f6vers\u00e4tter. Vi g\u00e5r ett steg l\u00e4ngre och tar endast med de spr\u00e5k som vi har \u00f6versatt, granskat eller redigerat under det senaste \u00e5ret (2017). &nbsp; EUROPA V\u00e4stgermanska spr\u00e5k (Europa) Engelska Nederl\u00e4ndska Tyska Nordgermanska spr\u00e5k (Europa) Danska Norska Svenska Romanska spr\u00e5k &hellip; Forts\u00e4tt l\u00e4sa \"SPR\u00c5K: ETT STEG L\u00c4NGRE\"","og_url":"https:\/\/www.spectrumtranslation.com\/sv\/sprak-ett-steg-langre\/","og_site_name":"SPECTRUM TRANSLATION | Translation &amp; Linguistic Validation","article_modified_time":"2017-10-04T18:41:11+00:00","og_image":[{"width":1366,"height":1026,"url":"https:\/\/www.spectrumtranslation.com\/wp-content\/uploads\/2017\/05\/amphitheater-e1494340015984.jpg","type":"image\/jpeg"}],"twitter_card":"summary_large_image","twitter_misc":{"Ber\u00e4knad l\u00e4stid":"1 minut"},"schema":{"@context":"https:\/\/schema.org","@graph":[{"@type":"WebPage","@id":"https:\/\/www.spectrumtranslation.com\/sv\/sprak-ett-steg-langre\/","url":"https:\/\/www.spectrumtranslation.com\/sv\/sprak-ett-steg-langre\/","name":"SPR\u00c5K: ETT STEG L\u00c4NGRE - SPECTRUM TRANSLATION | Translation &amp; Linguistic Validation","isPartOf":{"@id":"https:\/\/www.spectrumtranslation.com\/sv\/#website"},"primaryImageOfPage":{"@id":"https:\/\/www.spectrumtranslation.com\/sv\/sprak-ett-steg-langre\/#primaryimage"},"image":{"@id":"https:\/\/www.spectrumtranslation.com\/sv\/sprak-ett-steg-langre\/#primaryimage"},"thumbnailUrl":"https:\/\/www.spectrumtranslation.com\/wp-content\/uploads\/2017\/05\/amphitheater-e1494340015984.jpg","datePublished":"2017-10-04T18:09:08+00:00","dateModified":"2017-10-04T18:41:11+00:00","breadcrumb":{"@id":"https:\/\/www.spectrumtranslation.com\/sv\/sprak-ett-steg-langre\/#breadcrumb"},"inLanguage":"sv-SE","potentialAction":[{"@type":"ReadAction","target":["https:\/\/www.spectrumtranslation.com\/sv\/sprak-ett-steg-langre\/"]}]},{"@type":"ImageObject","inLanguage":"sv-SE","@id":"https:\/\/www.spectrumtranslation.com\/sv\/sprak-ett-steg-langre\/#primaryimage","url":"https:\/\/www.spectrumtranslation.com\/wp-content\/uploads\/2017\/05\/amphitheater-e1494340015984.jpg","contentUrl":"https:\/\/www.spectrumtranslation.com\/wp-content\/uploads\/2017\/05\/amphitheater-e1494340015984.jpg","width":1366,"height":1026},{"@type":"BreadcrumbList","@id":"https:\/\/www.spectrumtranslation.com\/sv\/sprak-ett-steg-langre\/#breadcrumb","itemListElement":[{"@type":"ListItem","position":1,"name":"Home","item":"https:\/\/www.spectrumtranslation.com\/sv\/"},{"@type":"ListItem","position":2,"name":"SPR\u00c5K: ETT STEG L\u00c4NGRE"}]},{"@type":"WebSite","@id":"https:\/\/www.spectrumtranslation.com\/sv\/#website","url":"https:\/\/www.spectrumtranslation.com\/sv\/","name":"SPECTRUM TRANSLATION | Translation &amp; Linguistic Validation","description":"","publisher":{"@id":"https:\/\/www.spectrumtranslation.com\/sv\/#organization"},"potentialAction":[{"@type":"SearchAction","target":{"@type":"EntryPoint","urlTemplate":"https:\/\/www.spectrumtranslation.com\/sv\/?s={search_term_string}"},"query-input":{"@type":"PropertyValueSpecification","valueRequired":true,"valueName":"search_term_string"}}],"inLanguage":"sv-SE"},{"@type":"Organization","@id":"https:\/\/www.spectrumtranslation.com\/sv\/#organization","name":"SPECTRUM TRANSLATION | Translation &amp; Linguistic Validation","url":"https:\/\/www.spectrumtranslation.com\/sv\/","logo":{"@type":"ImageObject","inLanguage":"sv-SE","@id":"https:\/\/www.spectrumtranslation.com\/sv\/#\/schema\/logo\/image\/","url":"https:\/\/www.spectrumtranslation.com\/wp-content\/uploads\/2017\/02\/cropped-logo_animated_new-1.gif","contentUrl":"https:\/\/www.spectrumtranslation.com\/wp-content\/uploads\/2017\/02\/cropped-logo_animated_new-1.gif","width":250,"height":54,"caption":"SPECTRUM TRANSLATION | Translation &amp; Linguistic Validation"},"image":{"@id":"https:\/\/www.spectrumtranslation.com\/sv\/#\/schema\/logo\/image\/"}}]}},"_links":{"self":[{"href":"https:\/\/www.spectrumtranslation.com\/sv\/wp-json\/wp\/v2\/pages\/2136","targetHints":{"allow":["GET"]}}],"collection":[{"href":"https:\/\/www.spectrumtranslation.com\/sv\/wp-json\/wp\/v2\/pages"}],"about":[{"href":"https:\/\/www.spectrumtranslation.com\/sv\/wp-json\/wp\/v2\/types\/page"}],"author":[{"embeddable":true,"href":"https:\/\/www.spectrumtranslation.com\/sv\/wp-json\/wp\/v2\/users\/1"}],"replies":[{"embeddable":true,"href":"https:\/\/www.spectrumtranslation.com\/sv\/wp-json\/wp\/v2\/comments?post=2136"}],"version-history":[{"count":7,"href":"https:\/\/www.spectrumtranslation.com\/sv\/wp-json\/wp\/v2\/pages\/2136\/revisions"}],"predecessor-version":[{"id":2160,"href":"https:\/\/www.spectrumtranslation.com\/sv\/wp-json\/wp\/v2\/pages\/2136\/revisions\/2160"}],"wp:featuredmedia":[{"embeddable":true,"href":"https:\/\/www.spectrumtranslation.com\/sv\/wp-json\/wp\/v2\/media\/1141"}],"wp:attachment":[{"href":"https:\/\/www.spectrumtranslation.com\/sv\/wp-json\/wp\/v2\/media?parent=2136"}],"curies":[{"name":"wp","href":"https:\/\/api.w.org\/{rel}","templated":true}]}}