{"id":2138,"date":"2017-10-04T18:11:10","date_gmt":"2017-10-04T18:11:10","guid":{"rendered":"https:\/\/www.spectrumtranslation.com\/?page_id=2138\/"},"modified":"2017-10-04T18:11:10","modified_gmt":"2017-10-04T18:11:10","slug":"ovriga-sprak","status":"publish","type":"page","link":"https:\/\/www.spectrumtranslation.com\/sv\/ovriga-sprak\/","title":{"rendered":"\u00d6VRIGA SPR\u00c5K"},"content":{"rendered":"<h1 style=\"text-align: center;\"><\/h1>\n<h1 style=\"text-align: center;\"><span style=\"color: #000000;\"><strong>V\u00e4rldens mindre globala spr\u00e5k.<\/strong><\/span><\/h1>\n<p>&nbsp;<\/p>\n<p style=\"text-align: left;\">Vi struntar inte i v\u00e4rldens mindre spr\u00e5k. \u00c4ven om det \u00e4r f\u00e4rre m\u00e4nniskor som talar dem s\u00e5 p\u00e5verkar de \u00e4nd\u00e5 livet f\u00f6r miljontals m\u00e4nniskor i hela v\u00e4rlden.<\/p>\n<p style=\"text-align: left;\">Spectrum Translation har bland annat \u00f6versatt guaran\u00ed (Sydamerika), sesotho, xhosa och zulu (Afrika), singalesiska (Sri Lanka), Haitisk kreol samt olika varianter av engelska fr\u00e5n Jamaica, Singapore och Sydafrika.<\/p>\n<p style=\"text-align: left;\">Vi tar g\u00e4rna emot f\u00f6rfr\u00e5gningar f\u00f6r \u00f6vers\u00e4ttning, granskning eller redigering av alla spr\u00e5k i v\u00e4rlden.<\/p>\n","protected":false},"excerpt":{"rendered":"<p>V\u00e4rldens mindre globala spr\u00e5k. &nbsp; Vi struntar inte i v\u00e4rldens mindre spr\u00e5k. \u00c4ven om det \u00e4r f\u00e4rre m\u00e4nniskor som talar dem s\u00e5 p\u00e5verkar de \u00e4nd\u00e5 livet f\u00f6r miljontals m\u00e4nniskor i hela v\u00e4rlden. Spectrum Translation har bland annat \u00f6versatt guaran\u00ed (Sydamerika), sesotho, xhosa och zulu (Afrika), singalesiska (Sri Lanka), Haitisk kreol samt olika varianter av engelska &hellip; <a href=\"https:\/\/www.spectrumtranslation.com\/sv\/ovriga-sprak\/\" class=\"more-link\">Forts\u00e4tt l\u00e4sa<span class=\"screen-reader-text\"> &#8220;\u00d6VRIGA SPR\u00c5K&#8221;<\/span><\/a><\/p>\n","protected":false},"author":1,"featured_media":1099,"parent":0,"menu_order":0,"comment_status":"closed","ping_status":"closed","template":"","meta":{"_acf_changed":false,"nf_dc_page":"","footnotes":""},"class_list":["post-2138","page","type-page","status-publish","has-post-thumbnail","hentry"],"acf":[],"yoast_head":"<!-- This site is optimized with the Yoast SEO plugin v27.4 - https:\/\/yoast.com\/product\/yoast-seo-wordpress\/ -->\n<title>\u00d6VRIGA SPR\u00c5K - SPECTRUM TRANSLATION | Translation &amp; Linguistic Validation<\/title>\n<meta name=\"robots\" content=\"index, follow, max-snippet:-1, max-image-preview:large, max-video-preview:-1\" \/>\n<link rel=\"canonical\" href=\"https:\/\/www.spectrumtranslation.com\/sv\/ovriga-sprak\/\" \/>\n<meta property=\"og:locale\" content=\"sv_SE\" \/>\n<meta property=\"og:type\" content=\"article\" \/>\n<meta property=\"og:title\" content=\"\u00d6VRIGA SPR\u00c5K - SPECTRUM TRANSLATION | Translation &amp; Linguistic Validation\" \/>\n<meta property=\"og:description\" content=\"V\u00e4rldens mindre globala spr\u00e5k. &nbsp; Vi struntar inte i v\u00e4rldens mindre spr\u00e5k. \u00c4ven om det \u00e4r f\u00e4rre m\u00e4nniskor som talar dem s\u00e5 p\u00e5verkar de \u00e4nd\u00e5 livet f\u00f6r miljontals m\u00e4nniskor i hela v\u00e4rlden. Spectrum Translation har bland annat \u00f6versatt guaran\u00ed (Sydamerika), sesotho, xhosa och zulu (Afrika), singalesiska (Sri Lanka), Haitisk kreol samt olika varianter av engelska &hellip; Forts\u00e4tt l\u00e4sa &quot;\u00d6VRIGA SPR\u00c5K&quot;\" \/>\n<meta property=\"og:url\" content=\"https:\/\/www.spectrumtranslation.com\/sv\/ovriga-sprak\/\" \/>\n<meta property=\"og:site_name\" content=\"SPECTRUM TRANSLATION | Translation &amp; Linguistic Validation\" \/>\n<meta property=\"og:image\" content=\"https:\/\/www.spectrumtranslation.com\/wp-content\/uploads\/2017\/04\/south-africa-coast-e1494192389391.jpg\" \/>\n\t<meta property=\"og:image:width\" content=\"1366\" \/>\n\t<meta property=\"og:image:height\" content=\"907\" \/>\n\t<meta property=\"og:image:type\" content=\"image\/jpeg\" \/>\n<meta name=\"twitter:card\" content=\"summary_large_image\" \/>\n<script type=\"application\/ld+json\" class=\"yoast-schema-graph\">{\"@context\":\"https:\\\/\\\/schema.org\",\"@graph\":[{\"@type\":\"WebPage\",\"@id\":\"https:\\\/\\\/www.spectrumtranslation.com\\\/sv\\\/ovriga-sprak\\\/\",\"url\":\"https:\\\/\\\/www.spectrumtranslation.com\\\/sv\\\/ovriga-sprak\\\/\",\"name\":\"\u00d6VRIGA SPR\u00c5K - SPECTRUM TRANSLATION | Translation &amp; Linguistic Validation\",\"isPartOf\":{\"@id\":\"https:\\\/\\\/www.spectrumtranslation.com\\\/sv\\\/#website\"},\"primaryImageOfPage\":{\"@id\":\"https:\\\/\\\/www.spectrumtranslation.com\\\/sv\\\/ovriga-sprak\\\/#primaryimage\"},\"image\":{\"@id\":\"https:\\\/\\\/www.spectrumtranslation.com\\\/sv\\\/ovriga-sprak\\\/#primaryimage\"},\"thumbnailUrl\":\"https:\\\/\\\/www.spectrumtranslation.com\\\/wp-content\\\/uploads\\\/2017\\\/04\\\/south-africa-coast-e1494192389391.jpg\",\"datePublished\":\"2017-10-04T18:11:10+00:00\",\"breadcrumb\":{\"@id\":\"https:\\\/\\\/www.spectrumtranslation.com\\\/sv\\\/ovriga-sprak\\\/#breadcrumb\"},\"inLanguage\":\"sv-SE\",\"potentialAction\":[{\"@type\":\"ReadAction\",\"target\":[\"https:\\\/\\\/www.spectrumtranslation.com\\\/sv\\\/ovriga-sprak\\\/\"]}]},{\"@type\":\"ImageObject\",\"inLanguage\":\"sv-SE\",\"@id\":\"https:\\\/\\\/www.spectrumtranslation.com\\\/sv\\\/ovriga-sprak\\\/#primaryimage\",\"url\":\"https:\\\/\\\/www.spectrumtranslation.com\\\/wp-content\\\/uploads\\\/2017\\\/04\\\/south-africa-coast-e1494192389391.jpg\",\"contentUrl\":\"https:\\\/\\\/www.spectrumtranslation.com\\\/wp-content\\\/uploads\\\/2017\\\/04\\\/south-africa-coast-e1494192389391.jpg\",\"width\":1366,\"height\":907},{\"@type\":\"BreadcrumbList\",\"@id\":\"https:\\\/\\\/www.spectrumtranslation.com\\\/sv\\\/ovriga-sprak\\\/#breadcrumb\",\"itemListElement\":[{\"@type\":\"ListItem\",\"position\":1,\"name\":\"Home\",\"item\":\"https:\\\/\\\/www.spectrumtranslation.com\\\/sv\\\/\"},{\"@type\":\"ListItem\",\"position\":2,\"name\":\"\u00d6VRIGA SPR\u00c5K\"}]},{\"@type\":\"WebSite\",\"@id\":\"https:\\\/\\\/www.spectrumtranslation.com\\\/sv\\\/#website\",\"url\":\"https:\\\/\\\/www.spectrumtranslation.com\\\/sv\\\/\",\"name\":\"SPECTRUM TRANSLATION | Translation &amp; Linguistic Validation\",\"description\":\"\",\"publisher\":{\"@id\":\"https:\\\/\\\/www.spectrumtranslation.com\\\/sv\\\/#organization\"},\"potentialAction\":[{\"@type\":\"SearchAction\",\"target\":{\"@type\":\"EntryPoint\",\"urlTemplate\":\"https:\\\/\\\/www.spectrumtranslation.com\\\/sv\\\/?s={search_term_string}\"},\"query-input\":{\"@type\":\"PropertyValueSpecification\",\"valueRequired\":true,\"valueName\":\"search_term_string\"}}],\"inLanguage\":\"sv-SE\"},{\"@type\":\"Organization\",\"@id\":\"https:\\\/\\\/www.spectrumtranslation.com\\\/sv\\\/#organization\",\"name\":\"SPECTRUM TRANSLATION | Translation &amp; Linguistic Validation\",\"url\":\"https:\\\/\\\/www.spectrumtranslation.com\\\/sv\\\/\",\"logo\":{\"@type\":\"ImageObject\",\"inLanguage\":\"sv-SE\",\"@id\":\"https:\\\/\\\/www.spectrumtranslation.com\\\/sv\\\/#\\\/schema\\\/logo\\\/image\\\/\",\"url\":\"https:\\\/\\\/www.spectrumtranslation.com\\\/wp-content\\\/uploads\\\/2017\\\/02\\\/cropped-logo_animated_new-1.gif\",\"contentUrl\":\"https:\\\/\\\/www.spectrumtranslation.com\\\/wp-content\\\/uploads\\\/2017\\\/02\\\/cropped-logo_animated_new-1.gif\",\"width\":250,\"height\":54,\"caption\":\"SPECTRUM TRANSLATION | Translation &amp; Linguistic Validation\"},\"image\":{\"@id\":\"https:\\\/\\\/www.spectrumtranslation.com\\\/sv\\\/#\\\/schema\\\/logo\\\/image\\\/\"}}]}<\/script>\n<!-- \/ Yoast SEO plugin. -->","yoast_head_json":{"title":"\u00d6VRIGA SPR\u00c5K - SPECTRUM TRANSLATION | Translation &amp; Linguistic Validation","robots":{"index":"index","follow":"follow","max-snippet":"max-snippet:-1","max-image-preview":"max-image-preview:large","max-video-preview":"max-video-preview:-1"},"canonical":"https:\/\/www.spectrumtranslation.com\/sv\/ovriga-sprak\/","og_locale":"sv_SE","og_type":"article","og_title":"\u00d6VRIGA SPR\u00c5K - SPECTRUM TRANSLATION | Translation &amp; Linguistic Validation","og_description":"V\u00e4rldens mindre globala spr\u00e5k. &nbsp; Vi struntar inte i v\u00e4rldens mindre spr\u00e5k. \u00c4ven om det \u00e4r f\u00e4rre m\u00e4nniskor som talar dem s\u00e5 p\u00e5verkar de \u00e4nd\u00e5 livet f\u00f6r miljontals m\u00e4nniskor i hela v\u00e4rlden. Spectrum Translation har bland annat \u00f6versatt guaran\u00ed (Sydamerika), sesotho, xhosa och zulu (Afrika), singalesiska (Sri Lanka), Haitisk kreol samt olika varianter av engelska &hellip; Forts\u00e4tt l\u00e4sa \"\u00d6VRIGA SPR\u00c5K\"","og_url":"https:\/\/www.spectrumtranslation.com\/sv\/ovriga-sprak\/","og_site_name":"SPECTRUM TRANSLATION | Translation &amp; Linguistic Validation","og_image":[{"width":1366,"height":907,"url":"https:\/\/www.spectrumtranslation.com\/wp-content\/uploads\/2017\/04\/south-africa-coast-e1494192389391.jpg","type":"image\/jpeg"}],"twitter_card":"summary_large_image","schema":{"@context":"https:\/\/schema.org","@graph":[{"@type":"WebPage","@id":"https:\/\/www.spectrumtranslation.com\/sv\/ovriga-sprak\/","url":"https:\/\/www.spectrumtranslation.com\/sv\/ovriga-sprak\/","name":"\u00d6VRIGA SPR\u00c5K - SPECTRUM TRANSLATION | Translation &amp; Linguistic Validation","isPartOf":{"@id":"https:\/\/www.spectrumtranslation.com\/sv\/#website"},"primaryImageOfPage":{"@id":"https:\/\/www.spectrumtranslation.com\/sv\/ovriga-sprak\/#primaryimage"},"image":{"@id":"https:\/\/www.spectrumtranslation.com\/sv\/ovriga-sprak\/#primaryimage"},"thumbnailUrl":"https:\/\/www.spectrumtranslation.com\/wp-content\/uploads\/2017\/04\/south-africa-coast-e1494192389391.jpg","datePublished":"2017-10-04T18:11:10+00:00","breadcrumb":{"@id":"https:\/\/www.spectrumtranslation.com\/sv\/ovriga-sprak\/#breadcrumb"},"inLanguage":"sv-SE","potentialAction":[{"@type":"ReadAction","target":["https:\/\/www.spectrumtranslation.com\/sv\/ovriga-sprak\/"]}]},{"@type":"ImageObject","inLanguage":"sv-SE","@id":"https:\/\/www.spectrumtranslation.com\/sv\/ovriga-sprak\/#primaryimage","url":"https:\/\/www.spectrumtranslation.com\/wp-content\/uploads\/2017\/04\/south-africa-coast-e1494192389391.jpg","contentUrl":"https:\/\/www.spectrumtranslation.com\/wp-content\/uploads\/2017\/04\/south-africa-coast-e1494192389391.jpg","width":1366,"height":907},{"@type":"BreadcrumbList","@id":"https:\/\/www.spectrumtranslation.com\/sv\/ovriga-sprak\/#breadcrumb","itemListElement":[{"@type":"ListItem","position":1,"name":"Home","item":"https:\/\/www.spectrumtranslation.com\/sv\/"},{"@type":"ListItem","position":2,"name":"\u00d6VRIGA SPR\u00c5K"}]},{"@type":"WebSite","@id":"https:\/\/www.spectrumtranslation.com\/sv\/#website","url":"https:\/\/www.spectrumtranslation.com\/sv\/","name":"SPECTRUM TRANSLATION | Translation &amp; Linguistic Validation","description":"","publisher":{"@id":"https:\/\/www.spectrumtranslation.com\/sv\/#organization"},"potentialAction":[{"@type":"SearchAction","target":{"@type":"EntryPoint","urlTemplate":"https:\/\/www.spectrumtranslation.com\/sv\/?s={search_term_string}"},"query-input":{"@type":"PropertyValueSpecification","valueRequired":true,"valueName":"search_term_string"}}],"inLanguage":"sv-SE"},{"@type":"Organization","@id":"https:\/\/www.spectrumtranslation.com\/sv\/#organization","name":"SPECTRUM TRANSLATION | Translation &amp; Linguistic Validation","url":"https:\/\/www.spectrumtranslation.com\/sv\/","logo":{"@type":"ImageObject","inLanguage":"sv-SE","@id":"https:\/\/www.spectrumtranslation.com\/sv\/#\/schema\/logo\/image\/","url":"https:\/\/www.spectrumtranslation.com\/wp-content\/uploads\/2017\/02\/cropped-logo_animated_new-1.gif","contentUrl":"https:\/\/www.spectrumtranslation.com\/wp-content\/uploads\/2017\/02\/cropped-logo_animated_new-1.gif","width":250,"height":54,"caption":"SPECTRUM TRANSLATION | Translation &amp; Linguistic Validation"},"image":{"@id":"https:\/\/www.spectrumtranslation.com\/sv\/#\/schema\/logo\/image\/"}}]}},"_links":{"self":[{"href":"https:\/\/www.spectrumtranslation.com\/sv\/wp-json\/wp\/v2\/pages\/2138","targetHints":{"allow":["GET"]}}],"collection":[{"href":"https:\/\/www.spectrumtranslation.com\/sv\/wp-json\/wp\/v2\/pages"}],"about":[{"href":"https:\/\/www.spectrumtranslation.com\/sv\/wp-json\/wp\/v2\/types\/page"}],"author":[{"embeddable":true,"href":"https:\/\/www.spectrumtranslation.com\/sv\/wp-json\/wp\/v2\/users\/1"}],"replies":[{"embeddable":true,"href":"https:\/\/www.spectrumtranslation.com\/sv\/wp-json\/wp\/v2\/comments?post=2138"}],"version-history":[{"count":1,"href":"https:\/\/www.spectrumtranslation.com\/sv\/wp-json\/wp\/v2\/pages\/2138\/revisions"}],"predecessor-version":[{"id":2139,"href":"https:\/\/www.spectrumtranslation.com\/sv\/wp-json\/wp\/v2\/pages\/2138\/revisions\/2139"}],"wp:featuredmedia":[{"embeddable":true,"href":"https:\/\/www.spectrumtranslation.com\/sv\/wp-json\/wp\/v2\/media\/1099"}],"wp:attachment":[{"href":"https:\/\/www.spectrumtranslation.com\/sv\/wp-json\/wp\/v2\/media?parent=2138"}],"curies":[{"name":"wp","href":"https:\/\/api.w.org\/{rel}","templated":true}]}}