{"id":2140,"date":"2017-10-04T18:15:25","date_gmt":"2017-10-04T18:15:25","guid":{"rendered":"https:\/\/www.spectrumtranslation.com\/?page_id=2140\/"},"modified":"2021-07-01T17:10:20","modified_gmt":"2021-07-01T17:10:20","slug":"spraklig-validering","status":"publish","type":"page","link":"https:\/\/www.spectrumtranslation.com\/sv\/spraklig-validering\/","title":{"rendered":"SPR\u00c5KLIG VALIDERING"},"content":{"rendered":"<h1 style=\"text-align: left;\"><\/h1>\n<h1 style=\"text-align: center;\"><span style=\"color: #000000;\"><strong>P\u00c5G\u00c5ENDE PROJEKT F\u00d6R SPR\u00c5KLIG VALIDERING<\/strong><\/span><\/h1>\n<p style=\"text-align: left;\">Spr\u00e5klig validering m\u00e4ter den kulturella och konceptuella precisionen hos en \u00f6vers\u00e4ttning genom att l\u00e5ta modersm\u00e5lstalare som lever i det aktuella landet eller den aktuella regionen l\u00e4sa igenom den \u00f6versatta texten. De som deltar i projektet m\u00e5ste ha m\u00e5lspr\u00e5ket som modersm\u00e5l, men det kr\u00e4vs ingen s\u00e4rskild kunskap om inneh\u00e5llet eller n\u00e5got annat spr\u00e5k f\u00f6r att delta.<\/p>\n<p style=\"text-align: left;\">Vi har arbetat med att tillhandah\u00e5lla spr\u00e5klig validering som uppfyller v\u00e5ra kunders krav och hittat modersm\u00e5lstalare, lokala granskare och redigerare. Vi har arbetat med detta framg\u00e5ngsrikt under 16 \u00e5r (2021).<\/p>\n<p style=\"text-align: left;\">H\u00f6r g\u00e4rna av dig om du vill delta i n\u00e5got av de projekt f\u00f6r spr\u00e5klig validering som visas h\u00e4r. Projekten visas efter spr\u00e5k och land. Du kan ladda ner det relevanta projektbrevet eller kontakta oss genom formul\u00e4ret till h\u00f6ger.<\/p>\n<p style=\"text-align: left;\">Vi tar emot meddelanden p\u00e5 alla spr\u00e5k som representeras genom projekten p\u00e5 denna sida.<\/p>\n<p style=\"text-align: left;\"><strong>V\u00c5R INTEGRITETSPOLICY:<\/strong><\/p>\n<p style=\"text-align: left;\">Fyll i ett av formul\u00e4ren nedan om du vill att vi ska kontakta dig med e-post eller per telefon med information om de spr\u00e5kliga utv\u00e4rderingsprojekten. Vi behandlar dina uppgifter i enlighet med v\u00e5r Integritetspolicy\u00a0(<a href=\"https:\/\/www.spectrumtranslation.com\/privacy-policy\/\">https:\/\/www.spectrumtranslation.com\/privacy-policy\/<\/a>).<\/p>\n<p style=\"text-align: left;\">Genom att klicka \u201dskicka\u201d f\u00f6r att skicka dina uppgifter genom formul\u00e4ret har du uttryckligen gett ditt samtycke till att f\u00e5 meddelanden fr\u00e5n oss om spr\u00e5kliga utv\u00e4rderingsprojekt.<\/p>\n<p style=\"text-align: left;\">Du kan n\u00e4r som helst \u00e5terkalla ditt samtycke genom att skicka ett e-postmeddelande till oss p\u00e5\u00a0<a href=\"mailto:info@spectrumtranslation.com\" target=\"_blank\" rel=\"noopener noreferrer\"><u>info@spectrumtranslation.com<\/u><\/a>.<\/p>\n","protected":false},"excerpt":{"rendered":"<p>P\u00c5G\u00c5ENDE PROJEKT F\u00d6R SPR\u00c5KLIG VALIDERING Spr\u00e5klig validering m\u00e4ter den kulturella och konceptuella precisionen hos en \u00f6vers\u00e4ttning genom att l\u00e5ta modersm\u00e5lstalare som lever i det aktuella landet eller den aktuella regionen l\u00e4sa igenom den \u00f6versatta texten. De som deltar i projektet m\u00e5ste ha m\u00e5lspr\u00e5ket som modersm\u00e5l, men det kr\u00e4vs ingen s\u00e4rskild kunskap om inneh\u00e5llet eller n\u00e5got &hellip; <a href=\"https:\/\/www.spectrumtranslation.com\/sv\/spraklig-validering\/\" class=\"more-link\">Forts\u00e4tt l\u00e4sa<span class=\"screen-reader-text\"> &#8220;SPR\u00c5KLIG VALIDERING&#8221;<\/span><\/a><\/p>\n","protected":false},"author":1,"featured_media":4058,"parent":0,"menu_order":0,"comment_status":"closed","ping_status":"closed","template":"linguistic-validation.php","meta":{"_acf_changed":false,"nf_dc_page":"","footnotes":""},"class_list":["post-2140","page","type-page","status-publish","has-post-thumbnail","hentry"],"acf":[],"yoast_head":"<!-- This site is optimized with the Yoast SEO plugin v27.4 - https:\/\/yoast.com\/product\/yoast-seo-wordpress\/ -->\n<title>SPR\u00c5KLIG VALIDERING - SPECTRUM TRANSLATION | Translation &amp; Linguistic Validation<\/title>\n<meta name=\"robots\" content=\"index, follow, max-snippet:-1, max-image-preview:large, max-video-preview:-1\" \/>\n<link rel=\"canonical\" href=\"https:\/\/www.spectrumtranslation.com\/sv\/spraklig-validering\/\" \/>\n<meta property=\"og:locale\" content=\"sv_SE\" \/>\n<meta property=\"og:type\" content=\"article\" \/>\n<meta property=\"og:title\" content=\"SPR\u00c5KLIG VALIDERING - SPECTRUM TRANSLATION | Translation &amp; Linguistic Validation\" \/>\n<meta property=\"og:description\" content=\"P\u00c5G\u00c5ENDE PROJEKT F\u00d6R SPR\u00c5KLIG VALIDERING Spr\u00e5klig validering m\u00e4ter den kulturella och konceptuella precisionen hos en \u00f6vers\u00e4ttning genom att l\u00e5ta modersm\u00e5lstalare som lever i det aktuella landet eller den aktuella regionen l\u00e4sa igenom den \u00f6versatta texten. De som deltar i projektet m\u00e5ste ha m\u00e5lspr\u00e5ket som modersm\u00e5l, men det kr\u00e4vs ingen s\u00e4rskild kunskap om inneh\u00e5llet eller n\u00e5got &hellip; Forts\u00e4tt l\u00e4sa &quot;SPR\u00c5KLIG VALIDERING&quot;\" \/>\n<meta property=\"og:url\" content=\"https:\/\/www.spectrumtranslation.com\/sv\/spraklig-validering\/\" \/>\n<meta property=\"og:site_name\" content=\"SPECTRUM TRANSLATION | Translation &amp; Linguistic Validation\" \/>\n<meta property=\"article:modified_time\" content=\"2021-07-01T17:10:20+00:00\" \/>\n<meta property=\"og:image\" content=\"https:\/\/www.spectrumtranslation.com\/wp-content\/uploads\/2017\/04\/IMG_3916-e1494188560992.jpg\" \/>\n\t<meta property=\"og:image:width\" content=\"1366\" \/>\n\t<meta property=\"og:image:height\" content=\"911\" \/>\n\t<meta property=\"og:image:type\" content=\"image\/jpeg\" \/>\n<meta name=\"twitter:card\" content=\"summary_large_image\" \/>\n<meta name=\"twitter:label1\" content=\"Ber\u00e4knad l\u00e4stid\" \/>\n\t<meta name=\"twitter:data1\" content=\"1 minut\" \/>\n<script type=\"application\/ld+json\" class=\"yoast-schema-graph\">{\"@context\":\"https:\\\/\\\/schema.org\",\"@graph\":[{\"@type\":\"WebPage\",\"@id\":\"https:\\\/\\\/www.spectrumtranslation.com\\\/sv\\\/spraklig-validering\\\/\",\"url\":\"https:\\\/\\\/www.spectrumtranslation.com\\\/sv\\\/spraklig-validering\\\/\",\"name\":\"SPR\u00c5KLIG VALIDERING - SPECTRUM TRANSLATION | Translation &amp; Linguistic Validation\",\"isPartOf\":{\"@id\":\"https:\\\/\\\/www.spectrumtranslation.com\\\/sv\\\/#website\"},\"primaryImageOfPage\":{\"@id\":\"https:\\\/\\\/www.spectrumtranslation.com\\\/sv\\\/spraklig-validering\\\/#primaryimage\"},\"image\":{\"@id\":\"https:\\\/\\\/www.spectrumtranslation.com\\\/sv\\\/spraklig-validering\\\/#primaryimage\"},\"thumbnailUrl\":\"https:\\\/\\\/www.spectrumtranslation.com\\\/wp-content\\\/uploads\\\/2017\\\/04\\\/IMG_3916-e1494188560992.jpg\",\"datePublished\":\"2017-10-04T18:15:25+00:00\",\"dateModified\":\"2021-07-01T17:10:20+00:00\",\"breadcrumb\":{\"@id\":\"https:\\\/\\\/www.spectrumtranslation.com\\\/sv\\\/spraklig-validering\\\/#breadcrumb\"},\"inLanguage\":\"sv-SE\",\"potentialAction\":[{\"@type\":\"ReadAction\",\"target\":[\"https:\\\/\\\/www.spectrumtranslation.com\\\/sv\\\/spraklig-validering\\\/\"]}]},{\"@type\":\"ImageObject\",\"inLanguage\":\"sv-SE\",\"@id\":\"https:\\\/\\\/www.spectrumtranslation.com\\\/sv\\\/spraklig-validering\\\/#primaryimage\",\"url\":\"https:\\\/\\\/www.spectrumtranslation.com\\\/wp-content\\\/uploads\\\/2017\\\/04\\\/IMG_3916-e1494188560992.jpg\",\"contentUrl\":\"https:\\\/\\\/www.spectrumtranslation.com\\\/wp-content\\\/uploads\\\/2017\\\/04\\\/IMG_3916-e1494188560992.jpg\",\"width\":1366,\"height\":911},{\"@type\":\"BreadcrumbList\",\"@id\":\"https:\\\/\\\/www.spectrumtranslation.com\\\/sv\\\/spraklig-validering\\\/#breadcrumb\",\"itemListElement\":[{\"@type\":\"ListItem\",\"position\":1,\"name\":\"Home\",\"item\":\"https:\\\/\\\/www.spectrumtranslation.com\\\/sv\\\/\"},{\"@type\":\"ListItem\",\"position\":2,\"name\":\"SPR\u00c5KLIG VALIDERING\"}]},{\"@type\":\"WebSite\",\"@id\":\"https:\\\/\\\/www.spectrumtranslation.com\\\/sv\\\/#website\",\"url\":\"https:\\\/\\\/www.spectrumtranslation.com\\\/sv\\\/\",\"name\":\"SPECTRUM TRANSLATION | Translation &amp; Linguistic Validation\",\"description\":\"\",\"publisher\":{\"@id\":\"https:\\\/\\\/www.spectrumtranslation.com\\\/sv\\\/#organization\"},\"potentialAction\":[{\"@type\":\"SearchAction\",\"target\":{\"@type\":\"EntryPoint\",\"urlTemplate\":\"https:\\\/\\\/www.spectrumtranslation.com\\\/sv\\\/?s={search_term_string}\"},\"query-input\":{\"@type\":\"PropertyValueSpecification\",\"valueRequired\":true,\"valueName\":\"search_term_string\"}}],\"inLanguage\":\"sv-SE\"},{\"@type\":\"Organization\",\"@id\":\"https:\\\/\\\/www.spectrumtranslation.com\\\/sv\\\/#organization\",\"name\":\"SPECTRUM TRANSLATION | Translation &amp; Linguistic Validation\",\"url\":\"https:\\\/\\\/www.spectrumtranslation.com\\\/sv\\\/\",\"logo\":{\"@type\":\"ImageObject\",\"inLanguage\":\"sv-SE\",\"@id\":\"https:\\\/\\\/www.spectrumtranslation.com\\\/sv\\\/#\\\/schema\\\/logo\\\/image\\\/\",\"url\":\"https:\\\/\\\/www.spectrumtranslation.com\\\/wp-content\\\/uploads\\\/2017\\\/02\\\/cropped-logo_animated_new-1.gif\",\"contentUrl\":\"https:\\\/\\\/www.spectrumtranslation.com\\\/wp-content\\\/uploads\\\/2017\\\/02\\\/cropped-logo_animated_new-1.gif\",\"width\":250,\"height\":54,\"caption\":\"SPECTRUM TRANSLATION | Translation &amp; Linguistic Validation\"},\"image\":{\"@id\":\"https:\\\/\\\/www.spectrumtranslation.com\\\/sv\\\/#\\\/schema\\\/logo\\\/image\\\/\"}}]}<\/script>\n<!-- \/ Yoast SEO plugin. -->","yoast_head_json":{"title":"SPR\u00c5KLIG VALIDERING - SPECTRUM TRANSLATION | Translation &amp; Linguistic Validation","robots":{"index":"index","follow":"follow","max-snippet":"max-snippet:-1","max-image-preview":"max-image-preview:large","max-video-preview":"max-video-preview:-1"},"canonical":"https:\/\/www.spectrumtranslation.com\/sv\/spraklig-validering\/","og_locale":"sv_SE","og_type":"article","og_title":"SPR\u00c5KLIG VALIDERING - SPECTRUM TRANSLATION | Translation &amp; Linguistic Validation","og_description":"P\u00c5G\u00c5ENDE PROJEKT F\u00d6R SPR\u00c5KLIG VALIDERING Spr\u00e5klig validering m\u00e4ter den kulturella och konceptuella precisionen hos en \u00f6vers\u00e4ttning genom att l\u00e5ta modersm\u00e5lstalare som lever i det aktuella landet eller den aktuella regionen l\u00e4sa igenom den \u00f6versatta texten. De som deltar i projektet m\u00e5ste ha m\u00e5lspr\u00e5ket som modersm\u00e5l, men det kr\u00e4vs ingen s\u00e4rskild kunskap om inneh\u00e5llet eller n\u00e5got &hellip; Forts\u00e4tt l\u00e4sa \"SPR\u00c5KLIG VALIDERING\"","og_url":"https:\/\/www.spectrumtranslation.com\/sv\/spraklig-validering\/","og_site_name":"SPECTRUM TRANSLATION | Translation &amp; Linguistic Validation","article_modified_time":"2021-07-01T17:10:20+00:00","og_image":[{"width":1366,"height":911,"url":"https:\/\/www.spectrumtranslation.com\/wp-content\/uploads\/2017\/04\/IMG_3916-e1494188560992.jpg","type":"image\/jpeg"}],"twitter_card":"summary_large_image","twitter_misc":{"Ber\u00e4knad l\u00e4stid":"1 minut"},"schema":{"@context":"https:\/\/schema.org","@graph":[{"@type":"WebPage","@id":"https:\/\/www.spectrumtranslation.com\/sv\/spraklig-validering\/","url":"https:\/\/www.spectrumtranslation.com\/sv\/spraklig-validering\/","name":"SPR\u00c5KLIG VALIDERING - SPECTRUM TRANSLATION | Translation &amp; Linguistic Validation","isPartOf":{"@id":"https:\/\/www.spectrumtranslation.com\/sv\/#website"},"primaryImageOfPage":{"@id":"https:\/\/www.spectrumtranslation.com\/sv\/spraklig-validering\/#primaryimage"},"image":{"@id":"https:\/\/www.spectrumtranslation.com\/sv\/spraklig-validering\/#primaryimage"},"thumbnailUrl":"https:\/\/www.spectrumtranslation.com\/wp-content\/uploads\/2017\/04\/IMG_3916-e1494188560992.jpg","datePublished":"2017-10-04T18:15:25+00:00","dateModified":"2021-07-01T17:10:20+00:00","breadcrumb":{"@id":"https:\/\/www.spectrumtranslation.com\/sv\/spraklig-validering\/#breadcrumb"},"inLanguage":"sv-SE","potentialAction":[{"@type":"ReadAction","target":["https:\/\/www.spectrumtranslation.com\/sv\/spraklig-validering\/"]}]},{"@type":"ImageObject","inLanguage":"sv-SE","@id":"https:\/\/www.spectrumtranslation.com\/sv\/spraklig-validering\/#primaryimage","url":"https:\/\/www.spectrumtranslation.com\/wp-content\/uploads\/2017\/04\/IMG_3916-e1494188560992.jpg","contentUrl":"https:\/\/www.spectrumtranslation.com\/wp-content\/uploads\/2017\/04\/IMG_3916-e1494188560992.jpg","width":1366,"height":911},{"@type":"BreadcrumbList","@id":"https:\/\/www.spectrumtranslation.com\/sv\/spraklig-validering\/#breadcrumb","itemListElement":[{"@type":"ListItem","position":1,"name":"Home","item":"https:\/\/www.spectrumtranslation.com\/sv\/"},{"@type":"ListItem","position":2,"name":"SPR\u00c5KLIG VALIDERING"}]},{"@type":"WebSite","@id":"https:\/\/www.spectrumtranslation.com\/sv\/#website","url":"https:\/\/www.spectrumtranslation.com\/sv\/","name":"SPECTRUM TRANSLATION | Translation &amp; Linguistic Validation","description":"","publisher":{"@id":"https:\/\/www.spectrumtranslation.com\/sv\/#organization"},"potentialAction":[{"@type":"SearchAction","target":{"@type":"EntryPoint","urlTemplate":"https:\/\/www.spectrumtranslation.com\/sv\/?s={search_term_string}"},"query-input":{"@type":"PropertyValueSpecification","valueRequired":true,"valueName":"search_term_string"}}],"inLanguage":"sv-SE"},{"@type":"Organization","@id":"https:\/\/www.spectrumtranslation.com\/sv\/#organization","name":"SPECTRUM TRANSLATION | Translation &amp; Linguistic Validation","url":"https:\/\/www.spectrumtranslation.com\/sv\/","logo":{"@type":"ImageObject","inLanguage":"sv-SE","@id":"https:\/\/www.spectrumtranslation.com\/sv\/#\/schema\/logo\/image\/","url":"https:\/\/www.spectrumtranslation.com\/wp-content\/uploads\/2017\/02\/cropped-logo_animated_new-1.gif","contentUrl":"https:\/\/www.spectrumtranslation.com\/wp-content\/uploads\/2017\/02\/cropped-logo_animated_new-1.gif","width":250,"height":54,"caption":"SPECTRUM TRANSLATION | Translation &amp; Linguistic Validation"},"image":{"@id":"https:\/\/www.spectrumtranslation.com\/sv\/#\/schema\/logo\/image\/"}}]}},"_links":{"self":[{"href":"https:\/\/www.spectrumtranslation.com\/sv\/wp-json\/wp\/v2\/pages\/2140","targetHints":{"allow":["GET"]}}],"collection":[{"href":"https:\/\/www.spectrumtranslation.com\/sv\/wp-json\/wp\/v2\/pages"}],"about":[{"href":"https:\/\/www.spectrumtranslation.com\/sv\/wp-json\/wp\/v2\/types\/page"}],"author":[{"embeddable":true,"href":"https:\/\/www.spectrumtranslation.com\/sv\/wp-json\/wp\/v2\/users\/1"}],"replies":[{"embeddable":true,"href":"https:\/\/www.spectrumtranslation.com\/sv\/wp-json\/wp\/v2\/comments?post=2140"}],"version-history":[{"count":5,"href":"https:\/\/www.spectrumtranslation.com\/sv\/wp-json\/wp\/v2\/pages\/2140\/revisions"}],"predecessor-version":[{"id":2985,"href":"https:\/\/www.spectrumtranslation.com\/sv\/wp-json\/wp\/v2\/pages\/2140\/revisions\/2985"}],"wp:featuredmedia":[{"embeddable":true,"href":"https:\/\/www.spectrumtranslation.com\/sv\/wp-json\/wp\/v2\/media\/4058"}],"wp:attachment":[{"href":"https:\/\/www.spectrumtranslation.com\/sv\/wp-json\/wp\/v2\/media?parent=2140"}],"curies":[{"name":"wp","href":"https:\/\/api.w.org\/{rel}","templated":true}]}}