{"id":2142,"date":"2017-10-04T18:22:30","date_gmt":"2017-10-04T18:22:30","guid":{"rendered":"https:\/\/www.spectrumtranslation.com\/?page_id=2142\/"},"modified":"2017-10-04T18:22:30","modified_gmt":"2017-10-04T18:22:30","slug":"kontakta-oss","status":"publish","type":"page","link":"https:\/\/www.spectrumtranslation.com\/sv\/kontakta-oss\/","title":{"rendered":"KONTAKTA OSS"},"content":{"rendered":"<h1 style=\"text-align: center;\"><\/h1>\n<h1 style=\"text-align: center;\"><span style=\"color: #000000;\"><strong>Ditt spr\u00e5kteam \u00e4r redo.<\/strong><\/span><\/h1>\n<p>&nbsp;<\/p>\n<h1 style=\"text-align: center;\"><\/h1>\n<p>Ditt engagerade spr\u00e5kteam \u00e4r redo. Om du beh\u00f6ver:<\/p>\n<p>\u21d2\u00a0en text som du vill ha \u00f6versatt, granskad eller redigerad<br \/>\n\u21d2\u00a0en id\u00e9 som vill uttrycka skriftligen (hj\u00e4lp med copywriting)<br \/>\n\u21d2 goda r\u00e5d om ditt spr\u00e5k eller om ditt behov av lokalisering eller spr\u00e5klig validering<\/p>\n<p>f\u00e5r du g\u00e4rna kontakta oss genom formul\u00e4ret p\u00e5 denna sida.<\/p>\n<p>Vi ser fram emot att h\u00f6ra av dig.<\/p>\n<p><span style=\"color: #000000;\"><em>Spectrum Translation<\/em><\/span><\/p>\n","protected":false},"excerpt":{"rendered":"<p>Ditt spr\u00e5kteam \u00e4r redo. &nbsp; Ditt engagerade spr\u00e5kteam \u00e4r redo. Om du beh\u00f6ver: \u21d2\u00a0en text som du vill ha \u00f6versatt, granskad eller redigerad \u21d2\u00a0en id\u00e9 som vill uttrycka skriftligen (hj\u00e4lp med copywriting) \u21d2 goda r\u00e5d om ditt spr\u00e5k eller om ditt behov av lokalisering eller spr\u00e5klig validering f\u00e5r du g\u00e4rna kontakta oss genom formul\u00e4ret p\u00e5 &hellip; <a href=\"https:\/\/www.spectrumtranslation.com\/sv\/kontakta-oss\/\" class=\"more-link\">Forts\u00e4tt l\u00e4sa<span class=\"screen-reader-text\"> &#8220;KONTAKTA OSS&#8221;<\/span><\/a><\/p>\n","protected":false},"author":1,"featured_media":1090,"parent":0,"menu_order":0,"comment_status":"closed","ping_status":"closed","template":"","meta":{"_acf_changed":false,"nf_dc_page":"","footnotes":""},"class_list":["post-2142","page","type-page","status-publish","has-post-thumbnail","hentry"],"acf":[],"yoast_head":"<!-- This site is optimized with the Yoast SEO plugin v27.4 - https:\/\/yoast.com\/product\/yoast-seo-wordpress\/ -->\n<title>KONTAKTA OSS - SPECTRUM TRANSLATION | Translation &amp; Linguistic Validation<\/title>\n<meta name=\"robots\" content=\"index, follow, max-snippet:-1, max-image-preview:large, max-video-preview:-1\" \/>\n<link rel=\"canonical\" href=\"https:\/\/www.spectrumtranslation.com\/sv\/kontakta-oss\/\" \/>\n<meta property=\"og:locale\" content=\"sv_SE\" \/>\n<meta property=\"og:type\" content=\"article\" \/>\n<meta property=\"og:title\" content=\"KONTAKTA OSS - SPECTRUM TRANSLATION | Translation &amp; Linguistic Validation\" \/>\n<meta property=\"og:description\" content=\"Ditt spr\u00e5kteam \u00e4r redo. &nbsp; Ditt engagerade spr\u00e5kteam \u00e4r redo. Om du beh\u00f6ver: \u21d2\u00a0en text som du vill ha \u00f6versatt, granskad eller redigerad \u21d2\u00a0en id\u00e9 som vill uttrycka skriftligen (hj\u00e4lp med copywriting) \u21d2 goda r\u00e5d om ditt spr\u00e5k eller om ditt behov av lokalisering eller spr\u00e5klig validering f\u00e5r du g\u00e4rna kontakta oss genom formul\u00e4ret p\u00e5 &hellip; Forts\u00e4tt l\u00e4sa &quot;KONTAKTA OSS&quot;\" \/>\n<meta property=\"og:url\" content=\"https:\/\/www.spectrumtranslation.com\/sv\/kontakta-oss\/\" \/>\n<meta property=\"og:site_name\" content=\"SPECTRUM TRANSLATION | Translation &amp; Linguistic Validation\" \/>\n<meta property=\"og:image\" content=\"https:\/\/www.spectrumtranslation.com\/wp-content\/uploads\/2017\/04\/grand-architecture-e1494187971113.jpg\" \/>\n\t<meta property=\"og:image:width\" content=\"1366\" \/>\n\t<meta property=\"og:image:height\" content=\"911\" \/>\n\t<meta property=\"og:image:type\" content=\"image\/jpeg\" \/>\n<meta name=\"twitter:card\" content=\"summary_large_image\" \/>\n<script type=\"application\/ld+json\" class=\"yoast-schema-graph\">{\"@context\":\"https:\\\/\\\/schema.org\",\"@graph\":[{\"@type\":\"WebPage\",\"@id\":\"https:\\\/\\\/www.spectrumtranslation.com\\\/sv\\\/kontakta-oss\\\/\",\"url\":\"https:\\\/\\\/www.spectrumtranslation.com\\\/sv\\\/kontakta-oss\\\/\",\"name\":\"KONTAKTA OSS - SPECTRUM TRANSLATION | Translation &amp; Linguistic Validation\",\"isPartOf\":{\"@id\":\"https:\\\/\\\/www.spectrumtranslation.com\\\/sv\\\/#website\"},\"primaryImageOfPage\":{\"@id\":\"https:\\\/\\\/www.spectrumtranslation.com\\\/sv\\\/kontakta-oss\\\/#primaryimage\"},\"image\":{\"@id\":\"https:\\\/\\\/www.spectrumtranslation.com\\\/sv\\\/kontakta-oss\\\/#primaryimage\"},\"thumbnailUrl\":\"https:\\\/\\\/www.spectrumtranslation.com\\\/wp-content\\\/uploads\\\/2017\\\/04\\\/grand-architecture-e1494187971113.jpg\",\"datePublished\":\"2017-10-04T18:22:30+00:00\",\"breadcrumb\":{\"@id\":\"https:\\\/\\\/www.spectrumtranslation.com\\\/sv\\\/kontakta-oss\\\/#breadcrumb\"},\"inLanguage\":\"sv-SE\",\"potentialAction\":[{\"@type\":\"ReadAction\",\"target\":[\"https:\\\/\\\/www.spectrumtranslation.com\\\/sv\\\/kontakta-oss\\\/\"]}]},{\"@type\":\"ImageObject\",\"inLanguage\":\"sv-SE\",\"@id\":\"https:\\\/\\\/www.spectrumtranslation.com\\\/sv\\\/kontakta-oss\\\/#primaryimage\",\"url\":\"https:\\\/\\\/www.spectrumtranslation.com\\\/wp-content\\\/uploads\\\/2017\\\/04\\\/grand-architecture-e1494187971113.jpg\",\"contentUrl\":\"https:\\\/\\\/www.spectrumtranslation.com\\\/wp-content\\\/uploads\\\/2017\\\/04\\\/grand-architecture-e1494187971113.jpg\",\"width\":1366,\"height\":911},{\"@type\":\"BreadcrumbList\",\"@id\":\"https:\\\/\\\/www.spectrumtranslation.com\\\/sv\\\/kontakta-oss\\\/#breadcrumb\",\"itemListElement\":[{\"@type\":\"ListItem\",\"position\":1,\"name\":\"Home\",\"item\":\"https:\\\/\\\/www.spectrumtranslation.com\\\/sv\\\/\"},{\"@type\":\"ListItem\",\"position\":2,\"name\":\"KONTAKTA OSS\"}]},{\"@type\":\"WebSite\",\"@id\":\"https:\\\/\\\/www.spectrumtranslation.com\\\/sv\\\/#website\",\"url\":\"https:\\\/\\\/www.spectrumtranslation.com\\\/sv\\\/\",\"name\":\"SPECTRUM TRANSLATION | Translation &amp; Linguistic Validation\",\"description\":\"\",\"publisher\":{\"@id\":\"https:\\\/\\\/www.spectrumtranslation.com\\\/sv\\\/#organization\"},\"potentialAction\":[{\"@type\":\"SearchAction\",\"target\":{\"@type\":\"EntryPoint\",\"urlTemplate\":\"https:\\\/\\\/www.spectrumtranslation.com\\\/sv\\\/?s={search_term_string}\"},\"query-input\":{\"@type\":\"PropertyValueSpecification\",\"valueRequired\":true,\"valueName\":\"search_term_string\"}}],\"inLanguage\":\"sv-SE\"},{\"@type\":\"Organization\",\"@id\":\"https:\\\/\\\/www.spectrumtranslation.com\\\/sv\\\/#organization\",\"name\":\"SPECTRUM TRANSLATION | Translation &amp; Linguistic Validation\",\"url\":\"https:\\\/\\\/www.spectrumtranslation.com\\\/sv\\\/\",\"logo\":{\"@type\":\"ImageObject\",\"inLanguage\":\"sv-SE\",\"@id\":\"https:\\\/\\\/www.spectrumtranslation.com\\\/sv\\\/#\\\/schema\\\/logo\\\/image\\\/\",\"url\":\"https:\\\/\\\/www.spectrumtranslation.com\\\/wp-content\\\/uploads\\\/2017\\\/02\\\/cropped-logo_animated_new-1.gif\",\"contentUrl\":\"https:\\\/\\\/www.spectrumtranslation.com\\\/wp-content\\\/uploads\\\/2017\\\/02\\\/cropped-logo_animated_new-1.gif\",\"width\":250,\"height\":54,\"caption\":\"SPECTRUM TRANSLATION | Translation &amp; Linguistic Validation\"},\"image\":{\"@id\":\"https:\\\/\\\/www.spectrumtranslation.com\\\/sv\\\/#\\\/schema\\\/logo\\\/image\\\/\"}}]}<\/script>\n<!-- \/ Yoast SEO plugin. -->","yoast_head_json":{"title":"KONTAKTA OSS - SPECTRUM TRANSLATION | Translation &amp; Linguistic Validation","robots":{"index":"index","follow":"follow","max-snippet":"max-snippet:-1","max-image-preview":"max-image-preview:large","max-video-preview":"max-video-preview:-1"},"canonical":"https:\/\/www.spectrumtranslation.com\/sv\/kontakta-oss\/","og_locale":"sv_SE","og_type":"article","og_title":"KONTAKTA OSS - SPECTRUM TRANSLATION | Translation &amp; Linguistic Validation","og_description":"Ditt spr\u00e5kteam \u00e4r redo. &nbsp; Ditt engagerade spr\u00e5kteam \u00e4r redo. Om du beh\u00f6ver: \u21d2\u00a0en text som du vill ha \u00f6versatt, granskad eller redigerad \u21d2\u00a0en id\u00e9 som vill uttrycka skriftligen (hj\u00e4lp med copywriting) \u21d2 goda r\u00e5d om ditt spr\u00e5k eller om ditt behov av lokalisering eller spr\u00e5klig validering f\u00e5r du g\u00e4rna kontakta oss genom formul\u00e4ret p\u00e5 &hellip; Forts\u00e4tt l\u00e4sa \"KONTAKTA OSS\"","og_url":"https:\/\/www.spectrumtranslation.com\/sv\/kontakta-oss\/","og_site_name":"SPECTRUM TRANSLATION | Translation &amp; Linguistic Validation","og_image":[{"width":1366,"height":911,"url":"https:\/\/www.spectrumtranslation.com\/wp-content\/uploads\/2017\/04\/grand-architecture-e1494187971113.jpg","type":"image\/jpeg"}],"twitter_card":"summary_large_image","schema":{"@context":"https:\/\/schema.org","@graph":[{"@type":"WebPage","@id":"https:\/\/www.spectrumtranslation.com\/sv\/kontakta-oss\/","url":"https:\/\/www.spectrumtranslation.com\/sv\/kontakta-oss\/","name":"KONTAKTA OSS - SPECTRUM TRANSLATION | Translation &amp; Linguistic Validation","isPartOf":{"@id":"https:\/\/www.spectrumtranslation.com\/sv\/#website"},"primaryImageOfPage":{"@id":"https:\/\/www.spectrumtranslation.com\/sv\/kontakta-oss\/#primaryimage"},"image":{"@id":"https:\/\/www.spectrumtranslation.com\/sv\/kontakta-oss\/#primaryimage"},"thumbnailUrl":"https:\/\/www.spectrumtranslation.com\/wp-content\/uploads\/2017\/04\/grand-architecture-e1494187971113.jpg","datePublished":"2017-10-04T18:22:30+00:00","breadcrumb":{"@id":"https:\/\/www.spectrumtranslation.com\/sv\/kontakta-oss\/#breadcrumb"},"inLanguage":"sv-SE","potentialAction":[{"@type":"ReadAction","target":["https:\/\/www.spectrumtranslation.com\/sv\/kontakta-oss\/"]}]},{"@type":"ImageObject","inLanguage":"sv-SE","@id":"https:\/\/www.spectrumtranslation.com\/sv\/kontakta-oss\/#primaryimage","url":"https:\/\/www.spectrumtranslation.com\/wp-content\/uploads\/2017\/04\/grand-architecture-e1494187971113.jpg","contentUrl":"https:\/\/www.spectrumtranslation.com\/wp-content\/uploads\/2017\/04\/grand-architecture-e1494187971113.jpg","width":1366,"height":911},{"@type":"BreadcrumbList","@id":"https:\/\/www.spectrumtranslation.com\/sv\/kontakta-oss\/#breadcrumb","itemListElement":[{"@type":"ListItem","position":1,"name":"Home","item":"https:\/\/www.spectrumtranslation.com\/sv\/"},{"@type":"ListItem","position":2,"name":"KONTAKTA OSS"}]},{"@type":"WebSite","@id":"https:\/\/www.spectrumtranslation.com\/sv\/#website","url":"https:\/\/www.spectrumtranslation.com\/sv\/","name":"SPECTRUM TRANSLATION | Translation &amp; Linguistic Validation","description":"","publisher":{"@id":"https:\/\/www.spectrumtranslation.com\/sv\/#organization"},"potentialAction":[{"@type":"SearchAction","target":{"@type":"EntryPoint","urlTemplate":"https:\/\/www.spectrumtranslation.com\/sv\/?s={search_term_string}"},"query-input":{"@type":"PropertyValueSpecification","valueRequired":true,"valueName":"search_term_string"}}],"inLanguage":"sv-SE"},{"@type":"Organization","@id":"https:\/\/www.spectrumtranslation.com\/sv\/#organization","name":"SPECTRUM TRANSLATION | Translation &amp; Linguistic Validation","url":"https:\/\/www.spectrumtranslation.com\/sv\/","logo":{"@type":"ImageObject","inLanguage":"sv-SE","@id":"https:\/\/www.spectrumtranslation.com\/sv\/#\/schema\/logo\/image\/","url":"https:\/\/www.spectrumtranslation.com\/wp-content\/uploads\/2017\/02\/cropped-logo_animated_new-1.gif","contentUrl":"https:\/\/www.spectrumtranslation.com\/wp-content\/uploads\/2017\/02\/cropped-logo_animated_new-1.gif","width":250,"height":54,"caption":"SPECTRUM TRANSLATION | Translation &amp; Linguistic Validation"},"image":{"@id":"https:\/\/www.spectrumtranslation.com\/sv\/#\/schema\/logo\/image\/"}}]}},"_links":{"self":[{"href":"https:\/\/www.spectrumtranslation.com\/sv\/wp-json\/wp\/v2\/pages\/2142","targetHints":{"allow":["GET"]}}],"collection":[{"href":"https:\/\/www.spectrumtranslation.com\/sv\/wp-json\/wp\/v2\/pages"}],"about":[{"href":"https:\/\/www.spectrumtranslation.com\/sv\/wp-json\/wp\/v2\/types\/page"}],"author":[{"embeddable":true,"href":"https:\/\/www.spectrumtranslation.com\/sv\/wp-json\/wp\/v2\/users\/1"}],"replies":[{"embeddable":true,"href":"https:\/\/www.spectrumtranslation.com\/sv\/wp-json\/wp\/v2\/comments?post=2142"}],"version-history":[{"count":1,"href":"https:\/\/www.spectrumtranslation.com\/sv\/wp-json\/wp\/v2\/pages\/2142\/revisions"}],"predecessor-version":[{"id":2143,"href":"https:\/\/www.spectrumtranslation.com\/sv\/wp-json\/wp\/v2\/pages\/2142\/revisions\/2143"}],"wp:featuredmedia":[{"embeddable":true,"href":"https:\/\/www.spectrumtranslation.com\/sv\/wp-json\/wp\/v2\/media\/1090"}],"wp:attachment":[{"href":"https:\/\/www.spectrumtranslation.com\/sv\/wp-json\/wp\/v2\/media?parent=2142"}],"curies":[{"name":"wp","href":"https:\/\/api.w.org\/{rel}","templated":true}]}}